{"id":9917,"date":"2025-12-21T17:45:21","date_gmt":"2025-12-21T16:45:21","guid":{"rendered":"https:\/\/prive-club.pl\/skin-care-cosmetology\/dermo-detector-ai-pro\/"},"modified":"2026-02-08T22:10:28","modified_gmt":"2026-02-08T21:10:28","slug":"dermo-detector-ai-pro","status":"publish","type":"page","link":"https:\/\/prive-club.pl\/en\/skin-care-cosmetology\/dermo-detector-ai-pro\/","title":{"rendered":"DERMO DETECTOR AI PRO &#8211; skin analysis"},"content":{"rendered":"\t\t<div data-elementor-type=\"wp-page\" data-elementor-id=\"9917\" class=\"elementor elementor-9917 elementor-9914\" data-elementor-post-type=\"page\">\n\t\t\t\t\t\t<section class=\"elementor-section elementor-top-section elementor-element elementor-element-92675aa elementor-section-content-middle elementor-section-stretched elementor-section-height-min-height elementor-section-boxed elementor-section-height-default elementor-section-items-middle\" data-id=\"92675aa\" data-element_type=\"section\" data-settings=\"{&quot;background_background&quot;:&quot;classic&quot;,&quot;stretch_section&quot;:&quot;section-stretched&quot;}\">\n\t\t\t\t\t\t<div class=\"elementor-container elementor-column-gap-default\">\n\t\t\t\t\t<div class=\"elementor-column elementor-col-100 elementor-top-column elementor-element elementor-element-6d99d2a\" data-id=\"6d99d2a\" data-element_type=\"column\">\n\t\t\t<div class=\"elementor-widget-wrap elementor-element-populated\">\n\t\t\t\t\t\t<div class=\"elementor-element elementor-element-abb050a elementor-widget elementor-widget-heading\" data-id=\"abb050a\" data-element_type=\"widget\" data-widget_type=\"heading.default\">\n\t\t\t\t<div class=\"elementor-widget-container\">\n\t\t\t\t\t<h1 class=\"elementor-heading-title elementor-size-default\">DERMO DETECTOR AI PRO<\/h1>\t\t\t\t<\/div>\n\t\t\t\t<\/div>\n\t\t\t\t\t<\/div>\n\t\t<\/div>\n\t\t\t\t\t<\/div>\n\t\t<\/section>\n\t\t\t\t<section class=\"elementor-section elementor-top-section elementor-element elementor-element-99189c0 elementor-section-stretched elementor-section-boxed elementor-section-height-default elementor-section-height-default\" data-id=\"99189c0\" data-element_type=\"section\" data-settings=\"{&quot;background_background&quot;:&quot;classic&quot;,&quot;stretch_section&quot;:&quot;section-stretched&quot;}\">\n\t\t\t\t\t\t<div class=\"elementor-container elementor-column-gap-default\">\n\t\t\t\t\t<div class=\"elementor-column elementor-col-100 elementor-top-column elementor-element elementor-element-9a00a26\" data-id=\"9a00a26\" data-element_type=\"column\">\n\t\t\t<div class=\"elementor-widget-wrap elementor-element-populated\">\n\t\t\t\t\t\t<div class=\"elementor-element elementor-element-2016f24 elementor-widget elementor-widget-heading\" data-id=\"2016f24\" data-element_type=\"widget\" data-widget_type=\"heading.default\">\n\t\t\t\t<div class=\"elementor-widget-container\">\n\t\t\t\t\t<h2 class=\"elementor-heading-title elementor-size-default\">Skin analysis on a clinical level - PRIVE BEAUTY&amp;HAIR Gdansk<\/h2>\t\t\t\t<\/div>\n\t\t\t\t<\/div>\n\t\t\t\t<div class=\"elementor-element elementor-element-96f4731 elementor-widget elementor-widget-text-editor\" data-id=\"96f4731\" data-element_type=\"widget\" data-widget_type=\"text-editor.default\">\n\t\t\t\t<div class=\"elementor-widget-container\">\n\t\t\t\t\t\t\t\t\t<p>At PRIVE BEAUTY&amp;HAIR, we believe that <strong>correct diagnosis is the basis for effective care and safe aesthetic treatments<\/strong>. That&#8217;s why we start every treatment plan at our clinic with a comprehensive skin analysis, conducted using the state-of-the-art <strong>DermoDetector AI Pro<\/strong>, a technology used at the clinical level.<\/p>\t\t\t\t\t\t\t\t<\/div>\n\t\t\t\t<\/div>\n\t\t\t\t<div class=\"elementor-element elementor-element-9753267 elementor-widget elementor-widget-heading\" data-id=\"9753267\" data-element_type=\"widget\" data-widget_type=\"heading.default\">\n\t\t\t\t<div class=\"elementor-widget-container\">\n\t\t\t\t\t<h2 class=\"elementor-heading-title elementor-size-default\">Why is skin diagnostics so important?<\/h2>\t\t\t\t<\/div>\n\t\t\t\t<\/div>\n\t\t\t\t<div class=\"elementor-element elementor-element-04de180 elementor-widget elementor-widget-text-editor\" data-id=\"04de180\" data-element_type=\"widget\" data-widget_type=\"text-editor.default\">\n\t\t\t\t<div class=\"elementor-widget-container\">\n\t\t\t\t\t\t\t\t\t<p>Everyone&#8217;s skin is different, and its condition depends on many factors: age, lifestyle, sun exposure or hormonal balance. Treatments done &#8220;by eye&#8221; may not be right and may even worsen the condition of the skin. At PRIVE BEAUTY&amp;HAIR, <strong>we don&#8217;t act intuitively &#8211; we base every care and treatment plan on solid research findings<\/strong>.<br><br>With <strong>DermoDetector AI Pro<\/strong>, we are able to:<br>&#8211; analyze <strong>skin structures in 12 spectral modes<\/strong>,<br>&#8211; detect problems invisible to the naked eye (deep pigmentation, UV changes, vascular patterns, collagen degradation),<br>&#8211; assess wrinkles, roughness, acne, sensitivity or superficial inflammation,<br>&#8211; simulate the aging process and visualize to the patient what future changes may look like,<br>&#8211; create <strong>a personalized treatment plan<\/strong> that meets the actual needs of the skin.<\/p>\t\t\t\t\t\t\t\t<\/div>\n\t\t\t\t<\/div>\n\t\t\t\t<div class=\"elementor-element elementor-element-81c27db elementor-widget elementor-widget-heading\" data-id=\"81c27db\" data-element_type=\"widget\" data-widget_type=\"heading.default\">\n\t\t\t\t<div class=\"elementor-widget-container\">\n\t\t\t\t\t<h2 class=\"elementor-heading-title elementor-size-default\">Comfort and Transparency for the Patient<\/h2>\t\t\t\t<\/div>\n\t\t\t\t<\/div>\n\t\t\t\t<div class=\"elementor-element elementor-element-9d96ce8 elementor-widget elementor-widget-text-editor\" data-id=\"9d96ce8\" data-element_type=\"widget\" data-widget_type=\"text-editor.default\">\n\t\t\t\t<div class=\"elementor-widget-container\">\n\t\t\t\t\t\t\t\t\t<p>The analysis is quick (15-25 minutes), non-invasive and gives <strong>immediate, visual results<\/strong> &#8211; the client sees the condition of his skin and problem areas on a large screen as if in a mirror. This makes it easy to understand the diagnosis and trust the specialist&#8217;s recommendations.<br><br>In addition, it is possible to compare &#8220;before and after&#8221; photos of the treatments, which gives <strong>tangible proof of the improvement in skin condition<\/strong> and confirms the effectiveness of the therapy.<\/p><p><strong>Parameters and results<\/strong><\/p><ul><li>Acne areas<\/li><li>Brown pigmentation \/ brown spots (dermis)<\/li><li>Deep pigmentation (deep dermis)<\/li><li>Epidermal pigmentation (resulting from increased pigmentation in the basal layer of the epidermis)<\/li><li>UV surface pigment<\/li><li>Surface hemoglobin<\/li><li>Dilated follicle outlets<\/li><li>Roughness (including wrinkles)<\/li><li>Sensitivity<\/li><li>Surface inflammation<\/li><li>UV stains<\/li><li>Fold<\/li><li>Moisturizing<\/li><li>Oiling<\/li><\/ul>\t\t\t\t\t\t\t\t<\/div>\n\t\t\t\t<\/div>\n\t\t\t\t<div class=\"elementor-element elementor-element-2292921 elementor-widget elementor-widget-heading\" data-id=\"2292921\" data-element_type=\"widget\" data-widget_type=\"heading.default\">\n\t\t\t\t<div class=\"elementor-widget-container\">\n\t\t\t\t\t<h2 class=\"elementor-heading-title elementor-size-default\">PRIVE BEAUTY&amp;HAIR - your clinic in the center of Gdansk, Poland<\/h2>\t\t\t\t<\/div>\n\t\t\t\t<\/div>\n\t\t\t\t<div class=\"elementor-element elementor-element-e0998e0 elementor-widget elementor-widget-text-editor\" data-id=\"e0998e0\" data-element_type=\"widget\" data-widget_type=\"text-editor.default\">\n\t\t\t\t<div class=\"elementor-widget-container\">\n\t\t\t\t\t\t\t\t\t<p>Our salon is located in the heart of Gdansk, making us easily accessible to both locals and visitors to the city. We combine a luxurious approach to care with clinical-level professionalism.<br><br>When you choose PRIVE BEAUTY&amp;HAIR:<br>&#8211; you get <strong>a reliable skin diagnosis<\/strong>,<br>&#8211; you get <strong>a personalized treatment plan based on research<\/strong>,<br>&#8211; you are assured that each treatment is <strong>tailored to your needs and safe<\/strong>.<\/p><p><strong>Principles of consultation<\/strong><br>&#8211; <strong>Consultation is free of charge when the procedure is performed<\/strong> at our clinic.<br>&#8211; In case of consultation alone, without continuation of therapy, the cost of full diagnostics and discussion of results is <strong>299 PLN<\/strong>.<\/p>\t\t\t\t\t\t\t\t<\/div>\n\t\t\t\t<\/div>\n\t\t\t\t\t<\/div>\n\t\t<\/div>\n\t\t\t\t\t<\/div>\n\t\t<\/section>\n\t\t\t\t<section class=\"elementor-section elementor-top-section elementor-element elementor-element-41864bd elementor-section-boxed elementor-section-height-default elementor-section-height-default\" data-id=\"41864bd\" data-element_type=\"section\">\n\t\t\t\t\t\t<div class=\"elementor-container elementor-column-gap-default\">\n\t\t\t\t\t<div class=\"elementor-column elementor-col-50 elementor-top-column elementor-element elementor-element-ed40a7e\" data-id=\"ed40a7e\" data-element_type=\"column\">\n\t\t\t<div class=\"elementor-widget-wrap elementor-element-populated\">\n\t\t\t\t\t\t<div class=\"elementor-element elementor-element-59a5e39 elementor-widget elementor-widget-image\" data-id=\"59a5e39\" data-element_type=\"widget\" data-widget_type=\"image.default\">\n\t\t\t\t<div class=\"elementor-widget-container\">\n\t\t\t\t\t\t\t\t\t\t\t\t\t\t\t<img fetchpriority=\"high\" decoding=\"async\" width=\"1707\" height=\"2560\" src=\"https:\/\/prive-club.pl\/wp-content\/uploads\/2026\/02\/IMG_4127-scaled.jpg\" class=\"attachment-full size-full wp-image-10202\" alt=\"\" srcset=\"https:\/\/prive-club.pl\/wp-content\/uploads\/2026\/02\/IMG_4127-scaled.jpg 1707w, https:\/\/prive-club.pl\/wp-content\/uploads\/2026\/02\/IMG_4127-200x300.jpg 200w, https:\/\/prive-club.pl\/wp-content\/uploads\/2026\/02\/IMG_4127-683x1024.jpg 683w, https:\/\/prive-club.pl\/wp-content\/uploads\/2026\/02\/IMG_4127-768x1152.jpg 768w, https:\/\/prive-club.pl\/wp-content\/uploads\/2026\/02\/IMG_4127-1024x1536.jpg 1024w, https:\/\/prive-club.pl\/wp-content\/uploads\/2026\/02\/IMG_4127-1365x2048.jpg 1365w, https:\/\/prive-club.pl\/wp-content\/uploads\/2026\/02\/IMG_4127-600x900.jpg 600w\" sizes=\"(max-width: 1707px) 100vw, 1707px\" \/>\t\t\t\t\t\t\t\t\t\t\t\t\t\t\t<\/div>\n\t\t\t\t<\/div>\n\t\t\t\t\t<\/div>\n\t\t<\/div>\n\t\t\t\t<div class=\"elementor-column elementor-col-50 elementor-top-column elementor-element elementor-element-4e12d07\" data-id=\"4e12d07\" data-element_type=\"column\">\n\t\t\t<div class=\"elementor-widget-wrap elementor-element-populated\">\n\t\t\t\t\t\t<div class=\"elementor-element elementor-element-846d113 elementor-widget elementor-widget-image\" data-id=\"846d113\" data-element_type=\"widget\" data-widget_type=\"image.default\">\n\t\t\t\t<div class=\"elementor-widget-container\">\n\t\t\t\t\t\t\t\t\t\t\t\t\t\t\t<img decoding=\"async\" width=\"1707\" height=\"2560\" src=\"https:\/\/prive-club.pl\/wp-content\/uploads\/2026\/02\/IMG_4129-scaled.jpg\" class=\"attachment-full size-full wp-image-10206\" alt=\"\" srcset=\"https:\/\/prive-club.pl\/wp-content\/uploads\/2026\/02\/IMG_4129-scaled.jpg 1707w, https:\/\/prive-club.pl\/wp-content\/uploads\/2026\/02\/IMG_4129-200x300.jpg 200w, https:\/\/prive-club.pl\/wp-content\/uploads\/2026\/02\/IMG_4129-683x1024.jpg 683w, https:\/\/prive-club.pl\/wp-content\/uploads\/2026\/02\/IMG_4129-768x1152.jpg 768w, https:\/\/prive-club.pl\/wp-content\/uploads\/2026\/02\/IMG_4129-1024x1536.jpg 1024w, https:\/\/prive-club.pl\/wp-content\/uploads\/2026\/02\/IMG_4129-1365x2048.jpg 1365w, https:\/\/prive-club.pl\/wp-content\/uploads\/2026\/02\/IMG_4129-600x900.jpg 600w\" sizes=\"(max-width: 1707px) 100vw, 1707px\" \/>\t\t\t\t\t\t\t\t\t\t\t\t\t\t\t<\/div>\n\t\t\t\t<\/div>\n\t\t\t\t\t<\/div>\n\t\t<\/div>\n\t\t\t\t\t<\/div>\n\t\t<\/section>\n\t\t\t\t<section class=\"elementor-section elementor-top-section elementor-element elementor-element-3ca92f2 elementor-section-content-middle elementor-section-stretched elementor-section-boxed elementor-section-height-default elementor-section-height-default\" data-id=\"3ca92f2\" data-element_type=\"section\" data-settings=\"{&quot;background_background&quot;:&quot;classic&quot;,&quot;stretch_section&quot;:&quot;section-stretched&quot;}\">\n\t\t\t\t\t\t<div class=\"elementor-container elementor-column-gap-default\">\n\t\t\t\t\t<div class=\"elementor-column elementor-col-100 elementor-top-column elementor-element elementor-element-0560222\" data-id=\"0560222\" data-element_type=\"column\">\n\t\t\t<div class=\"elementor-widget-wrap elementor-element-populated\">\n\t\t\t\t\t\t<div class=\"elementor-element elementor-element-afe32d2 elementor-widget elementor-widget-heading\" data-id=\"afe32d2\" data-element_type=\"widget\" data-widget_type=\"heading.default\">\n\t\t\t\t<div class=\"elementor-widget-container\">\n\t\t\t\t\t<h5 class=\"elementor-heading-title elementor-size-default\">Price list<\/h5>\t\t\t\t<\/div>\n\t\t\t\t<\/div>\n\t\t\t\t<div class=\"elementor-element elementor-element-06841b5 elementor-widget-divider--view-line elementor-widget elementor-widget-divider\" data-id=\"06841b5\" data-element_type=\"widget\" data-widget_type=\"divider.default\">\n\t\t\t\t<div class=\"elementor-widget-container\">\n\t\t\t\t\t\t\t<div class=\"elementor-divider\">\n\t\t\t<span class=\"elementor-divider-separator\">\n\t\t\t\t\t\t<\/span>\n\t\t<\/div>\n\t\t\t\t\t\t<\/div>\n\t\t\t\t<\/div>\n\t\t\t\t<section class=\"elementor-section elementor-inner-section elementor-element elementor-element-4fc0adc elementor-section-boxed elementor-section-height-default elementor-section-height-default\" data-id=\"4fc0adc\" data-element_type=\"section\">\n\t\t\t\t\t\t<div class=\"elementor-container elementor-column-gap-wider\">\n\t\t\t\t\t<div class=\"elementor-column elementor-col-100 elementor-inner-column elementor-element elementor-element-076b809\" data-id=\"076b809\" data-element_type=\"column\">\n\t\t\t<div class=\"elementor-widget-wrap elementor-element-populated\">\n\t\t\t\t\t\t<div class=\"elementor-element elementor-element-b3e3a5f elementor-widget elementor-widget-heading\" data-id=\"b3e3a5f\" data-element_type=\"widget\" data-widget_type=\"heading.default\">\n\t\t\t\t<div class=\"elementor-widget-container\">\n\t\t\t\t\t<h2 class=\"elementor-heading-title elementor-size-default\">PRICE  <\/h2>\t\t\t\t<\/div>\n\t\t\t\t<\/div>\n\t\t\t\t<div class=\"elementor-element elementor-element-0e5bb57 elementor-widget elementor-widget-price-list\" data-id=\"0e5bb57\" data-element_type=\"widget\" data-widget_type=\"price-list.default\">\n\t\t\t\t<div class=\"elementor-widget-container\">\n\t\t\t\t\t\n\t\t<ul class=\"elementor-price-list\">\n\n\t\t\t\t\t\t\t\t\t<li class=\"elementor-price-list-item\">\t\t\t\t\n\t\t\t\t<div class=\"elementor-price-list-text\">\n\t\t\t\t\t\t\t\t\t<div class=\"elementor-price-list-header\">\n\t\t\t\t\t\t\t\t\t\t\t<span class=\"elementor-price-list-title\">\n\t\t\t\t\t\t\tFACE\t\t\t\t\t\t<\/span>\n\t\t\t\t\t\t\t\t\t\t\t\t\t\t\t\t\t\t<span class=\"elementor-price-list-separator\"><\/span>\n\t\t\t\t\t\t\t\t\t\t\t\t\t\t\t\t\t\t\t<span class=\"elementor-price-list-price\">299 z\u0142<\/span>\n\t\t\t\t\t\t\t\t\t\t<\/div>\n\t\t\t\t\t\t\t\t\t\t\t\t<\/div>\n\t\t\t\t<\/li>\t\t\t\t\t\n\t\t<\/ul>\n\n\t\t\t\t\t\t<\/div>\n\t\t\t\t<\/div>\n\t\t\t\t\t<\/div>\n\t\t<\/div>\n\t\t\t\t\t<\/div>\n\t\t<\/section>\n\t\t\t\t<div class=\"elementor-element elementor-element-1678c95 elementor-align-center elementor-widget elementor-widget-button\" data-id=\"1678c95\" data-element_type=\"widget\" data-widget_type=\"button.default\">\n\t\t\t\t<div class=\"elementor-widget-container\">\n\t\t\t\t\t\t\t\t\t<div class=\"elementor-button-wrapper\">\n\t\t\t\t\t<a class=\"elementor-button elementor-button-link elementor-size-sm\" href=\"https:\/\/booksy.com\/pl-pl\/98864_prive-beauty-hair_salon-kosmetyczny_20383_gdansk#ba_s=Undefined\" target=\"_blank\">\n\t\t\t\t\t\t<span class=\"elementor-button-content-wrapper\">\n\t\t\t\t\t\t\t\t\t<span class=\"elementor-button-text\">RESERVE<\/span>\n\t\t\t\t\t<\/span>\n\t\t\t\t\t<\/a>\n\t\t\t\t<\/div>\n\t\t\t\t\t\t\t\t<\/div>\n\t\t\t\t<\/div>\n\t\t\t\t\t<\/div>\n\t\t<\/div>\n\t\t\t\t\t<\/div>\n\t\t<\/section>\n\t\t\t\t<\/div>\n\t\t","protected":false},"excerpt":{"rendered":"<p>DERMO DETECTOR AI PRO Skin analysis on a clinical level &#8211; PRIVE BEAUTY&amp;HAIR Gdansk At PRIVE BEAUTY&amp;HAIR, we believe that correct diagnosis is the basis for effective care and safe aesthetic treatments. That&#8217;s why we start every treatment plan at our clinic with a comprehensive skin analysis, conducted using the state-of-the-art DermoDetector AI Pro, a [&hellip;]<\/p>\n","protected":false},"author":6,"featured_media":0,"parent":6937,"menu_order":0,"comment_status":"closed","ping_status":"closed","template":"","meta":{"footnotes":""},"class_list":["post-9917","page","type-page","status-publish","hentry"],"yoast_head":"<!-- This site is optimized with the Yoast SEO plugin v25.9 - https:\/\/yoast.com\/wordpress\/plugins\/seo\/ -->\n<title>DERMO DETECTOR AI PRO - skin analysis - Prive Beauty &amp; Hair<\/title>\n<meta name=\"robots\" content=\"index, follow, max-snippet:-1, max-image-preview:large, max-video-preview:-1\" \/>\n<link rel=\"canonical\" href=\"https:\/\/prive-club.pl\/kosmetologia-pielegnacyjna\/dermo-detector-ai-pro\/\" \/>\n<meta property=\"og:locale\" content=\"en_US\" \/>\n<meta property=\"og:type\" content=\"article\" \/>\n<meta property=\"og:title\" content=\"DERMO DETECTOR AI PRO - skin analysis - Prive Beauty &amp; Hair\" \/>\n<meta property=\"og:description\" content=\"DERMO DETECTOR AI PRO Skin analysis on a clinical level &#8211; PRIVE BEAUTY&amp;HAIR Gdansk At PRIVE BEAUTY&amp;HAIR, we believe that correct diagnosis is the basis for effective care and safe aesthetic treatments. That&#8217;s why we start every treatment plan at our clinic with a comprehensive skin analysis, conducted using the state-of-the-art DermoDetector AI Pro, a [&hellip;]\" \/>\n<meta property=\"og:url\" content=\"https:\/\/prive-club.pl\/kosmetologia-pielegnacyjna\/dermo-detector-ai-pro\/\" \/>\n<meta property=\"og:site_name\" content=\"Prive Beauty &amp; Hair\" \/>\n<meta property=\"article:modified_time\" content=\"2026-02-08T21:10:28+00:00\" \/>\n<meta property=\"og:image\" content=\"https:\/\/prive-club.pl\/wp-content\/uploads\/2026\/02\/IMG_4127-scaled.jpg\" \/>\n\t<meta property=\"og:image:width\" content=\"1707\" \/>\n\t<meta property=\"og:image:height\" content=\"2560\" \/>\n\t<meta property=\"og:image:type\" content=\"image\/jpeg\" \/>\n<meta name=\"twitter:card\" content=\"summary_large_image\" \/>\n<meta name=\"twitter:label1\" content=\"Est. reading time\" \/>\n\t<meta name=\"twitter:data1\" content=\"2 minutes\" \/>\n<script type=\"application\/ld+json\" class=\"yoast-schema-graph\">{\"@context\":\"https:\/\/schema.org\",\"@graph\":[{\"@type\":\"WebPage\",\"@id\":\"https:\/\/prive-club.pl\/kosmetologia-pielegnacyjna\/dermo-detector-ai-pro\/\",\"url\":\"https:\/\/prive-club.pl\/kosmetologia-pielegnacyjna\/dermo-detector-ai-pro\/\",\"name\":\"DERMO DETECTOR AI PRO - skin analysis - Prive Beauty &amp; Hair\",\"isPartOf\":{\"@id\":\"https:\/\/prive-club.pl\/en\/#website\"},\"primaryImageOfPage\":{\"@id\":\"https:\/\/prive-club.pl\/kosmetologia-pielegnacyjna\/dermo-detector-ai-pro\/#primaryimage\"},\"image\":{\"@id\":\"https:\/\/prive-club.pl\/kosmetologia-pielegnacyjna\/dermo-detector-ai-pro\/#primaryimage\"},\"thumbnailUrl\":\"https:\/\/prive-club.pl\/wp-content\/uploads\/2026\/02\/IMG_4127-scaled.jpg\",\"datePublished\":\"2025-12-21T16:45:21+00:00\",\"dateModified\":\"2026-02-08T21:10:28+00:00\",\"breadcrumb\":{\"@id\":\"https:\/\/prive-club.pl\/kosmetologia-pielegnacyjna\/dermo-detector-ai-pro\/#breadcrumb\"},\"inLanguage\":\"en-US\",\"potentialAction\":[{\"@type\":\"ReadAction\",\"target\":[\"https:\/\/prive-club.pl\/kosmetologia-pielegnacyjna\/dermo-detector-ai-pro\/\"]}]},{\"@type\":\"ImageObject\",\"inLanguage\":\"en-US\",\"@id\":\"https:\/\/prive-club.pl\/kosmetologia-pielegnacyjna\/dermo-detector-ai-pro\/#primaryimage\",\"url\":\"https:\/\/prive-club.pl\/wp-content\/uploads\/2026\/02\/IMG_4127-scaled.jpg\",\"contentUrl\":\"https:\/\/prive-club.pl\/wp-content\/uploads\/2026\/02\/IMG_4127-scaled.jpg\"},{\"@type\":\"BreadcrumbList\",\"@id\":\"https:\/\/prive-club.pl\/kosmetologia-pielegnacyjna\/dermo-detector-ai-pro\/#breadcrumb\",\"itemListElement\":[{\"@type\":\"ListItem\",\"position\":1,\"name\":\"Strona g\u0142\u00f3wna\",\"item\":\"https:\/\/prive-club.pl\/\"},{\"@type\":\"ListItem\",\"position\":2,\"name\":\"SKIN CARE COSMETOLOGY\",\"item\":\"https:\/\/prive-club.pl\/en\/skin-care-cosmetology\/\"},{\"@type\":\"ListItem\",\"position\":3,\"name\":\"DERMO DETECTOR AI PRO &#8211; skin analysis\"}]},{\"@type\":\"WebSite\",\"@id\":\"https:\/\/prive-club.pl\/en\/#website\",\"url\":\"https:\/\/prive-club.pl\/en\/\",\"name\":\"Prive Beauty &amp; Hair\",\"description\":\"Fryzjer Gda\u0144sk , Depilacja Laserowa Gda\u0144sk, zamykanie naczynek Gda\u0144sk\",\"publisher\":{\"@id\":\"https:\/\/prive-club.pl\/en\/#organization\"},\"potentialAction\":[{\"@type\":\"SearchAction\",\"target\":{\"@type\":\"EntryPoint\",\"urlTemplate\":\"https:\/\/prive-club.pl\/en\/?s={search_term_string}\"},\"query-input\":{\"@type\":\"PropertyValueSpecification\",\"valueRequired\":true,\"valueName\":\"search_term_string\"}}],\"inLanguage\":\"en-US\"},{\"@type\":\"Organization\",\"@id\":\"https:\/\/prive-club.pl\/en\/#organization\",\"name\":\"Prive Beauty &amp; Hair\",\"url\":\"https:\/\/prive-club.pl\/en\/\",\"logo\":{\"@type\":\"ImageObject\",\"inLanguage\":\"en-US\",\"@id\":\"https:\/\/prive-club.pl\/en\/#\/schema\/logo\/image\/\",\"url\":\"https:\/\/prive-club.pl\/wp-content\/uploads\/2020\/04\/Prive-beauty-logo.png\",\"contentUrl\":\"https:\/\/prive-club.pl\/wp-content\/uploads\/2020\/04\/Prive-beauty-logo.png\",\"width\":1851,\"height\":879,\"caption\":\"Prive Beauty &amp; Hair\"},\"image\":{\"@id\":\"https:\/\/prive-club.pl\/en\/#\/schema\/logo\/image\/\"}}]}<\/script>\n<!-- \/ Yoast SEO plugin. -->","yoast_head_json":{"title":"DERMO DETECTOR AI PRO - skin analysis - Prive Beauty &amp; Hair","robots":{"index":"index","follow":"follow","max-snippet":"max-snippet:-1","max-image-preview":"max-image-preview:large","max-video-preview":"max-video-preview:-1"},"canonical":"https:\/\/prive-club.pl\/kosmetologia-pielegnacyjna\/dermo-detector-ai-pro\/","og_locale":"en_US","og_type":"article","og_title":"DERMO DETECTOR AI PRO - skin analysis - Prive Beauty &amp; Hair","og_description":"DERMO DETECTOR AI PRO Skin analysis on a clinical level &#8211; PRIVE BEAUTY&amp;HAIR Gdansk At PRIVE BEAUTY&amp;HAIR, we believe that correct diagnosis is the basis for effective care and safe aesthetic treatments. That&#8217;s why we start every treatment plan at our clinic with a comprehensive skin analysis, conducted using the state-of-the-art DermoDetector AI Pro, a [&hellip;]","og_url":"https:\/\/prive-club.pl\/kosmetologia-pielegnacyjna\/dermo-detector-ai-pro\/","og_site_name":"Prive Beauty &amp; Hair","article_modified_time":"2026-02-08T21:10:28+00:00","og_image":[{"width":1707,"height":2560,"url":"https:\/\/prive-club.pl\/wp-content\/uploads\/2026\/02\/IMG_4127-scaled.jpg","type":"image\/jpeg"}],"twitter_card":"summary_large_image","twitter_misc":{"Est. reading time":"2 minutes"},"schema":{"@context":"https:\/\/schema.org","@graph":[{"@type":"WebPage","@id":"https:\/\/prive-club.pl\/kosmetologia-pielegnacyjna\/dermo-detector-ai-pro\/","url":"https:\/\/prive-club.pl\/kosmetologia-pielegnacyjna\/dermo-detector-ai-pro\/","name":"DERMO DETECTOR AI PRO - skin analysis - Prive Beauty &amp; Hair","isPartOf":{"@id":"https:\/\/prive-club.pl\/en\/#website"},"primaryImageOfPage":{"@id":"https:\/\/prive-club.pl\/kosmetologia-pielegnacyjna\/dermo-detector-ai-pro\/#primaryimage"},"image":{"@id":"https:\/\/prive-club.pl\/kosmetologia-pielegnacyjna\/dermo-detector-ai-pro\/#primaryimage"},"thumbnailUrl":"https:\/\/prive-club.pl\/wp-content\/uploads\/2026\/02\/IMG_4127-scaled.jpg","datePublished":"2025-12-21T16:45:21+00:00","dateModified":"2026-02-08T21:10:28+00:00","breadcrumb":{"@id":"https:\/\/prive-club.pl\/kosmetologia-pielegnacyjna\/dermo-detector-ai-pro\/#breadcrumb"},"inLanguage":"en-US","potentialAction":[{"@type":"ReadAction","target":["https:\/\/prive-club.pl\/kosmetologia-pielegnacyjna\/dermo-detector-ai-pro\/"]}]},{"@type":"ImageObject","inLanguage":"en-US","@id":"https:\/\/prive-club.pl\/kosmetologia-pielegnacyjna\/dermo-detector-ai-pro\/#primaryimage","url":"https:\/\/prive-club.pl\/wp-content\/uploads\/2026\/02\/IMG_4127-scaled.jpg","contentUrl":"https:\/\/prive-club.pl\/wp-content\/uploads\/2026\/02\/IMG_4127-scaled.jpg"},{"@type":"BreadcrumbList","@id":"https:\/\/prive-club.pl\/kosmetologia-pielegnacyjna\/dermo-detector-ai-pro\/#breadcrumb","itemListElement":[{"@type":"ListItem","position":1,"name":"Strona g\u0142\u00f3wna","item":"https:\/\/prive-club.pl\/"},{"@type":"ListItem","position":2,"name":"SKIN CARE COSMETOLOGY","item":"https:\/\/prive-club.pl\/en\/skin-care-cosmetology\/"},{"@type":"ListItem","position":3,"name":"DERMO DETECTOR AI PRO &#8211; skin analysis"}]},{"@type":"WebSite","@id":"https:\/\/prive-club.pl\/en\/#website","url":"https:\/\/prive-club.pl\/en\/","name":"Prive Beauty &amp; Hair","description":"Fryzjer Gda\u0144sk , Depilacja Laserowa Gda\u0144sk, zamykanie naczynek Gda\u0144sk","publisher":{"@id":"https:\/\/prive-club.pl\/en\/#organization"},"potentialAction":[{"@type":"SearchAction","target":{"@type":"EntryPoint","urlTemplate":"https:\/\/prive-club.pl\/en\/?s={search_term_string}"},"query-input":{"@type":"PropertyValueSpecification","valueRequired":true,"valueName":"search_term_string"}}],"inLanguage":"en-US"},{"@type":"Organization","@id":"https:\/\/prive-club.pl\/en\/#organization","name":"Prive Beauty &amp; Hair","url":"https:\/\/prive-club.pl\/en\/","logo":{"@type":"ImageObject","inLanguage":"en-US","@id":"https:\/\/prive-club.pl\/en\/#\/schema\/logo\/image\/","url":"https:\/\/prive-club.pl\/wp-content\/uploads\/2020\/04\/Prive-beauty-logo.png","contentUrl":"https:\/\/prive-club.pl\/wp-content\/uploads\/2020\/04\/Prive-beauty-logo.png","width":1851,"height":879,"caption":"Prive Beauty &amp; Hair"},"image":{"@id":"https:\/\/prive-club.pl\/en\/#\/schema\/logo\/image\/"}}]}},"_links":{"self":[{"href":"https:\/\/prive-club.pl\/en\/wp-json\/wp\/v2\/pages\/9917","targetHints":{"allow":["GET"]}}],"collection":[{"href":"https:\/\/prive-club.pl\/en\/wp-json\/wp\/v2\/pages"}],"about":[{"href":"https:\/\/prive-club.pl\/en\/wp-json\/wp\/v2\/types\/page"}],"author":[{"embeddable":true,"href":"https:\/\/prive-club.pl\/en\/wp-json\/wp\/v2\/users\/6"}],"replies":[{"embeddable":true,"href":"https:\/\/prive-club.pl\/en\/wp-json\/wp\/v2\/comments?post=9917"}],"version-history":[{"count":0,"href":"https:\/\/prive-club.pl\/en\/wp-json\/wp\/v2\/pages\/9917\/revisions"}],"up":[{"embeddable":true,"href":"https:\/\/prive-club.pl\/en\/wp-json\/wp\/v2\/pages\/6937"}],"wp:attachment":[{"href":"https:\/\/prive-club.pl\/en\/wp-json\/wp\/v2\/media?parent=9917"}],"curies":[{"name":"wp","href":"https:\/\/api.w.org\/{rel}","templated":true}]}}