{"id":7657,"date":"2024-07-28T18:13:15","date_gmt":"2024-07-28T16:13:15","guid":{"rendered":"https:\/\/prive-club.pl\/skin-care-cosmetology\/storz-medical-face\/"},"modified":"2024-07-28T21:25:34","modified_gmt":"2024-07-28T19:25:34","slug":"storz-medical-face","status":"publish","type":"page","link":"https:\/\/prive-club.pl\/en\/skin-care-cosmetology\/storz-medical-face\/","title":{"rendered":"Storz Medical &#8211; face"},"content":{"rendered":"\t\t<div data-elementor-type=\"wp-page\" data-elementor-id=\"7657\" class=\"elementor elementor-7657 elementor-7655\" data-elementor-post-type=\"page\">\n\t\t\t\t\t\t<section class=\"elementor-section elementor-top-section elementor-element elementor-element-93a8b68 elementor-section-content-middle elementor-section-stretched elementor-section-height-min-height elementor-section-boxed elementor-section-height-default elementor-section-items-middle\" data-id=\"93a8b68\" data-element_type=\"section\" data-settings=\"{&quot;background_background&quot;:&quot;video&quot;,&quot;stretch_section&quot;:&quot;section-stretched&quot;,&quot;background_play_on_mobile&quot;:&quot;yes&quot;,&quot;background_video_link&quot;:&quot;https:\\\/\\\/prive-club.pl\\\/wp-content\\\/uploads\\\/2024\\\/07\\\/45.mp4&quot;}\">\n\t\t\t\t\t\t\t\t<div class=\"elementor-background-video-container\" aria-hidden=\"true\">\n\t\t\t\t\t\t\t\t\t\t\t\t\t<video class=\"elementor-background-video-hosted\" autoplay muted playsinline loop><\/video>\n\t\t\t\t\t\t\t\t\t\t\t<\/div>\n\t\t\t\t\t\t\t\t<div class=\"elementor-container elementor-column-gap-default\">\n\t\t\t\t\t<div class=\"elementor-column elementor-col-100 elementor-top-column elementor-element elementor-element-d634581\" data-id=\"d634581\" data-element_type=\"column\">\n\t\t\t<div class=\"elementor-widget-wrap elementor-element-populated\">\n\t\t\t\t\t\t<div class=\"elementor-element elementor-element-51d4442 elementor-widget elementor-widget-heading\" data-id=\"51d4442\" data-element_type=\"widget\" data-widget_type=\"heading.default\">\n\t\t\t\t<div class=\"elementor-widget-container\">\n\t\t\t\t\t<h1 class=\"elementor-heading-title elementor-size-default\">Storz Medical - face<\/h1>\t\t\t\t<\/div>\n\t\t\t\t<\/div>\n\t\t\t\t\t<\/div>\n\t\t<\/div>\n\t\t\t\t\t<\/div>\n\t\t<\/section>\n\t\t\t\t<section class=\"elementor-section elementor-top-section elementor-element elementor-element-15fef43 elementor-section-stretched elementor-section-boxed elementor-section-height-default elementor-section-height-default\" data-id=\"15fef43\" data-element_type=\"section\" data-settings=\"{&quot;background_background&quot;:&quot;classic&quot;,&quot;stretch_section&quot;:&quot;section-stretched&quot;}\">\n\t\t\t\t\t\t<div class=\"elementor-container elementor-column-gap-default\">\n\t\t\t\t\t<div class=\"elementor-column elementor-col-100 elementor-top-column elementor-element elementor-element-8285f15\" data-id=\"8285f15\" data-element_type=\"column\">\n\t\t\t<div class=\"elementor-widget-wrap elementor-element-populated\">\n\t\t\t\t\t\t<div class=\"elementor-element elementor-element-b114bb0 elementor-widget elementor-widget-text-editor\" data-id=\"b114bb0\" data-element_type=\"widget\" data-widget_type=\"text-editor.default\">\n\t\t\t\t<div class=\"elementor-widget-container\">\n\t\t\t\t\t\t\t\t\t<p>Acoustic wave is a non-invasive method of removing sagging connective tissue caused by the body&#8217;s natural aging processes.<\/p>\n<p>Acoustic wave is a non-invasive method of removing sagging connective tissue caused by the body&#8217;s natural aging processes. The acoustic wave is designed to stimulate microcirculation within the connective tissue and fat cells. The tissues become supple and the skin becomes firm and tight.<\/p>\n<p>Acoustic wave is an excellent alternative to treatments using injection lipolysis. It has an anti-wrinkle effect and is excellent at reducing fatness on the chin. Therapeutic acoustic sound waves are generated inside the device&#8217;s handle and transmitted to the treatment area, namely the face and chin. As they hit our body, the acoustic waves travel to large areas and stimulate the healing processes of the different layers of the skin. Penetration occurs to a depth of about 2 cm. Energy is applied with high-frequency oscillatory movements.<\/p>\n\t\t\t\t\t\t\t\t<\/div>\n\t\t\t\t<\/div>\n\t\t\t\t<div class=\"elementor-element elementor-element-0d71b7d elementor-widget elementor-widget-image\" data-id=\"0d71b7d\" data-element_type=\"widget\" data-widget_type=\"image.default\">\n\t\t\t\t<div class=\"elementor-widget-container\">\n\t\t\t\t\t\t\t\t\t\t\t\t\t\t\t<img fetchpriority=\"high\" decoding=\"async\" width=\"1920\" height=\"1080\" src=\"https:\/\/prive-club.pl\/wp-content\/uploads\/2024\/07\/Storz-Medical-twarz.jpg\" class=\"attachment-full size-full wp-image-7685\" alt=\"Storz-Medical---twarz\" srcset=\"https:\/\/prive-club.pl\/wp-content\/uploads\/2024\/07\/Storz-Medical-twarz.jpg 1920w, https:\/\/prive-club.pl\/wp-content\/uploads\/2024\/07\/Storz-Medical-twarz-300x169.jpg 300w, https:\/\/prive-club.pl\/wp-content\/uploads\/2024\/07\/Storz-Medical-twarz-1024x576.jpg 1024w, https:\/\/prive-club.pl\/wp-content\/uploads\/2024\/07\/Storz-Medical-twarz-768x432.jpg 768w, https:\/\/prive-club.pl\/wp-content\/uploads\/2024\/07\/Storz-Medical-twarz-1536x864.jpg 1536w\" sizes=\"(max-width: 1920px) 100vw, 1920px\" \/>\t\t\t\t\t\t\t\t\t\t\t\t\t\t\t<\/div>\n\t\t\t\t<\/div>\n\t\t\t\t<div class=\"elementor-element elementor-element-b2999c4 elementor-widget elementor-widget-heading\" data-id=\"b2999c4\" data-element_type=\"widget\" data-widget_type=\"heading.default\">\n\t\t\t\t<div class=\"elementor-widget-container\">\n\t\t\t\t\t<h2 class=\"elementor-heading-title elementor-size-default\">What does the treatment look like?<\/h2>\t\t\t\t<\/div>\n\t\t\t\t<\/div>\n\t\t\t\t<div class=\"elementor-element elementor-element-fa350ec elementor-widget elementor-widget-text-editor\" data-id=\"fa350ec\" data-element_type=\"widget\" data-widget_type=\"text-editor.default\">\n\t\t\t\t<div class=\"elementor-widget-container\">\n\t\t\t\t\t\t\t\t\t<p>A customized serum for the skin type is first applied to the treatment area, as well as a special gel that allows the acoustic waves to reach their target. We finish the treatment with a properly selected mask in a sheet. The procedure is completely painless.<\/p>\n\t\t\t\t\t\t\t\t<\/div>\n\t\t\t\t<\/div>\n\t\t\t\t\t<\/div>\n\t\t<\/div>\n\t\t\t\t\t<\/div>\n\t\t<\/section>\n\t\t\t\t<section class=\"elementor-section elementor-top-section elementor-element elementor-element-49a41eb elementor-section-content-middle elementor-section-stretched elementor-section-boxed elementor-section-height-default elementor-section-height-default\" data-id=\"49a41eb\" data-element_type=\"section\" data-settings=\"{&quot;background_background&quot;:&quot;classic&quot;,&quot;stretch_section&quot;:&quot;section-stretched&quot;}\">\n\t\t\t\t\t\t<div class=\"elementor-container elementor-column-gap-default\">\n\t\t\t\t\t<div class=\"elementor-column elementor-col-100 elementor-top-column elementor-element elementor-element-1f2b078\" data-id=\"1f2b078\" data-element_type=\"column\">\n\t\t\t<div class=\"elementor-widget-wrap elementor-element-populated\">\n\t\t\t\t\t\t<div class=\"elementor-element elementor-element-07458ea elementor-widget elementor-widget-jkit_tabs\" data-id=\"07458ea\" data-element_type=\"widget\" data-widget_type=\"jkit_tabs.default\">\n\t\t\t\t<div class=\"elementor-widget-container\">\n\t\t\t\t\t<div  class=\"jeg-elementor-kit jkit-tabs layout-vertical jeg_module___69dbe9803e0f3\" ><div class=\"tab-navigation\"><ul class=\"tab-nav-list   \" data-toggle=\"\"><li class=\"tab-nav active \" data-tab=\"tab-322cd4d\"><span class=\"tab-title\">Efekty zabiegu<\/span><div class=\"tab-content\"><div class=\"tab-description\"><\/div><\/div><\/li><li class=\"tab-nav  \" data-tab=\"tab-c312ac4\"><span class=\"tab-title\">Wskazania<\/span><div class=\"tab-content\"><div class=\"tab-description\"><\/div><\/div><\/li><li class=\"tab-nav  \" data-tab=\"tab-9f21372\"><span class=\"tab-title\">Przeciwwskazania<\/span><div class=\"tab-content\"><div class=\"tab-description\"><\/div><\/div><\/li><\/ul><\/div><div class=\"tab-content-list\"><div class=\"tab-content tab-322cd4d active\"><ul><li>pobudzenie fibroblast\u00f3w do produkcji kolagenu i elastyny<\/li><li>przekrwienie, dotlenienie i od\u017cywienie sk\u00f3ry<\/li><li>rozlu\u017anienie powi\u0119zi mi\u0119\u015bniowej<\/li><li>drena\u017c limfatyczny<\/li><li>redukcja tkanki t\u0142uszczowej<\/li><\/ul><\/div><div class=\"tab-content tab-c312ac4 \"><ul><li>widoczne zmarszczki wok\u00f3\u0142 oczu tzw.\u00a0\u201ekurze \u0142apki\u201d<\/li><li>widoczne cieni pod oczami<\/li><li>bruzda przynosowa<\/li><li>zmarszczki w okolicach oczu<\/li><li>terapia staw\u00f3w \u017cuchwowo- skroniowych<\/li><li>terapia mi\u0119\u015bni \u017cwaczy<\/li><li>drugi podbr\u00f3dek<\/li><\/ul><\/div><div class=\"tab-content tab-9f21372 \"><ul><li>ci\u0105\u017ca i okres karmienia piersi\u0105<\/li><li>wszczepiony rozrusznik serca<\/li><li>cukrzyca w stadium zaawansowanym<\/li><li>choroby uk\u0142adu kr\u0105\u017cenia<\/li><li>choroby \u017cy\u0142<\/li><li>nowotwory<\/li><li>metalowe implanty w miejscu wykonywania zabiegu<\/li><li>niepe\u0142ny zrost ko\u015bci po z\u0142amaniach<\/li><li>niewydolno\u015b\u0107 w\u0105troby i nerek<\/li><\/ul><\/div><\/div><\/div>\t\t\t\t<\/div>\n\t\t\t\t<\/div>\n\t\t\t\t\t<\/div>\n\t\t<\/div>\n\t\t\t\t\t<\/div>\n\t\t<\/section>\n\t\t\t\t<section class=\"elementor-section elementor-top-section elementor-element elementor-element-32b8ebe elementor-section-content-middle elementor-section-stretched elementor-section-boxed elementor-section-height-default elementor-section-height-default\" data-id=\"32b8ebe\" data-element_type=\"section\" data-settings=\"{&quot;background_background&quot;:&quot;classic&quot;,&quot;stretch_section&quot;:&quot;section-stretched&quot;}\">\n\t\t\t\t\t\t<div class=\"elementor-container elementor-column-gap-default\">\n\t\t\t\t\t<div class=\"elementor-column elementor-col-100 elementor-top-column elementor-element elementor-element-f4907a6\" data-id=\"f4907a6\" data-element_type=\"column\">\n\t\t\t<div class=\"elementor-widget-wrap elementor-element-populated\">\n\t\t\t\t\t\t<div class=\"elementor-element elementor-element-c25d160 elementor-widget elementor-widget-heading\" data-id=\"c25d160\" data-element_type=\"widget\" data-widget_type=\"heading.default\">\n\t\t\t\t<div class=\"elementor-widget-container\">\n\t\t\t\t\t<h5 class=\"elementor-heading-title elementor-size-default\">Price list<\/h5>\t\t\t\t<\/div>\n\t\t\t\t<\/div>\n\t\t\t\t<div class=\"elementor-element elementor-element-3657220 elementor-widget-divider--view-line elementor-widget elementor-widget-divider\" data-id=\"3657220\" data-element_type=\"widget\" data-widget_type=\"divider.default\">\n\t\t\t\t<div class=\"elementor-widget-container\">\n\t\t\t\t\t\t\t<div class=\"elementor-divider\">\n\t\t\t<span class=\"elementor-divider-separator\">\n\t\t\t\t\t\t<\/span>\n\t\t<\/div>\n\t\t\t\t\t\t<\/div>\n\t\t\t\t<\/div>\n\t\t\t\t<section class=\"elementor-section elementor-inner-section elementor-element elementor-element-e080eae elementor-section-boxed elementor-section-height-default elementor-section-height-default\" data-id=\"e080eae\" data-element_type=\"section\">\n\t\t\t\t\t\t<div class=\"elementor-container elementor-column-gap-wider\">\n\t\t\t\t\t<div class=\"elementor-column elementor-col-100 elementor-inner-column elementor-element elementor-element-9d54ebe\" data-id=\"9d54ebe\" data-element_type=\"column\">\n\t\t\t<div class=\"elementor-widget-wrap elementor-element-populated\">\n\t\t\t\t\t\t<div class=\"elementor-element elementor-element-fb14ad0 elementor-widget elementor-widget-heading\" data-id=\"fb14ad0\" data-element_type=\"widget\" data-widget_type=\"heading.default\">\n\t\t\t\t<div class=\"elementor-widget-container\">\n\t\t\t\t\t<h2 class=\"elementor-heading-title elementor-size-default\">PRICE  <\/h2>\t\t\t\t<\/div>\n\t\t\t\t<\/div>\n\t\t\t\t<div class=\"elementor-element elementor-element-382536b elementor-widget elementor-widget-price-list\" data-id=\"382536b\" data-element_type=\"widget\" data-widget_type=\"price-list.default\">\n\t\t\t\t<div class=\"elementor-widget-container\">\n\t\t\t\t\t\n\t\t<ul class=\"elementor-price-list\">\n\n\t\t\t\t\t\t\t\t\t<li class=\"elementor-price-list-item\">\t\t\t\t\n\t\t\t\t<div class=\"elementor-price-list-text\">\n\t\t\t\t\t\t\t\t\t<div class=\"elementor-price-list-header\">\n\t\t\t\t\t\t\t\t\t\t\t<span class=\"elementor-price-list-title\">\n\t\t\t\t\t\t\tFACE + NECK  \t\t\t\t\t\t<\/span>\n\t\t\t\t\t\t\t\t\t\t\t\t\t\t\t\t\t\t<span class=\"elementor-price-list-separator\"><\/span>\n\t\t\t\t\t\t\t\t\t\t\t\t\t\t\t\t\t\t\t<span class=\"elementor-price-list-price\">400 z\u0142<\/span>\n\t\t\t\t\t\t\t\t\t\t<\/div>\n\t\t\t\t\t\t\t\t\t\t\t\t<\/div>\n\t\t\t\t<\/li>\t\t\t\t\t\n\t\t<\/ul>\n\n\t\t\t\t\t\t<\/div>\n\t\t\t\t<\/div>\n\t\t\t\t\t<\/div>\n\t\t<\/div>\n\t\t\t\t\t<\/div>\n\t\t<\/section>\n\t\t\t\t<div class=\"elementor-element elementor-element-8ed0849 elementor-align-center elementor-widget elementor-widget-button\" data-id=\"8ed0849\" data-element_type=\"widget\" data-widget_type=\"button.default\">\n\t\t\t\t<div class=\"elementor-widget-container\">\n\t\t\t\t\t\t\t\t\t<div class=\"elementor-button-wrapper\">\n\t\t\t\t\t<a class=\"elementor-button elementor-button-link elementor-size-sm\" href=\"https:\/\/booksy.com\/pl-pl\/98864_prive-beauty-hair_salon-kosmetyczny_20383_gdansk?gclid=Cj0KCQjwy4KqBhD0ARIsAEbCt6irQVY2KZkFOY5bozC7bK_JsBIGmp0CDy_jvNEzPPLaqQCB57ibLKcaAiPjEALw_wcB\" target=\"_blank\">\n\t\t\t\t\t\t<span class=\"elementor-button-content-wrapper\">\n\t\t\t\t\t\t\t\t\t<span class=\"elementor-button-text\">RESERVE<\/span>\n\t\t\t\t\t<\/span>\n\t\t\t\t\t<\/a>\n\t\t\t\t<\/div>\n\t\t\t\t\t\t\t\t<\/div>\n\t\t\t\t<\/div>\n\t\t\t\t\t<\/div>\n\t\t<\/div>\n\t\t\t\t\t<\/div>\n\t\t<\/section>\n\t\t\t\t<\/div>\n\t\t","protected":false},"excerpt":{"rendered":"<p>Storz Medical &#8211; face Acoustic wave is a non-invasive method of removing sagging connective tissue caused by the body&#8217;s natural aging processes. Acoustic wave is a non-invasive method of removing sagging connective tissue caused by the body&#8217;s natural aging processes. The acoustic wave is designed to stimulate microcirculation within the connective tissue and fat cells. [&hellip;]<\/p>\n","protected":false},"author":6,"featured_media":0,"parent":6937,"menu_order":0,"comment_status":"closed","ping_status":"closed","template":"","meta":{"footnotes":""},"class_list":["post-7657","page","type-page","status-publish","hentry"],"yoast_head":"<!-- This site is optimized with the Yoast SEO plugin v25.9 - https:\/\/yoast.com\/wordpress\/plugins\/seo\/ -->\n<title>Storz Medical - face - Prive Beauty &amp; Hair<\/title>\n<meta name=\"robots\" content=\"index, follow, max-snippet:-1, max-image-preview:large, max-video-preview:-1\" \/>\n<link rel=\"canonical\" href=\"https:\/\/prive-club.pl\/kosmetologia-pielegnacyjna\/storz-medical-twarz\/\" \/>\n<meta property=\"og:locale\" content=\"en_US\" \/>\n<meta property=\"og:type\" content=\"article\" \/>\n<meta property=\"og:title\" content=\"Storz Medical - face - Prive Beauty &amp; Hair\" \/>\n<meta property=\"og:description\" content=\"Storz Medical &#8211; face Acoustic wave is a non-invasive method of removing sagging connective tissue caused by the body&#8217;s natural aging processes. Acoustic wave is a non-invasive method of removing sagging connective tissue caused by the body&#8217;s natural aging processes. The acoustic wave is designed to stimulate microcirculation within the connective tissue and fat cells. [&hellip;]\" \/>\n<meta property=\"og:url\" content=\"https:\/\/prive-club.pl\/kosmetologia-pielegnacyjna\/storz-medical-twarz\/\" \/>\n<meta property=\"og:site_name\" content=\"Prive Beauty &amp; Hair\" \/>\n<meta property=\"article:modified_time\" content=\"2024-07-28T19:25:34+00:00\" \/>\n<meta property=\"og:image\" content=\"https:\/\/prive-club.pl\/wp-content\/uploads\/2024\/07\/Storz-Medical-twarz.jpg\" \/>\n<meta name=\"twitter:card\" content=\"summary_large_image\" \/>\n<meta name=\"twitter:label1\" content=\"Est. reading time\" \/>\n\t<meta name=\"twitter:data1\" content=\"1 minute\" \/>\n<script type=\"application\/ld+json\" class=\"yoast-schema-graph\">{\"@context\":\"https:\/\/schema.org\",\"@graph\":[{\"@type\":\"WebPage\",\"@id\":\"https:\/\/prive-club.pl\/kosmetologia-pielegnacyjna\/storz-medical-twarz\/\",\"url\":\"https:\/\/prive-club.pl\/kosmetologia-pielegnacyjna\/storz-medical-twarz\/\",\"name\":\"Storz Medical - face - Prive Beauty &amp; Hair\",\"isPartOf\":{\"@id\":\"https:\/\/prive-club.pl\/en\/#website\"},\"primaryImageOfPage\":{\"@id\":\"https:\/\/prive-club.pl\/kosmetologia-pielegnacyjna\/storz-medical-twarz\/#primaryimage\"},\"image\":{\"@id\":\"https:\/\/prive-club.pl\/kosmetologia-pielegnacyjna\/storz-medical-twarz\/#primaryimage\"},\"thumbnailUrl\":\"https:\/\/prive-club.pl\/wp-content\/uploads\/2024\/07\/Storz-Medical-twarz.jpg\",\"datePublished\":\"2024-07-28T16:13:15+00:00\",\"dateModified\":\"2024-07-28T19:25:34+00:00\",\"breadcrumb\":{\"@id\":\"https:\/\/prive-club.pl\/kosmetologia-pielegnacyjna\/storz-medical-twarz\/#breadcrumb\"},\"inLanguage\":\"en-US\",\"potentialAction\":[{\"@type\":\"ReadAction\",\"target\":[\"https:\/\/prive-club.pl\/kosmetologia-pielegnacyjna\/storz-medical-twarz\/\"]}]},{\"@type\":\"ImageObject\",\"inLanguage\":\"en-US\",\"@id\":\"https:\/\/prive-club.pl\/kosmetologia-pielegnacyjna\/storz-medical-twarz\/#primaryimage\",\"url\":\"https:\/\/prive-club.pl\/wp-content\/uploads\/2024\/07\/Storz-Medical-twarz.jpg\",\"contentUrl\":\"https:\/\/prive-club.pl\/wp-content\/uploads\/2024\/07\/Storz-Medical-twarz.jpg\"},{\"@type\":\"BreadcrumbList\",\"@id\":\"https:\/\/prive-club.pl\/kosmetologia-pielegnacyjna\/storz-medical-twarz\/#breadcrumb\",\"itemListElement\":[{\"@type\":\"ListItem\",\"position\":1,\"name\":\"Strona g\u0142\u00f3wna\",\"item\":\"https:\/\/prive-club.pl\/\"},{\"@type\":\"ListItem\",\"position\":2,\"name\":\"SKIN CARE COSMETOLOGY\",\"item\":\"https:\/\/prive-club.pl\/en\/skin-care-cosmetology\/\"},{\"@type\":\"ListItem\",\"position\":3,\"name\":\"Storz Medical &#8211; face\"}]},{\"@type\":\"WebSite\",\"@id\":\"https:\/\/prive-club.pl\/en\/#website\",\"url\":\"https:\/\/prive-club.pl\/en\/\",\"name\":\"Prive Beauty &amp; Hair\",\"description\":\"Fryzjer Gda\u0144sk , Depilacja Laserowa Gda\u0144sk, zamykanie naczynek Gda\u0144sk\",\"publisher\":{\"@id\":\"https:\/\/prive-club.pl\/en\/#organization\"},\"potentialAction\":[{\"@type\":\"SearchAction\",\"target\":{\"@type\":\"EntryPoint\",\"urlTemplate\":\"https:\/\/prive-club.pl\/en\/?s={search_term_string}\"},\"query-input\":{\"@type\":\"PropertyValueSpecification\",\"valueRequired\":true,\"valueName\":\"search_term_string\"}}],\"inLanguage\":\"en-US\"},{\"@type\":\"Organization\",\"@id\":\"https:\/\/prive-club.pl\/en\/#organization\",\"name\":\"Prive Beauty &amp; Hair\",\"url\":\"https:\/\/prive-club.pl\/en\/\",\"logo\":{\"@type\":\"ImageObject\",\"inLanguage\":\"en-US\",\"@id\":\"https:\/\/prive-club.pl\/en\/#\/schema\/logo\/image\/\",\"url\":\"https:\/\/prive-club.pl\/wp-content\/uploads\/2020\/04\/Prive-beauty-logo.png\",\"contentUrl\":\"https:\/\/prive-club.pl\/wp-content\/uploads\/2020\/04\/Prive-beauty-logo.png\",\"width\":1851,\"height\":879,\"caption\":\"Prive Beauty &amp; Hair\"},\"image\":{\"@id\":\"https:\/\/prive-club.pl\/en\/#\/schema\/logo\/image\/\"}}]}<\/script>\n<!-- \/ Yoast SEO plugin. -->","yoast_head_json":{"title":"Storz Medical - face - Prive Beauty &amp; Hair","robots":{"index":"index","follow":"follow","max-snippet":"max-snippet:-1","max-image-preview":"max-image-preview:large","max-video-preview":"max-video-preview:-1"},"canonical":"https:\/\/prive-club.pl\/kosmetologia-pielegnacyjna\/storz-medical-twarz\/","og_locale":"en_US","og_type":"article","og_title":"Storz Medical - face - Prive Beauty &amp; Hair","og_description":"Storz Medical &#8211; face Acoustic wave is a non-invasive method of removing sagging connective tissue caused by the body&#8217;s natural aging processes. Acoustic wave is a non-invasive method of removing sagging connective tissue caused by the body&#8217;s natural aging processes. The acoustic wave is designed to stimulate microcirculation within the connective tissue and fat cells. [&hellip;]","og_url":"https:\/\/prive-club.pl\/kosmetologia-pielegnacyjna\/storz-medical-twarz\/","og_site_name":"Prive Beauty &amp; Hair","article_modified_time":"2024-07-28T19:25:34+00:00","og_image":[{"url":"https:\/\/prive-club.pl\/wp-content\/uploads\/2024\/07\/Storz-Medical-twarz.jpg","type":"","width":"","height":""}],"twitter_card":"summary_large_image","twitter_misc":{"Est. reading time":"1 minute"},"schema":{"@context":"https:\/\/schema.org","@graph":[{"@type":"WebPage","@id":"https:\/\/prive-club.pl\/kosmetologia-pielegnacyjna\/storz-medical-twarz\/","url":"https:\/\/prive-club.pl\/kosmetologia-pielegnacyjna\/storz-medical-twarz\/","name":"Storz Medical - face - Prive Beauty &amp; Hair","isPartOf":{"@id":"https:\/\/prive-club.pl\/en\/#website"},"primaryImageOfPage":{"@id":"https:\/\/prive-club.pl\/kosmetologia-pielegnacyjna\/storz-medical-twarz\/#primaryimage"},"image":{"@id":"https:\/\/prive-club.pl\/kosmetologia-pielegnacyjna\/storz-medical-twarz\/#primaryimage"},"thumbnailUrl":"https:\/\/prive-club.pl\/wp-content\/uploads\/2024\/07\/Storz-Medical-twarz.jpg","datePublished":"2024-07-28T16:13:15+00:00","dateModified":"2024-07-28T19:25:34+00:00","breadcrumb":{"@id":"https:\/\/prive-club.pl\/kosmetologia-pielegnacyjna\/storz-medical-twarz\/#breadcrumb"},"inLanguage":"en-US","potentialAction":[{"@type":"ReadAction","target":["https:\/\/prive-club.pl\/kosmetologia-pielegnacyjna\/storz-medical-twarz\/"]}]},{"@type":"ImageObject","inLanguage":"en-US","@id":"https:\/\/prive-club.pl\/kosmetologia-pielegnacyjna\/storz-medical-twarz\/#primaryimage","url":"https:\/\/prive-club.pl\/wp-content\/uploads\/2024\/07\/Storz-Medical-twarz.jpg","contentUrl":"https:\/\/prive-club.pl\/wp-content\/uploads\/2024\/07\/Storz-Medical-twarz.jpg"},{"@type":"BreadcrumbList","@id":"https:\/\/prive-club.pl\/kosmetologia-pielegnacyjna\/storz-medical-twarz\/#breadcrumb","itemListElement":[{"@type":"ListItem","position":1,"name":"Strona g\u0142\u00f3wna","item":"https:\/\/prive-club.pl\/"},{"@type":"ListItem","position":2,"name":"SKIN CARE COSMETOLOGY","item":"https:\/\/prive-club.pl\/en\/skin-care-cosmetology\/"},{"@type":"ListItem","position":3,"name":"Storz Medical &#8211; face"}]},{"@type":"WebSite","@id":"https:\/\/prive-club.pl\/en\/#website","url":"https:\/\/prive-club.pl\/en\/","name":"Prive Beauty &amp; Hair","description":"Fryzjer Gda\u0144sk , Depilacja Laserowa Gda\u0144sk, zamykanie naczynek Gda\u0144sk","publisher":{"@id":"https:\/\/prive-club.pl\/en\/#organization"},"potentialAction":[{"@type":"SearchAction","target":{"@type":"EntryPoint","urlTemplate":"https:\/\/prive-club.pl\/en\/?s={search_term_string}"},"query-input":{"@type":"PropertyValueSpecification","valueRequired":true,"valueName":"search_term_string"}}],"inLanguage":"en-US"},{"@type":"Organization","@id":"https:\/\/prive-club.pl\/en\/#organization","name":"Prive Beauty &amp; Hair","url":"https:\/\/prive-club.pl\/en\/","logo":{"@type":"ImageObject","inLanguage":"en-US","@id":"https:\/\/prive-club.pl\/en\/#\/schema\/logo\/image\/","url":"https:\/\/prive-club.pl\/wp-content\/uploads\/2020\/04\/Prive-beauty-logo.png","contentUrl":"https:\/\/prive-club.pl\/wp-content\/uploads\/2020\/04\/Prive-beauty-logo.png","width":1851,"height":879,"caption":"Prive Beauty &amp; Hair"},"image":{"@id":"https:\/\/prive-club.pl\/en\/#\/schema\/logo\/image\/"}}]}},"_links":{"self":[{"href":"https:\/\/prive-club.pl\/en\/wp-json\/wp\/v2\/pages\/7657","targetHints":{"allow":["GET"]}}],"collection":[{"href":"https:\/\/prive-club.pl\/en\/wp-json\/wp\/v2\/pages"}],"about":[{"href":"https:\/\/prive-club.pl\/en\/wp-json\/wp\/v2\/types\/page"}],"author":[{"embeddable":true,"href":"https:\/\/prive-club.pl\/en\/wp-json\/wp\/v2\/users\/6"}],"replies":[{"embeddable":true,"href":"https:\/\/prive-club.pl\/en\/wp-json\/wp\/v2\/comments?post=7657"}],"version-history":[{"count":0,"href":"https:\/\/prive-club.pl\/en\/wp-json\/wp\/v2\/pages\/7657\/revisions"}],"up":[{"embeddable":true,"href":"https:\/\/prive-club.pl\/en\/wp-json\/wp\/v2\/pages\/6937"}],"wp:attachment":[{"href":"https:\/\/prive-club.pl\/en\/wp-json\/wp\/v2\/media?parent=7657"}],"curies":[{"name":"wp","href":"https:\/\/api.w.org\/{rel}","templated":true}]}}