{"id":7015,"date":"2024-03-04T18:57:19","date_gmt":"2024-03-04T17:57:19","guid":{"rendered":"https:\/\/prive-club.pl\/friend\/flising\/"},"modified":"2024-05-19T23:25:46","modified_gmt":"2024-05-19T21:25:46","slug":"flising","status":"publish","type":"page","link":"https:\/\/prive-club.pl\/en\/friend\/flising\/","title":{"rendered":"FLISING"},"content":{"rendered":"\t\t<div data-elementor-type=\"wp-page\" data-elementor-id=\"7015\" class=\"elementor elementor-7015 elementor-6305\" data-elementor-post-type=\"page\">\n\t\t\t\t\t\t<section class=\"elementor-section elementor-top-section elementor-element elementor-element-79110b8 elementor-section-content-middle elementor-section-stretched elementor-section-height-min-height elementor-section-boxed elementor-section-height-default elementor-section-items-middle\" data-id=\"79110b8\" data-element_type=\"section\" data-settings=\"{&quot;background_background&quot;:&quot;video&quot;,&quot;stretch_section&quot;:&quot;section-stretched&quot;,&quot;background_video_link&quot;:&quot;http:\\\/\\\/prive-club.pl\\\/wp-content\\\/uploads\\\/2024\\\/02\\\/\\u041a\\u043e\\u043f\\u0438\\u044f-11.mp4&quot;,&quot;background_play_on_mobile&quot;:&quot;yes&quot;}\">\n\t\t\t\t\t\t\t\t<div class=\"elementor-background-video-container\" aria-hidden=\"true\">\n\t\t\t\t\t\t\t\t\t\t\t\t\t<video class=\"elementor-background-video-hosted\" autoplay muted playsinline loop><\/video>\n\t\t\t\t\t\t\t\t\t\t\t<\/div>\n\t\t\t\t\t\t\t\t<div class=\"elementor-container elementor-column-gap-default\">\n\t\t\t\t\t<div class=\"elementor-column elementor-col-100 elementor-top-column elementor-element elementor-element-d40264a\" data-id=\"d40264a\" data-element_type=\"column\">\n\t\t\t<div class=\"elementor-widget-wrap elementor-element-populated\">\n\t\t\t\t\t\t<div class=\"elementor-element elementor-element-6ed6f18 elementor-widget elementor-widget-heading\" data-id=\"6ed6f18\" data-element_type=\"widget\" data-widget_type=\"heading.default\">\n\t\t\t\t<div class=\"elementor-widget-container\">\n\t\t\t\t\t<h1 class=\"elementor-heading-title elementor-size-default\">FLISING<\/h1>\t\t\t\t<\/div>\n\t\t\t\t<\/div>\n\t\t\t\t\t<\/div>\n\t\t<\/div>\n\t\t\t\t\t<\/div>\n\t\t<\/section>\n\t\t\t\t<section class=\"elementor-section elementor-top-section elementor-element elementor-element-bf7e321 elementor-section-boxed elementor-section-height-default elementor-section-height-default\" data-id=\"bf7e321\" data-element_type=\"section\">\n\t\t\t\t\t\t<div class=\"elementor-container elementor-column-gap-default\">\n\t\t\t\t\t<div class=\"elementor-column elementor-col-100 elementor-top-column elementor-element elementor-element-3617a90\" data-id=\"3617a90\" data-element_type=\"column\">\n\t\t\t<div class=\"elementor-widget-wrap elementor-element-populated\">\n\t\t\t\t\t\t<div class=\"elementor-element elementor-element-5ec2c79 elementor-widget elementor-widget-text-editor\" data-id=\"5ec2c79\" data-element_type=\"widget\" data-widget_type=\"text-editor.default\">\n\t\t\t\t<div class=\"elementor-widget-container\">\n\t\t\t\t\t\t\t\t\t<h4><strong>HAIR FLISING GDANSK<\/strong><\/h4>\n<p>Hair flising is a professional treatment that helps to permanently bounce hair from the roots. It gives a spectacular effect of lifted hairstyle. This makes the volume of the hair appear larger, and the hair becomes light.<\/p>\n<p>This treatment is ideal for thin, flat, &#8220;slick&#8221; hair that is difficult to &#8220;bounce&#8221; from the roots by other means. Every woman who dreams of hair lifted from the roots, like fresh out of the hairdresser, should try this treatment! The effects of the treatment last approx. 3 months.  <\/p>\n<h4><strong>Q&amp;A ON THE HAIR FLUSHING TREATMENT<\/strong><\/h4>\n<p><strong>WHAT IS HAIR FLISING?<\/strong><\/p>\n<p>FLISING is a professional treatment that helps permanently bounce hair from the roots.<\/p>\n<p>It gives a spectacular hairstyle lifting effect.<\/p>\n<p><strong>FOR WHOM IS THE FLUSHING TREATMENT INTENDED?<\/strong><\/p>\n<p>The treatment is designed for almost all hair types, but is especially recommended for owners of thin and often oily hair. The treatment will not be performed only on blonde hair that is &#8220;digested&#8221; from the root, that is, was bleached from the scalp itself (the regrowth must be no less than 3 cm from the scalp).<\/p>\n<p><strong>CAN FLISING BE DONE ON HAIR EXTENSIONS?<\/strong><\/p>\n<p>Of course! The treatment is also dedicated to hair extensions using the keratin method, keratin powder or mini capsules. We even recommend performing the procedure before hair extensions &#8211; this will allow you to achieve a spectacular effect not only in terms of length, volume, but also &#8220;lightness&#8221; of the hair.<\/p>\n<p><strong>HOW LONG DO THE EFFECTS OF THE PUSH UP PROCEDURE LAST?<\/strong><\/p>\n<p>The effects last up to 3 months.<\/p>\n<p><strong>HOW LONG DOES THE PUSH UP PROCEDURE LAST?<\/strong><\/p>\n<p>The treatment takes about 1.5-3h.<\/p>\n<h4><strong>CONTRAINDICATIONS TO THE PROCEDURE<\/strong><\/h4>\n<ul>\n<li aria-level=\"1\">Allergy to any of the ingredients of the preparations used during the procedure<\/li>\n<\/ul>\n<ul>\n<li aria-level=\"1\">Less than 3 months after keratin straightening or nanoplasty of hair (wait 3 months and only perform FLISING)<\/li>\n<\/ul>\n<ul>\n<li aria-level=\"1\">Less than 3 months after a previous FLISING treatment (the interval between FLISING treatments is 3 months)<\/li>\n<\/ul>\n<ul>\n<li aria-level=\"1\">Extremely damaged, brittle, blonde hair &#8211; etched from the roots (bleaching from the very skin &#8211; there must be at least 3cm growth)<\/li>\n<\/ul>\n<ul>\n<li aria-level=\"1\">scalp problems, alopecia (any type), tumors, folliculitis<\/li>\n<\/ul>\n<ul>\n<li aria-level=\"1\">pregnancy and breastfeeding<\/li>\n<\/ul>\n<ul>\n<li aria-level=\"1\">Taking hormonal medications ( including contraception), retinoids (vitamin A derivatives used, for example, in the treatment of acne), anticoagulants and rheumatologic drugs and those used in psychiatric treatment<\/li>\n<\/ul>\n<h4><strong>RECOMMENDATIONS AFTER FLUSHING TREATMENT<\/strong><\/h4>\n<ul>\n<li aria-level=\"1\">use a fine brush and comb your hair starting from the ends in a gentle manner<\/li>\n<\/ul>\n<ul>\n<li aria-level=\"1\">comb your hair also before washing to protect it from tangling<\/li>\n<\/ul>\n<ul>\n<li aria-level=\"1\">Wait 48h after the treatment to wash your hair<\/li>\n<\/ul>\n<ul>\n<li aria-level=\"1\">do not use cleansing shampoos to wash your hair, and styling products that weigh hair down<\/li>\n<\/ul>\n<ul>\n<li aria-level=\"1\">blow dry your hair head down<\/li>\n<\/ul>\n<ul>\n<li aria-level=\"1\">remember to always wash your hair thoroughly after swimming in chlorinated and salt water and intense exercise<\/li>\n<\/ul>\n<ul>\n<li aria-level=\"1\">schedule hair coloring 3 days before or after FLISING<\/li>\n<\/ul>\n<h4><strong style=\"color: inherit; font-size: 1.5rem;\">DON&#8217;T DO THIS AFTER SURGERY!<\/strong><\/h4>\n<ul>\n<li aria-level=\"1\">don&#8217;t tug your hair &#8211; comb it gently with a fine bristle brush, head facing downwards<\/li>\n<\/ul>\n<ul>\n<li aria-level=\"1\">don&#8217;t go to bed with wet hair<\/li>\n<\/ul>\n<ul>\n<li aria-level=\"1\">do not use hair cosmetics containing oils and alcohol, cosmetics that weigh hair down<\/li>\n<\/ul>\n<ul>\n<li aria-level=\"1\">do not use cleansing shampoos<\/li>\n<\/ul>\n<ul>\n<li aria-level=\"1\">do not wear hats, headbands, etc.<\/li>\n<\/ul>\n<ul>\n<li aria-level=\"1\">after the treatment, do not perform any chemical processes on your hair at home (do not dye it yourself, etc.) &#8211; make an appointment with a specialist!<\/li>\n<\/ul>\n<h4> <\/h4>\n\t\t\t\t\t\t\t\t<\/div>\n\t\t\t\t<\/div>\n\t\t\t\t\t<\/div>\n\t\t<\/div>\n\t\t\t\t\t<\/div>\n\t\t<\/section>\n\t\t\t\t<section class=\"elementor-section elementor-top-section elementor-element elementor-element-be04504 elementor-section-content-middle elementor-section-stretched elementor-section-height-min-height elementor-section-boxed elementor-section-height-default elementor-section-items-middle\" data-id=\"be04504\" data-element_type=\"section\" data-settings=\"{&quot;background_background&quot;:&quot;video&quot;,&quot;stretch_section&quot;:&quot;section-stretched&quot;,&quot;background_video_link&quot;:&quot;#&quot;}\">\n\t\t\t\t\t\t\t\t<div class=\"elementor-background-video-container elementor-hidden-mobile\" aria-hidden=\"true\">\n\t\t\t\t\t\t\t\t\t\t\t\t\t<video class=\"elementor-background-video-hosted\" autoplay muted playsinline loop><\/video>\n\t\t\t\t\t\t\t\t\t\t\t<\/div>\n\t\t\t\t\t\t\t\t<div class=\"elementor-container elementor-column-gap-default\">\n\t\t\t\t\t<div class=\"elementor-column elementor-col-100 elementor-top-column elementor-element elementor-element-4332f28\" data-id=\"4332f28\" data-element_type=\"column\">\n\t\t\t<div class=\"elementor-widget-wrap elementor-element-populated\">\n\t\t\t\t\t\t<div class=\"elementor-element elementor-element-c406b57 elementor-widget__width-initial elementor-widget elementor-widget-heading\" data-id=\"c406b57\" data-element_type=\"widget\" data-widget_type=\"heading.default\">\n\t\t\t\t<div class=\"elementor-widget-container\">\n\t\t\t\t\t<h5 class=\"elementor-heading-title elementor-size-default\">Price list<\/h5>\t\t\t\t<\/div>\n\t\t\t\t<\/div>\n\t\t\t\t<div class=\"elementor-element elementor-element-0cb630c elementor-absolute elementor-widget-divider--view-line elementor-widget elementor-widget-divider\" data-id=\"0cb630c\" data-element_type=\"widget\" data-settings=\"{&quot;_position&quot;:&quot;absolute&quot;}\" data-widget_type=\"divider.default\">\n\t\t\t\t<div class=\"elementor-widget-container\">\n\t\t\t\t\t\t\t<div class=\"elementor-divider\">\n\t\t\t<span class=\"elementor-divider-separator\">\n\t\t\t\t\t\t<\/span>\n\t\t<\/div>\n\t\t\t\t\t\t<\/div>\n\t\t\t\t<\/div>\n\t\t\t\t<section class=\"elementor-section elementor-inner-section elementor-element elementor-element-df3827d elementor-section-boxed elementor-section-height-default elementor-section-height-default\" data-id=\"df3827d\" data-element_type=\"section\">\n\t\t\t\t\t\t<div class=\"elementor-container elementor-column-gap-wider\">\n\t\t\t\t\t<div class=\"elementor-column elementor-col-100 elementor-inner-column elementor-element elementor-element-b127fba\" data-id=\"b127fba\" data-element_type=\"column\">\n\t\t\t<div class=\"elementor-widget-wrap elementor-element-populated\">\n\t\t\t\t\t\t<div class=\"elementor-element elementor-element-9131ea1 elementor-widget elementor-widget-price-list\" data-id=\"9131ea1\" data-element_type=\"widget\" data-widget_type=\"price-list.default\">\n\t\t\t\t<div class=\"elementor-widget-container\">\n\t\t\t\t\t\n\t\t<ul class=\"elementor-price-list\">\n\n\t\t\t\t\t\t\t\t\t<li><a class=\"elementor-price-list-item\" href=\"#\">\t\t\t\t\n\t\t\t\t<div class=\"elementor-price-list-text\">\n\t\t\t\t\t\t\t\t\t<div class=\"elementor-price-list-header\">\n\t\t\t\t\t\t\t\t\t\t\t<span class=\"elementor-price-list-title\">\n\t\t\t\t\t\t\tSHORT\t\t\t\t\t\t<\/span>\n\t\t\t\t\t\t\t\t\t\t\t\t\t\t\t\t\t\t<span class=\"elementor-price-list-separator\"><\/span>\n\t\t\t\t\t\t\t\t\t\t\t\t\t\t\t\t\t\t\t<span class=\"elementor-price-list-price\">300 Z\u0141<\/span>\n\t\t\t\t\t\t\t\t\t\t<\/div>\n\t\t\t\t\t\t\t\t\t\t\t\t<\/div>\n\t\t\t\t<\/a><\/li>\t\t\t\t\t\t\t\t\t\t\t\t<li><a class=\"elementor-price-list-item\" href=\"#\">\t\t\t\t\n\t\t\t\t<div class=\"elementor-price-list-text\">\n\t\t\t\t\t\t\t\t\t<div class=\"elementor-price-list-header\">\n\t\t\t\t\t\t\t\t\t\t\t<span class=\"elementor-price-list-title\">\n\t\t\t\t\t\t\tAVERAGE\t\t\t\t\t\t<\/span>\n\t\t\t\t\t\t\t\t\t\t\t\t\t\t\t\t\t\t<span class=\"elementor-price-list-separator\"><\/span>\n\t\t\t\t\t\t\t\t\t\t\t\t\t\t\t\t\t\t\t<span class=\"elementor-price-list-price\">350 Z\u0141<\/span>\n\t\t\t\t\t\t\t\t\t\t<\/div>\n\t\t\t\t\t\t\t\t\t\t\t\t<\/div>\n\t\t\t\t<\/a><\/li>\t\t\t\t\t\t\t\t\t\t\t\t<li class=\"elementor-price-list-item\">\t\t\t\t\n\t\t\t\t<div class=\"elementor-price-list-text\">\n\t\t\t\t\t\t\t\t\t<div class=\"elementor-price-list-header\">\n\t\t\t\t\t\t\t\t\t\t\t<span class=\"elementor-price-list-title\">\n\t\t\t\t\t\t\tLONDON\t\t\t\t\t\t<\/span>\n\t\t\t\t\t\t\t\t\t\t\t\t\t\t\t\t\t\t<span class=\"elementor-price-list-separator\"><\/span>\n\t\t\t\t\t\t\t\t\t\t\t\t\t\t\t\t\t\t\t<span class=\"elementor-price-list-price\">400 z\u0142<\/span>\n\t\t\t\t\t\t\t\t\t\t<\/div>\n\t\t\t\t\t\t\t\t\t\t\t\t<\/div>\n\t\t\t\t<\/li>\t\t\t\t\t\n\t\t<\/ul>\n\n\t\t\t\t\t\t<\/div>\n\t\t\t\t<\/div>\n\t\t\t\t<div class=\"elementor-element elementor-element-a9fb4b7 elementor-align-center elementor-widget elementor-widget-button\" data-id=\"a9fb4b7\" data-element_type=\"widget\" data-widget_type=\"button.default\">\n\t\t\t\t<div class=\"elementor-widget-container\">\n\t\t\t\t\t\t\t\t\t<div class=\"elementor-button-wrapper\">\n\t\t\t\t\t<a class=\"elementor-button elementor-button-link elementor-size-sm\" href=\"https:\/\/booksy.com\/pl-pl\/98864_prive-beauty-hair_salon-kosmetyczny_20383_gdansk?gclid=Cj0KCQjwy4KqBhD0ARIsAEbCt6irQVY2KZkFOY5bozC7bK_JsBIGmp0CDy_jvNEzPPLaqQCB57ibLKcaAiPjEALw_wcB\" target=\"_blank\">\n\t\t\t\t\t\t<span class=\"elementor-button-content-wrapper\">\n\t\t\t\t\t\t\t\t\t<span class=\"elementor-button-text\">RESERVE<\/span>\n\t\t\t\t\t<\/span>\n\t\t\t\t\t<\/a>\n\t\t\t\t<\/div>\n\t\t\t\t\t\t\t\t<\/div>\n\t\t\t\t<\/div>\n\t\t\t\t\t<\/div>\n\t\t<\/div>\n\t\t\t\t\t<\/div>\n\t\t<\/section>\n\t\t\t\t\t<\/div>\n\t\t<\/div>\n\t\t\t\t\t<\/div>\n\t\t<\/section>\n\t\t\t\t<\/div>\n\t\t","protected":false},"excerpt":{"rendered":"<p>FLISING HAIR FLISING GDANSK Hair flising is a professional treatment that helps to permanently bounce hair from the roots. It gives a spectacular effect of lifted hairstyle. This makes the volume of the hair appear larger, and the hair becomes light. This treatment is ideal for thin, flat, &#8220;slick&#8221; hair that is difficult to &#8220;bounce&#8221; [&hellip;]<\/p>\n","protected":false},"author":6,"featured_media":0,"parent":6930,"menu_order":0,"comment_status":"closed","ping_status":"closed","template":"","meta":{"footnotes":""},"class_list":["post-7015","page","type-page","status-publish","hentry"],"yoast_head":"<!-- This site is optimized with the Yoast SEO plugin v25.9 - https:\/\/yoast.com\/wordpress\/plugins\/seo\/ -->\n<title>FLISING - Prive Beauty &amp; Hair<\/title>\n<meta name=\"robots\" content=\"index, follow, max-snippet:-1, max-image-preview:large, max-video-preview:-1\" \/>\n<link rel=\"canonical\" href=\"https:\/\/prive-club.pl\/en\/friend\/flising\/\" \/>\n<meta property=\"og:locale\" content=\"en_US\" \/>\n<meta property=\"og:type\" content=\"article\" \/>\n<meta property=\"og:title\" content=\"FLISING - Prive Beauty &amp; Hair\" \/>\n<meta property=\"og:description\" content=\"FLISING HAIR FLISING GDANSK Hair flising is a professional treatment that helps to permanently bounce hair from the roots. It gives a spectacular effect of lifted hairstyle. This makes the volume of the hair appear larger, and the hair becomes light. This treatment is ideal for thin, flat, &#8220;slick&#8221; hair that is difficult to &#8220;bounce&#8221; [&hellip;]\" \/>\n<meta property=\"og:url\" content=\"https:\/\/prive-club.pl\/en\/friend\/flising\/\" \/>\n<meta property=\"og:site_name\" content=\"Prive Beauty &amp; Hair\" \/>\n<meta property=\"article:modified_time\" content=\"2024-05-19T21:25:46+00:00\" \/>\n<meta name=\"twitter:card\" content=\"summary_large_image\" \/>\n<meta name=\"twitter:label1\" content=\"Est. reading time\" \/>\n\t<meta name=\"twitter:data1\" content=\"3 minutes\" \/>\n<script type=\"application\/ld+json\" class=\"yoast-schema-graph\">{\"@context\":\"https:\/\/schema.org\",\"@graph\":[{\"@type\":\"WebPage\",\"@id\":\"https:\/\/prive-club.pl\/en\/friend\/flising\/\",\"url\":\"https:\/\/prive-club.pl\/en\/friend\/flising\/\",\"name\":\"FLISING - Prive Beauty &amp; Hair\",\"isPartOf\":{\"@id\":\"https:\/\/prive-club.pl\/en\/#website\"},\"datePublished\":\"2024-03-04T17:57:19+00:00\",\"dateModified\":\"2024-05-19T21:25:46+00:00\",\"breadcrumb\":{\"@id\":\"https:\/\/prive-club.pl\/en\/friend\/flising\/#breadcrumb\"},\"inLanguage\":\"en-US\",\"potentialAction\":[{\"@type\":\"ReadAction\",\"target\":[\"https:\/\/prive-club.pl\/en\/friend\/flising\/\"]}]},{\"@type\":\"BreadcrumbList\",\"@id\":\"https:\/\/prive-club.pl\/en\/friend\/flising\/#breadcrumb\",\"itemListElement\":[{\"@type\":\"ListItem\",\"position\":1,\"name\":\"Strona g\u0142\u00f3wna\",\"item\":\"https:\/\/prive-club.pl\/\"},{\"@type\":\"ListItem\",\"position\":2,\"name\":\"FRIEND\",\"item\":\"https:\/\/prive-club.pl\/en\/friend\/\"},{\"@type\":\"ListItem\",\"position\":3,\"name\":\"FLISING\"}]},{\"@type\":\"WebSite\",\"@id\":\"https:\/\/prive-club.pl\/en\/#website\",\"url\":\"https:\/\/prive-club.pl\/en\/\",\"name\":\"Prive Beauty &amp; Hair\",\"description\":\"Fryzjer Gda\u0144sk , Depilacja Laserowa Gda\u0144sk, zamykanie naczynek Gda\u0144sk\",\"publisher\":{\"@id\":\"https:\/\/prive-club.pl\/en\/#organization\"},\"potentialAction\":[{\"@type\":\"SearchAction\",\"target\":{\"@type\":\"EntryPoint\",\"urlTemplate\":\"https:\/\/prive-club.pl\/en\/?s={search_term_string}\"},\"query-input\":{\"@type\":\"PropertyValueSpecification\",\"valueRequired\":true,\"valueName\":\"search_term_string\"}}],\"inLanguage\":\"en-US\"},{\"@type\":\"Organization\",\"@id\":\"https:\/\/prive-club.pl\/en\/#organization\",\"name\":\"Prive Beauty &amp; Hair\",\"url\":\"https:\/\/prive-club.pl\/en\/\",\"logo\":{\"@type\":\"ImageObject\",\"inLanguage\":\"en-US\",\"@id\":\"https:\/\/prive-club.pl\/en\/#\/schema\/logo\/image\/\",\"url\":\"https:\/\/prive-club.pl\/wp-content\/uploads\/2020\/04\/Prive-beauty-logo.png\",\"contentUrl\":\"https:\/\/prive-club.pl\/wp-content\/uploads\/2020\/04\/Prive-beauty-logo.png\",\"width\":1851,\"height\":879,\"caption\":\"Prive Beauty &amp; Hair\"},\"image\":{\"@id\":\"https:\/\/prive-club.pl\/en\/#\/schema\/logo\/image\/\"}}]}<\/script>\n<!-- \/ Yoast SEO plugin. -->","yoast_head_json":{"title":"FLISING - Prive Beauty &amp; Hair","robots":{"index":"index","follow":"follow","max-snippet":"max-snippet:-1","max-image-preview":"max-image-preview:large","max-video-preview":"max-video-preview:-1"},"canonical":"https:\/\/prive-club.pl\/en\/friend\/flising\/","og_locale":"en_US","og_type":"article","og_title":"FLISING - Prive Beauty &amp; Hair","og_description":"FLISING HAIR FLISING GDANSK Hair flising is a professional treatment that helps to permanently bounce hair from the roots. It gives a spectacular effect of lifted hairstyle. This makes the volume of the hair appear larger, and the hair becomes light. This treatment is ideal for thin, flat, &#8220;slick&#8221; hair that is difficult to &#8220;bounce&#8221; [&hellip;]","og_url":"https:\/\/prive-club.pl\/en\/friend\/flising\/","og_site_name":"Prive Beauty &amp; Hair","article_modified_time":"2024-05-19T21:25:46+00:00","twitter_card":"summary_large_image","twitter_misc":{"Est. reading time":"3 minutes"},"schema":{"@context":"https:\/\/schema.org","@graph":[{"@type":"WebPage","@id":"https:\/\/prive-club.pl\/en\/friend\/flising\/","url":"https:\/\/prive-club.pl\/en\/friend\/flising\/","name":"FLISING - Prive Beauty &amp; Hair","isPartOf":{"@id":"https:\/\/prive-club.pl\/en\/#website"},"datePublished":"2024-03-04T17:57:19+00:00","dateModified":"2024-05-19T21:25:46+00:00","breadcrumb":{"@id":"https:\/\/prive-club.pl\/en\/friend\/flising\/#breadcrumb"},"inLanguage":"en-US","potentialAction":[{"@type":"ReadAction","target":["https:\/\/prive-club.pl\/en\/friend\/flising\/"]}]},{"@type":"BreadcrumbList","@id":"https:\/\/prive-club.pl\/en\/friend\/flising\/#breadcrumb","itemListElement":[{"@type":"ListItem","position":1,"name":"Strona g\u0142\u00f3wna","item":"https:\/\/prive-club.pl\/"},{"@type":"ListItem","position":2,"name":"FRIEND","item":"https:\/\/prive-club.pl\/en\/friend\/"},{"@type":"ListItem","position":3,"name":"FLISING"}]},{"@type":"WebSite","@id":"https:\/\/prive-club.pl\/en\/#website","url":"https:\/\/prive-club.pl\/en\/","name":"Prive Beauty &amp; Hair","description":"Fryzjer Gda\u0144sk , Depilacja Laserowa Gda\u0144sk, zamykanie naczynek Gda\u0144sk","publisher":{"@id":"https:\/\/prive-club.pl\/en\/#organization"},"potentialAction":[{"@type":"SearchAction","target":{"@type":"EntryPoint","urlTemplate":"https:\/\/prive-club.pl\/en\/?s={search_term_string}"},"query-input":{"@type":"PropertyValueSpecification","valueRequired":true,"valueName":"search_term_string"}}],"inLanguage":"en-US"},{"@type":"Organization","@id":"https:\/\/prive-club.pl\/en\/#organization","name":"Prive Beauty &amp; Hair","url":"https:\/\/prive-club.pl\/en\/","logo":{"@type":"ImageObject","inLanguage":"en-US","@id":"https:\/\/prive-club.pl\/en\/#\/schema\/logo\/image\/","url":"https:\/\/prive-club.pl\/wp-content\/uploads\/2020\/04\/Prive-beauty-logo.png","contentUrl":"https:\/\/prive-club.pl\/wp-content\/uploads\/2020\/04\/Prive-beauty-logo.png","width":1851,"height":879,"caption":"Prive Beauty &amp; Hair"},"image":{"@id":"https:\/\/prive-club.pl\/en\/#\/schema\/logo\/image\/"}}]}},"_links":{"self":[{"href":"https:\/\/prive-club.pl\/en\/wp-json\/wp\/v2\/pages\/7015","targetHints":{"allow":["GET"]}}],"collection":[{"href":"https:\/\/prive-club.pl\/en\/wp-json\/wp\/v2\/pages"}],"about":[{"href":"https:\/\/prive-club.pl\/en\/wp-json\/wp\/v2\/types\/page"}],"author":[{"embeddable":true,"href":"https:\/\/prive-club.pl\/en\/wp-json\/wp\/v2\/users\/6"}],"replies":[{"embeddable":true,"href":"https:\/\/prive-club.pl\/en\/wp-json\/wp\/v2\/comments?post=7015"}],"version-history":[{"count":0,"href":"https:\/\/prive-club.pl\/en\/wp-json\/wp\/v2\/pages\/7015\/revisions"}],"up":[{"embeddable":true,"href":"https:\/\/prive-club.pl\/en\/wp-json\/wp\/v2\/pages\/6930"}],"wp:attachment":[{"href":"https:\/\/prive-club.pl\/en\/wp-json\/wp\/v2\/media?parent=7015"}],"curies":[{"name":"wp","href":"https:\/\/api.w.org\/{rel}","templated":true}]}}