{"id":6981,"date":"2023-12-02T17:50:36","date_gmt":"2023-12-02T16:50:36","guid":{"rendered":"https:\/\/prive-club.pl\/skin-care-cosmetology\/radiofrequency\/"},"modified":"2024-05-19T22:55:54","modified_gmt":"2024-05-19T20:55:54","slug":"radiofrequency","status":"publish","type":"page","link":"https:\/\/prive-club.pl\/en\/skin-care-cosmetology\/radiofrequency\/","title":{"rendered":"RADIOFREQUENCY"},"content":{"rendered":"\t\t<div data-elementor-type=\"wp-page\" data-elementor-id=\"6981\" class=\"elementor elementor-6981 elementor-4097\" data-elementor-post-type=\"page\">\n\t\t\t\t\t\t<section class=\"elementor-section elementor-top-section elementor-element elementor-element-2deeddb7 elementor-section-content-middle elementor-section-stretched elementor-section-height-min-height elementor-section-boxed elementor-section-height-default elementor-section-items-middle\" data-id=\"2deeddb7\" data-element_type=\"section\" data-settings=\"{&quot;background_background&quot;:&quot;video&quot;,&quot;stretch_section&quot;:&quot;section-stretched&quot;,&quot;background_video_link&quot;:&quot;http:\\\/\\\/prive-club.pl\\\/wp-content\\\/uploads\\\/2024\\\/02\\\/133.mp4&quot;,&quot;background_play_on_mobile&quot;:&quot;yes&quot;}\">\n\t\t\t\t\t\t\t\t<div class=\"elementor-background-video-container\" aria-hidden=\"true\">\n\t\t\t\t\t\t\t\t\t\t\t\t\t<video class=\"elementor-background-video-hosted\" autoplay muted playsinline loop><\/video>\n\t\t\t\t\t\t\t\t\t\t\t<\/div>\n\t\t\t\t\t\t\t\t<div class=\"elementor-container elementor-column-gap-default\">\n\t\t\t\t\t<div class=\"elementor-column elementor-col-100 elementor-top-column elementor-element elementor-element-5afc5e7d\" data-id=\"5afc5e7d\" data-element_type=\"column\">\n\t\t\t<div class=\"elementor-widget-wrap elementor-element-populated\">\n\t\t\t\t\t\t<div class=\"elementor-element elementor-element-4bbc77ce elementor-widget elementor-widget-heading\" data-id=\"4bbc77ce\" data-element_type=\"widget\" data-widget_type=\"heading.default\">\n\t\t\t\t<div class=\"elementor-widget-container\">\n\t\t\t\t\t<h1 class=\"elementor-heading-title elementor-size-default\">RADIOFREQUENCY<\/h1>\t\t\t\t<\/div>\n\t\t\t\t<\/div>\n\t\t\t\t\t<\/div>\n\t\t<\/div>\n\t\t\t\t\t<\/div>\n\t\t<\/section>\n\t\t\t\t<section class=\"elementor-section elementor-top-section elementor-element elementor-element-2ffb1ff7 elementor-section-stretched elementor-section-boxed elementor-section-height-default elementor-section-height-default\" data-id=\"2ffb1ff7\" data-element_type=\"section\" data-settings=\"{&quot;background_background&quot;:&quot;classic&quot;,&quot;stretch_section&quot;:&quot;section-stretched&quot;}\">\n\t\t\t\t\t\t<div class=\"elementor-container elementor-column-gap-default\">\n\t\t\t\t\t<div class=\"elementor-column elementor-col-100 elementor-top-column elementor-element elementor-element-5e63985a\" data-id=\"5e63985a\" data-element_type=\"column\">\n\t\t\t<div class=\"elementor-widget-wrap elementor-element-populated\">\n\t\t\t\t\t\t<div class=\"elementor-element elementor-element-19e144da elementor-widget elementor-widget-text-editor\" data-id=\"19e144da\" data-element_type=\"widget\" data-widget_type=\"text-editor.default\">\n\t\t\t\t<div class=\"elementor-widget-container\">\n\t\t\t\t\t\t\t\t\t<p>An alternative to biorevitalizing treatments such as mesotherapy is RF (Radio Frequency or radio waves) treatments. The device&#8217;s heads emit an electromagnetic wave at radio frequency. By acting on the dermis, it stimulates skin cells to produce and regenerate collagen fibers.<\/p>\n\t\t\t\t\t\t\t\t<\/div>\n\t\t\t\t<\/div>\n\t\t\t\t<div class=\"elementor-element elementor-element-605b4bff elementor-widget elementor-widget-heading\" data-id=\"605b4bff\" data-element_type=\"widget\" data-widget_type=\"heading.default\">\n\t\t\t\t<div class=\"elementor-widget-container\">\n\t\t\t\t\t<h2 class=\"elementor-heading-title elementor-size-default\">HOW DOES IT WORK?\n<\/h2>\t\t\t\t<\/div>\n\t\t\t\t<\/div>\n\t\t\t\t<div class=\"elementor-element elementor-element-646a0a2d elementor-widget elementor-widget-text-editor\" data-id=\"646a0a2d\" data-element_type=\"widget\" data-widget_type=\"text-editor.default\">\n\t\t\t\t<div class=\"elementor-widget-container\">\n\t\t\t\t\t\t\t\t\t<p>Electromagnetic waves reaching the skin warm it up and cause shortening (spiraling ) of collagen fibers, at the same time they have a beneficial effect on the work of the lymphatic system and activate the metabolism of fibroblasts (cells that produce collagen, elastin and hyaluronic acid). The result is the rebuilding of new collagen and the improvement of skin quality and firming of facial and body laxity. Radio Frequency also has a sensational effect on muscle relaxation and pain relief, stimulates the lymphatic system and blood circulation, increases metabolism in tissues, and reduces free radicals. The treatments are effective and safe. Thanks to the bipolar field, the waves do not penetrate too deep , spread evenly and do not damage other structures, and there is no burning of the epidermis.<\/p>\n<p>Regularly repeated treatments significantly improve the firmness and tone of the skin. And the full effects are visible after about 3-5 weeks. The effect of profound improvement appears gradually within 2 to 6 months after the procedure. The best results are seen in people between the ages of 30 and 55, where the skin responds more easily to the stimulus; older people also show good results, especially when the treatment is more intensive.<\/p>\n<p>This, as well as any other aesthetic medicine treatment, brings the best results when performed several times, which is why we have prepared Treatment Packages for you.<\/p>\n\t\t\t\t\t\t\t\t<\/div>\n\t\t\t\t<\/div>\n\t\t\t\t<div class=\"elementor-element elementor-element-0500894 elementor-widget elementor-widget-image\" data-id=\"0500894\" data-element_type=\"widget\" data-widget_type=\"image.default\">\n\t\t\t\t<div class=\"elementor-widget-container\">\n\t\t\t\t\t\t\t\t\t\t\t\t\t\t\t<img fetchpriority=\"high\" decoding=\"async\" width=\"1920\" height=\"1080\" src=\"https:\/\/prive-club.pl\/wp-content\/uploads\/2024\/03\/PEELING-KAWITACYJNY.jpg\" class=\"attachment-full size-full wp-image-6856\" alt=\"\" srcset=\"https:\/\/prive-club.pl\/wp-content\/uploads\/2024\/03\/PEELING-KAWITACYJNY.jpg 1920w, https:\/\/prive-club.pl\/wp-content\/uploads\/2024\/03\/PEELING-KAWITACYJNY-300x169.jpg 300w, https:\/\/prive-club.pl\/wp-content\/uploads\/2024\/03\/PEELING-KAWITACYJNY-1024x576.jpg 1024w, https:\/\/prive-club.pl\/wp-content\/uploads\/2024\/03\/PEELING-KAWITACYJNY-768x432.jpg 768w, https:\/\/prive-club.pl\/wp-content\/uploads\/2024\/03\/PEELING-KAWITACYJNY-1536x864.jpg 1536w\" sizes=\"(max-width: 1920px) 100vw, 1920px\" \/>\t\t\t\t\t\t\t\t\t\t\t\t\t\t\t<\/div>\n\t\t\t\t<\/div>\n\t\t\t\t\t<\/div>\n\t\t<\/div>\n\t\t\t\t\t<\/div>\n\t\t<\/section>\n\t\t\t\t<section class=\"elementor-section elementor-top-section elementor-element elementor-element-41b1cd16 elementor-section-content-middle elementor-section-stretched elementor-section-boxed elementor-section-height-default elementor-section-height-default\" data-id=\"41b1cd16\" data-element_type=\"section\" data-settings=\"{&quot;background_background&quot;:&quot;classic&quot;,&quot;stretch_section&quot;:&quot;section-stretched&quot;}\">\n\t\t\t\t\t\t<div class=\"elementor-container elementor-column-gap-default\">\n\t\t\t\t\t<div class=\"elementor-column elementor-col-100 elementor-top-column elementor-element elementor-element-2a9b0cf0\" data-id=\"2a9b0cf0\" data-element_type=\"column\">\n\t\t\t<div class=\"elementor-widget-wrap elementor-element-populated\">\n\t\t\t\t\t\t<div class=\"elementor-element elementor-element-7e7ce6f5 elementor-widget elementor-widget-jkit_tabs\" data-id=\"7e7ce6f5\" data-element_type=\"widget\" data-widget_type=\"jkit_tabs.default\">\n\t\t\t\t<div class=\"elementor-widget-container\">\n\t\t\t\t\t<div  class=\"jeg-elementor-kit jkit-tabs layout-vertical jeg_module___69dbea368fa71\" ><div class=\"tab-navigation\"><ul class=\"tab-nav-list   \" data-toggle=\"\"><li class=\"tab-nav active \" data-tab=\"tab-322cd4d\"><span class=\"tab-title\"> Wskazania<\/span><div class=\"tab-content\"><div class=\"tab-description\"><\/div><\/div><\/li><li class=\"tab-nav  \" data-tab=\"tab-c312ac4\"><span class=\"tab-title\">Efekty - twarz<\/span><div class=\"tab-content\"><div class=\"tab-description\"><\/div><\/div><\/li><li class=\"tab-nav  \" data-tab=\"tab-9f21372\"><span class=\"tab-title\">Efekty - cia\u0142o<\/span><div class=\"tab-content\"><div class=\"tab-description\"><\/div><\/div><\/li><li class=\"tab-nav  \" data-tab=\"tab-e241c29\"><span class=\"tab-title\">Przeciwwskazania<\/span><div class=\"tab-content\"><div class=\"tab-description\"><\/div><\/div><\/li><\/ul><\/div><div class=\"tab-content-list\"><div class=\"tab-content tab-322cd4d active\"><ul><li>lifting twarzy<\/li><li>lifting okolic oczu<\/li><li>lifting szyi<\/li><li>poprawa kondycji zwiotcza\u0142ej sk\u00f3ry<\/li><li>usuwanie widoczno\u015bci zmarszczek na czole<\/li><li>poprawa napi\u0119cia sk\u00f3ry brzucha<\/li><li>poprawa kontur\u00f3w po\u015bladk\u00f3w i ud<\/li><li>piel\u0119gnacja d\u0142oni<\/li><\/ul><\/div><div class=\"tab-content tab-c312ac4 \"><ul><li>likwidaja zwiotcze\u0144 \u2013 lifting twarzy, szyi i dekoltu<\/li><li>poprawa napi\u0119cia policzk\u00f3w<\/li><li>poprawa owalu twarzy \u2013 likwidacj\u0119 tzw. \u201echomik\u00f3w\u201d<\/li><li>obkurczenie zwisaj\u0105cego podbr\u00f3dka<\/li><li>z\u0142agodzenie fa\u0142d\u00f3w nosowo-wargowych<\/li><li>uniesienie opadaj\u0105cych powiek g\u00f3rnych<\/li><li>wyg\u0142adzenie zmarszczek i kurzych \u0142apek<\/li><li>wzmocnienie odporno\u015bci sk\u00f3ry<\/li><li>poprawa kr\u0105\u017cenia krwi \u2013 lepsze od\u017cywienie tkanek<\/li><li>odpr\u0119\u017cenie mi\u0119\u015bni twarzy \u2013 \u0142agodniejsze rysy twarzy<\/li><li>sp\u0142ycenie blizn<\/li><\/ul><\/div><div class=\"tab-content tab-9f21372 \"><ul><li>wyszczuplenie i wymodelowanie cia\u0142a<\/li><li>redukcja miejscowej tkanki t\u0142uszczowej<\/li><li>redukcjia niezawansowanych postaci cellulitu<\/li><li>uj\u0119drnienie cia\u0142a i likwidacja zwiotcze\u0144 (brzuch, ramiona, uda, po\u015bladki)<\/li><li>zmniejszenie blizn i rozst\u0119p\u00f3w<\/li><li>poprawa jako\u015bci sk\u00f3ry cia\u0142a<\/li><\/ul><\/div><div class=\"tab-content tab-e241c29 \"><ul><li>ci\u0105\u017ca i okres karmienia piersi\u0105<\/li><li>leczenie immunosupresyjne<\/li><li>zaburzenia czucia<\/li><li>iniekcje z wype\u0142niaczy w obszarze poddanym zabiegowi w poprzednich 2-3<\/li><li>metalowe implanty w miejscu zabiegu lub rozrusznik serca<\/li><li>aktywne infekcje bakteryjne, wirusowe, grzybicze<\/li><li>\u015bwie\u017ca opalenizna<\/li><li>zmiany zapalne sk\u00f3ry lub jej zranienia przerwanie,cukrzycy (niewyr\u00f3wnanej)<\/li><li>choroby psychiczne<\/li><li>choroby tkanki \u0142\u0105cznej (kolagenozy)<\/li><li>dermabrazja laserowa (2-3 miesi\u0105ce przed zabiegiem)<\/li><li>wszczepione z\u0142ote nici lub wype\u0142niacze sta\u0142e (te miejsca nie mog\u0105 by\u0107 poddane zabiegom)<\/li><li>nowotwory, radioterapia<\/li><li>padaczka (wzgl\u0119dne)<\/li><li>kremy z retinolem, kwasami owocowymi, wit.c (1 miesi\u0105c przed zabiegiem), (wzgl\u0119dne)<\/li><li>obni\u017cenie krzepliwo\u015bci krwi, zaburzenia krzepni\u0119cia (wzgl\u0119dne)<\/li><\/ul><\/div><\/div><\/div>\t\t\t\t<\/div>\n\t\t\t\t<\/div>\n\t\t\t\t\t<\/div>\n\t\t<\/div>\n\t\t\t\t\t<\/div>\n\t\t<\/section>\n\t\t\t\t<section class=\"elementor-section elementor-top-section elementor-element elementor-element-27d79a4d elementor-section-content-middle elementor-section-stretched elementor-section-boxed elementor-section-height-default elementor-section-height-default\" data-id=\"27d79a4d\" data-element_type=\"section\" data-settings=\"{&quot;background_background&quot;:&quot;classic&quot;,&quot;stretch_section&quot;:&quot;section-stretched&quot;}\">\n\t\t\t\t\t\t<div class=\"elementor-container elementor-column-gap-default\">\n\t\t\t\t\t<div class=\"elementor-column elementor-col-100 elementor-top-column elementor-element elementor-element-31a0ceef\" data-id=\"31a0ceef\" data-element_type=\"column\">\n\t\t\t<div class=\"elementor-widget-wrap elementor-element-populated\">\n\t\t\t\t\t\t<div class=\"elementor-element elementor-element-65770d6c elementor-widget elementor-widget-heading\" data-id=\"65770d6c\" data-element_type=\"widget\" data-widget_type=\"heading.default\">\n\t\t\t\t<div class=\"elementor-widget-container\">\n\t\t\t\t\t<h5 class=\"elementor-heading-title elementor-size-default\">Price list<\/h5>\t\t\t\t<\/div>\n\t\t\t\t<\/div>\n\t\t\t\t<div class=\"elementor-element elementor-element-49058428 elementor-widget-divider--view-line elementor-widget elementor-widget-divider\" data-id=\"49058428\" data-element_type=\"widget\" data-widget_type=\"divider.default\">\n\t\t\t\t<div class=\"elementor-widget-container\">\n\t\t\t\t\t\t\t<div class=\"elementor-divider\">\n\t\t\t<span class=\"elementor-divider-separator\">\n\t\t\t\t\t\t<\/span>\n\t\t<\/div>\n\t\t\t\t\t\t<\/div>\n\t\t\t\t<\/div>\n\t\t\t\t<section class=\"elementor-section elementor-inner-section elementor-element elementor-element-38b43f7f elementor-section-boxed elementor-section-height-default elementor-section-height-default\" data-id=\"38b43f7f\" data-element_type=\"section\">\n\t\t\t\t\t\t<div class=\"elementor-container elementor-column-gap-wider\">\n\t\t\t\t\t<div class=\"elementor-column elementor-col-100 elementor-inner-column elementor-element elementor-element-73237bd6\" data-id=\"73237bd6\" data-element_type=\"column\">\n\t\t\t<div class=\"elementor-widget-wrap elementor-element-populated\">\n\t\t\t\t\t\t<div class=\"elementor-element elementor-element-21ec8969 elementor-widget elementor-widget-price-list\" data-id=\"21ec8969\" data-element_type=\"widget\" data-widget_type=\"price-list.default\">\n\t\t\t\t<div class=\"elementor-widget-container\">\n\t\t\t\t\t\n\t\t<ul class=\"elementor-price-list\">\n\n\t\t\t\t\t\t\t\t\t<li class=\"elementor-price-list-item\">\t\t\t\t\n\t\t\t\t<div class=\"elementor-price-list-text\">\n\t\t\t\t\t\t\t\t\t<div class=\"elementor-price-list-header\">\n\t\t\t\t\t\t\t\t\t\t\t<span class=\"elementor-price-list-title\">\n\t\t\t\t\t\t\tface  \t\t\t\t\t\t<\/span>\n\t\t\t\t\t\t\t\t\t\t\t\t\t\t\t\t\t\t<span class=\"elementor-price-list-separator\"><\/span>\n\t\t\t\t\t\t\t\t\t\t\t\t\t\t\t\t\t\t\t<span class=\"elementor-price-list-price\">220 Z\u0141<\/span>\n\t\t\t\t\t\t\t\t\t\t<\/div>\n\t\t\t\t\t\t\t\t\t\t\t\t<\/div>\n\t\t\t\t<\/li>\t\t\t\t\t\t\t\t\t\t\t\t<li class=\"elementor-price-list-item\">\t\t\t\t\n\t\t\t\t<div class=\"elementor-price-list-text\">\n\t\t\t\t\t\t\t\t\t<div class=\"elementor-price-list-header\">\n\t\t\t\t\t\t\t\t\t\t\t<span class=\"elementor-price-list-title\">\n\t\t\t\t\t\t\tface+neck+decolletage\t\t\t\t\t\t<\/span>\n\t\t\t\t\t\t\t\t\t\t\t\t\t\t\t\t\t\t<span class=\"elementor-price-list-separator\"><\/span>\n\t\t\t\t\t\t\t\t\t\t\t\t\t\t\t\t\t\t\t<span class=\"elementor-price-list-price\">250 z\u0142<\/span>\n\t\t\t\t\t\t\t\t\t\t<\/div>\n\t\t\t\t\t\t\t\t\t\t\t\t<\/div>\n\t\t\t\t<\/li>\t\t\t\t\t\n\t\t<\/ul>\n\n\t\t\t\t\t\t<\/div>\n\t\t\t\t<\/div>\n\t\t\t\t\t<\/div>\n\t\t<\/div>\n\t\t\t\t\t<\/div>\n\t\t<\/section>\n\t\t\t\t<div class=\"elementor-element elementor-element-425ad6 elementor-align-center elementor-widget elementor-widget-button\" data-id=\"425ad6\" data-element_type=\"widget\" data-widget_type=\"button.default\">\n\t\t\t\t<div class=\"elementor-widget-container\">\n\t\t\t\t\t\t\t\t\t<div class=\"elementor-button-wrapper\">\n\t\t\t\t\t<a class=\"elementor-button elementor-button-link elementor-size-sm\" href=\"https:\/\/booksy.com\/pl-pl\/98864_prive-beauty-hair_salon-kosmetyczny_20383_gdansk?gclid=Cj0KCQjwy4KqBhD0ARIsAEbCt6irQVY2KZkFOY5bozC7bK_JsBIGmp0CDy_jvNEzPPLaqQCB57ibLKcaAiPjEALw_wcB\" target=\"_blank\">\n\t\t\t\t\t\t<span class=\"elementor-button-content-wrapper\">\n\t\t\t\t\t\t\t\t\t<span class=\"elementor-button-text\">RESERVE<\/span>\n\t\t\t\t\t<\/span>\n\t\t\t\t\t<\/a>\n\t\t\t\t<\/div>\n\t\t\t\t\t\t\t\t<\/div>\n\t\t\t\t<\/div>\n\t\t\t\t\t<\/div>\n\t\t<\/div>\n\t\t\t\t\t<\/div>\n\t\t<\/section>\n\t\t\t\t<\/div>\n\t\t","protected":false},"excerpt":{"rendered":"<p>RADIOFREQUENCY An alternative to biorevitalizing treatments such as mesotherapy is RF (Radio Frequency or radio waves) treatments. The device&#8217;s heads emit an electromagnetic wave at radio frequency. By acting on the dermis, it stimulates skin cells to produce and regenerate collagen fibers. HOW DOES IT WORK? Electromagnetic waves reaching the skin warm it up and [&hellip;]<\/p>\n","protected":false},"author":6,"featured_media":0,"parent":6937,"menu_order":0,"comment_status":"closed","ping_status":"closed","template":"","meta":{"footnotes":""},"class_list":["post-6981","page","type-page","status-publish","hentry"],"yoast_head":"<!-- This site is optimized with the Yoast SEO plugin v25.9 - https:\/\/yoast.com\/wordpress\/plugins\/seo\/ -->\n<title>RADIOFREQUENCY - Prive Beauty &amp; Hair<\/title>\n<meta name=\"robots\" content=\"index, follow, max-snippet:-1, max-image-preview:large, max-video-preview:-1\" \/>\n<link rel=\"canonical\" href=\"https:\/\/prive-club.pl\/en\/skin-care-cosmetology\/radiofrequency\/\" \/>\n<meta property=\"og:locale\" content=\"en_US\" \/>\n<meta property=\"og:type\" content=\"article\" \/>\n<meta property=\"og:title\" content=\"RADIOFREQUENCY - Prive Beauty &amp; Hair\" \/>\n<meta property=\"og:description\" content=\"RADIOFREQUENCY An alternative to biorevitalizing treatments such as mesotherapy is RF (Radio Frequency or radio waves) treatments. The device&#8217;s heads emit an electromagnetic wave at radio frequency. By acting on the dermis, it stimulates skin cells to produce and regenerate collagen fibers. HOW DOES IT WORK? Electromagnetic waves reaching the skin warm it up and [&hellip;]\" \/>\n<meta property=\"og:url\" content=\"https:\/\/prive-club.pl\/en\/skin-care-cosmetology\/radiofrequency\/\" \/>\n<meta property=\"og:site_name\" content=\"Prive Beauty &amp; Hair\" \/>\n<meta property=\"article:modified_time\" content=\"2024-05-19T20:55:54+00:00\" \/>\n<meta property=\"og:image\" content=\"https:\/\/prive-club.pl\/wp-content\/uploads\/2024\/03\/PEELING-KAWITACYJNY.jpg\" \/>\n<meta name=\"twitter:card\" content=\"summary_large_image\" \/>\n<meta name=\"twitter:label1\" content=\"Est. reading time\" \/>\n\t<meta name=\"twitter:data1\" content=\"3 minutes\" \/>\n<script type=\"application\/ld+json\" class=\"yoast-schema-graph\">{\"@context\":\"https:\/\/schema.org\",\"@graph\":[{\"@type\":\"WebPage\",\"@id\":\"https:\/\/prive-club.pl\/en\/skin-care-cosmetology\/radiofrequency\/\",\"url\":\"https:\/\/prive-club.pl\/en\/skin-care-cosmetology\/radiofrequency\/\",\"name\":\"RADIOFREQUENCY - Prive Beauty &amp; Hair\",\"isPartOf\":{\"@id\":\"https:\/\/prive-club.pl\/en\/#website\"},\"primaryImageOfPage\":{\"@id\":\"https:\/\/prive-club.pl\/en\/skin-care-cosmetology\/radiofrequency\/#primaryimage\"},\"image\":{\"@id\":\"https:\/\/prive-club.pl\/en\/skin-care-cosmetology\/radiofrequency\/#primaryimage\"},\"thumbnailUrl\":\"https:\/\/prive-club.pl\/wp-content\/uploads\/2024\/03\/PEELING-KAWITACYJNY.jpg\",\"datePublished\":\"2023-12-02T16:50:36+00:00\",\"dateModified\":\"2024-05-19T20:55:54+00:00\",\"breadcrumb\":{\"@id\":\"https:\/\/prive-club.pl\/en\/skin-care-cosmetology\/radiofrequency\/#breadcrumb\"},\"inLanguage\":\"en-US\",\"potentialAction\":[{\"@type\":\"ReadAction\",\"target\":[\"https:\/\/prive-club.pl\/en\/skin-care-cosmetology\/radiofrequency\/\"]}]},{\"@type\":\"ImageObject\",\"inLanguage\":\"en-US\",\"@id\":\"https:\/\/prive-club.pl\/en\/skin-care-cosmetology\/radiofrequency\/#primaryimage\",\"url\":\"https:\/\/prive-club.pl\/wp-content\/uploads\/2024\/03\/PEELING-KAWITACYJNY.jpg\",\"contentUrl\":\"https:\/\/prive-club.pl\/wp-content\/uploads\/2024\/03\/PEELING-KAWITACYJNY.jpg\"},{\"@type\":\"BreadcrumbList\",\"@id\":\"https:\/\/prive-club.pl\/en\/skin-care-cosmetology\/radiofrequency\/#breadcrumb\",\"itemListElement\":[{\"@type\":\"ListItem\",\"position\":1,\"name\":\"Strona g\u0142\u00f3wna\",\"item\":\"https:\/\/prive-club.pl\/\"},{\"@type\":\"ListItem\",\"position\":2,\"name\":\"SKIN CARE COSMETOLOGY\",\"item\":\"https:\/\/prive-club.pl\/en\/skin-care-cosmetology\/\"},{\"@type\":\"ListItem\",\"position\":3,\"name\":\"RADIOFREQUENCY\"}]},{\"@type\":\"WebSite\",\"@id\":\"https:\/\/prive-club.pl\/en\/#website\",\"url\":\"https:\/\/prive-club.pl\/en\/\",\"name\":\"Prive Beauty &amp; Hair\",\"description\":\"Fryzjer Gda\u0144sk , Depilacja Laserowa Gda\u0144sk, zamykanie naczynek Gda\u0144sk\",\"publisher\":{\"@id\":\"https:\/\/prive-club.pl\/en\/#organization\"},\"potentialAction\":[{\"@type\":\"SearchAction\",\"target\":{\"@type\":\"EntryPoint\",\"urlTemplate\":\"https:\/\/prive-club.pl\/en\/?s={search_term_string}\"},\"query-input\":{\"@type\":\"PropertyValueSpecification\",\"valueRequired\":true,\"valueName\":\"search_term_string\"}}],\"inLanguage\":\"en-US\"},{\"@type\":\"Organization\",\"@id\":\"https:\/\/prive-club.pl\/en\/#organization\",\"name\":\"Prive Beauty &amp; Hair\",\"url\":\"https:\/\/prive-club.pl\/en\/\",\"logo\":{\"@type\":\"ImageObject\",\"inLanguage\":\"en-US\",\"@id\":\"https:\/\/prive-club.pl\/en\/#\/schema\/logo\/image\/\",\"url\":\"https:\/\/prive-club.pl\/wp-content\/uploads\/2020\/04\/Prive-beauty-logo.png\",\"contentUrl\":\"https:\/\/prive-club.pl\/wp-content\/uploads\/2020\/04\/Prive-beauty-logo.png\",\"width\":1851,\"height\":879,\"caption\":\"Prive Beauty &amp; Hair\"},\"image\":{\"@id\":\"https:\/\/prive-club.pl\/en\/#\/schema\/logo\/image\/\"}}]}<\/script>\n<!-- \/ Yoast SEO plugin. -->","yoast_head_json":{"title":"RADIOFREQUENCY - Prive Beauty &amp; Hair","robots":{"index":"index","follow":"follow","max-snippet":"max-snippet:-1","max-image-preview":"max-image-preview:large","max-video-preview":"max-video-preview:-1"},"canonical":"https:\/\/prive-club.pl\/en\/skin-care-cosmetology\/radiofrequency\/","og_locale":"en_US","og_type":"article","og_title":"RADIOFREQUENCY - Prive Beauty &amp; Hair","og_description":"RADIOFREQUENCY An alternative to biorevitalizing treatments such as mesotherapy is RF (Radio Frequency or radio waves) treatments. The device&#8217;s heads emit an electromagnetic wave at radio frequency. By acting on the dermis, it stimulates skin cells to produce and regenerate collagen fibers. HOW DOES IT WORK? Electromagnetic waves reaching the skin warm it up and [&hellip;]","og_url":"https:\/\/prive-club.pl\/en\/skin-care-cosmetology\/radiofrequency\/","og_site_name":"Prive Beauty &amp; Hair","article_modified_time":"2024-05-19T20:55:54+00:00","og_image":[{"url":"https:\/\/prive-club.pl\/wp-content\/uploads\/2024\/03\/PEELING-KAWITACYJNY.jpg","type":"","width":"","height":""}],"twitter_card":"summary_large_image","twitter_misc":{"Est. reading time":"3 minutes"},"schema":{"@context":"https:\/\/schema.org","@graph":[{"@type":"WebPage","@id":"https:\/\/prive-club.pl\/en\/skin-care-cosmetology\/radiofrequency\/","url":"https:\/\/prive-club.pl\/en\/skin-care-cosmetology\/radiofrequency\/","name":"RADIOFREQUENCY - Prive Beauty &amp; Hair","isPartOf":{"@id":"https:\/\/prive-club.pl\/en\/#website"},"primaryImageOfPage":{"@id":"https:\/\/prive-club.pl\/en\/skin-care-cosmetology\/radiofrequency\/#primaryimage"},"image":{"@id":"https:\/\/prive-club.pl\/en\/skin-care-cosmetology\/radiofrequency\/#primaryimage"},"thumbnailUrl":"https:\/\/prive-club.pl\/wp-content\/uploads\/2024\/03\/PEELING-KAWITACYJNY.jpg","datePublished":"2023-12-02T16:50:36+00:00","dateModified":"2024-05-19T20:55:54+00:00","breadcrumb":{"@id":"https:\/\/prive-club.pl\/en\/skin-care-cosmetology\/radiofrequency\/#breadcrumb"},"inLanguage":"en-US","potentialAction":[{"@type":"ReadAction","target":["https:\/\/prive-club.pl\/en\/skin-care-cosmetology\/radiofrequency\/"]}]},{"@type":"ImageObject","inLanguage":"en-US","@id":"https:\/\/prive-club.pl\/en\/skin-care-cosmetology\/radiofrequency\/#primaryimage","url":"https:\/\/prive-club.pl\/wp-content\/uploads\/2024\/03\/PEELING-KAWITACYJNY.jpg","contentUrl":"https:\/\/prive-club.pl\/wp-content\/uploads\/2024\/03\/PEELING-KAWITACYJNY.jpg"},{"@type":"BreadcrumbList","@id":"https:\/\/prive-club.pl\/en\/skin-care-cosmetology\/radiofrequency\/#breadcrumb","itemListElement":[{"@type":"ListItem","position":1,"name":"Strona g\u0142\u00f3wna","item":"https:\/\/prive-club.pl\/"},{"@type":"ListItem","position":2,"name":"SKIN CARE COSMETOLOGY","item":"https:\/\/prive-club.pl\/en\/skin-care-cosmetology\/"},{"@type":"ListItem","position":3,"name":"RADIOFREQUENCY"}]},{"@type":"WebSite","@id":"https:\/\/prive-club.pl\/en\/#website","url":"https:\/\/prive-club.pl\/en\/","name":"Prive Beauty &amp; Hair","description":"Fryzjer Gda\u0144sk , Depilacja Laserowa Gda\u0144sk, zamykanie naczynek Gda\u0144sk","publisher":{"@id":"https:\/\/prive-club.pl\/en\/#organization"},"potentialAction":[{"@type":"SearchAction","target":{"@type":"EntryPoint","urlTemplate":"https:\/\/prive-club.pl\/en\/?s={search_term_string}"},"query-input":{"@type":"PropertyValueSpecification","valueRequired":true,"valueName":"search_term_string"}}],"inLanguage":"en-US"},{"@type":"Organization","@id":"https:\/\/prive-club.pl\/en\/#organization","name":"Prive Beauty &amp; Hair","url":"https:\/\/prive-club.pl\/en\/","logo":{"@type":"ImageObject","inLanguage":"en-US","@id":"https:\/\/prive-club.pl\/en\/#\/schema\/logo\/image\/","url":"https:\/\/prive-club.pl\/wp-content\/uploads\/2020\/04\/Prive-beauty-logo.png","contentUrl":"https:\/\/prive-club.pl\/wp-content\/uploads\/2020\/04\/Prive-beauty-logo.png","width":1851,"height":879,"caption":"Prive Beauty &amp; Hair"},"image":{"@id":"https:\/\/prive-club.pl\/en\/#\/schema\/logo\/image\/"}}]}},"_links":{"self":[{"href":"https:\/\/prive-club.pl\/en\/wp-json\/wp\/v2\/pages\/6981","targetHints":{"allow":["GET"]}}],"collection":[{"href":"https:\/\/prive-club.pl\/en\/wp-json\/wp\/v2\/pages"}],"about":[{"href":"https:\/\/prive-club.pl\/en\/wp-json\/wp\/v2\/types\/page"}],"author":[{"embeddable":true,"href":"https:\/\/prive-club.pl\/en\/wp-json\/wp\/v2\/users\/6"}],"replies":[{"embeddable":true,"href":"https:\/\/prive-club.pl\/en\/wp-json\/wp\/v2\/comments?post=6981"}],"version-history":[{"count":0,"href":"https:\/\/prive-club.pl\/en\/wp-json\/wp\/v2\/pages\/6981\/revisions"}],"up":[{"embeddable":true,"href":"https:\/\/prive-club.pl\/en\/wp-json\/wp\/v2\/pages\/6937"}],"wp:attachment":[{"href":"https:\/\/prive-club.pl\/en\/wp-json\/wp\/v2\/media?parent=6981"}],"curies":[{"name":"wp","href":"https:\/\/api.w.org\/{rel}","templated":true}]}}