{"id":6964,"date":"2023-12-02T17:41:45","date_gmt":"2023-12-02T16:41:45","guid":{"rendered":"https:\/\/prive-club.pl\/skin-care-cosmetology\/waxing\/"},"modified":"2025-11-03T19:52:59","modified_gmt":"2025-11-03T18:52:59","slug":"waxing","status":"publish","type":"page","link":"https:\/\/prive-club.pl\/en\/skin-care-cosmetology\/waxing\/","title":{"rendered":"WAXING"},"content":{"rendered":"\t\t<div data-elementor-type=\"wp-page\" data-elementor-id=\"6964\" class=\"elementor elementor-6964 elementor-4073\" data-elementor-post-type=\"page\">\n\t\t\t\t\t\t<section class=\"elementor-section elementor-top-section elementor-element elementor-element-299d6839 elementor-section-content-middle elementor-section-stretched elementor-section-height-min-height elementor-section-boxed elementor-section-height-default elementor-section-items-middle\" data-id=\"299d6839\" data-element_type=\"section\" data-settings=\"{&quot;background_background&quot;:&quot;classic&quot;,&quot;stretch_section&quot;:&quot;section-stretched&quot;}\">\n\t\t\t\t\t\t<div class=\"elementor-container elementor-column-gap-default\">\n\t\t\t\t\t<div class=\"elementor-column elementor-col-100 elementor-top-column elementor-element elementor-element-25a3ef8b\" data-id=\"25a3ef8b\" data-element_type=\"column\">\n\t\t\t<div class=\"elementor-widget-wrap elementor-element-populated\">\n\t\t\t\t\t\t<div class=\"elementor-element elementor-element-629936b7 elementor-widget elementor-widget-heading\" data-id=\"629936b7\" data-element_type=\"widget\" data-widget_type=\"heading.default\">\n\t\t\t\t<div class=\"elementor-widget-container\">\n\t\t\t\t\t<h1 class=\"elementor-heading-title elementor-size-default\">WAXING\n<\/h1>\t\t\t\t<\/div>\n\t\t\t\t<\/div>\n\t\t\t\t\t<\/div>\n\t\t<\/div>\n\t\t\t\t\t<\/div>\n\t\t<\/section>\n\t\t\t\t<section class=\"elementor-section elementor-top-section elementor-element elementor-element-1f94fe04 elementor-section-stretched elementor-section-boxed elementor-section-height-default elementor-section-height-default\" data-id=\"1f94fe04\" data-element_type=\"section\" data-settings=\"{&quot;background_background&quot;:&quot;classic&quot;,&quot;stretch_section&quot;:&quot;section-stretched&quot;}\">\n\t\t\t\t\t\t<div class=\"elementor-container elementor-column-gap-default\">\n\t\t\t\t\t<div class=\"elementor-column elementor-col-100 elementor-top-column elementor-element elementor-element-4ff518d7\" data-id=\"4ff518d7\" data-element_type=\"column\">\n\t\t\t<div class=\"elementor-widget-wrap elementor-element-populated\">\n\t\t\t\t\t\t<div class=\"elementor-element elementor-element-74946cce elementor-widget elementor-widget-text-editor\" data-id=\"74946cce\" data-element_type=\"widget\" data-widget_type=\"text-editor.default\">\n\t\t\t\t<div class=\"elementor-widget-container\">\n\t\t\t\t\t\t\t\t\t<p><strong>This is one of the most effective methods of removing unwanted hair using warm wax dating back to ancient times. Such epilation removes the hair shaft along with the root, because the heated wax reaches deep, so it is able to remove the hair along with the root, so the effect is much longer than with tadic shaving. Compared to other methods of treatment, it is quick and inexpensive, and the effect is long-lasting, lasting up to 6 weeks.<\/strong><\/p>\t\t\t\t\t\t\t\t<\/div>\n\t\t\t\t<\/div>\n\t\t\t\t<div class=\"elementor-element elementor-element-272ad8d elementor-widget elementor-widget-heading\" data-id=\"272ad8d\" data-element_type=\"widget\" data-widget_type=\"heading.default\">\n\t\t\t\t<div class=\"elementor-widget-container\">\n\t\t\t\t\t<h2 class=\"elementor-heading-title elementor-size-default\">METHODS<\/h2>\t\t\t\t<\/div>\n\t\t\t\t<\/div>\n\t\t\t\t<div class=\"elementor-element elementor-element-2f535dfe elementor-widget elementor-widget-text-editor\" data-id=\"2f535dfe\" data-element_type=\"widget\" data-widget_type=\"text-editor.default\">\n\t\t\t\t<div class=\"elementor-widget-container\">\n\t\t\t\t\t\t\t\t\t<p><strong>THE STRIP METHOD  <\/strong><\/p><p>In this method, liquid wax is used. The method involves applying heated wax with a temp of 36-38\u030a C to the hairy skin with a spatula or roller and then, after applying the strip, performing depilation. The wax and most of the hair remains on the patch along with the roots, so hair growth is slower than with other methods.<\/p><p>After each treatment, specialized preparations are applied to soothe the irritation that the hair removal itself can cause.<\/p><p>A prerequisite for the effectiveness of depilation is the proper length of the hair, which should be at least 0.3 mm long.<\/p><p>The strip method treatment is applied to large parts of the body, among others. legs, arms and back. The treatment needs to be repeated every 3-6 weeks (depending on individual predisposition).<\/p><p><strong>RECOMMENDATIONS AFTER OR BEFORE SURGERY<\/strong><\/p><p>3 days after the procedure, do not sunbathe, swim or use the sauna. On the day of depilation, it is not recommended to bathe in hot water. Before the appointment, do not apply creams, lotions or olives to the area where the treatment will be performed. 3 days before the procedure, it is recommended to perform a peel of the area that will be depilated.<\/p><p><strong>CONTRAINDICATIONS TO THE PROCEDURE<\/strong><\/p><p>Bacterial, viral, fungal infections of the skin of the treated area, skin immediately after sunbathing, wounds on the skin, poor blood clotting.<\/p><p><strong>BELTLESS METHOD<\/strong><\/p><p>It uses hard wax. The treatment is performed by applying heated wax with a temp of 36-38\u030a C to the hairy skin. After application, wait a few seconds so that the wax can solidify, then peel off vigorously.<\/p><p>A prerequisite for the effectiveness of depilation is the proper length of the hair, which should be at least 0.3 mm long.<\/p><p>Stripless depilation is much less painful than the traditional strip method because the wax sticks only to the hair, not to the skin.<\/p><p>Importantly, one area of the body can be waxed multiple times, so if the first time depilation did not have the desired result, the beautician applies another layer to the same area. This is possible because the wax, created with natural ingredients, does not pull the skin, thereby causing no irritation.<\/p><p>After the procedure, specialized preparations are applied to soothe the irritation that the depilation itself causes.<\/p><p>The stripless method treatment is applied to sensitive parts of the body, among others. For armpits and bikinis. The effect lasts from 3-6 weeks (depending on individual predisposition).<\/p><p><strong>RECOMMENDATIONS AFTER OR BEFORE SURGERY<\/strong><\/p><p>3 days after the procedure, do not sunbathe, swim or use the sauna. On the day of depilation, it is not recommended to bathe in hot water. If the underarm was depilated do not use antiperspirant, if the face &#8211; fluid and powder. Before the appointment, do not apply creams, lotions or olives to the area where the treatment will be performed. 3 days before the procedure, it is recommended to perform a peel of the area that will be depilated.<\/p><p><strong>CONTRAINDICATIONS TO THE PROCEDURE<\/strong><\/p><p>Bacterial, viral, fungal infections of the skin of the treated area, skin immediately after sunbathing, wounds on the skin, poor blood clotting<\/p><p>Are you tired of wax hair removal? Try painless, safe and effective Laser Depilation &#8211; now in affordable packages.<\/p>\t\t\t\t\t\t\t\t<\/div>\n\t\t\t\t<\/div>\n\t\t\t\t\t<\/div>\n\t\t<\/div>\n\t\t\t\t\t<\/div>\n\t\t<\/section>\n\t\t\t\t<section class=\"elementor-section elementor-top-section elementor-element elementor-element-52ee6de9 elementor-section-content-middle elementor-section-stretched elementor-section-boxed elementor-section-height-default elementor-section-height-default\" data-id=\"52ee6de9\" data-element_type=\"section\" data-settings=\"{&quot;background_background&quot;:&quot;classic&quot;,&quot;stretch_section&quot;:&quot;section-stretched&quot;}\">\n\t\t\t\t\t\t<div class=\"elementor-container elementor-column-gap-default\">\n\t\t\t\t\t<div class=\"elementor-column elementor-col-100 elementor-top-column elementor-element elementor-element-45a99d46\" data-id=\"45a99d46\" data-element_type=\"column\">\n\t\t\t<div class=\"elementor-widget-wrap elementor-element-populated\">\n\t\t\t\t\t\t<div class=\"elementor-element elementor-element-41e3caf3 elementor-widget elementor-widget-heading\" data-id=\"41e3caf3\" data-element_type=\"widget\" data-widget_type=\"heading.default\">\n\t\t\t\t<div class=\"elementor-widget-container\">\n\t\t\t\t\t<h5 class=\"elementor-heading-title elementor-size-default\">Price list<\/h5>\t\t\t\t<\/div>\n\t\t\t\t<\/div>\n\t\t\t\t<div class=\"elementor-element elementor-element-78f52136 elementor-widget-divider--view-line elementor-widget elementor-widget-divider\" data-id=\"78f52136\" data-element_type=\"widget\" data-widget_type=\"divider.default\">\n\t\t\t\t<div class=\"elementor-widget-container\">\n\t\t\t\t\t\t\t<div class=\"elementor-divider\">\n\t\t\t<span class=\"elementor-divider-separator\">\n\t\t\t\t\t\t<\/span>\n\t\t<\/div>\n\t\t\t\t\t\t<\/div>\n\t\t\t\t<\/div>\n\t\t\t\t<section class=\"elementor-section elementor-inner-section elementor-element elementor-element-578e6d3 elementor-section-boxed elementor-section-height-default elementor-section-height-default\" data-id=\"578e6d3\" data-element_type=\"section\">\n\t\t\t\t\t\t<div class=\"elementor-container elementor-column-gap-wider\">\n\t\t\t\t\t<div class=\"elementor-column elementor-col-100 elementor-inner-column elementor-element elementor-element-281d1cf4\" data-id=\"281d1cf4\" data-element_type=\"column\">\n\t\t\t<div class=\"elementor-widget-wrap elementor-element-populated\">\n\t\t\t\t\t\t<div class=\"elementor-element elementor-element-29a6bc5f elementor-widget elementor-widget-heading\" data-id=\"29a6bc5f\" data-element_type=\"widget\" data-widget_type=\"heading.default\">\n\t\t\t\t<div class=\"elementor-widget-container\">\n\t\t\t\t\t<h2 class=\"elementor-heading-title elementor-size-default\">SERVICE VARIANTS<\/h2>\t\t\t\t<\/div>\n\t\t\t\t<\/div>\n\t\t\t\t<div class=\"elementor-element elementor-element-6c7a061b elementor-widget elementor-widget-price-list\" data-id=\"6c7a061b\" data-element_type=\"widget\" data-widget_type=\"price-list.default\">\n\t\t\t\t<div class=\"elementor-widget-container\">\n\t\t\t\t\t\n\t\t<ul class=\"elementor-price-list\">\n\n\t\t\t\t\t\t\t\t\t<li class=\"elementor-price-list-item\">\t\t\t\t\n\t\t\t\t<div class=\"elementor-price-list-text\">\n\t\t\t\t\t\t\t\t\t<div class=\"elementor-price-list-header\">\n\t\t\t\t\t\t\t\t\t\t\t<span class=\"elementor-price-list-title\">\n\t\t\t\t\t\t\tNose\t\t\t\t\t\t<\/span>\n\t\t\t\t\t\t\t\t\t\t\t\t\t\t\t\t\t\t<span class=\"elementor-price-list-separator\"><\/span>\n\t\t\t\t\t\t\t\t\t\t\t\t\t\t\t\t\t\t\t<span class=\"elementor-price-list-price\">PLN 30.00<\/span>\n\t\t\t\t\t\t\t\t\t\t<\/div>\n\t\t\t\t\t\t\t\t\t\t\t\t<\/div>\n\t\t\t\t<\/li>\t\t\t\t\t\t\t\t\t\t\t\t<li class=\"elementor-price-list-item\">\t\t\t\t\n\t\t\t\t<div class=\"elementor-price-list-text\">\n\t\t\t\t\t\t\t\t\t<div class=\"elementor-price-list-header\">\n\t\t\t\t\t\t\t\t\t\t\t<span class=\"elementor-price-list-title\">\n\t\t\t\t\t\t\tMoustache\t\t\t\t\t\t<\/span>\n\t\t\t\t\t\t\t\t\t\t\t\t\t\t\t\t\t\t<span class=\"elementor-price-list-separator\"><\/span>\n\t\t\t\t\t\t\t\t\t\t\t\t\t\t\t\t\t\t\t<span class=\"elementor-price-list-price\">PLN 40.00<\/span>\n\t\t\t\t\t\t\t\t\t\t<\/div>\n\t\t\t\t\t\t\t\t\t\t\t\t<\/div>\n\t\t\t\t<\/li>\t\t\t\t\t\t\t\t\t\t\t\t<li class=\"elementor-price-list-item\">\t\t\t\t\n\t\t\t\t<div class=\"elementor-price-list-text\">\n\t\t\t\t\t\t\t\t\t<div class=\"elementor-price-list-header\">\n\t\t\t\t\t\t\t\t\t\t\t<span class=\"elementor-price-list-title\">\n\t\t\t\t\t\t\tBeard\t\t\t\t\t\t<\/span>\n\t\t\t\t\t\t\t\t\t\t\t\t\t\t\t\t\t\t<span class=\"elementor-price-list-separator\"><\/span>\n\t\t\t\t\t\t\t\t\t\t\t\t\t\t\t\t\t\t\t<span class=\"elementor-price-list-price\">PLN 40.00<\/span>\n\t\t\t\t\t\t\t\t\t\t<\/div>\n\t\t\t\t\t\t\t\t\t\t\t\t<\/div>\n\t\t\t\t<\/li>\t\t\t\t\t\t\t\t\t\t\t\t<li class=\"elementor-price-list-item\">\t\t\t\t\n\t\t\t\t<div class=\"elementor-price-list-text\">\n\t\t\t\t\t\t\t\t\t<div class=\"elementor-price-list-header\">\n\t\t\t\t\t\t\t\t\t\t\t<span class=\"elementor-price-list-title\">\n\t\t\t\t\t\t\tEyebrows\t\t\t\t\t\t<\/span>\n\t\t\t\t\t\t\t\t\t\t\t\t\t\t\t\t\t\t<span class=\"elementor-price-list-separator\"><\/span>\n\t\t\t\t\t\t\t\t\t\t\t\t\t\t\t\t\t\t\t<span class=\"elementor-price-list-price\">PLN 40.00<\/span>\n\t\t\t\t\t\t\t\t\t\t<\/div>\n\t\t\t\t\t\t\t\t\t\t\t\t<\/div>\n\t\t\t\t<\/li>\t\t\t\t\t\t\t\t\t\t\t\t<li class=\"elementor-price-list-item\">\t\t\t\t\n\t\t\t\t<div class=\"elementor-price-list-text\">\n\t\t\t\t\t\t\t\t\t<div class=\"elementor-price-list-header\">\n\t\t\t\t\t\t\t\t\t\t\t<span class=\"elementor-price-list-title\">\n\t\t\t\t\t\t\tArmpits\t\t\t\t\t\t<\/span>\n\t\t\t\t\t\t\t\t\t\t\t\t\t\t\t\t\t\t<span class=\"elementor-price-list-separator\"><\/span>\n\t\t\t\t\t\t\t\t\t\t\t\t\t\t\t\t\t\t\t<span class=\"elementor-price-list-price\">PLN 70.00<\/span>\n\t\t\t\t\t\t\t\t\t\t<\/div>\n\t\t\t\t\t\t\t\t\t\t\t\t<\/div>\n\t\t\t\t<\/li>\t\t\t\t\t\t\t\t\t\t\t\t<li class=\"elementor-price-list-item\">\t\t\t\t\n\t\t\t\t<div class=\"elementor-price-list-text\">\n\t\t\t\t\t\t\t\t\t<div class=\"elementor-price-list-header\">\n\t\t\t\t\t\t\t\t\t\t\t<span class=\"elementor-price-list-title\">\n\t\t\t\t\t\t\tMoustache\/Broda\t\t\t\t\t\t<\/span>\n\t\t\t\t\t\t\t\t\t\t\t\t\t\t\t\t\t\t<span class=\"elementor-price-list-separator\"><\/span>\n\t\t\t\t\t\t\t\t\t\t\t\t\t\t\t\t\t\t\t<span class=\"elementor-price-list-price\">PLN 70.00<\/span>\n\t\t\t\t\t\t\t\t\t\t<\/div>\n\t\t\t\t\t\t\t\t\t\t\t\t<\/div>\n\t\t\t\t<\/li>\t\t\t\t\t\t\t\t\t\t\t\t<li class=\"elementor-price-list-item\">\t\t\t\t\n\t\t\t\t<div class=\"elementor-price-list-text\">\n\t\t\t\t\t\t\t\t\t<div class=\"elementor-price-list-header\">\n\t\t\t\t\t\t\t\t\t\t\t<span class=\"elementor-price-list-title\">\n\t\t\t\t\t\t\tBack\t\t\t\t\t\t<\/span>\n\t\t\t\t\t\t\t\t\t\t\t\t\t\t\t\t\t\t<span class=\"elementor-price-list-separator\"><\/span>\n\t\t\t\t\t\t\t\t\t\t\t\t\t\t\t\t\t\t\t<span class=\"elementor-price-list-price\">PLN 120.00<\/span>\n\t\t\t\t\t\t\t\t\t\t<\/div>\n\t\t\t\t\t\t\t\t\t\t\t\t<\/div>\n\t\t\t\t<\/li>\t\t\t\t\t\t\t\t\t\t\t\t<li class=\"elementor-price-list-item\">\t\t\t\t\n\t\t\t\t<div class=\"elementor-price-list-text\">\n\t\t\t\t\t\t\t\t\t<div class=\"elementor-price-list-header\">\n\t\t\t\t\t\t\t\t\t\t\t<span class=\"elementor-price-list-title\">\n\t\t\t\t\t\t\tHands Whole\t\t\t\t\t\t<\/span>\n\t\t\t\t\t\t\t\t\t\t\t\t\t\t\t\t\t\t<span class=\"elementor-price-list-separator\"><\/span>\n\t\t\t\t\t\t\t\t\t\t\t\t\t\t\t\t\t\t\t<span class=\"elementor-price-list-price\">PLN 80.00<\/span>\n\t\t\t\t\t\t\t\t\t\t<\/div>\n\t\t\t\t\t\t\t\t\t\t\t\t<\/div>\n\t\t\t\t<\/li>\t\t\t\t\t\t\t\t\t\t\t\t<li class=\"elementor-price-list-item\">\t\t\t\t\n\t\t\t\t<div class=\"elementor-price-list-text\">\n\t\t\t\t\t\t\t\t\t<div class=\"elementor-price-list-header\">\n\t\t\t\t\t\t\t\t\t\t\t<span class=\"elementor-price-list-title\">\n\t\t\t\t\t\t\tElbows\t\t\t\t\t\t<\/span>\n\t\t\t\t\t\t\t\t\t\t\t\t\t\t\t\t\t\t<span class=\"elementor-price-list-separator\"><\/span>\n\t\t\t\t\t\t\t\t\t\t\t\t\t\t\t\t\t\t\t<span class=\"elementor-price-list-price\">PLN 80.00<\/span>\n\t\t\t\t\t\t\t\t\t\t<\/div>\n\t\t\t\t\t\t\t\t\t\t\t\t<\/div>\n\t\t\t\t<\/li>\t\t\t\t\t\t\t\t\t\t\t\t<li class=\"elementor-price-list-item\">\t\t\t\t\n\t\t\t\t<div class=\"elementor-price-list-text\">\n\t\t\t\t\t\t\t\t\t<div class=\"elementor-price-list-header\">\n\t\t\t\t\t\t\t\t\t\t\t<span class=\"elementor-price-list-title\">\n\t\t\t\t\t\t\tThighs\t\t\t\t\t\t<\/span>\n\t\t\t\t\t\t\t\t\t\t\t\t\t\t\t\t\t\t<span class=\"elementor-price-list-separator\"><\/span>\n\t\t\t\t\t\t\t\t\t\t\t\t\t\t\t\t\t\t\t<span class=\"elementor-price-list-price\">PLN 90.00<\/span>\n\t\t\t\t\t\t\t\t\t\t<\/div>\n\t\t\t\t\t\t\t\t\t\t\t\t<\/div>\n\t\t\t\t<\/li>\t\t\t\t\t\t\t\t\t\t\t\t<li class=\"elementor-price-list-item\">\t\t\t\t\n\t\t\t\t<div class=\"elementor-price-list-text\">\n\t\t\t\t\t\t\t\t\t<div class=\"elementor-price-list-header\">\n\t\t\t\t\t\t\t\t\t\t\t<span class=\"elementor-price-list-title\">\n\t\t\t\t\t\t\tWhole Legs\t\t\t\t\t\t<\/span>\n\t\t\t\t\t\t\t\t\t\t\t\t\t\t\t\t\t\t<span class=\"elementor-price-list-separator\"><\/span>\n\t\t\t\t\t\t\t\t\t\t\t\t\t\t\t\t\t\t\t<span class=\"elementor-price-list-price\">160,00 z\u0142<\/span>\n\t\t\t\t\t\t\t\t\t\t<\/div>\n\t\t\t\t\t\t\t\t\t\t\t\t<\/div>\n\t\t\t\t<\/li>\t\t\t\t\t\n\t\t<\/ul>\n\n\t\t\t\t\t\t<\/div>\n\t\t\t\t<\/div>\n\t\t\t\t\t<\/div>\n\t\t<\/div>\n\t\t\t\t\t<\/div>\n\t\t<\/section>\n\t\t\t\t<div class=\"elementor-element elementor-element-6a6b9950 elementor-align-center elementor-widget elementor-widget-button\" data-id=\"6a6b9950\" data-element_type=\"widget\" data-widget_type=\"button.default\">\n\t\t\t\t<div class=\"elementor-widget-container\">\n\t\t\t\t\t\t\t\t\t<div class=\"elementor-button-wrapper\">\n\t\t\t\t\t<a class=\"elementor-button elementor-button-link elementor-size-sm\" href=\"https:\/\/d81b8eb1.booksy.com\" target=\"_blank\">\n\t\t\t\t\t\t<span class=\"elementor-button-content-wrapper\">\n\t\t\t\t\t\t\t\t\t<span class=\"elementor-button-text\">RESERVE<\/span>\n\t\t\t\t\t<\/span>\n\t\t\t\t\t<\/a>\n\t\t\t\t<\/div>\n\t\t\t\t\t\t\t\t<\/div>\n\t\t\t\t<\/div>\n\t\t\t\t\t<\/div>\n\t\t<\/div>\n\t\t\t\t\t<\/div>\n\t\t<\/section>\n\t\t\t\t<\/div>\n\t\t","protected":false},"excerpt":{"rendered":"<p>WAXING This is one of the most effective methods of removing unwanted hair using warm wax dating back to ancient times. Such epilation removes the hair shaft along with the root, because the heated wax reaches deep, so it is able to remove the hair along with the root, so the effect is much longer [&hellip;]<\/p>\n","protected":false},"author":6,"featured_media":0,"parent":6937,"menu_order":0,"comment_status":"closed","ping_status":"closed","template":"","meta":{"footnotes":""},"class_list":["post-6964","page","type-page","status-publish","hentry"],"yoast_head":"<!-- This site is optimized with the Yoast SEO plugin v25.9 - https:\/\/yoast.com\/wordpress\/plugins\/seo\/ -->\n<title>WAXING - Prive Beauty &amp; Hair<\/title>\n<meta name=\"robots\" content=\"index, follow, max-snippet:-1, max-image-preview:large, max-video-preview:-1\" \/>\n<link rel=\"canonical\" href=\"https:\/\/prive-club.pl\/en\/skin-care-cosmetology\/waxing\/\" \/>\n<meta property=\"og:locale\" content=\"en_US\" \/>\n<meta property=\"og:type\" content=\"article\" \/>\n<meta property=\"og:title\" content=\"WAXING - Prive Beauty &amp; Hair\" \/>\n<meta property=\"og:description\" content=\"WAXING This is one of the most effective methods of removing unwanted hair using warm wax dating back to ancient times. Such epilation removes the hair shaft along with the root, because the heated wax reaches deep, so it is able to remove the hair along with the root, so the effect is much longer [&hellip;]\" \/>\n<meta property=\"og:url\" content=\"https:\/\/prive-club.pl\/en\/skin-care-cosmetology\/waxing\/\" \/>\n<meta property=\"og:site_name\" content=\"Prive Beauty &amp; Hair\" \/>\n<meta property=\"article:modified_time\" content=\"2025-11-03T18:52:59+00:00\" \/>\n<meta name=\"twitter:card\" content=\"summary_large_image\" \/>\n<meta name=\"twitter:label1\" content=\"Est. reading time\" \/>\n\t<meta name=\"twitter:data1\" content=\"3 minutes\" \/>\n<script type=\"application\/ld+json\" class=\"yoast-schema-graph\">{\"@context\":\"https:\/\/schema.org\",\"@graph\":[{\"@type\":\"WebPage\",\"@id\":\"https:\/\/prive-club.pl\/en\/skin-care-cosmetology\/waxing\/\",\"url\":\"https:\/\/prive-club.pl\/en\/skin-care-cosmetology\/waxing\/\",\"name\":\"WAXING - Prive Beauty &amp; Hair\",\"isPartOf\":{\"@id\":\"https:\/\/prive-club.pl\/en\/#website\"},\"datePublished\":\"2023-12-02T16:41:45+00:00\",\"dateModified\":\"2025-11-03T18:52:59+00:00\",\"breadcrumb\":{\"@id\":\"https:\/\/prive-club.pl\/en\/skin-care-cosmetology\/waxing\/#breadcrumb\"},\"inLanguage\":\"en-US\",\"potentialAction\":[{\"@type\":\"ReadAction\",\"target\":[\"https:\/\/prive-club.pl\/en\/skin-care-cosmetology\/waxing\/\"]}]},{\"@type\":\"BreadcrumbList\",\"@id\":\"https:\/\/prive-club.pl\/en\/skin-care-cosmetology\/waxing\/#breadcrumb\",\"itemListElement\":[{\"@type\":\"ListItem\",\"position\":1,\"name\":\"Strona g\u0142\u00f3wna\",\"item\":\"https:\/\/prive-club.pl\/\"},{\"@type\":\"ListItem\",\"position\":2,\"name\":\"SKIN CARE COSMETOLOGY\",\"item\":\"https:\/\/prive-club.pl\/en\/skin-care-cosmetology\/\"},{\"@type\":\"ListItem\",\"position\":3,\"name\":\"WAXING\"}]},{\"@type\":\"WebSite\",\"@id\":\"https:\/\/prive-club.pl\/en\/#website\",\"url\":\"https:\/\/prive-club.pl\/en\/\",\"name\":\"Prive Beauty &amp; Hair\",\"description\":\"Fryzjer Gda\u0144sk , Depilacja Laserowa Gda\u0144sk, zamykanie naczynek Gda\u0144sk\",\"publisher\":{\"@id\":\"https:\/\/prive-club.pl\/en\/#organization\"},\"potentialAction\":[{\"@type\":\"SearchAction\",\"target\":{\"@type\":\"EntryPoint\",\"urlTemplate\":\"https:\/\/prive-club.pl\/en\/?s={search_term_string}\"},\"query-input\":{\"@type\":\"PropertyValueSpecification\",\"valueRequired\":true,\"valueName\":\"search_term_string\"}}],\"inLanguage\":\"en-US\"},{\"@type\":\"Organization\",\"@id\":\"https:\/\/prive-club.pl\/en\/#organization\",\"name\":\"Prive Beauty &amp; Hair\",\"url\":\"https:\/\/prive-club.pl\/en\/\",\"logo\":{\"@type\":\"ImageObject\",\"inLanguage\":\"en-US\",\"@id\":\"https:\/\/prive-club.pl\/en\/#\/schema\/logo\/image\/\",\"url\":\"https:\/\/prive-club.pl\/wp-content\/uploads\/2020\/04\/Prive-beauty-logo.png\",\"contentUrl\":\"https:\/\/prive-club.pl\/wp-content\/uploads\/2020\/04\/Prive-beauty-logo.png\",\"width\":1851,\"height\":879,\"caption\":\"Prive Beauty &amp; Hair\"},\"image\":{\"@id\":\"https:\/\/prive-club.pl\/en\/#\/schema\/logo\/image\/\"}}]}<\/script>\n<!-- \/ Yoast SEO plugin. -->","yoast_head_json":{"title":"WAXING - Prive Beauty &amp; Hair","robots":{"index":"index","follow":"follow","max-snippet":"max-snippet:-1","max-image-preview":"max-image-preview:large","max-video-preview":"max-video-preview:-1"},"canonical":"https:\/\/prive-club.pl\/en\/skin-care-cosmetology\/waxing\/","og_locale":"en_US","og_type":"article","og_title":"WAXING - Prive Beauty &amp; Hair","og_description":"WAXING This is one of the most effective methods of removing unwanted hair using warm wax dating back to ancient times. Such epilation removes the hair shaft along with the root, because the heated wax reaches deep, so it is able to remove the hair along with the root, so the effect is much longer [&hellip;]","og_url":"https:\/\/prive-club.pl\/en\/skin-care-cosmetology\/waxing\/","og_site_name":"Prive Beauty &amp; Hair","article_modified_time":"2025-11-03T18:52:59+00:00","twitter_card":"summary_large_image","twitter_misc":{"Est. reading time":"3 minutes"},"schema":{"@context":"https:\/\/schema.org","@graph":[{"@type":"WebPage","@id":"https:\/\/prive-club.pl\/en\/skin-care-cosmetology\/waxing\/","url":"https:\/\/prive-club.pl\/en\/skin-care-cosmetology\/waxing\/","name":"WAXING - Prive Beauty &amp; Hair","isPartOf":{"@id":"https:\/\/prive-club.pl\/en\/#website"},"datePublished":"2023-12-02T16:41:45+00:00","dateModified":"2025-11-03T18:52:59+00:00","breadcrumb":{"@id":"https:\/\/prive-club.pl\/en\/skin-care-cosmetology\/waxing\/#breadcrumb"},"inLanguage":"en-US","potentialAction":[{"@type":"ReadAction","target":["https:\/\/prive-club.pl\/en\/skin-care-cosmetology\/waxing\/"]}]},{"@type":"BreadcrumbList","@id":"https:\/\/prive-club.pl\/en\/skin-care-cosmetology\/waxing\/#breadcrumb","itemListElement":[{"@type":"ListItem","position":1,"name":"Strona g\u0142\u00f3wna","item":"https:\/\/prive-club.pl\/"},{"@type":"ListItem","position":2,"name":"SKIN CARE COSMETOLOGY","item":"https:\/\/prive-club.pl\/en\/skin-care-cosmetology\/"},{"@type":"ListItem","position":3,"name":"WAXING"}]},{"@type":"WebSite","@id":"https:\/\/prive-club.pl\/en\/#website","url":"https:\/\/prive-club.pl\/en\/","name":"Prive Beauty &amp; Hair","description":"Fryzjer Gda\u0144sk , Depilacja Laserowa Gda\u0144sk, zamykanie naczynek Gda\u0144sk","publisher":{"@id":"https:\/\/prive-club.pl\/en\/#organization"},"potentialAction":[{"@type":"SearchAction","target":{"@type":"EntryPoint","urlTemplate":"https:\/\/prive-club.pl\/en\/?s={search_term_string}"},"query-input":{"@type":"PropertyValueSpecification","valueRequired":true,"valueName":"search_term_string"}}],"inLanguage":"en-US"},{"@type":"Organization","@id":"https:\/\/prive-club.pl\/en\/#organization","name":"Prive Beauty &amp; Hair","url":"https:\/\/prive-club.pl\/en\/","logo":{"@type":"ImageObject","inLanguage":"en-US","@id":"https:\/\/prive-club.pl\/en\/#\/schema\/logo\/image\/","url":"https:\/\/prive-club.pl\/wp-content\/uploads\/2020\/04\/Prive-beauty-logo.png","contentUrl":"https:\/\/prive-club.pl\/wp-content\/uploads\/2020\/04\/Prive-beauty-logo.png","width":1851,"height":879,"caption":"Prive Beauty &amp; Hair"},"image":{"@id":"https:\/\/prive-club.pl\/en\/#\/schema\/logo\/image\/"}}]}},"_links":{"self":[{"href":"https:\/\/prive-club.pl\/en\/wp-json\/wp\/v2\/pages\/6964","targetHints":{"allow":["GET"]}}],"collection":[{"href":"https:\/\/prive-club.pl\/en\/wp-json\/wp\/v2\/pages"}],"about":[{"href":"https:\/\/prive-club.pl\/en\/wp-json\/wp\/v2\/types\/page"}],"author":[{"embeddable":true,"href":"https:\/\/prive-club.pl\/en\/wp-json\/wp\/v2\/users\/6"}],"replies":[{"embeddable":true,"href":"https:\/\/prive-club.pl\/en\/wp-json\/wp\/v2\/comments?post=6964"}],"version-history":[{"count":0,"href":"https:\/\/prive-club.pl\/en\/wp-json\/wp\/v2\/pages\/6964\/revisions"}],"up":[{"embeddable":true,"href":"https:\/\/prive-club.pl\/en\/wp-json\/wp\/v2\/pages\/6937"}],"wp:attachment":[{"href":"https:\/\/prive-club.pl\/en\/wp-json\/wp\/v2\/media?parent=6964"}],"curies":[{"name":"wp","href":"https:\/\/api.w.org\/{rel}","templated":true}]}}