{"id":6960,"date":"2023-12-02T17:34:03","date_gmt":"2023-12-02T16:34:03","guid":{"rendered":"https:\/\/prive-club.pl\/skin-care-cosmetology\/oxybrazia\/"},"modified":"2024-05-19T22:26:32","modified_gmt":"2024-05-19T20:26:32","slug":"oxybrazia","status":"publish","type":"page","link":"https:\/\/prive-club.pl\/en\/skin-care-cosmetology\/oxybrazia\/","title":{"rendered":"OXYBRAZIA"},"content":{"rendered":"\t\t<div data-elementor-type=\"wp-page\" data-elementor-id=\"6960\" class=\"elementor elementor-6960 elementor-4060\" data-elementor-post-type=\"page\">\n\t\t\t\t\t\t<section class=\"elementor-section elementor-top-section elementor-element elementor-element-54ba5392 elementor-section-content-middle elementor-section-stretched elementor-section-height-min-height elementor-section-boxed elementor-section-height-default elementor-section-items-middle\" data-id=\"54ba5392\" data-element_type=\"section\" data-settings=\"{&quot;background_background&quot;:&quot;video&quot;,&quot;stretch_section&quot;:&quot;section-stretched&quot;,&quot;background_video_link&quot;:&quot;http:\\\/\\\/prive-club.pl\\\/wp-content\\\/uploads\\\/2024\\\/02\\\/138-1.mp4&quot;,&quot;background_play_on_mobile&quot;:&quot;yes&quot;}\">\n\t\t\t\t\t\t\t\t<div class=\"elementor-background-video-container\" aria-hidden=\"true\">\n\t\t\t\t\t\t\t\t\t\t\t\t\t<video class=\"elementor-background-video-hosted\" autoplay muted playsinline loop><\/video>\n\t\t\t\t\t\t\t\t\t\t\t<\/div>\n\t\t\t\t\t\t\t\t<div class=\"elementor-container elementor-column-gap-default\">\n\t\t\t\t\t<div class=\"elementor-column elementor-col-100 elementor-top-column elementor-element elementor-element-25536cff\" data-id=\"25536cff\" data-element_type=\"column\">\n\t\t\t<div class=\"elementor-widget-wrap elementor-element-populated\">\n\t\t\t\t\t\t<div class=\"elementor-element elementor-element-52bc4e24 elementor-widget elementor-widget-heading\" data-id=\"52bc4e24\" data-element_type=\"widget\" data-widget_type=\"heading.default\">\n\t\t\t\t<div class=\"elementor-widget-container\">\n\t\t\t\t\t<h1 class=\"elementor-heading-title elementor-size-default\">OXYBRAZIA<\/h1>\t\t\t\t<\/div>\n\t\t\t\t<\/div>\n\t\t\t\t\t<\/div>\n\t\t<\/div>\n\t\t\t\t\t<\/div>\n\t\t<\/section>\n\t\t\t\t<section class=\"elementor-section elementor-top-section elementor-element elementor-element-3f37e23d elementor-section-stretched elementor-section-boxed elementor-section-height-default elementor-section-height-default\" data-id=\"3f37e23d\" data-element_type=\"section\" data-settings=\"{&quot;background_background&quot;:&quot;classic&quot;,&quot;stretch_section&quot;:&quot;section-stretched&quot;}\">\n\t\t\t\t\t\t<div class=\"elementor-container elementor-column-gap-default\">\n\t\t\t\t\t<div class=\"elementor-column elementor-col-100 elementor-top-column elementor-element elementor-element-40c43878\" data-id=\"40c43878\" data-element_type=\"column\">\n\t\t\t<div class=\"elementor-widget-wrap elementor-element-populated\">\n\t\t\t\t\t\t<div class=\"elementor-element elementor-element-a2709b8 elementor-widget elementor-widget-text-editor\" data-id=\"a2709b8\" data-element_type=\"widget\" data-widget_type=\"text-editor.default\">\n\t\t\t\t<div class=\"elementor-widget-container\">\n\t\t\t\t\t\t\t\t\t<p><strong>Oxybrasion &#8211; otherwise known as oxygen microdermabrasion &#8211; is a type of peeling that promotes the natural and spontaneous restoration and regeneration of our skin. The treatment involves intensive exfoliation of dead skin cells using a stream of dispersed saline droplets and air emitted under pressure by a device. It is a non-contact method, so there is no direct contact between the device and the skin. Repeated application of the treatment also affects the dermis, stimulating the synthesis of collagen and elastic fibers and oxygenating the tissues.<\/strong><\/p>\n\t\t\t\t\t\t\t\t<\/div>\n\t\t\t\t<\/div>\n\t\t\t\t<div class=\"elementor-element elementor-element-5c1ee98 elementor-widget elementor-widget-image\" data-id=\"5c1ee98\" data-element_type=\"widget\" data-widget_type=\"image.default\">\n\t\t\t\t<div class=\"elementor-widget-container\">\n\t\t\t\t\t\t\t\t\t\t\t\t\t\t\t<img fetchpriority=\"high\" decoding=\"async\" width=\"1920\" height=\"1080\" src=\"https:\/\/prive-club.pl\/wp-content\/uploads\/2024\/03\/OXYBRAZJA.jpg\" class=\"attachment-full size-full wp-image-6855\" alt=\"\" srcset=\"https:\/\/prive-club.pl\/wp-content\/uploads\/2024\/03\/OXYBRAZJA.jpg 1920w, https:\/\/prive-club.pl\/wp-content\/uploads\/2024\/03\/OXYBRAZJA-300x169.jpg 300w, https:\/\/prive-club.pl\/wp-content\/uploads\/2024\/03\/OXYBRAZJA-1024x576.jpg 1024w, https:\/\/prive-club.pl\/wp-content\/uploads\/2024\/03\/OXYBRAZJA-768x432.jpg 768w, https:\/\/prive-club.pl\/wp-content\/uploads\/2024\/03\/OXYBRAZJA-1536x864.jpg 1536w\" sizes=\"(max-width: 1920px) 100vw, 1920px\" \/>\t\t\t\t\t\t\t\t\t\t\t\t\t\t\t<\/div>\n\t\t\t\t<\/div>\n\t\t\t\t<div class=\"elementor-element elementor-element-339ba4f3 elementor-widget elementor-widget-text-editor\" data-id=\"339ba4f3\" data-element_type=\"widget\" data-widget_type=\"text-editor.default\">\n\t\t\t\t<div class=\"elementor-widget-container\">\n\t\t\t\t\t\t\t\t\t<p>Saline is a sterile solution of sodium chloride in water (0.9%) with a concentration identical to that of body fluids in the human body. It is a neutral substance for the body and does not cause irritation or side effects. In an oxybrasion treatment, it produces moisturizing, softening and smoothing effects, and the skin becomes velvety to the touch.  <\/p>\n<p>Air &#8211; it contains about 21% oxygen, which we need for life. If our skin does not breathe &#8211; it deteriorates. It becomes dry, inflexible, gray and consequently wrinkled. Nowadays, this is a common problem, as we are in air-conditioned rooms every day, living in a polluted environment full of toxins and chemicals.<\/p>\n<p>Oxybrasion gives us the opportunity to oxygenate, brighten the skin and unify its color.<\/p>\n\t\t\t\t\t\t\t\t<\/div>\n\t\t\t\t<\/div>\n\t\t\t\t\t<\/div>\n\t\t<\/div>\n\t\t\t\t\t<\/div>\n\t\t<\/section>\n\t\t\t\t<section class=\"elementor-section elementor-top-section elementor-element elementor-element-4ba4f7c8 elementor-section-content-middle elementor-section-stretched elementor-section-boxed elementor-section-height-default elementor-section-height-default\" data-id=\"4ba4f7c8\" data-element_type=\"section\" data-settings=\"{&quot;background_background&quot;:&quot;classic&quot;,&quot;stretch_section&quot;:&quot;section-stretched&quot;}\">\n\t\t\t\t\t\t<div class=\"elementor-container elementor-column-gap-default\">\n\t\t\t\t\t<div class=\"elementor-column elementor-col-100 elementor-top-column elementor-element elementor-element-5abddefd\" data-id=\"5abddefd\" data-element_type=\"column\">\n\t\t\t<div class=\"elementor-widget-wrap elementor-element-populated\">\n\t\t\t\t\t\t<div class=\"elementor-element elementor-element-48acc63c elementor-widget elementor-widget-jkit_tabs\" data-id=\"48acc63c\" data-element_type=\"widget\" data-widget_type=\"jkit_tabs.default\">\n\t\t\t\t<div class=\"elementor-widget-container\">\n\t\t\t\t\t<div  class=\"jeg-elementor-kit jkit-tabs layout-vertical jeg_module___6a023d3beb98a\" ><div class=\"tab-navigation\"><ul class=\"tab-nav-list   \" data-toggle=\"\"><li class=\"tab-nav active \" data-tab=\"tab-c312ac4\"><span class=\"tab-title\">Zalety<\/span><div class=\"tab-content\"><div class=\"tab-description\"><\/div><\/div><\/li><li class=\"tab-nav  \" data-tab=\"tab-9f21372\"><span class=\"tab-title\">Wskazania<\/span><div class=\"tab-content\"><div class=\"tab-description\"><\/div><\/div><\/li><li class=\"tab-nav  \" data-tab=\"tab-322cd4d\"><span class=\"tab-title\">Przeciwwskazania<\/span><div class=\"tab-content\"><div class=\"tab-description\"><\/div><\/div><\/li><li class=\"tab-nav  \" data-tab=\"tab-e241c29\"><span class=\"tab-title\">Wskazania przed i po<\/span><div class=\"tab-content\"><div class=\"tab-description\"><\/div><\/div><\/li><li class=\"tab-nav  \" data-tab=\"tab-560211c\"><span class=\"tab-title\">Cz\u0119stotliwo\u015b\u0107<\/span><div class=\"tab-content\"><div class=\"tab-description\"><\/div><\/div><\/li><\/ul><\/div><div class=\"tab-content-list\"><div class=\"tab-content tab-c312ac4 active\"><p>Zabieg ten jest skuteczn\u0105, a zarazem w pe\u0142ni bezpieczn\u0105 metod\u0105 z\u0142uszczania nask\u00f3rka umo\u017cliwiaj\u0105c\u0105 przeprowadzenie go u os\u00f3b o cerze naczyniowej, delikatnej i wra\u017cliwej. Oxybrazja przy\u015bpiesza usuwanie zask\u00f3rnik\u00f3w, zmniejsza \u0142ojotok oraz dzia\u0142a na bakterie beztlenowe, kt\u00f3re odpowiedzialne s\u0105 za powstawanie tr\u0105dziku pospolitego. Opr\u00f3cz z\u0142uszczania w Oxybrazji wykorzystuje si\u0119 terapi\u0119 zimnem, co hartuje i wzmacnia \u015bciany naczy\u0144. Dzi\u0119ki temu zabieg jest bezbolesny i przyjemny.<\/p><p>Ten jak i ka\u017cdy inny zabieg medycyny estetycznej najlepsze efekty przynosi wykonywany kilkukrotnie dlatego te\u017c przygotowali\u015bmy dla Pa\u0144stwa Pakiety zabieg\u00f3w.<\/p><\/div><div class=\"tab-content tab-9f21372 \"><ul><li>brak j\u0119drno\u015bci sk\u00f3ry<\/li><li>brak nawil\u017cenia i od\u017cywienia sk\u00f3ry<\/li><li>wyst\u0119powanie zmarszczek<\/li><li>przebarwienia<\/li><li>sk\u00f3ra naczyniowa (hartowanie naczy\u0144 krwiono\u015bnych)<\/li><li>tr\u0105dzik r\u00f3\u017cowaty<\/li><li>tr\u0105dzik pospolity<\/li><li>blizny potr\u0105dzikowe<\/li><li>sk\u00f3ra z zask\u00f3rnikami<\/li><li>nadmierne wydzielanie \u0142oju<\/li><li>stany zapalne sk\u00f3ry<\/li><li>cellulit (hydrodynamiczny zimny masa\u017c)<\/li><li>redukcja obrz\u0119k\u00f3w<\/li><\/ul><\/div><div class=\"tab-content tab-322cd4d \"><ul><li>infekcje, stany zapalne sk\u00f3ry i zmiany ropne<\/li><li>choroby nowotworowe<\/li><li>epilepsja<\/li><li>cukrzyca<\/li><li>\u0142uszczyca<\/li><li>zabiegi przeznaczone s\u0105 dla os\u00f3b zdrowych, w przypadkach w\u0105tpliwych przed rozpocz\u0119ciem zabieg\u00f3w nale\u017cy skonsultowa\u0107 si\u0119 z lekarzem<\/li><li>ka\u017cda sk\u00f3ra w spos\u00f3b indywidualny reaguje na przeprowadzony zabieg<\/li><\/ul><\/div><div class=\"tab-content tab-e241c29 \"><ul><li>nie korzysta\u0107 z k\u0105pieli s\u0142onecznych lub solarium w ci\u0105gu 24 godzin przed i tygodnia po zabiegu<\/li><li>nie wykonywa\u0107 w ci\u0105gu tygodnia przed i po zabiegu z\u0142uszcza\u0144 chemicznych (tzw. kwasy aha, bha, pha itp.)<\/li><li>nie spo\u017cywa\u0107 alkoholu 24 godziny przed i po zabiegu<\/li><li>nie korzysta\u0107 z sauny, basenu, unika\u0107 bezpo\u015bredniego kontaktu ze zwierz\u0119tami (nie g\u0142aska\u0107) przez 24 godziny po zabiegu<\/li><li>przez ok. tydzie\u0144 po zabiegu stosowa\u0107 krem z filtrem mineralnym lub fizycznym spf 50<\/li><li>pi\u0107 du\u017co wody ok. 2,5 l \/24h (ok. 10 szklanek)<\/li><li>makija\u017c (kamufla\u017c) w miejscu zabiegowym mo\u017cna na\u0142o\u017cy\u0107 po 24 godzinach<\/li><\/ul><\/div><div class=\"tab-content tab-560211c \"><ul><li>czas jednego zabiegu zale\u017cny jest od opracowywanej okolicy i trwa od 40 min do 120 min (pe\u0142en zabieg twarz + szyja + dekolt)<\/li><li>zabieg mo\u017ce by\u0107 wykonywany pojedynczo w celu od\u015bwie\u017cenia i wyg\u0142adzenia sk\u00f3ry<\/li><li>w zale\u017cno\u015bci od stanu sk\u00f3ry, problemu z kt\u00f3rym mamy do czynienia, dobieramy indywidualnie ilo\u015b\u0107 zabieg\u00f3w w serii (sugerowana ilo\u015b\u0107 to 3 \u2013 10 zabieg\u00f3w).<\/li><li>zabieg mo\u017cna wykona\u0107 1 raz w tygodniu, w przypadku cery naczyniowej raz na ok 10 dni<\/li><\/ul><\/div><\/div><\/div>\t\t\t\t<\/div>\n\t\t\t\t<\/div>\n\t\t\t\t\t<\/div>\n\t\t<\/div>\n\t\t\t\t\t<\/div>\n\t\t<\/section>\n\t\t\t\t<section class=\"elementor-section elementor-top-section elementor-element elementor-element-574a2d94 elementor-section-content-middle elementor-section-stretched elementor-section-boxed elementor-section-height-default elementor-section-height-default\" data-id=\"574a2d94\" data-element_type=\"section\" data-settings=\"{&quot;background_background&quot;:&quot;classic&quot;,&quot;stretch_section&quot;:&quot;section-stretched&quot;}\">\n\t\t\t\t\t\t<div class=\"elementor-container elementor-column-gap-default\">\n\t\t\t\t\t<div class=\"elementor-column elementor-col-100 elementor-top-column elementor-element elementor-element-7c4c2143\" data-id=\"7c4c2143\" data-element_type=\"column\">\n\t\t\t<div class=\"elementor-widget-wrap elementor-element-populated\">\n\t\t\t\t\t\t<div class=\"elementor-element elementor-element-60fe2f89 elementor-widget elementor-widget-heading\" data-id=\"60fe2f89\" data-element_type=\"widget\" data-widget_type=\"heading.default\">\n\t\t\t\t<div class=\"elementor-widget-container\">\n\t\t\t\t\t<h5 class=\"elementor-heading-title elementor-size-default\">Price list<\/h5>\t\t\t\t<\/div>\n\t\t\t\t<\/div>\n\t\t\t\t<div class=\"elementor-element elementor-element-6327695c elementor-widget-divider--view-line elementor-widget elementor-widget-divider\" data-id=\"6327695c\" data-element_type=\"widget\" data-widget_type=\"divider.default\">\n\t\t\t\t<div class=\"elementor-widget-container\">\n\t\t\t\t\t\t\t<div class=\"elementor-divider\">\n\t\t\t<span class=\"elementor-divider-separator\">\n\t\t\t\t\t\t<\/span>\n\t\t<\/div>\n\t\t\t\t\t\t<\/div>\n\t\t\t\t<\/div>\n\t\t\t\t<section class=\"elementor-section elementor-inner-section elementor-element elementor-element-66e7a4ee elementor-section-boxed elementor-section-height-default elementor-section-height-default\" data-id=\"66e7a4ee\" data-element_type=\"section\">\n\t\t\t\t\t\t<div class=\"elementor-container elementor-column-gap-wider\">\n\t\t\t\t\t<div class=\"elementor-column elementor-col-100 elementor-inner-column elementor-element elementor-element-6bab2596\" data-id=\"6bab2596\" data-element_type=\"column\">\n\t\t\t<div class=\"elementor-widget-wrap elementor-element-populated\">\n\t\t\t\t\t\t<div class=\"elementor-element elementor-element-2128f1dd elementor-widget elementor-widget-heading\" data-id=\"2128f1dd\" data-element_type=\"widget\" data-widget_type=\"heading.default\">\n\t\t\t\t<div class=\"elementor-widget-container\">\n\t\t\t\t\t<h2 class=\"elementor-heading-title elementor-size-default\">oxybrasion + sonophoresis + ampoule + mask<\/h2>\t\t\t\t<\/div>\n\t\t\t\t<\/div>\n\t\t\t\t<div class=\"elementor-element elementor-element-779e312a elementor-widget elementor-widget-price-list\" data-id=\"779e312a\" data-element_type=\"widget\" data-widget_type=\"price-list.default\">\n\t\t\t\t<div class=\"elementor-widget-container\">\n\t\t\t\t\t\n\t\t<ul class=\"elementor-price-list\">\n\n\t\t\t\t\t\t\t\t\t<li class=\"elementor-price-list-item\">\t\t\t\t\n\t\t\t\t<div class=\"elementor-price-list-text\">\n\t\t\t\t\t\t\t\t\t<div class=\"elementor-price-list-header\">\n\t\t\t\t\t\t\t\t\t\t\t<span class=\"elementor-price-list-title\">\n\t\t\t\t\t\t\tface  \t\t\t\t\t\t<\/span>\n\t\t\t\t\t\t\t\t\t\t\t\t\t\t\t\t\t\t<span class=\"elementor-price-list-separator\"><\/span>\n\t\t\t\t\t\t\t\t\t\t\t\t\t\t\t\t\t\t\t<span class=\"elementor-price-list-price\">220 z\u0142<\/span>\n\t\t\t\t\t\t\t\t\t\t<\/div>\n\t\t\t\t\t\t\t\t\t\t\t\t<\/div>\n\t\t\t\t<\/li>\t\t\t\t\t\t\t\t\t\t\t\t<li class=\"elementor-price-list-item\">\t\t\t\t\n\t\t\t\t<div class=\"elementor-price-list-text\">\n\t\t\t\t\t\t\t\t\t<div class=\"elementor-price-list-header\">\n\t\t\t\t\t\t\t\t\t\t\t<span class=\"elementor-price-list-title\">\n\t\t\t\t\t\t\tface+neck+decolletage\t\t\t\t\t\t<\/span>\n\t\t\t\t\t\t\t\t\t\t\t\t\t\t\t\t\t\t<span class=\"elementor-price-list-separator\"><\/span>\n\t\t\t\t\t\t\t\t\t\t\t\t\t\t\t\t\t\t\t<span class=\"elementor-price-list-price\"> 250 z\u0142<\/span>\n\t\t\t\t\t\t\t\t\t\t<\/div>\n\t\t\t\t\t\t\t\t\t\t\t\t<\/div>\n\t\t\t\t<\/li>\t\t\t\t\t\n\t\t<\/ul>\n\n\t\t\t\t\t\t<\/div>\n\t\t\t\t<\/div>\n\t\t\t\t\t<\/div>\n\t\t<\/div>\n\t\t\t\t\t<\/div>\n\t\t<\/section>\n\t\t\t\t<div class=\"elementor-element elementor-element-150af7f7 elementor-align-center elementor-widget elementor-widget-button\" data-id=\"150af7f7\" data-element_type=\"widget\" data-widget_type=\"button.default\">\n\t\t\t\t<div class=\"elementor-widget-container\">\n\t\t\t\t\t\t\t\t\t<div class=\"elementor-button-wrapper\">\n\t\t\t\t\t<a class=\"elementor-button elementor-button-link elementor-size-sm\" href=\"https:\/\/booksy.com\/pl-pl\/98864_prive-beauty-hair_salon-kosmetyczny_20383_gdansk?gclid=Cj0KCQjwy4KqBhD0ARIsAEbCt6irQVY2KZkFOY5bozC7bK_JsBIGmp0CDy_jvNEzPPLaqQCB57ibLKcaAiPjEALw_wcB\" target=\"_blank\">\n\t\t\t\t\t\t<span class=\"elementor-button-content-wrapper\">\n\t\t\t\t\t\t\t\t\t<span class=\"elementor-button-text\">RESERVE<\/span>\n\t\t\t\t\t<\/span>\n\t\t\t\t\t<\/a>\n\t\t\t\t<\/div>\n\t\t\t\t\t\t\t\t<\/div>\n\t\t\t\t<\/div>\n\t\t\t\t\t<\/div>\n\t\t<\/div>\n\t\t\t\t\t<\/div>\n\t\t<\/section>\n\t\t\t\t<\/div>\n\t\t","protected":false},"excerpt":{"rendered":"<p>OXYBRAZIA Oxybrasion &#8211; otherwise known as oxygen microdermabrasion &#8211; is a type of peeling that promotes the natural and spontaneous restoration and regeneration of our skin. The treatment involves intensive exfoliation of dead skin cells using a stream of dispersed saline droplets and air emitted under pressure by a device. It is a non-contact method, [&hellip;]<\/p>\n","protected":false},"author":6,"featured_media":0,"parent":6937,"menu_order":0,"comment_status":"closed","ping_status":"closed","template":"","meta":{"footnotes":""},"class_list":["post-6960","page","type-page","status-publish","hentry"],"yoast_head":"<!-- This site is optimized with the Yoast SEO plugin v25.9 - https:\/\/yoast.com\/wordpress\/plugins\/seo\/ -->\n<title>OXYBRAZIA - Prive Beauty &amp; Hair<\/title>\n<meta name=\"robots\" content=\"index, follow, max-snippet:-1, max-image-preview:large, max-video-preview:-1\" \/>\n<link rel=\"canonical\" href=\"https:\/\/prive-club.pl\/en\/skin-care-cosmetology\/oxybrazia\/\" \/>\n<meta property=\"og:locale\" content=\"en_US\" \/>\n<meta property=\"og:type\" content=\"article\" \/>\n<meta property=\"og:title\" content=\"OXYBRAZIA - Prive Beauty &amp; Hair\" \/>\n<meta property=\"og:description\" content=\"OXYBRAZIA Oxybrasion &#8211; otherwise known as oxygen microdermabrasion &#8211; is a type of peeling that promotes the natural and spontaneous restoration and regeneration of our skin. The treatment involves intensive exfoliation of dead skin cells using a stream of dispersed saline droplets and air emitted under pressure by a device. It is a non-contact method, [&hellip;]\" \/>\n<meta property=\"og:url\" content=\"https:\/\/prive-club.pl\/en\/skin-care-cosmetology\/oxybrazia\/\" \/>\n<meta property=\"og:site_name\" content=\"Prive Beauty &amp; Hair\" \/>\n<meta property=\"article:modified_time\" content=\"2024-05-19T20:26:32+00:00\" \/>\n<meta property=\"og:image\" content=\"https:\/\/prive-club.pl\/wp-content\/uploads\/2024\/03\/OXYBRAZJA.jpg\" \/>\n<meta name=\"twitter:card\" content=\"summary_large_image\" \/>\n<meta name=\"twitter:label1\" content=\"Est. reading time\" \/>\n\t<meta name=\"twitter:data1\" content=\"3 minutes\" \/>\n<script type=\"application\/ld+json\" class=\"yoast-schema-graph\">{\"@context\":\"https:\/\/schema.org\",\"@graph\":[{\"@type\":\"WebPage\",\"@id\":\"https:\/\/prive-club.pl\/en\/skin-care-cosmetology\/oxybrazia\/\",\"url\":\"https:\/\/prive-club.pl\/en\/skin-care-cosmetology\/oxybrazia\/\",\"name\":\"OXYBRAZIA - Prive Beauty &amp; Hair\",\"isPartOf\":{\"@id\":\"https:\/\/prive-club.pl\/en\/#website\"},\"primaryImageOfPage\":{\"@id\":\"https:\/\/prive-club.pl\/en\/skin-care-cosmetology\/oxybrazia\/#primaryimage\"},\"image\":{\"@id\":\"https:\/\/prive-club.pl\/en\/skin-care-cosmetology\/oxybrazia\/#primaryimage\"},\"thumbnailUrl\":\"https:\/\/prive-club.pl\/wp-content\/uploads\/2024\/03\/OXYBRAZJA.jpg\",\"datePublished\":\"2023-12-02T16:34:03+00:00\",\"dateModified\":\"2024-05-19T20:26:32+00:00\",\"breadcrumb\":{\"@id\":\"https:\/\/prive-club.pl\/en\/skin-care-cosmetology\/oxybrazia\/#breadcrumb\"},\"inLanguage\":\"en-US\",\"potentialAction\":[{\"@type\":\"ReadAction\",\"target\":[\"https:\/\/prive-club.pl\/en\/skin-care-cosmetology\/oxybrazia\/\"]}]},{\"@type\":\"ImageObject\",\"inLanguage\":\"en-US\",\"@id\":\"https:\/\/prive-club.pl\/en\/skin-care-cosmetology\/oxybrazia\/#primaryimage\",\"url\":\"https:\/\/prive-club.pl\/wp-content\/uploads\/2024\/03\/OXYBRAZJA.jpg\",\"contentUrl\":\"https:\/\/prive-club.pl\/wp-content\/uploads\/2024\/03\/OXYBRAZJA.jpg\"},{\"@type\":\"BreadcrumbList\",\"@id\":\"https:\/\/prive-club.pl\/en\/skin-care-cosmetology\/oxybrazia\/#breadcrumb\",\"itemListElement\":[{\"@type\":\"ListItem\",\"position\":1,\"name\":\"Strona g\u0142\u00f3wna\",\"item\":\"https:\/\/prive-club.pl\/\"},{\"@type\":\"ListItem\",\"position\":2,\"name\":\"SKIN CARE COSMETOLOGY\",\"item\":\"https:\/\/prive-club.pl\/en\/skin-care-cosmetology\/\"},{\"@type\":\"ListItem\",\"position\":3,\"name\":\"OXYBRAZIA\"}]},{\"@type\":\"WebSite\",\"@id\":\"https:\/\/prive-club.pl\/en\/#website\",\"url\":\"https:\/\/prive-club.pl\/en\/\",\"name\":\"Prive Beauty &amp; Hair\",\"description\":\"Fryzjer Gda\u0144sk , Depilacja Laserowa Gda\u0144sk, zamykanie naczynek Gda\u0144sk\",\"publisher\":{\"@id\":\"https:\/\/prive-club.pl\/en\/#organization\"},\"potentialAction\":[{\"@type\":\"SearchAction\",\"target\":{\"@type\":\"EntryPoint\",\"urlTemplate\":\"https:\/\/prive-club.pl\/en\/?s={search_term_string}\"},\"query-input\":{\"@type\":\"PropertyValueSpecification\",\"valueRequired\":true,\"valueName\":\"search_term_string\"}}],\"inLanguage\":\"en-US\"},{\"@type\":\"Organization\",\"@id\":\"https:\/\/prive-club.pl\/en\/#organization\",\"name\":\"Prive Beauty &amp; Hair\",\"url\":\"https:\/\/prive-club.pl\/en\/\",\"logo\":{\"@type\":\"ImageObject\",\"inLanguage\":\"en-US\",\"@id\":\"https:\/\/prive-club.pl\/en\/#\/schema\/logo\/image\/\",\"url\":\"https:\/\/prive-club.pl\/wp-content\/uploads\/2020\/04\/Prive-beauty-logo.png\",\"contentUrl\":\"https:\/\/prive-club.pl\/wp-content\/uploads\/2020\/04\/Prive-beauty-logo.png\",\"width\":1851,\"height\":879,\"caption\":\"Prive Beauty &amp; Hair\"},\"image\":{\"@id\":\"https:\/\/prive-club.pl\/en\/#\/schema\/logo\/image\/\"}}]}<\/script>\n<!-- \/ Yoast SEO plugin. -->","yoast_head_json":{"title":"OXYBRAZIA - Prive Beauty &amp; Hair","robots":{"index":"index","follow":"follow","max-snippet":"max-snippet:-1","max-image-preview":"max-image-preview:large","max-video-preview":"max-video-preview:-1"},"canonical":"https:\/\/prive-club.pl\/en\/skin-care-cosmetology\/oxybrazia\/","og_locale":"en_US","og_type":"article","og_title":"OXYBRAZIA - Prive Beauty &amp; Hair","og_description":"OXYBRAZIA Oxybrasion &#8211; otherwise known as oxygen microdermabrasion &#8211; is a type of peeling that promotes the natural and spontaneous restoration and regeneration of our skin. The treatment involves intensive exfoliation of dead skin cells using a stream of dispersed saline droplets and air emitted under pressure by a device. It is a non-contact method, [&hellip;]","og_url":"https:\/\/prive-club.pl\/en\/skin-care-cosmetology\/oxybrazia\/","og_site_name":"Prive Beauty &amp; Hair","article_modified_time":"2024-05-19T20:26:32+00:00","og_image":[{"url":"https:\/\/prive-club.pl\/wp-content\/uploads\/2024\/03\/OXYBRAZJA.jpg","type":"","width":"","height":""}],"twitter_card":"summary_large_image","twitter_misc":{"Est. reading time":"3 minutes"},"schema":{"@context":"https:\/\/schema.org","@graph":[{"@type":"WebPage","@id":"https:\/\/prive-club.pl\/en\/skin-care-cosmetology\/oxybrazia\/","url":"https:\/\/prive-club.pl\/en\/skin-care-cosmetology\/oxybrazia\/","name":"OXYBRAZIA - Prive Beauty &amp; Hair","isPartOf":{"@id":"https:\/\/prive-club.pl\/en\/#website"},"primaryImageOfPage":{"@id":"https:\/\/prive-club.pl\/en\/skin-care-cosmetology\/oxybrazia\/#primaryimage"},"image":{"@id":"https:\/\/prive-club.pl\/en\/skin-care-cosmetology\/oxybrazia\/#primaryimage"},"thumbnailUrl":"https:\/\/prive-club.pl\/wp-content\/uploads\/2024\/03\/OXYBRAZJA.jpg","datePublished":"2023-12-02T16:34:03+00:00","dateModified":"2024-05-19T20:26:32+00:00","breadcrumb":{"@id":"https:\/\/prive-club.pl\/en\/skin-care-cosmetology\/oxybrazia\/#breadcrumb"},"inLanguage":"en-US","potentialAction":[{"@type":"ReadAction","target":["https:\/\/prive-club.pl\/en\/skin-care-cosmetology\/oxybrazia\/"]}]},{"@type":"ImageObject","inLanguage":"en-US","@id":"https:\/\/prive-club.pl\/en\/skin-care-cosmetology\/oxybrazia\/#primaryimage","url":"https:\/\/prive-club.pl\/wp-content\/uploads\/2024\/03\/OXYBRAZJA.jpg","contentUrl":"https:\/\/prive-club.pl\/wp-content\/uploads\/2024\/03\/OXYBRAZJA.jpg"},{"@type":"BreadcrumbList","@id":"https:\/\/prive-club.pl\/en\/skin-care-cosmetology\/oxybrazia\/#breadcrumb","itemListElement":[{"@type":"ListItem","position":1,"name":"Strona g\u0142\u00f3wna","item":"https:\/\/prive-club.pl\/"},{"@type":"ListItem","position":2,"name":"SKIN CARE COSMETOLOGY","item":"https:\/\/prive-club.pl\/en\/skin-care-cosmetology\/"},{"@type":"ListItem","position":3,"name":"OXYBRAZIA"}]},{"@type":"WebSite","@id":"https:\/\/prive-club.pl\/en\/#website","url":"https:\/\/prive-club.pl\/en\/","name":"Prive Beauty &amp; Hair","description":"Fryzjer Gda\u0144sk , Depilacja Laserowa Gda\u0144sk, zamykanie naczynek Gda\u0144sk","publisher":{"@id":"https:\/\/prive-club.pl\/en\/#organization"},"potentialAction":[{"@type":"SearchAction","target":{"@type":"EntryPoint","urlTemplate":"https:\/\/prive-club.pl\/en\/?s={search_term_string}"},"query-input":{"@type":"PropertyValueSpecification","valueRequired":true,"valueName":"search_term_string"}}],"inLanguage":"en-US"},{"@type":"Organization","@id":"https:\/\/prive-club.pl\/en\/#organization","name":"Prive Beauty &amp; Hair","url":"https:\/\/prive-club.pl\/en\/","logo":{"@type":"ImageObject","inLanguage":"en-US","@id":"https:\/\/prive-club.pl\/en\/#\/schema\/logo\/image\/","url":"https:\/\/prive-club.pl\/wp-content\/uploads\/2020\/04\/Prive-beauty-logo.png","contentUrl":"https:\/\/prive-club.pl\/wp-content\/uploads\/2020\/04\/Prive-beauty-logo.png","width":1851,"height":879,"caption":"Prive Beauty &amp; Hair"},"image":{"@id":"https:\/\/prive-club.pl\/en\/#\/schema\/logo\/image\/"}}]}},"_links":{"self":[{"href":"https:\/\/prive-club.pl\/en\/wp-json\/wp\/v2\/pages\/6960","targetHints":{"allow":["GET"]}}],"collection":[{"href":"https:\/\/prive-club.pl\/en\/wp-json\/wp\/v2\/pages"}],"about":[{"href":"https:\/\/prive-club.pl\/en\/wp-json\/wp\/v2\/types\/page"}],"author":[{"embeddable":true,"href":"https:\/\/prive-club.pl\/en\/wp-json\/wp\/v2\/users\/6"}],"replies":[{"embeddable":true,"href":"https:\/\/prive-club.pl\/en\/wp-json\/wp\/v2\/comments?post=6960"}],"version-history":[{"count":0,"href":"https:\/\/prive-club.pl\/en\/wp-json\/wp\/v2\/pages\/6960\/revisions"}],"up":[{"embeddable":true,"href":"https:\/\/prive-club.pl\/en\/wp-json\/wp\/v2\/pages\/6937"}],"wp:attachment":[{"href":"https:\/\/prive-club.pl\/en\/wp-json\/wp\/v2\/media?parent=6960"}],"curies":[{"name":"wp","href":"https:\/\/api.w.org\/{rel}","templated":true}]}}