{"id":6959,"date":"2023-12-02T17:26:13","date_gmt":"2023-12-02T16:26:13","guid":{"rendered":"https:\/\/prive-club.pl\/chemical-peelings\/sky-bio-peel\/"},"modified":"2024-05-19T22:25:25","modified_gmt":"2024-05-19T20:25:25","slug":"sky-bio-peel","status":"publish","type":"page","link":"https:\/\/prive-club.pl\/en\/chemical-peelings\/sky-bio-peel\/","title":{"rendered":"SKY BIO PEEL"},"content":{"rendered":"\t\t<div data-elementor-type=\"wp-page\" data-elementor-id=\"6959\" class=\"elementor elementor-6959\" data-elementor-post-type=\"page\">\n\t\t\t\t\t\t<section class=\"elementor-section elementor-top-section elementor-element elementor-element-4adc17c3 elementor-section-content-middle elementor-section-stretched elementor-section-height-min-height elementor-section-boxed elementor-section-height-default elementor-section-items-middle\" data-id=\"4adc17c3\" data-element_type=\"section\" data-settings=\"{&quot;background_background&quot;:&quot;video&quot;,&quot;stretch_section&quot;:&quot;section-stretched&quot;,&quot;background_video_link&quot;:&quot;http:\\\/\\\/prive-club.pl\\\/wp-content\\\/uploads\\\/2024\\\/02\\\/146.mp4&quot;,&quot;background_play_on_mobile&quot;:&quot;yes&quot;}\">\n\t\t\t\t\t\t\t\t<div class=\"elementor-background-video-container\" aria-hidden=\"true\">\n\t\t\t\t\t\t\t\t\t\t\t\t\t<video class=\"elementor-background-video-hosted\" autoplay muted playsinline loop><\/video>\n\t\t\t\t\t\t\t\t\t\t\t<\/div>\n\t\t\t\t\t\t\t\t<div class=\"elementor-container elementor-column-gap-default\">\n\t\t\t\t\t<div class=\"elementor-column elementor-col-100 elementor-top-column elementor-element elementor-element-12399c6b\" data-id=\"12399c6b\" data-element_type=\"column\">\n\t\t\t<div class=\"elementor-widget-wrap elementor-element-populated\">\n\t\t\t\t\t\t<div class=\"elementor-element elementor-element-ddcd7be elementor-widget elementor-widget-heading\" data-id=\"ddcd7be\" data-element_type=\"widget\" data-widget_type=\"heading.default\">\n\t\t\t\t<div class=\"elementor-widget-container\">\n\t\t\t\t\t<h1 class=\"elementor-heading-title elementor-size-default\">SKY BIO PEEL\n<\/h1>\t\t\t\t<\/div>\n\t\t\t\t<\/div>\n\t\t\t\t\t<\/div>\n\t\t<\/div>\n\t\t\t\t\t<\/div>\n\t\t<\/section>\n\t\t\t\t<section class=\"elementor-section elementor-top-section elementor-element elementor-element-58d5ec80 elementor-section-stretched elementor-section-boxed elementor-section-height-default elementor-section-height-default\" data-id=\"58d5ec80\" data-element_type=\"section\" data-settings=\"{&quot;background_background&quot;:&quot;classic&quot;,&quot;stretch_section&quot;:&quot;section-stretched&quot;}\">\n\t\t\t\t\t\t<div class=\"elementor-container elementor-column-gap-default\">\n\t\t\t\t\t<div class=\"elementor-column elementor-col-100 elementor-top-column elementor-element elementor-element-28ea4b7a\" data-id=\"28ea4b7a\" data-element_type=\"column\">\n\t\t\t<div class=\"elementor-widget-wrap elementor-element-populated\">\n\t\t\t\t\t\t<div class=\"elementor-element elementor-element-3d92dbaa elementor-widget elementor-widget-text-editor\" data-id=\"3d92dbaa\" data-element_type=\"widget\" data-widget_type=\"text-editor.default\">\n\t\t\t\t<div class=\"elementor-widget-container\">\n\t\t\t\t\t\t\t\t\t<h4><strong>SKY BIO PEEL BIO REVITALIZING PEELING GDANSK<\/strong><\/h4>\n<p><strong>Biorevitalizing peel<\/strong> is an excellent preparation that will work on any skin type, especially for smoker&#8217;s skin, skin lacking elasticity, with sun discoloration, as well as sensitive skin affected by photoaging. This product is designed to deeply revitalize and regenerate the skin, allowing it to regain its youthful glow and elasticity.<\/p>\n<h4>ADVANCED BLEND OF ACIDS<\/h4>\n<p>The product contains an advanced blend of acids, including monochloroacetic acid, kojic acid and pyruvic acid. These ingredients perfectly stimulate the skin&#8217;s renewal process without causing flaking, inflammation, redness or erythema. Thanks to urea peroxide, the stratum corneum is loosened, minimizing discomfort during the procedure.<\/p>\n<h4>BENEFITS OF BIOREVITALIZING PEELING<\/h4>\n<ul>\n<li><strong>Revitalize Skin:<\/strong> The product has a revitalizing effect, restoring a healthy glow and elasticity to the skin.<\/li>\n<li><strong>Anti-Wrinkle Action:<\/strong> Helps reduce wrinkles and stimulates skin regeneration.<\/li>\n<li><strong>Reduce Hyperpigmentation:<\/strong> Effectively reduces skin discoloration, including sun spots.<\/li>\n<li><strong>Improves Skin Structure:<\/strong> evens out skin tone, reduces the appearance of pores and has an antibacterial effect.<\/li>\n<li><strong>Scar and Stretch Mark Reduction:<\/strong> Helps reduce scars and stretch marks on the skin.<\/li>\n<\/ul>\n\t\t\t\t\t\t\t\t<\/div>\n\t\t\t\t<\/div>\n\t\t\t\t<div class=\"elementor-element elementor-element-c33cdaf elementor-widget elementor-widget-image\" data-id=\"c33cdaf\" data-element_type=\"widget\" data-widget_type=\"image.default\">\n\t\t\t\t<div class=\"elementor-widget-container\">\n\t\t\t\t\t\t\t\t\t\t\t\t\t\t\t<img fetchpriority=\"high\" decoding=\"async\" width=\"1920\" height=\"1080\" src=\"https:\/\/prive-club.pl\/wp-content\/uploads\/2024\/03\/BIOREPEEL-MIKRONAKLUWANIE.jpg\" class=\"attachment-full size-full wp-image-6849\" alt=\"\" srcset=\"https:\/\/prive-club.pl\/wp-content\/uploads\/2024\/03\/BIOREPEEL-MIKRONAKLUWANIE.jpg 1920w, https:\/\/prive-club.pl\/wp-content\/uploads\/2024\/03\/BIOREPEEL-MIKRONAKLUWANIE-300x169.jpg 300w, https:\/\/prive-club.pl\/wp-content\/uploads\/2024\/03\/BIOREPEEL-MIKRONAKLUWANIE-1024x576.jpg 1024w, https:\/\/prive-club.pl\/wp-content\/uploads\/2024\/03\/BIOREPEEL-MIKRONAKLUWANIE-768x432.jpg 768w, https:\/\/prive-club.pl\/wp-content\/uploads\/2024\/03\/BIOREPEEL-MIKRONAKLUWANIE-1536x864.jpg 1536w\" sizes=\"(max-width: 1920px) 100vw, 1920px\" \/>\t\t\t\t\t\t\t\t\t\t\t\t\t\t\t<\/div>\n\t\t\t\t<\/div>\n\t\t\t\t<div class=\"elementor-element elementor-element-7ef04da elementor-widget elementor-widget-text-editor\" data-id=\"7ef04da\" data-element_type=\"widget\" data-widget_type=\"text-editor.default\">\n\t\t\t\t<div class=\"elementor-widget-container\">\n\t\t\t\t\t\t\t\t\t<h4><span style=\"color: inherit; font-size: 1.5rem;\">APPLICATION AREAS:<\/span><\/h4>\n<ul>\n<li>Face<\/li>\n<li>Neck<\/li>\n<li>The neckline<\/li>\n<li>Chest area<\/li>\n<li>Hands<\/li>\n<li>Inner surface of arms and thighs<\/li>\n<\/ul>\n<p>The product can be used throughout the year, and the effects last for a long period, usually 6 to 8 months. The recommended treatment series includes 4 to 6 treatments, performed 7-10 days apart.<\/p>\n<p>The formulation also contains Hexapeptide-8, a Biomimetic peptide that stimulates collagen and elastin production and improves skin tone. Urea peroxide loosens the stratum corneum, minimizing discomfort during the procedure.<\/p>\n<p>We invite you to a consultation to learn more and consult with our specialist in Gdansk. Discover the bio-revitalizing scrub and regain radiant skin!<\/p>\n\t\t\t\t\t\t\t\t<\/div>\n\t\t\t\t<\/div>\n\t\t\t\t\t<\/div>\n\t\t<\/div>\n\t\t\t\t\t<\/div>\n\t\t<\/section>\n\t\t\t\t<section class=\"elementor-section elementor-top-section elementor-element elementor-element-17ec86a3 elementor-section-content-middle elementor-section-stretched elementor-section-boxed elementor-section-height-default elementor-section-height-default\" data-id=\"17ec86a3\" data-element_type=\"section\" data-settings=\"{&quot;background_background&quot;:&quot;classic&quot;,&quot;stretch_section&quot;:&quot;section-stretched&quot;}\">\n\t\t\t\t\t\t<div class=\"elementor-container elementor-column-gap-default\">\n\t\t\t\t\t<div class=\"elementor-column elementor-col-100 elementor-top-column elementor-element elementor-element-6d16357f\" data-id=\"6d16357f\" data-element_type=\"column\">\n\t\t\t<div class=\"elementor-widget-wrap elementor-element-populated\">\n\t\t\t\t\t\t<div class=\"elementor-element elementor-element-262ab57 elementor-widget elementor-widget-heading\" data-id=\"262ab57\" data-element_type=\"widget\" data-widget_type=\"heading.default\">\n\t\t\t\t<div class=\"elementor-widget-container\">\n\t\t\t\t\t<h5 class=\"elementor-heading-title elementor-size-default\">Price list<\/h5>\t\t\t\t<\/div>\n\t\t\t\t<\/div>\n\t\t\t\t<div class=\"elementor-element elementor-element-694764ce elementor-widget-divider--view-line elementor-widget elementor-widget-divider\" data-id=\"694764ce\" data-element_type=\"widget\" data-widget_type=\"divider.default\">\n\t\t\t\t<div class=\"elementor-widget-container\">\n\t\t\t\t\t\t\t<div class=\"elementor-divider\">\n\t\t\t<span class=\"elementor-divider-separator\">\n\t\t\t\t\t\t<\/span>\n\t\t<\/div>\n\t\t\t\t\t\t<\/div>\n\t\t\t\t<\/div>\n\t\t\t\t<section class=\"elementor-section elementor-inner-section elementor-element elementor-element-1d841baa elementor-section-boxed elementor-section-height-default elementor-section-height-default\" data-id=\"1d841baa\" data-element_type=\"section\">\n\t\t\t\t\t\t<div class=\"elementor-container elementor-column-gap-wider\">\n\t\t\t\t\t<div class=\"elementor-column elementor-col-100 elementor-inner-column elementor-element elementor-element-36d02bef\" data-id=\"36d02bef\" data-element_type=\"column\">\n\t\t\t<div class=\"elementor-widget-wrap elementor-element-populated\">\n\t\t\t\t\t\t<div class=\"elementor-element elementor-element-3cc5ce15 elementor-widget elementor-widget-price-list\" data-id=\"3cc5ce15\" data-element_type=\"widget\" data-widget_type=\"price-list.default\">\n\t\t\t\t<div class=\"elementor-widget-container\">\n\t\t\t\t\t\n\t\t<ul class=\"elementor-price-list\">\n\n\t\t\t\t\t\t\t\t\t<li class=\"elementor-price-list-item\">\t\t\t\t\n\t\t\t\t<div class=\"elementor-price-list-text\">\n\t\t\t\t\t\t\t\t\t<div class=\"elementor-price-list-header\">\n\t\t\t\t\t\t\t\t\t\t\t<span class=\"elementor-price-list-title\">\n\t\t\t\t\t\t\tFace\t\t\t\t\t\t<\/span>\n\t\t\t\t\t\t\t\t\t\t\t\t\t\t\t\t\t\t<span class=\"elementor-price-list-separator\"><\/span>\n\t\t\t\t\t\t\t\t\t\t\t\t\t\t\t\t\t\t\t<span class=\"elementor-price-list-price\">260 z\u0142<\/span>\n\t\t\t\t\t\t\t\t\t\t<\/div>\n\t\t\t\t\t\t\t\t\t\t\t\t<\/div>\n\t\t\t\t<\/li>\t\t\t\t\t\t\t\t\t\t\t\t<li class=\"elementor-price-list-item\">\t\t\t\t\n\t\t\t\t<div class=\"elementor-price-list-text\">\n\t\t\t\t\t\t\t\t\t<div class=\"elementor-price-list-header\">\n\t\t\t\t\t\t\t\t\t\t\t<span class=\"elementor-price-list-title\">\n\t\t\t\t\t\t\tFace+neck+decolletage\t\t\t\t\t\t<\/span>\n\t\t\t\t\t\t\t\t\t\t\t\t\t\t\t\t\t\t<span class=\"elementor-price-list-separator\"><\/span>\n\t\t\t\t\t\t\t\t\t\t\t\t\t\t\t\t\t\t\t<span class=\"elementor-price-list-price\"> 400 z\u0142<\/span>\n\t\t\t\t\t\t\t\t\t\t<\/div>\n\t\t\t\t\t\t\t\t\t\t\t\t<\/div>\n\t\t\t\t<\/li>\t\t\t\t\t\n\t\t<\/ul>\n\n\t\t\t\t\t\t<\/div>\n\t\t\t\t<\/div>\n\t\t\t\t\t<\/div>\n\t\t<\/div>\n\t\t\t\t\t<\/div>\n\t\t<\/section>\n\t\t\t\t<div class=\"elementor-element elementor-element-7d3c214a elementor-align-center elementor-widget elementor-widget-button\" data-id=\"7d3c214a\" data-element_type=\"widget\" data-widget_type=\"button.default\">\n\t\t\t\t<div class=\"elementor-widget-container\">\n\t\t\t\t\t\t\t\t\t<div class=\"elementor-button-wrapper\">\n\t\t\t\t\t<a class=\"elementor-button elementor-button-link elementor-size-sm\" href=\"https:\/\/booksy.com\/pl-pl\/98864_prive-beauty-hair_salon-kosmetyczny_20383_gdansk?gclid=Cj0KCQjwy4KqBhD0ARIsAEbCt6irQVY2KZkFOY5bozC7bK_JsBIGmp0CDy_jvNEzPPLaqQCB57ibLKcaAiPjEALw_wcB\" target=\"_blank\">\n\t\t\t\t\t\t<span class=\"elementor-button-content-wrapper\">\n\t\t\t\t\t\t\t\t\t<span class=\"elementor-button-text\">RESERVE<\/span>\n\t\t\t\t\t<\/span>\n\t\t\t\t\t<\/a>\n\t\t\t\t<\/div>\n\t\t\t\t\t\t\t\t<\/div>\n\t\t\t\t<\/div>\n\t\t\t\t\t<\/div>\n\t\t<\/div>\n\t\t\t\t\t<\/div>\n\t\t<\/section>\n\t\t\t\t<\/div>\n\t\t","protected":false},"excerpt":{"rendered":"<p>SKY BIO PEEL SKY BIO PEEL BIO REVITALIZING PEELING GDANSK Biorevitalizing peel is an excellent preparation that will work on any skin type, especially for smoker&#8217;s skin, skin lacking elasticity, with sun discoloration, as well as sensitive skin affected by photoaging. This product is designed to deeply revitalize and regenerate the skin, allowing it to [&hellip;]<\/p>\n","protected":false},"author":6,"featured_media":0,"parent":6929,"menu_order":0,"comment_status":"closed","ping_status":"closed","template":"","meta":{"footnotes":""},"class_list":["post-6959","page","type-page","status-publish","hentry"],"yoast_head":"<!-- This site is optimized with the Yoast SEO plugin v25.9 - https:\/\/yoast.com\/wordpress\/plugins\/seo\/ -->\n<title>SKY BIO PEEL - Prive Beauty &amp; Hair<\/title>\n<meta name=\"robots\" content=\"index, follow, max-snippet:-1, max-image-preview:large, max-video-preview:-1\" \/>\n<link rel=\"canonical\" href=\"https:\/\/prive-club.pl\/en\/chemical-peelings\/sky-bio-peel\/\" \/>\n<meta property=\"og:locale\" content=\"en_US\" \/>\n<meta property=\"og:type\" content=\"article\" \/>\n<meta property=\"og:title\" content=\"SKY BIO PEEL - Prive Beauty &amp; Hair\" \/>\n<meta property=\"og:description\" content=\"SKY BIO PEEL SKY BIO PEEL BIO REVITALIZING PEELING GDANSK Biorevitalizing peel is an excellent preparation that will work on any skin type, especially for smoker&#8217;s skin, skin lacking elasticity, with sun discoloration, as well as sensitive skin affected by photoaging. This product is designed to deeply revitalize and regenerate the skin, allowing it to [&hellip;]\" \/>\n<meta property=\"og:url\" content=\"https:\/\/prive-club.pl\/en\/chemical-peelings\/sky-bio-peel\/\" \/>\n<meta property=\"og:site_name\" content=\"Prive Beauty &amp; Hair\" \/>\n<meta property=\"article:modified_time\" content=\"2024-05-19T20:25:25+00:00\" \/>\n<meta property=\"og:image\" content=\"https:\/\/prive-club.pl\/wp-content\/uploads\/2024\/03\/BIOREPEEL-MIKRONAKLUWANIE.jpg\" \/>\n<meta name=\"twitter:card\" content=\"summary_large_image\" \/>\n<meta name=\"twitter:label1\" content=\"Est. reading time\" \/>\n\t<meta name=\"twitter:data1\" content=\"1 minute\" \/>\n<script type=\"application\/ld+json\" class=\"yoast-schema-graph\">{\"@context\":\"https:\/\/schema.org\",\"@graph\":[{\"@type\":\"WebPage\",\"@id\":\"https:\/\/prive-club.pl\/en\/chemical-peelings\/sky-bio-peel\/\",\"url\":\"https:\/\/prive-club.pl\/en\/chemical-peelings\/sky-bio-peel\/\",\"name\":\"SKY BIO PEEL - Prive Beauty &amp; Hair\",\"isPartOf\":{\"@id\":\"https:\/\/prive-club.pl\/en\/#website\"},\"primaryImageOfPage\":{\"@id\":\"https:\/\/prive-club.pl\/en\/chemical-peelings\/sky-bio-peel\/#primaryimage\"},\"image\":{\"@id\":\"https:\/\/prive-club.pl\/en\/chemical-peelings\/sky-bio-peel\/#primaryimage\"},\"thumbnailUrl\":\"https:\/\/prive-club.pl\/wp-content\/uploads\/2024\/03\/BIOREPEEL-MIKRONAKLUWANIE.jpg\",\"datePublished\":\"2023-12-02T16:26:13+00:00\",\"dateModified\":\"2024-05-19T20:25:25+00:00\",\"breadcrumb\":{\"@id\":\"https:\/\/prive-club.pl\/en\/chemical-peelings\/sky-bio-peel\/#breadcrumb\"},\"inLanguage\":\"en-US\",\"potentialAction\":[{\"@type\":\"ReadAction\",\"target\":[\"https:\/\/prive-club.pl\/en\/chemical-peelings\/sky-bio-peel\/\"]}]},{\"@type\":\"ImageObject\",\"inLanguage\":\"en-US\",\"@id\":\"https:\/\/prive-club.pl\/en\/chemical-peelings\/sky-bio-peel\/#primaryimage\",\"url\":\"https:\/\/prive-club.pl\/wp-content\/uploads\/2024\/03\/BIOREPEEL-MIKRONAKLUWANIE.jpg\",\"contentUrl\":\"https:\/\/prive-club.pl\/wp-content\/uploads\/2024\/03\/BIOREPEEL-MIKRONAKLUWANIE.jpg\"},{\"@type\":\"BreadcrumbList\",\"@id\":\"https:\/\/prive-club.pl\/en\/chemical-peelings\/sky-bio-peel\/#breadcrumb\",\"itemListElement\":[{\"@type\":\"ListItem\",\"position\":1,\"name\":\"Strona g\u0142\u00f3wna\",\"item\":\"https:\/\/prive-club.pl\/\"},{\"@type\":\"ListItem\",\"position\":2,\"name\":\"CHEMICAL PEELINGS\",\"item\":\"https:\/\/prive-club.pl\/en\/chemical-peelings\/\"},{\"@type\":\"ListItem\",\"position\":3,\"name\":\"SKY BIO PEEL\"}]},{\"@type\":\"WebSite\",\"@id\":\"https:\/\/prive-club.pl\/en\/#website\",\"url\":\"https:\/\/prive-club.pl\/en\/\",\"name\":\"Prive Beauty &amp; Hair\",\"description\":\"Fryzjer Gda\u0144sk , Depilacja Laserowa Gda\u0144sk, zamykanie naczynek Gda\u0144sk\",\"publisher\":{\"@id\":\"https:\/\/prive-club.pl\/en\/#organization\"},\"potentialAction\":[{\"@type\":\"SearchAction\",\"target\":{\"@type\":\"EntryPoint\",\"urlTemplate\":\"https:\/\/prive-club.pl\/en\/?s={search_term_string}\"},\"query-input\":{\"@type\":\"PropertyValueSpecification\",\"valueRequired\":true,\"valueName\":\"search_term_string\"}}],\"inLanguage\":\"en-US\"},{\"@type\":\"Organization\",\"@id\":\"https:\/\/prive-club.pl\/en\/#organization\",\"name\":\"Prive Beauty &amp; Hair\",\"url\":\"https:\/\/prive-club.pl\/en\/\",\"logo\":{\"@type\":\"ImageObject\",\"inLanguage\":\"en-US\",\"@id\":\"https:\/\/prive-club.pl\/en\/#\/schema\/logo\/image\/\",\"url\":\"https:\/\/prive-club.pl\/wp-content\/uploads\/2020\/04\/Prive-beauty-logo.png\",\"contentUrl\":\"https:\/\/prive-club.pl\/wp-content\/uploads\/2020\/04\/Prive-beauty-logo.png\",\"width\":1851,\"height\":879,\"caption\":\"Prive Beauty &amp; Hair\"},\"image\":{\"@id\":\"https:\/\/prive-club.pl\/en\/#\/schema\/logo\/image\/\"}}]}<\/script>\n<!-- \/ Yoast SEO plugin. -->","yoast_head_json":{"title":"SKY BIO PEEL - Prive Beauty &amp; Hair","robots":{"index":"index","follow":"follow","max-snippet":"max-snippet:-1","max-image-preview":"max-image-preview:large","max-video-preview":"max-video-preview:-1"},"canonical":"https:\/\/prive-club.pl\/en\/chemical-peelings\/sky-bio-peel\/","og_locale":"en_US","og_type":"article","og_title":"SKY BIO PEEL - Prive Beauty &amp; Hair","og_description":"SKY BIO PEEL SKY BIO PEEL BIO REVITALIZING PEELING GDANSK Biorevitalizing peel is an excellent preparation that will work on any skin type, especially for smoker&#8217;s skin, skin lacking elasticity, with sun discoloration, as well as sensitive skin affected by photoaging. This product is designed to deeply revitalize and regenerate the skin, allowing it to [&hellip;]","og_url":"https:\/\/prive-club.pl\/en\/chemical-peelings\/sky-bio-peel\/","og_site_name":"Prive Beauty &amp; Hair","article_modified_time":"2024-05-19T20:25:25+00:00","og_image":[{"url":"https:\/\/prive-club.pl\/wp-content\/uploads\/2024\/03\/BIOREPEEL-MIKRONAKLUWANIE.jpg","type":"","width":"","height":""}],"twitter_card":"summary_large_image","twitter_misc":{"Est. reading time":"1 minute"},"schema":{"@context":"https:\/\/schema.org","@graph":[{"@type":"WebPage","@id":"https:\/\/prive-club.pl\/en\/chemical-peelings\/sky-bio-peel\/","url":"https:\/\/prive-club.pl\/en\/chemical-peelings\/sky-bio-peel\/","name":"SKY BIO PEEL - Prive Beauty &amp; Hair","isPartOf":{"@id":"https:\/\/prive-club.pl\/en\/#website"},"primaryImageOfPage":{"@id":"https:\/\/prive-club.pl\/en\/chemical-peelings\/sky-bio-peel\/#primaryimage"},"image":{"@id":"https:\/\/prive-club.pl\/en\/chemical-peelings\/sky-bio-peel\/#primaryimage"},"thumbnailUrl":"https:\/\/prive-club.pl\/wp-content\/uploads\/2024\/03\/BIOREPEEL-MIKRONAKLUWANIE.jpg","datePublished":"2023-12-02T16:26:13+00:00","dateModified":"2024-05-19T20:25:25+00:00","breadcrumb":{"@id":"https:\/\/prive-club.pl\/en\/chemical-peelings\/sky-bio-peel\/#breadcrumb"},"inLanguage":"en-US","potentialAction":[{"@type":"ReadAction","target":["https:\/\/prive-club.pl\/en\/chemical-peelings\/sky-bio-peel\/"]}]},{"@type":"ImageObject","inLanguage":"en-US","@id":"https:\/\/prive-club.pl\/en\/chemical-peelings\/sky-bio-peel\/#primaryimage","url":"https:\/\/prive-club.pl\/wp-content\/uploads\/2024\/03\/BIOREPEEL-MIKRONAKLUWANIE.jpg","contentUrl":"https:\/\/prive-club.pl\/wp-content\/uploads\/2024\/03\/BIOREPEEL-MIKRONAKLUWANIE.jpg"},{"@type":"BreadcrumbList","@id":"https:\/\/prive-club.pl\/en\/chemical-peelings\/sky-bio-peel\/#breadcrumb","itemListElement":[{"@type":"ListItem","position":1,"name":"Strona g\u0142\u00f3wna","item":"https:\/\/prive-club.pl\/"},{"@type":"ListItem","position":2,"name":"CHEMICAL PEELINGS","item":"https:\/\/prive-club.pl\/en\/chemical-peelings\/"},{"@type":"ListItem","position":3,"name":"SKY BIO PEEL"}]},{"@type":"WebSite","@id":"https:\/\/prive-club.pl\/en\/#website","url":"https:\/\/prive-club.pl\/en\/","name":"Prive Beauty &amp; Hair","description":"Fryzjer Gda\u0144sk , Depilacja Laserowa Gda\u0144sk, zamykanie naczynek Gda\u0144sk","publisher":{"@id":"https:\/\/prive-club.pl\/en\/#organization"},"potentialAction":[{"@type":"SearchAction","target":{"@type":"EntryPoint","urlTemplate":"https:\/\/prive-club.pl\/en\/?s={search_term_string}"},"query-input":{"@type":"PropertyValueSpecification","valueRequired":true,"valueName":"search_term_string"}}],"inLanguage":"en-US"},{"@type":"Organization","@id":"https:\/\/prive-club.pl\/en\/#organization","name":"Prive Beauty &amp; Hair","url":"https:\/\/prive-club.pl\/en\/","logo":{"@type":"ImageObject","inLanguage":"en-US","@id":"https:\/\/prive-club.pl\/en\/#\/schema\/logo\/image\/","url":"https:\/\/prive-club.pl\/wp-content\/uploads\/2020\/04\/Prive-beauty-logo.png","contentUrl":"https:\/\/prive-club.pl\/wp-content\/uploads\/2020\/04\/Prive-beauty-logo.png","width":1851,"height":879,"caption":"Prive Beauty &amp; Hair"},"image":{"@id":"https:\/\/prive-club.pl\/en\/#\/schema\/logo\/image\/"}}]}},"_links":{"self":[{"href":"https:\/\/prive-club.pl\/en\/wp-json\/wp\/v2\/pages\/6959","targetHints":{"allow":["GET"]}}],"collection":[{"href":"https:\/\/prive-club.pl\/en\/wp-json\/wp\/v2\/pages"}],"about":[{"href":"https:\/\/prive-club.pl\/en\/wp-json\/wp\/v2\/types\/page"}],"author":[{"embeddable":true,"href":"https:\/\/prive-club.pl\/en\/wp-json\/wp\/v2\/users\/6"}],"replies":[{"embeddable":true,"href":"https:\/\/prive-club.pl\/en\/wp-json\/wp\/v2\/comments?post=6959"}],"version-history":[{"count":0,"href":"https:\/\/prive-club.pl\/en\/wp-json\/wp\/v2\/pages\/6959\/revisions"}],"up":[{"embeddable":true,"href":"https:\/\/prive-club.pl\/en\/wp-json\/wp\/v2\/pages\/6929"}],"wp:attachment":[{"href":"https:\/\/prive-club.pl\/en\/wp-json\/wp\/v2\/media?parent=6959"}],"curies":[{"name":"wp","href":"https:\/\/api.w.org\/{rel}","templated":true}]}}