{"id":6952,"date":"2023-12-02T05:34:37","date_gmt":"2023-12-02T04:34:37","guid":{"rendered":"https:\/\/prive-club.pl\/hair-reconstruction\/"},"modified":"2026-04-19T19:04:40","modified_gmt":"2026-04-19T17:04:40","slug":"hair-reconstruction","status":"publish","type":"page","link":"https:\/\/prive-club.pl\/en\/hair-reconstruction\/","title":{"rendered":"HAIR RECONSTRUCTION"},"content":{"rendered":"\t\t<div data-elementor-type=\"wp-page\" data-elementor-id=\"6952\" class=\"elementor elementor-6952 elementor-3960\" data-elementor-post-type=\"page\">\n\t\t\t\t\t\t<section class=\"elementor-section elementor-top-section elementor-element elementor-element-553dc26 elementor-section-content-middle elementor-section-stretched elementor-section-boxed elementor-section-height-default elementor-section-height-default\" data-id=\"553dc26\" data-element_type=\"section\" data-settings=\"{&quot;background_background&quot;:&quot;classic&quot;,&quot;stretch_section&quot;:&quot;section-stretched&quot;}\">\n\t\t\t\t\t\t<div class=\"elementor-container elementor-column-gap-default\">\n\t\t\t\t\t<div class=\"elementor-column elementor-col-100 elementor-top-column elementor-element elementor-element-3f4e5be\" data-id=\"3f4e5be\" data-element_type=\"column\">\n\t\t\t<div class=\"elementor-widget-wrap elementor-element-populated\">\n\t\t\t\t\t\t<div class=\"elementor-element elementor-element-5ee9f26 elementor-widget elementor-widget-heading\" data-id=\"5ee9f26\" data-element_type=\"widget\" data-widget_type=\"heading.default\">\n\t\t\t\t<div class=\"elementor-widget-container\">\n\t\t\t\t\t<h1 class=\"elementor-heading-title elementor-size-default\">HAIR RECONSTRUCTION\n<\/h1>\t\t\t\t<\/div>\n\t\t\t\t<\/div>\n\t\t\t\t\t<\/div>\n\t\t<\/div>\n\t\t\t\t\t<\/div>\n\t\t<\/section>\n\t\t\t\t<section class=\"elementor-section elementor-top-section elementor-element elementor-element-5c18fae elementor-section-stretched elementor-section-boxed elementor-section-height-default elementor-section-height-default\" data-id=\"5c18fae\" data-element_type=\"section\" data-settings=\"{&quot;background_background&quot;:&quot;classic&quot;,&quot;stretch_section&quot;:&quot;section-stretched&quot;}\">\n\t\t\t\t\t\t<div class=\"elementor-container elementor-column-gap-default\">\n\t\t\t\t\t<div class=\"elementor-column elementor-col-100 elementor-top-column elementor-element elementor-element-d59f51e\" data-id=\"d59f51e\" data-element_type=\"column\">\n\t\t\t<div class=\"elementor-widget-wrap elementor-element-populated\">\n\t\t\t\t\t\t<section class=\"elementor-section elementor-inner-section elementor-element elementor-element-6b7b49c elementor-section-boxed elementor-section-height-default elementor-section-height-default\" data-id=\"6b7b49c\" data-element_type=\"section\">\n\t\t\t\t\t\t<div class=\"elementor-container elementor-column-gap-default\">\n\t\t\t\t\t<div class=\"elementor-column elementor-col-50 elementor-inner-column elementor-element elementor-element-f646dc9\" data-id=\"f646dc9\" data-element_type=\"column\">\n\t\t\t<div class=\"elementor-widget-wrap elementor-element-populated\">\n\t\t\t\t\t\t<div class=\"elementor-element elementor-element-a1c1007 elementor-cta--valign-middle elementor-cta--skin-classic elementor-animated-content elementor-bg-transform elementor-bg-transform-zoom-in elementor-widget elementor-widget-call-to-action\" data-id=\"a1c1007\" data-element_type=\"widget\" data-widget_type=\"call-to-action.default\">\n\t\t\t\t<div class=\"elementor-widget-container\">\n\t\t\t\t\t\t\t<a class=\"elementor-cta\" href=\"https:\/\/prive-club.pl\/en\/hair-reconstruction\/reconstruction\/\" target=\"_blank\">\n\t\t\t\t\t\t\t<div class=\"elementor-cta__content\">\n\t\t\t\t\n\t\t\t\t\t\t\t\t\t<h2 class=\"elementor-cta__title elementor-cta__content-item elementor-content-item\">\n\t\t\t\t\t\tRECONSTRUCTION\t\t\t\t\t<\/h2>\n\t\t\t\t\n\t\t\t\t\t\t\t\t\t<div class=\"elementor-cta__description elementor-cta__content-item elementor-content-item\">\n\t\t\t\t\t\tThe reconstructive procedure using the FIELD is popular in the United States, which has benefited the Kardashian sisters, among others. Its effects last for a long time and rebuild damaged hair molecules. The reconstructive treatment was developed based on the synergy of four products that guarantee the best results-reconstruction and strengthening, as well as shine and hydration.\t\t\t\t\t<\/div>\n\t\t\t\t\n\t\t\t\t\t\t\t\t\t<div class=\"elementor-cta__button-wrapper elementor-cta__content-item elementor-content-item \">\n\t\t\t\t\t<span class=\"elementor-cta__button elementor-button elementor-size-\">\n\t\t\t\t\t\tDetails\t\t\t\t\t<\/span>\n\t\t\t\t\t<\/div>\n\t\t\t\t\t\t\t<\/div>\n\t\t\t\t\t\t<\/a>\n\t\t\t\t\t\t<\/div>\n\t\t\t\t<\/div>\n\t\t\t\t<div class=\"elementor-element elementor-element-3631d00 elementor-cta--valign-middle elementor-cta--skin-classic elementor-animated-content elementor-bg-transform elementor-bg-transform-zoom-in elementor-widget elementor-widget-call-to-action\" data-id=\"3631d00\" data-element_type=\"widget\" data-widget_type=\"call-to-action.default\">\n\t\t\t\t<div class=\"elementor-widget-container\">\n\t\t\t\t\t\t\t<a class=\"elementor-cta\" href=\"https:\/\/prive-club.pl\/en\/hair-reconstruction\/reconstruction\/\" target=\"_blank\">\n\t\t\t\t\t\t\t<div class=\"elementor-cta__content\">\n\t\t\t\t\n\t\t\t\t\t\t\t\t\t<h2 class=\"elementor-cta__title elementor-cta__content-item elementor-content-item\">\n\t\t\t\t\t\tTrue Keratin therapy - keratin smoothing of hair\t\t\t\t\t<\/h2>\n\t\t\t\t\n\t\t\t\t\t\t\t\t\t<div class=\"elementor-cta__description elementor-cta__content-item elementor-content-item\">\n\t\t\t\t\t\tTrue Keratin is a professional keratin hair smoothing therapy available at\nprestigious PRIVE Beauty &amp; Hair salon in the center of Gdansk, Poland. The treatment is based on\nnatural keratin - the basic building block of hair - which safely\nsmooths, regenerates and gives hair intense shine.\nThis is not a treatment for people who expect perfect \"sheet straightening\" or for\ncurly hair who want to maintain a twist - True Keratin works best\nwith frizzy and unruly hair. \t\t\t\t\t<\/div>\n\t\t\t\t\n\t\t\t\t\t\t\t\t\t<div class=\"elementor-cta__button-wrapper elementor-cta__content-item elementor-content-item \">\n\t\t\t\t\t<span class=\"elementor-cta__button elementor-button elementor-size-\">\n\t\t\t\t\t\tDetails\t\t\t\t\t<\/span>\n\t\t\t\t\t<\/div>\n\t\t\t\t\t\t\t<\/div>\n\t\t\t\t\t\t<\/a>\n\t\t\t\t\t\t<\/div>\n\t\t\t\t<\/div>\n\t\t\t\t\t<\/div>\n\t\t<\/div>\n\t\t\t\t<div class=\"elementor-column elementor-col-50 elementor-inner-column elementor-element elementor-element-9f41579\" data-id=\"9f41579\" data-element_type=\"column\">\n\t\t\t<div class=\"elementor-widget-wrap elementor-element-populated\">\n\t\t\t\t\t\t<div class=\"elementor-element elementor-element-7e05ba8 elementor-cta--valign-middle elementor-cta--skin-classic elementor-animated-content elementor-bg-transform elementor-bg-transform-zoom-in elementor-widget elementor-widget-call-to-action\" data-id=\"7e05ba8\" data-element_type=\"widget\" data-widget_type=\"call-to-action.default\">\n\t\t\t\t<div class=\"elementor-widget-container\">\n\t\t\t\t\t\t\t<a class=\"elementor-cta\" href=\"https:\/\/prive-club.pl\/en\/hair-reconstruction\/spa-ritual-for-hair-at-prive-beautyhair-the-essence-of-luxury-care\/\" target=\"_blank\">\n\t\t\t\t\t\t\t<div class=\"elementor-cta__content\">\n\t\t\t\t\n\t\t\t\t\t\t\t\t\t<h2 class=\"elementor-cta__title elementor-cta__content-item elementor-content-item\">\n\t\t\t\t\t\tSPA RITUAL FOR HAIR AT PRIVE BEAUTY&amp;HAIR\t\t\t\t\t<\/h2>\n\t\t\t\t\n\t\t\t\t\t\t\t\t\t<div class=\"elementor-cta__description elementor-cta__content-item elementor-content-item\">\n\t\t\t\t\t\tYour hair is exposed to harmful factors every day - styling, coloring, environmental pollution or temperature changes. At PRIVE Beauty&amp;Hair we know how important it is to take proper care of them, so we created a unique SPA Ritual, which not only regenerates your hair, but also provides you with a moment of relaxation and indulgence. \t\t\t\t\t<\/div>\n\t\t\t\t\n\t\t\t\t\t\t\t\t\t<div class=\"elementor-cta__button-wrapper elementor-cta__content-item elementor-content-item \">\n\t\t\t\t\t<span class=\"elementor-cta__button elementor-button elementor-size-\">\n\t\t\t\t\t\tDetails\t\t\t\t\t<\/span>\n\t\t\t\t\t<\/div>\n\t\t\t\t\t\t\t<\/div>\n\t\t\t\t\t\t<\/a>\n\t\t\t\t\t\t<\/div>\n\t\t\t\t<\/div>\n\t\t\t\t\t<\/div>\n\t\t<\/div>\n\t\t\t\t\t<\/div>\n\t\t<\/section>\n\t\t\t\t\t<\/div>\n\t\t<\/div>\n\t\t\t\t\t<\/div>\n\t\t<\/section>\n\t\t\t\t<\/div>\n\t\t","protected":false},"excerpt":{"rendered":"<p>HAIR RECONSTRUCTION RECONSTRUCTION The reconstructive procedure using the FIELD is popular in the United States, which has benefited the Kardashian sisters, among others. Its effects last for a long time and rebuild damaged hair molecules. The reconstructive treatment was developed based on the synergy of four products that guarantee the best results-reconstruction and strengthening, as [&hellip;]<\/p>\n","protected":false},"author":6,"featured_media":0,"parent":0,"menu_order":0,"comment_status":"closed","ping_status":"closed","template":"","meta":{"footnotes":""},"class_list":["post-6952","page","type-page","status-publish","hentry"],"yoast_head":"<!-- This site is optimized with the Yoast SEO plugin v25.9 - https:\/\/yoast.com\/wordpress\/plugins\/seo\/ -->\n<title>HAIR RECONSTRUCTION - Prive Beauty &amp; Hair<\/title>\n<meta name=\"robots\" content=\"index, follow, max-snippet:-1, max-image-preview:large, max-video-preview:-1\" \/>\n<link rel=\"canonical\" href=\"https:\/\/prive-club.pl\/en\/hair-reconstruction\/\" \/>\n<meta property=\"og:locale\" content=\"en_US\" \/>\n<meta property=\"og:type\" content=\"article\" \/>\n<meta property=\"og:title\" content=\"HAIR RECONSTRUCTION - Prive Beauty &amp; Hair\" \/>\n<meta property=\"og:description\" content=\"HAIR RECONSTRUCTION RECONSTRUCTION The reconstructive procedure using the FIELD is popular in the United States, which has benefited the Kardashian sisters, among others. Its effects last for a long time and rebuild damaged hair molecules. The reconstructive treatment was developed based on the synergy of four products that guarantee the best results-reconstruction and strengthening, as [&hellip;]\" \/>\n<meta property=\"og:url\" content=\"https:\/\/prive-club.pl\/en\/hair-reconstruction\/\" \/>\n<meta property=\"og:site_name\" content=\"Prive Beauty &amp; Hair\" \/>\n<meta property=\"article:modified_time\" content=\"2026-04-19T17:04:40+00:00\" \/>\n<meta name=\"twitter:card\" content=\"summary_large_image\" \/>\n<meta name=\"twitter:label1\" content=\"Est. reading time\" \/>\n\t<meta name=\"twitter:data1\" content=\"1 minute\" \/>\n<script type=\"application\/ld+json\" class=\"yoast-schema-graph\">{\"@context\":\"https:\/\/schema.org\",\"@graph\":[{\"@type\":\"WebPage\",\"@id\":\"https:\/\/prive-club.pl\/en\/hair-reconstruction\/\",\"url\":\"https:\/\/prive-club.pl\/en\/hair-reconstruction\/\",\"name\":\"HAIR RECONSTRUCTION - Prive Beauty &amp; Hair\",\"isPartOf\":{\"@id\":\"https:\/\/prive-club.pl\/en\/#website\"},\"datePublished\":\"2023-12-02T04:34:37+00:00\",\"dateModified\":\"2026-04-19T17:04:40+00:00\",\"breadcrumb\":{\"@id\":\"https:\/\/prive-club.pl\/en\/hair-reconstruction\/#breadcrumb\"},\"inLanguage\":\"en-US\",\"potentialAction\":[{\"@type\":\"ReadAction\",\"target\":[\"https:\/\/prive-club.pl\/en\/hair-reconstruction\/\"]}]},{\"@type\":\"BreadcrumbList\",\"@id\":\"https:\/\/prive-club.pl\/en\/hair-reconstruction\/#breadcrumb\",\"itemListElement\":[{\"@type\":\"ListItem\",\"position\":1,\"name\":\"Strona g\u0142\u00f3wna\",\"item\":\"https:\/\/prive-club.pl\/\"},{\"@type\":\"ListItem\",\"position\":2,\"name\":\"HAIR RECONSTRUCTION\"}]},{\"@type\":\"WebSite\",\"@id\":\"https:\/\/prive-club.pl\/en\/#website\",\"url\":\"https:\/\/prive-club.pl\/en\/\",\"name\":\"Prive Beauty &amp; Hair\",\"description\":\"Fryzjer Gda\u0144sk , Depilacja Laserowa Gda\u0144sk, zamykanie naczynek Gda\u0144sk\",\"publisher\":{\"@id\":\"https:\/\/prive-club.pl\/en\/#organization\"},\"potentialAction\":[{\"@type\":\"SearchAction\",\"target\":{\"@type\":\"EntryPoint\",\"urlTemplate\":\"https:\/\/prive-club.pl\/en\/?s={search_term_string}\"},\"query-input\":{\"@type\":\"PropertyValueSpecification\",\"valueRequired\":true,\"valueName\":\"search_term_string\"}}],\"inLanguage\":\"en-US\"},{\"@type\":\"Organization\",\"@id\":\"https:\/\/prive-club.pl\/en\/#organization\",\"name\":\"Prive Beauty &amp; Hair\",\"url\":\"https:\/\/prive-club.pl\/en\/\",\"logo\":{\"@type\":\"ImageObject\",\"inLanguage\":\"en-US\",\"@id\":\"https:\/\/prive-club.pl\/en\/#\/schema\/logo\/image\/\",\"url\":\"https:\/\/prive-club.pl\/wp-content\/uploads\/2020\/04\/Prive-beauty-logo.png\",\"contentUrl\":\"https:\/\/prive-club.pl\/wp-content\/uploads\/2020\/04\/Prive-beauty-logo.png\",\"width\":1851,\"height\":879,\"caption\":\"Prive Beauty &amp; Hair\"},\"image\":{\"@id\":\"https:\/\/prive-club.pl\/en\/#\/schema\/logo\/image\/\"}}]}<\/script>\n<!-- \/ Yoast SEO plugin. -->","yoast_head_json":{"title":"HAIR RECONSTRUCTION - Prive Beauty &amp; Hair","robots":{"index":"index","follow":"follow","max-snippet":"max-snippet:-1","max-image-preview":"max-image-preview:large","max-video-preview":"max-video-preview:-1"},"canonical":"https:\/\/prive-club.pl\/en\/hair-reconstruction\/","og_locale":"en_US","og_type":"article","og_title":"HAIR RECONSTRUCTION - Prive Beauty &amp; Hair","og_description":"HAIR RECONSTRUCTION RECONSTRUCTION The reconstructive procedure using the FIELD is popular in the United States, which has benefited the Kardashian sisters, among others. Its effects last for a long time and rebuild damaged hair molecules. The reconstructive treatment was developed based on the synergy of four products that guarantee the best results-reconstruction and strengthening, as [&hellip;]","og_url":"https:\/\/prive-club.pl\/en\/hair-reconstruction\/","og_site_name":"Prive Beauty &amp; Hair","article_modified_time":"2026-04-19T17:04:40+00:00","twitter_card":"summary_large_image","twitter_misc":{"Est. reading time":"1 minute"},"schema":{"@context":"https:\/\/schema.org","@graph":[{"@type":"WebPage","@id":"https:\/\/prive-club.pl\/en\/hair-reconstruction\/","url":"https:\/\/prive-club.pl\/en\/hair-reconstruction\/","name":"HAIR RECONSTRUCTION - Prive Beauty &amp; Hair","isPartOf":{"@id":"https:\/\/prive-club.pl\/en\/#website"},"datePublished":"2023-12-02T04:34:37+00:00","dateModified":"2026-04-19T17:04:40+00:00","breadcrumb":{"@id":"https:\/\/prive-club.pl\/en\/hair-reconstruction\/#breadcrumb"},"inLanguage":"en-US","potentialAction":[{"@type":"ReadAction","target":["https:\/\/prive-club.pl\/en\/hair-reconstruction\/"]}]},{"@type":"BreadcrumbList","@id":"https:\/\/prive-club.pl\/en\/hair-reconstruction\/#breadcrumb","itemListElement":[{"@type":"ListItem","position":1,"name":"Strona g\u0142\u00f3wna","item":"https:\/\/prive-club.pl\/"},{"@type":"ListItem","position":2,"name":"HAIR RECONSTRUCTION"}]},{"@type":"WebSite","@id":"https:\/\/prive-club.pl\/en\/#website","url":"https:\/\/prive-club.pl\/en\/","name":"Prive Beauty &amp; Hair","description":"Fryzjer Gda\u0144sk , Depilacja Laserowa Gda\u0144sk, zamykanie naczynek Gda\u0144sk","publisher":{"@id":"https:\/\/prive-club.pl\/en\/#organization"},"potentialAction":[{"@type":"SearchAction","target":{"@type":"EntryPoint","urlTemplate":"https:\/\/prive-club.pl\/en\/?s={search_term_string}"},"query-input":{"@type":"PropertyValueSpecification","valueRequired":true,"valueName":"search_term_string"}}],"inLanguage":"en-US"},{"@type":"Organization","@id":"https:\/\/prive-club.pl\/en\/#organization","name":"Prive Beauty &amp; Hair","url":"https:\/\/prive-club.pl\/en\/","logo":{"@type":"ImageObject","inLanguage":"en-US","@id":"https:\/\/prive-club.pl\/en\/#\/schema\/logo\/image\/","url":"https:\/\/prive-club.pl\/wp-content\/uploads\/2020\/04\/Prive-beauty-logo.png","contentUrl":"https:\/\/prive-club.pl\/wp-content\/uploads\/2020\/04\/Prive-beauty-logo.png","width":1851,"height":879,"caption":"Prive Beauty &amp; Hair"},"image":{"@id":"https:\/\/prive-club.pl\/en\/#\/schema\/logo\/image\/"}}]}},"_links":{"self":[{"href":"https:\/\/prive-club.pl\/en\/wp-json\/wp\/v2\/pages\/6952","targetHints":{"allow":["GET"]}}],"collection":[{"href":"https:\/\/prive-club.pl\/en\/wp-json\/wp\/v2\/pages"}],"about":[{"href":"https:\/\/prive-club.pl\/en\/wp-json\/wp\/v2\/types\/page"}],"author":[{"embeddable":true,"href":"https:\/\/prive-club.pl\/en\/wp-json\/wp\/v2\/users\/6"}],"replies":[{"embeddable":true,"href":"https:\/\/prive-club.pl\/en\/wp-json\/wp\/v2\/comments?post=6952"}],"version-history":[{"count":0,"href":"https:\/\/prive-club.pl\/en\/wp-json\/wp\/v2\/pages\/6952\/revisions"}],"wp:attachment":[{"href":"https:\/\/prive-club.pl\/en\/wp-json\/wp\/v2\/media?parent=6952"}],"curies":[{"name":"wp","href":"https:\/\/api.w.org\/{rel}","templated":true}]}}