{"id":6946,"date":"2023-12-02T17:21:55","date_gmt":"2023-12-02T16:21:55","guid":{"rendered":"https:\/\/prive-club.pl\/chemical-peelings\/pca-skin\/"},"modified":"2026-02-08T21:54:16","modified_gmt":"2026-02-08T20:54:16","slug":"pca-skin","status":"publish","type":"page","link":"https:\/\/prive-club.pl\/en\/chemical-peelings\/pca-skin\/","title":{"rendered":"PCA SKIN"},"content":{"rendered":"\t\t<div data-elementor-type=\"wp-page\" data-elementor-id=\"6946\" class=\"elementor elementor-6946 elementor-4028\" data-elementor-post-type=\"page\">\n\t\t\t\t\t\t<section class=\"elementor-section elementor-top-section elementor-element elementor-element-15cb2fec elementor-section-content-middle elementor-section-stretched elementor-section-height-min-height elementor-section-boxed elementor-section-height-default elementor-section-items-middle\" data-id=\"15cb2fec\" data-element_type=\"section\" data-settings=\"{&quot;background_background&quot;:&quot;video&quot;,&quot;stretch_section&quot;:&quot;section-stretched&quot;,&quot;background_video_link&quot;:&quot;https:\\\/\\\/prive-club.pl\\\/wp-content\\\/uploads\\\/2024\\\/02\\\/257.mp4&quot;,&quot;background_video_start&quot;:0,&quot;background_play_on_mobile&quot;:&quot;yes&quot;}\">\n\t\t\t\t\t\t\t\t<div class=\"elementor-background-video-container\" aria-hidden=\"true\">\n\t\t\t\t\t\t\t\t\t\t\t\t\t<video class=\"elementor-background-video-hosted\" autoplay muted playsinline loop><\/video>\n\t\t\t\t\t\t\t\t\t\t\t<\/div>\n\t\t\t\t\t\t\t\t<div class=\"elementor-container elementor-column-gap-default\">\n\t\t\t\t\t<div class=\"elementor-column elementor-col-100 elementor-top-column elementor-element elementor-element-529cc6f9\" data-id=\"529cc6f9\" data-element_type=\"column\">\n\t\t\t<div class=\"elementor-widget-wrap elementor-element-populated\">\n\t\t\t\t\t\t<div class=\"elementor-element elementor-element-416ed142 elementor-widget elementor-widget-heading\" data-id=\"416ed142\" data-element_type=\"widget\" data-widget_type=\"heading.default\">\n\t\t\t\t<div class=\"elementor-widget-container\">\n\t\t\t\t\t<h1 class=\"elementor-heading-title elementor-size-default\">PCA SKIN<\/h1>\t\t\t\t<\/div>\n\t\t\t\t<\/div>\n\t\t\t\t\t<\/div>\n\t\t<\/div>\n\t\t\t\t\t<\/div>\n\t\t<\/section>\n\t\t\t\t<section class=\"elementor-section elementor-top-section elementor-element elementor-element-2ef6505b elementor-section-stretched elementor-section-boxed elementor-section-height-default elementor-section-height-default\" data-id=\"2ef6505b\" data-element_type=\"section\" data-settings=\"{&quot;background_background&quot;:&quot;classic&quot;,&quot;stretch_section&quot;:&quot;section-stretched&quot;}\">\n\t\t\t\t\t\t<div class=\"elementor-container elementor-column-gap-default\">\n\t\t\t\t\t<div class=\"elementor-column elementor-col-100 elementor-top-column elementor-element elementor-element-d9847b9\" data-id=\"d9847b9\" data-element_type=\"column\">\n\t\t\t<div class=\"elementor-widget-wrap elementor-element-populated\">\n\t\t\t\t\t\t<div class=\"elementor-element elementor-element-71c506ae elementor-widget elementor-widget-text-editor\" data-id=\"71c506ae\" data-element_type=\"widget\" data-widget_type=\"text-editor.default\">\n\t\t\t\t<div class=\"elementor-widget-container\">\n\t\t\t\t\t\t\t\t\t<h4><strong>Gdansk PCA Acids &#8211; Peelings for the Health of Your Skin<\/strong><\/h4>\n<p>PCA Acid Cosmetics in Gdansk offers various types of chemical peels to reduce excess dead skin on the face. Each of these scrubs is specifically tailored to the individual needs of different skin types.<\/p>\n<ul>\n<li>\n<p>Sensi Peel is designed for particularly sensitive or sun-damaged skin. It strengthens, brightens the skin and has an antibacterial effect.<\/p>\n<\/li>\n<li>\n<p>For dehydrated and mature skin, the revitalizing properties of the Ultra Peel, which evens out skin tone and texture, will be ideal.<\/p>\n<\/li>\n<\/ul>\n<p>Come in for a consultation so a cosmetologist can choose the right treatment for your skin.<\/p>\n\t\t\t\t\t\t\t\t<\/div>\n\t\t\t\t<\/div>\n\t\t\t\t<div class=\"elementor-element elementor-element-9dbe16a elementor-widget elementor-widget-image\" data-id=\"9dbe16a\" data-element_type=\"widget\" data-widget_type=\"image.default\">\n\t\t\t\t<div class=\"elementor-widget-container\">\n\t\t\t\t\t\t\t\t\t\t\t\t\t\t\t<img fetchpriority=\"high\" decoding=\"async\" width=\"1920\" height=\"1080\" src=\"https:\/\/prive-club.pl\/wp-content\/uploads\/2024\/03\/BIOREPEEL-MIKRONAKLUWANIE.jpg\" class=\"attachment-full size-full wp-image-6849\" alt=\"\" srcset=\"https:\/\/prive-club.pl\/wp-content\/uploads\/2024\/03\/BIOREPEEL-MIKRONAKLUWANIE.jpg 1920w, https:\/\/prive-club.pl\/wp-content\/uploads\/2024\/03\/BIOREPEEL-MIKRONAKLUWANIE-300x169.jpg 300w, https:\/\/prive-club.pl\/wp-content\/uploads\/2024\/03\/BIOREPEEL-MIKRONAKLUWANIE-1024x576.jpg 1024w, https:\/\/prive-club.pl\/wp-content\/uploads\/2024\/03\/BIOREPEEL-MIKRONAKLUWANIE-768x432.jpg 768w, https:\/\/prive-club.pl\/wp-content\/uploads\/2024\/03\/BIOREPEEL-MIKRONAKLUWANIE-1536x864.jpg 1536w\" sizes=\"(max-width: 1920px) 100vw, 1920px\" \/>\t\t\t\t\t\t\t\t\t\t\t\t\t\t\t<\/div>\n\t\t\t\t<\/div>\n\t\t\t\t<div class=\"elementor-element elementor-element-8d780ac elementor-widget elementor-widget-text-editor\" data-id=\"8d780ac\" data-element_type=\"widget\" data-widget_type=\"text-editor.default\">\n\t\t\t\t<div class=\"elementor-widget-container\">\n\t\t\t\t\t\t\t\t\t<h4><strong style=\"color: inherit; font-size: 1.5rem;\">Indications:<\/strong><\/h4>\n<ul>\n<li>Fine wrinkles<\/li>\n<li>Scars (including acne)<\/li>\n<li>Discoloration and pigmentary changes<\/li>\n<li>Dilated pores<\/li>\n<li>Sun-damaged skin<\/li>\n<\/ul>\n<h4><strong>Contraindications:<\/strong><\/h4>\n<ul>\n<li>Active cancer<\/li>\n<li>Persistent inflammation of the skin<\/li>\n<li>Active herpes<\/li>\n<li>A fresh tan on the skin<\/li>\n<li>Allergy to the components of the preparations used<\/li>\n<li>Irritation, damage or interrupted skin continuity<\/li>\n<li>Skin allergies<\/li>\n<li>Acne rosacea<\/li>\n<li>Seborrheic dermatitis<\/li>\n<li>Atopic dermatitis<\/li>\n<li>Retinoid therapy (must be discontinued at least 6 months prior to treatment)<\/li>\n<li>Autoimmune diseases (such as collagenosis or pemphigus)<\/li>\n<li>Sensory disturbances<\/li>\n<li>Elevated body temperature<\/li>\n<\/ul>\n\t\t\t\t\t\t\t\t<\/div>\n\t\t\t\t<\/div>\n\t\t\t\t<div class=\"elementor-element elementor-element-c87caf8 elementor-widget elementor-widget-jkit_accordion\" data-id=\"c87caf8\" data-element_type=\"widget\" data-widget_type=\"jkit_accordion.default\">\n\t\t\t\t<div class=\"elementor-widget-container\">\n\t\t\t\t\t<div  class=\"jeg-elementor-kit jkit-accordion style-default jeg_module___69debe08994ad\" ><div class=\"card-wrapper \">\n                <div class=\"card-header\">\n                    <a href=\"#expand-5888e1e\" class=\"card-header-button\" aria-expanded=\"false\" data-target=\"#expand-5888e1e\" aria-controls=\"expand-5888e1e\">\n                        <span class=\"title\">EFEKTY<\/span><div class=\"right-icon-group\">\n                <div class=\"normal-icon\"><i aria-hidden=\"true\" class=\"jki jki-plus-light\"><\/i><\/div>\n                <div class=\"active-icon\"><i aria-hidden=\"true\" class=\"jki jki-minus-light\"><\/i><\/div>\n            <\/div>\n                    <\/a>\n                <\/div>\n                <div class=\"card-expand\" id=\"expand-5888e1e\" style=\"display:none\"><div class=\"card-body\"><a href=\"https:\/\/prive-club.pl\/wp-content\/uploads\/2024\/03\/PCA-SKIN.jpg\"><img decoding=\"async\" class=\"borderr borderrc2 alignnone wp-image-6601 size-full\" src=\"https:\/\/prive-club.pl\/wp-content\/uploads\/2024\/03\/PCA-SKIN.jpg\" alt=\"PCA SKIN\" width=\"1080\" height=\"1080\" srcset=\"https:\/\/prive-club.pl\/wp-content\/uploads\/2024\/03\/PCA-SKIN.jpg 1080w, https:\/\/prive-club.pl\/wp-content\/uploads\/2024\/03\/PCA-SKIN-300x300.jpg 300w, https:\/\/prive-club.pl\/wp-content\/uploads\/2024\/03\/PCA-SKIN-1024x1024.jpg 1024w, https:\/\/prive-club.pl\/wp-content\/uploads\/2024\/03\/PCA-SKIN-150x150.jpg 150w, https:\/\/prive-club.pl\/wp-content\/uploads\/2024\/03\/PCA-SKIN-768x768.jpg 768w\" sizes=\"(max-width: 1080px) 100vw, 1080px\" \/><\/a> <a href=\"https:\/\/prive-club.pl\/wp-content\/uploads\/2024\/03\/PCA-SKIN-2.jpg\"><img decoding=\"async\" class=\"borderr borderrc2 alignnone wp-image-6600 size-full\" src=\"https:\/\/prive-club.pl\/wp-content\/uploads\/2024\/03\/PCA-SKIN-2.jpg\" alt=\"PCA SKIN 2\" width=\"1080\" height=\"1080\" srcset=\"https:\/\/prive-club.pl\/wp-content\/uploads\/2024\/03\/PCA-SKIN-2.jpg 1080w, https:\/\/prive-club.pl\/wp-content\/uploads\/2024\/03\/PCA-SKIN-2-300x300.jpg 300w, https:\/\/prive-club.pl\/wp-content\/uploads\/2024\/03\/PCA-SKIN-2-1024x1024.jpg 1024w, https:\/\/prive-club.pl\/wp-content\/uploads\/2024\/03\/PCA-SKIN-2-150x150.jpg 150w, https:\/\/prive-club.pl\/wp-content\/uploads\/2024\/03\/PCA-SKIN-2-768x768.jpg 768w\" sizes=\"(max-width: 1080px) 100vw, 1080px\" \/><\/a><\/div><\/div>\n            <\/div><\/div>\t\t\t\t<\/div>\n\t\t\t\t<\/div>\n\t\t\t\t\t<\/div>\n\t\t<\/div>\n\t\t\t\t\t<\/div>\n\t\t<\/section>\n\t\t\t\t<section class=\"elementor-section elementor-top-section elementor-element elementor-element-403d8d15 elementor-section-content-middle elementor-section-stretched elementor-section-boxed elementor-section-height-default elementor-section-height-default\" data-id=\"403d8d15\" data-element_type=\"section\" data-settings=\"{&quot;background_background&quot;:&quot;classic&quot;,&quot;stretch_section&quot;:&quot;section-stretched&quot;}\">\n\t\t\t\t\t\t<div class=\"elementor-container elementor-column-gap-default\">\n\t\t\t\t\t<div class=\"elementor-column elementor-col-100 elementor-top-column elementor-element elementor-element-43a53f2d\" data-id=\"43a53f2d\" data-element_type=\"column\">\n\t\t\t<div class=\"elementor-widget-wrap elementor-element-populated\">\n\t\t\t\t\t\t<div class=\"elementor-element elementor-element-1b2acf56 elementor-widget elementor-widget-heading\" data-id=\"1b2acf56\" data-element_type=\"widget\" data-widget_type=\"heading.default\">\n\t\t\t\t<div class=\"elementor-widget-container\">\n\t\t\t\t\t<h5 class=\"elementor-heading-title elementor-size-default\">Price list<\/h5>\t\t\t\t<\/div>\n\t\t\t\t<\/div>\n\t\t\t\t<div class=\"elementor-element elementor-element-4808459f elementor-widget-divider--view-line elementor-widget elementor-widget-divider\" data-id=\"4808459f\" data-element_type=\"widget\" data-widget_type=\"divider.default\">\n\t\t\t\t<div class=\"elementor-widget-container\">\n\t\t\t\t\t\t\t<div class=\"elementor-divider\">\n\t\t\t<span class=\"elementor-divider-separator\">\n\t\t\t\t\t\t<\/span>\n\t\t<\/div>\n\t\t\t\t\t\t<\/div>\n\t\t\t\t<\/div>\n\t\t\t\t<section class=\"elementor-section elementor-inner-section elementor-element elementor-element-26abc304 elementor-section-boxed elementor-section-height-default elementor-section-height-default\" data-id=\"26abc304\" data-element_type=\"section\">\n\t\t\t\t\t\t<div class=\"elementor-container elementor-column-gap-wider\">\n\t\t\t\t\t<div class=\"elementor-column elementor-col-100 elementor-inner-column elementor-element elementor-element-3ede3242\" data-id=\"3ede3242\" data-element_type=\"column\">\n\t\t\t<div class=\"elementor-widget-wrap elementor-element-populated\">\n\t\t\t\t\t\t<div class=\"elementor-element elementor-element-632ec6ec elementor-widget elementor-widget-price-list\" data-id=\"632ec6ec\" data-element_type=\"widget\" data-widget_type=\"price-list.default\">\n\t\t\t\t<div class=\"elementor-widget-container\">\n\t\t\t\t\t\n\t\t<ul class=\"elementor-price-list\">\n\n\t\t\t\t\t\t\t\t\t<li class=\"elementor-price-list-item\">\t\t\t\t\n\t\t\t\t<div class=\"elementor-price-list-text\">\n\t\t\t\t\t\t\t\t\t<div class=\"elementor-price-list-header\">\n\t\t\t\t\t\t\t\t\t\t\t<span class=\"elementor-price-list-title\">\n\t\t\t\t\t\t\tDiscoloration\t\t\t\t\t\t<\/span>\n\t\t\t\t\t\t\t\t\t\t\t\t\t\t\t\t\t\t<span class=\"elementor-price-list-separator\"><\/span>\n\t\t\t\t\t\t\t\t\t\t\t\t\t\t\t\t\t\t\t<span class=\"elementor-price-list-price\">320 z\u0142 +<\/span>\n\t\t\t\t\t\t\t\t\t\t<\/div>\n\t\t\t\t\t\t\t\t\t\t\t\t<\/div>\n\t\t\t\t<\/li>\t\t\t\t\t\t\t\t\t\t\t\t<li class=\"elementor-price-list-item\">\t\t\t\t\n\t\t\t\t<div class=\"elementor-price-list-text\">\n\t\t\t\t\t\t\t\t\t<div class=\"elementor-price-list-header\">\n\t\t\t\t\t\t\t\t\t\t\t<span class=\"elementor-price-list-title\">\n\t\t\t\t\t\t\tAnti-age  \t\t\t\t\t\t<\/span>\n\t\t\t\t\t\t\t\t\t\t\t\t\t\t\t\t\t\t<span class=\"elementor-price-list-separator\"><\/span>\n\t\t\t\t\t\t\t\t\t\t\t\t\t\t\t\t\t\t\t<span class=\"elementor-price-list-price\">320 z\u0142 +<\/span>\n\t\t\t\t\t\t\t\t\t\t<\/div>\n\t\t\t\t\t\t\t\t\t\t\t\t<\/div>\n\t\t\t\t<\/li>\t\t\t\t\t\t\t\t\t\t\t\t<li class=\"elementor-price-list-item\">\t\t\t\t\n\t\t\t\t<div class=\"elementor-price-list-text\">\n\t\t\t\t\t\t\t\t\t<div class=\"elementor-price-list-header\">\n\t\t\t\t\t\t\t\t\t\t\t<span class=\"elementor-price-list-title\">\n\t\t\t\t\t\t\tAcne rosacea\t\t\t\t\t\t<\/span>\n\t\t\t\t\t\t\t\t\t\t\t\t\t\t\t\t\t\t<span class=\"elementor-price-list-separator\"><\/span>\n\t\t\t\t\t\t\t\t\t\t\t\t\t\t\t\t\t\t\t<span class=\"elementor-price-list-price\">320 z\u0142 +<\/span>\n\t\t\t\t\t\t\t\t\t\t<\/div>\n\t\t\t\t\t\t\t\t\t\t\t\t<\/div>\n\t\t\t\t<\/li>\t\t\t\t\t\t\t\t\t\t\t\t<li class=\"elementor-price-list-item\">\t\t\t\t\n\t\t\t\t<div class=\"elementor-price-list-text\">\n\t\t\t\t\t\t\t\t\t<div class=\"elementor-price-list-header\">\n\t\t\t\t\t\t\t\t\t\t\t<span class=\"elementor-price-list-title\">\n\t\t\t\t\t\t\tScars  \t\t\t\t\t\t<\/span>\n\t\t\t\t\t\t\t\t\t\t\t\t\t\t\t\t\t\t<span class=\"elementor-price-list-separator\"><\/span>\n\t\t\t\t\t\t\t\t\t\t\t\t\t\t\t\t\t\t\t<span class=\"elementor-price-list-price\">320 z\u0142 +<\/span>\n\t\t\t\t\t\t\t\t\t\t<\/div>\n\t\t\t\t\t\t\t\t\t\t\t\t<\/div>\n\t\t\t\t<\/li>\t\t\t\t\t\t\t\t\t\t\t\t<li class=\"elementor-price-list-item\">\t\t\t\t\n\t\t\t\t<div class=\"elementor-price-list-text\">\n\t\t\t\t\t\t\t\t\t<div class=\"elementor-price-list-header\">\n\t\t\t\t\t\t\t\t\t\t\t<span class=\"elementor-price-list-title\">\n\t\t\t\t\t\t\tAcne  \t\t\t\t\t\t<\/span>\n\t\t\t\t\t\t\t\t\t\t\t\t\t\t\t\t\t\t<span class=\"elementor-price-list-separator\"><\/span>\n\t\t\t\t\t\t\t\t\t\t\t\t\t\t\t\t\t\t\t<span class=\"elementor-price-list-price\">320 z\u0142 +<\/span>\n\t\t\t\t\t\t\t\t\t\t<\/div>\n\t\t\t\t\t\t\t\t\t\t\t\t<\/div>\n\t\t\t\t<\/li>\t\t\t\t\t\n\t\t<\/ul>\n\n\t\t\t\t\t\t<\/div>\n\t\t\t\t<\/div>\n\t\t\t\t\t<\/div>\n\t\t<\/div>\n\t\t\t\t\t<\/div>\n\t\t<\/section>\n\t\t\t\t<div class=\"elementor-element elementor-element-219df82a elementor-align-center elementor-widget elementor-widget-button\" data-id=\"219df82a\" data-element_type=\"widget\" data-widget_type=\"button.default\">\n\t\t\t\t<div class=\"elementor-widget-container\">\n\t\t\t\t\t\t\t\t\t<div class=\"elementor-button-wrapper\">\n\t\t\t\t\t<a class=\"elementor-button elementor-button-link elementor-size-sm\" href=\"https:\/\/booksy.com\/pl-pl\/98864_prive-beauty-hair_salon-kosmetyczny_20383_gdansk?gclid=Cj0KCQjwy4KqBhD0ARIsAEbCt6irQVY2KZkFOY5bozC7bK_JsBIGmp0CDy_jvNEzPPLaqQCB57ibLKcaAiPjEALw_wcB\" target=\"_blank\">\n\t\t\t\t\t\t<span class=\"elementor-button-content-wrapper\">\n\t\t\t\t\t\t\t\t\t<span class=\"elementor-button-text\">RESERVE<\/span>\n\t\t\t\t\t<\/span>\n\t\t\t\t\t<\/a>\n\t\t\t\t<\/div>\n\t\t\t\t\t\t\t\t<\/div>\n\t\t\t\t<\/div>\n\t\t\t\t\t<\/div>\n\t\t<\/div>\n\t\t\t\t\t<\/div>\n\t\t<\/section>\n\t\t\t\t<\/div>\n\t\t","protected":false},"excerpt":{"rendered":"<p>PCA SKIN Gdansk PCA Acids &#8211; Peelings for the Health of Your Skin PCA Acid Cosmetics in Gdansk offers various types of chemical peels to reduce excess dead skin on the face. Each of these scrubs is specifically tailored to the individual needs of different skin types. Sensi Peel is designed for particularly sensitive or [&hellip;]<\/p>\n","protected":false},"author":6,"featured_media":0,"parent":6929,"menu_order":0,"comment_status":"closed","ping_status":"closed","template":"","meta":{"footnotes":""},"class_list":["post-6946","page","type-page","status-publish","hentry"],"yoast_head":"<!-- This site is optimized with the Yoast SEO plugin v25.9 - https:\/\/yoast.com\/wordpress\/plugins\/seo\/ -->\n<title>PCA SKIN - Prive Beauty &amp; Hair<\/title>\n<meta name=\"robots\" content=\"index, follow, max-snippet:-1, max-image-preview:large, max-video-preview:-1\" \/>\n<link rel=\"canonical\" href=\"https:\/\/prive-club.pl\/en\/chemical-peelings\/pca-skin\/\" \/>\n<meta property=\"og:locale\" content=\"en_US\" \/>\n<meta property=\"og:type\" content=\"article\" \/>\n<meta property=\"og:title\" content=\"PCA SKIN - Prive Beauty &amp; Hair\" \/>\n<meta property=\"og:description\" content=\"PCA SKIN Gdansk PCA Acids &#8211; Peelings for the Health of Your Skin PCA Acid Cosmetics in Gdansk offers various types of chemical peels to reduce excess dead skin on the face. Each of these scrubs is specifically tailored to the individual needs of different skin types. Sensi Peel is designed for particularly sensitive or [&hellip;]\" \/>\n<meta property=\"og:url\" content=\"https:\/\/prive-club.pl\/en\/chemical-peelings\/pca-skin\/\" \/>\n<meta property=\"og:site_name\" content=\"Prive Beauty &amp; Hair\" \/>\n<meta property=\"article:modified_time\" content=\"2026-02-08T20:54:16+00:00\" \/>\n<meta property=\"og:image\" content=\"https:\/\/prive-club.pl\/wp-content\/uploads\/2024\/03\/BIOREPEEL-MIKRONAKLUWANIE.jpg\" \/>\n\t<meta property=\"og:image:width\" content=\"1920\" \/>\n\t<meta property=\"og:image:height\" content=\"1080\" \/>\n\t<meta property=\"og:image:type\" content=\"image\/jpeg\" \/>\n<meta name=\"twitter:card\" content=\"summary_large_image\" \/>\n<meta name=\"twitter:label1\" content=\"Est. reading time\" \/>\n\t<meta name=\"twitter:data1\" content=\"1 minute\" \/>\n<script type=\"application\/ld+json\" class=\"yoast-schema-graph\">{\"@context\":\"https:\/\/schema.org\",\"@graph\":[{\"@type\":\"WebPage\",\"@id\":\"https:\/\/prive-club.pl\/en\/chemical-peelings\/pca-skin\/\",\"url\":\"https:\/\/prive-club.pl\/en\/chemical-peelings\/pca-skin\/\",\"name\":\"PCA SKIN - Prive Beauty &amp; Hair\",\"isPartOf\":{\"@id\":\"https:\/\/prive-club.pl\/en\/#website\"},\"primaryImageOfPage\":{\"@id\":\"https:\/\/prive-club.pl\/en\/chemical-peelings\/pca-skin\/#primaryimage\"},\"image\":{\"@id\":\"https:\/\/prive-club.pl\/en\/chemical-peelings\/pca-skin\/#primaryimage\"},\"thumbnailUrl\":\"https:\/\/prive-club.pl\/wp-content\/uploads\/2024\/03\/BIOREPEEL-MIKRONAKLUWANIE.jpg\",\"datePublished\":\"2023-12-02T16:21:55+00:00\",\"dateModified\":\"2026-02-08T20:54:16+00:00\",\"breadcrumb\":{\"@id\":\"https:\/\/prive-club.pl\/en\/chemical-peelings\/pca-skin\/#breadcrumb\"},\"inLanguage\":\"en-US\",\"potentialAction\":[{\"@type\":\"ReadAction\",\"target\":[\"https:\/\/prive-club.pl\/en\/chemical-peelings\/pca-skin\/\"]}]},{\"@type\":\"ImageObject\",\"inLanguage\":\"en-US\",\"@id\":\"https:\/\/prive-club.pl\/en\/chemical-peelings\/pca-skin\/#primaryimage\",\"url\":\"https:\/\/prive-club.pl\/wp-content\/uploads\/2024\/03\/BIOREPEEL-MIKRONAKLUWANIE.jpg\",\"contentUrl\":\"https:\/\/prive-club.pl\/wp-content\/uploads\/2024\/03\/BIOREPEEL-MIKRONAKLUWANIE.jpg\"},{\"@type\":\"BreadcrumbList\",\"@id\":\"https:\/\/prive-club.pl\/en\/chemical-peelings\/pca-skin\/#breadcrumb\",\"itemListElement\":[{\"@type\":\"ListItem\",\"position\":1,\"name\":\"Strona g\u0142\u00f3wna\",\"item\":\"https:\/\/prive-club.pl\/\"},{\"@type\":\"ListItem\",\"position\":2,\"name\":\"CHEMICAL PEELINGS\",\"item\":\"https:\/\/prive-club.pl\/en\/chemical-peelings\/\"},{\"@type\":\"ListItem\",\"position\":3,\"name\":\"PCA SKIN\"}]},{\"@type\":\"WebSite\",\"@id\":\"https:\/\/prive-club.pl\/en\/#website\",\"url\":\"https:\/\/prive-club.pl\/en\/\",\"name\":\"Prive Beauty &amp; Hair\",\"description\":\"Fryzjer Gda\u0144sk , Depilacja Laserowa Gda\u0144sk, zamykanie naczynek Gda\u0144sk\",\"publisher\":{\"@id\":\"https:\/\/prive-club.pl\/en\/#organization\"},\"potentialAction\":[{\"@type\":\"SearchAction\",\"target\":{\"@type\":\"EntryPoint\",\"urlTemplate\":\"https:\/\/prive-club.pl\/en\/?s={search_term_string}\"},\"query-input\":{\"@type\":\"PropertyValueSpecification\",\"valueRequired\":true,\"valueName\":\"search_term_string\"}}],\"inLanguage\":\"en-US\"},{\"@type\":\"Organization\",\"@id\":\"https:\/\/prive-club.pl\/en\/#organization\",\"name\":\"Prive Beauty &amp; Hair\",\"url\":\"https:\/\/prive-club.pl\/en\/\",\"logo\":{\"@type\":\"ImageObject\",\"inLanguage\":\"en-US\",\"@id\":\"https:\/\/prive-club.pl\/en\/#\/schema\/logo\/image\/\",\"url\":\"https:\/\/prive-club.pl\/wp-content\/uploads\/2020\/04\/Prive-beauty-logo.png\",\"contentUrl\":\"https:\/\/prive-club.pl\/wp-content\/uploads\/2020\/04\/Prive-beauty-logo.png\",\"width\":1851,\"height\":879,\"caption\":\"Prive Beauty &amp; Hair\"},\"image\":{\"@id\":\"https:\/\/prive-club.pl\/en\/#\/schema\/logo\/image\/\"}}]}<\/script>\n<!-- \/ Yoast SEO plugin. -->","yoast_head_json":{"title":"PCA SKIN - Prive Beauty &amp; Hair","robots":{"index":"index","follow":"follow","max-snippet":"max-snippet:-1","max-image-preview":"max-image-preview:large","max-video-preview":"max-video-preview:-1"},"canonical":"https:\/\/prive-club.pl\/en\/chemical-peelings\/pca-skin\/","og_locale":"en_US","og_type":"article","og_title":"PCA SKIN - Prive Beauty &amp; Hair","og_description":"PCA SKIN Gdansk PCA Acids &#8211; Peelings for the Health of Your Skin PCA Acid Cosmetics in Gdansk offers various types of chemical peels to reduce excess dead skin on the face. Each of these scrubs is specifically tailored to the individual needs of different skin types. Sensi Peel is designed for particularly sensitive or [&hellip;]","og_url":"https:\/\/prive-club.pl\/en\/chemical-peelings\/pca-skin\/","og_site_name":"Prive Beauty &amp; Hair","article_modified_time":"2026-02-08T20:54:16+00:00","og_image":[{"width":1920,"height":1080,"url":"https:\/\/prive-club.pl\/wp-content\/uploads\/2024\/03\/BIOREPEEL-MIKRONAKLUWANIE.jpg","type":"image\/jpeg"}],"twitter_card":"summary_large_image","twitter_misc":{"Est. reading time":"1 minute"},"schema":{"@context":"https:\/\/schema.org","@graph":[{"@type":"WebPage","@id":"https:\/\/prive-club.pl\/en\/chemical-peelings\/pca-skin\/","url":"https:\/\/prive-club.pl\/en\/chemical-peelings\/pca-skin\/","name":"PCA SKIN - Prive Beauty &amp; Hair","isPartOf":{"@id":"https:\/\/prive-club.pl\/en\/#website"},"primaryImageOfPage":{"@id":"https:\/\/prive-club.pl\/en\/chemical-peelings\/pca-skin\/#primaryimage"},"image":{"@id":"https:\/\/prive-club.pl\/en\/chemical-peelings\/pca-skin\/#primaryimage"},"thumbnailUrl":"https:\/\/prive-club.pl\/wp-content\/uploads\/2024\/03\/BIOREPEEL-MIKRONAKLUWANIE.jpg","datePublished":"2023-12-02T16:21:55+00:00","dateModified":"2026-02-08T20:54:16+00:00","breadcrumb":{"@id":"https:\/\/prive-club.pl\/en\/chemical-peelings\/pca-skin\/#breadcrumb"},"inLanguage":"en-US","potentialAction":[{"@type":"ReadAction","target":["https:\/\/prive-club.pl\/en\/chemical-peelings\/pca-skin\/"]}]},{"@type":"ImageObject","inLanguage":"en-US","@id":"https:\/\/prive-club.pl\/en\/chemical-peelings\/pca-skin\/#primaryimage","url":"https:\/\/prive-club.pl\/wp-content\/uploads\/2024\/03\/BIOREPEEL-MIKRONAKLUWANIE.jpg","contentUrl":"https:\/\/prive-club.pl\/wp-content\/uploads\/2024\/03\/BIOREPEEL-MIKRONAKLUWANIE.jpg"},{"@type":"BreadcrumbList","@id":"https:\/\/prive-club.pl\/en\/chemical-peelings\/pca-skin\/#breadcrumb","itemListElement":[{"@type":"ListItem","position":1,"name":"Strona g\u0142\u00f3wna","item":"https:\/\/prive-club.pl\/"},{"@type":"ListItem","position":2,"name":"CHEMICAL PEELINGS","item":"https:\/\/prive-club.pl\/en\/chemical-peelings\/"},{"@type":"ListItem","position":3,"name":"PCA SKIN"}]},{"@type":"WebSite","@id":"https:\/\/prive-club.pl\/en\/#website","url":"https:\/\/prive-club.pl\/en\/","name":"Prive Beauty &amp; Hair","description":"Fryzjer Gda\u0144sk , Depilacja Laserowa Gda\u0144sk, zamykanie naczynek Gda\u0144sk","publisher":{"@id":"https:\/\/prive-club.pl\/en\/#organization"},"potentialAction":[{"@type":"SearchAction","target":{"@type":"EntryPoint","urlTemplate":"https:\/\/prive-club.pl\/en\/?s={search_term_string}"},"query-input":{"@type":"PropertyValueSpecification","valueRequired":true,"valueName":"search_term_string"}}],"inLanguage":"en-US"},{"@type":"Organization","@id":"https:\/\/prive-club.pl\/en\/#organization","name":"Prive Beauty &amp; Hair","url":"https:\/\/prive-club.pl\/en\/","logo":{"@type":"ImageObject","inLanguage":"en-US","@id":"https:\/\/prive-club.pl\/en\/#\/schema\/logo\/image\/","url":"https:\/\/prive-club.pl\/wp-content\/uploads\/2020\/04\/Prive-beauty-logo.png","contentUrl":"https:\/\/prive-club.pl\/wp-content\/uploads\/2020\/04\/Prive-beauty-logo.png","width":1851,"height":879,"caption":"Prive Beauty &amp; Hair"},"image":{"@id":"https:\/\/prive-club.pl\/en\/#\/schema\/logo\/image\/"}}]}},"_links":{"self":[{"href":"https:\/\/prive-club.pl\/en\/wp-json\/wp\/v2\/pages\/6946","targetHints":{"allow":["GET"]}}],"collection":[{"href":"https:\/\/prive-club.pl\/en\/wp-json\/wp\/v2\/pages"}],"about":[{"href":"https:\/\/prive-club.pl\/en\/wp-json\/wp\/v2\/types\/page"}],"author":[{"embeddable":true,"href":"https:\/\/prive-club.pl\/en\/wp-json\/wp\/v2\/users\/6"}],"replies":[{"embeddable":true,"href":"https:\/\/prive-club.pl\/en\/wp-json\/wp\/v2\/comments?post=6946"}],"version-history":[{"count":0,"href":"https:\/\/prive-club.pl\/en\/wp-json\/wp\/v2\/pages\/6946\/revisions"}],"up":[{"embeddable":true,"href":"https:\/\/prive-club.pl\/en\/wp-json\/wp\/v2\/pages\/6929"}],"wp:attachment":[{"href":"https:\/\/prive-club.pl\/en\/wp-json\/wp\/v2\/media?parent=6946"}],"curies":[{"name":"wp","href":"https:\/\/api.w.org\/{rel}","templated":true}]}}