{"id":6944,"date":"2023-12-02T17:17:35","date_gmt":"2023-12-02T16:17:35","guid":{"rendered":"https:\/\/prive-club.pl\/chemical-peelings\/biorepeel\/"},"modified":"2024-05-19T22:18:37","modified_gmt":"2024-05-19T20:18:37","slug":"biorepeel","status":"publish","type":"page","link":"https:\/\/prive-club.pl\/en\/chemical-peelings\/biorepeel\/","title":{"rendered":"BIOREPEEL"},"content":{"rendered":"\t\t<div data-elementor-type=\"wp-page\" data-elementor-id=\"6944\" class=\"elementor elementor-6944 elementor-4016\" data-elementor-post-type=\"page\">\n\t\t\t\t\t\t<section class=\"elementor-section elementor-top-section elementor-element elementor-element-16a47f7e elementor-section-content-middle elementor-section-stretched elementor-section-height-min-height elementor-section-boxed elementor-section-height-default elementor-section-items-middle\" data-id=\"16a47f7e\" data-element_type=\"section\" data-settings=\"{&quot;background_background&quot;:&quot;video&quot;,&quot;stretch_section&quot;:&quot;section-stretched&quot;,&quot;background_video_link&quot;:&quot;http:\\\/\\\/prive-club.pl\\\/wp-content\\\/uploads\\\/2024\\\/02\\\/146.mp4&quot;,&quot;background_video_start&quot;:0,&quot;background_play_on_mobile&quot;:&quot;yes&quot;}\">\n\t\t\t\t\t\t\t\t<div class=\"elementor-background-video-container\" aria-hidden=\"true\">\n\t\t\t\t\t\t\t\t\t\t\t\t\t<video class=\"elementor-background-video-hosted\" autoplay muted playsinline loop><\/video>\n\t\t\t\t\t\t\t\t\t\t\t<\/div>\n\t\t\t\t\t\t\t\t<div class=\"elementor-container elementor-column-gap-default\">\n\t\t\t\t\t<div class=\"elementor-column elementor-col-100 elementor-top-column elementor-element elementor-element-193bb6f1\" data-id=\"193bb6f1\" data-element_type=\"column\">\n\t\t\t<div class=\"elementor-widget-wrap elementor-element-populated\">\n\t\t\t\t\t\t<div class=\"elementor-element elementor-element-2255521c elementor-widget elementor-widget-heading\" data-id=\"2255521c\" data-element_type=\"widget\" data-widget_type=\"heading.default\">\n\t\t\t\t<div class=\"elementor-widget-container\">\n\t\t\t\t\t<h1 class=\"elementor-heading-title elementor-size-default\">BIOREPEEL<\/h1>\t\t\t\t<\/div>\n\t\t\t\t<\/div>\n\t\t\t\t\t<\/div>\n\t\t<\/div>\n\t\t\t\t\t<\/div>\n\t\t<\/section>\n\t\t\t\t<section class=\"elementor-section elementor-top-section elementor-element elementor-element-2bec5116 elementor-section-stretched elementor-section-boxed elementor-section-height-default elementor-section-height-default\" data-id=\"2bec5116\" data-element_type=\"section\" data-settings=\"{&quot;background_background&quot;:&quot;classic&quot;,&quot;stretch_section&quot;:&quot;section-stretched&quot;}\">\n\t\t\t\t\t\t<div class=\"elementor-container elementor-column-gap-default\">\n\t\t\t\t\t<div class=\"elementor-column elementor-col-100 elementor-top-column elementor-element elementor-element-c002cf7\" data-id=\"c002cf7\" data-element_type=\"column\">\n\t\t\t<div class=\"elementor-widget-wrap elementor-element-populated\">\n\t\t\t\t\t\t<div class=\"elementor-element elementor-element-2aeb39e5 elementor-widget elementor-widget-heading\" data-id=\"2aeb39e5\" data-element_type=\"widget\" data-widget_type=\"heading.default\">\n\t\t\t\t<div class=\"elementor-widget-container\">\n\t\t\t\t\t<h2 class=\"elementor-heading-title elementor-size-default\">A BIOSTIMULATING INNOVATION FOR SKIN PEELING TO REGENERATE SKIN AND FIGHT ACNE!<\/h2>\t\t\t\t<\/div>\n\t\t\t\t<\/div>\n\t\t\t\t<div class=\"elementor-element elementor-element-64fe941e elementor-widget elementor-widget-text-editor\" data-id=\"64fe941e\" data-element_type=\"widget\" data-widget_type=\"text-editor.default\">\n\t\t\t\t<div class=\"elementor-widget-container\">\n\t\t\t\t\t\t\t\t\t<p>Harmonizing the biostimulating factors of the innovative BioRePeelCl3, it has a restorative and nourishing effect on the skin. Regardless of the patient&#8217;s skin needs, special features and a range of characteristics &#8211; BioRePeel will be an excellent revitalizing treatment. The skin requires special care given the factors that affect it every day. Even the slightest contact with pollution, stress and UV radiation have a destructive effect on it. At the very beginning, this is done without any effects noticeable to the naked eye. To inhibit and for the sake of the exemplary condition of the skin of the face, neck and d\u00e9collet\u00e9, a biostimulative treatment using BioRePeel will be salutary. BioRePeelCL3 is a widely recognized treatment with an incredible revitalizing power on the skin. It is not invasive in any way, and its two-phase formula works to nourish, soothe and rejuvenate skin of all types. It is patented in the form of a scrub, and is intended to biostimulate and exfoliate the skin without specific contraindications. Its action is to exfoliate and reduce imperfections, and in the next phase to stimulate new cells to rebuild. There are two phases of BioRePeelCl3, which include yellow and blue phases. Both phases are characterized by specific revitalizing properties and responsible for the reconstruction of new cells. In addition, after using the BioRePeel peel treatment, the effects become immediately apparent. Its formula is designed so that the stimulating and nourishing ingredients it contains penetrate into the deep layers of the skin, which standard drugstore cosmetics cannot handle. This treatment ensures that the skin is stimulated from the deepest layers and the nourishing effect will be long-lasting.<\/p>\n\t\t\t\t\t\t\t\t<\/div>\n\t\t\t\t<\/div>\n\t\t\t\t<div class=\"elementor-element elementor-element-c414086 elementor-widget elementor-widget-image\" data-id=\"c414086\" data-element_type=\"widget\" data-widget_type=\"image.default\">\n\t\t\t\t<div class=\"elementor-widget-container\">\n\t\t\t\t\t\t\t\t\t\t\t\t\t\t\t<img fetchpriority=\"high\" decoding=\"async\" width=\"1920\" height=\"1080\" src=\"https:\/\/prive-club.pl\/wp-content\/uploads\/2024\/03\/BIOREPEEL.jpg\" class=\"attachment-full size-full wp-image-6848\" alt=\"\" srcset=\"https:\/\/prive-club.pl\/wp-content\/uploads\/2024\/03\/BIOREPEEL.jpg 1920w, https:\/\/prive-club.pl\/wp-content\/uploads\/2024\/03\/BIOREPEEL-300x169.jpg 300w, https:\/\/prive-club.pl\/wp-content\/uploads\/2024\/03\/BIOREPEEL-1024x576.jpg 1024w, https:\/\/prive-club.pl\/wp-content\/uploads\/2024\/03\/BIOREPEEL-768x432.jpg 768w, https:\/\/prive-club.pl\/wp-content\/uploads\/2024\/03\/BIOREPEEL-1536x864.jpg 1536w\" sizes=\"(max-width: 1920px) 100vw, 1920px\" \/>\t\t\t\t\t\t\t\t\t\t\t\t\t\t\t<\/div>\n\t\t\t\t<\/div>\n\t\t\t\t<div class=\"elementor-element elementor-element-69380ff elementor-widget elementor-widget-text-editor\" data-id=\"69380ff\" data-element_type=\"widget\" data-widget_type=\"text-editor.default\">\n\t\t\t\t<div class=\"elementor-widget-container\">\n\t\t\t\t\t\t\t\t\t<p><span style=\"color: inherit; font-family: 'Tenor Sans', sans-serif; font-size: 1.5rem;\">Indications:<\/span><\/p>\n<ul>\n<li>Fine wrinkles<\/li>\n<li>Scars (including acne)<\/li>\n<li>Discoloration and pigmentary changes<\/li>\n<li>Dilated pores<\/li>\n<li>Sun-damaged skin<\/li>\n<\/ul>\n<h4>Contraindications:<\/h4>\n<ul>\n<li>Active cancer<\/li>\n<li>Persistent inflammation of the skin<\/li>\n<li>Active herpes<\/li>\n<li>A fresh tan on the skin<\/li>\n<li>Allergy to the components of the preparations used<\/li>\n<li>Irritation, damage or interrupted skin continuity<\/li>\n<li>Skin allergies<\/li>\n<li>Acne rosacea<\/li>\n<li>Seborrheic dermatitis<\/li>\n<li>Atopic dermatitis<\/li>\n<li>Retinoid therapy (must be discontinued at least 6 months prior to treatment)<\/li>\n<li>Autoimmune diseases (such as collagenosis or pemphigus)<\/li>\n<li>Sensory disturbances<\/li>\n<li>Elevated body temperature<\/li>\n<\/ul>\n\t\t\t\t\t\t\t\t<\/div>\n\t\t\t\t<\/div>\n\t\t\t\t\t<\/div>\n\t\t<\/div>\n\t\t\t\t\t<\/div>\n\t\t<\/section>\n\t\t\t\t<section class=\"elementor-section elementor-top-section elementor-element elementor-element-6a86da32 elementor-section-content-middle elementor-section-stretched elementor-section-boxed elementor-section-height-default elementor-section-height-default\" data-id=\"6a86da32\" data-element_type=\"section\" data-settings=\"{&quot;background_background&quot;:&quot;classic&quot;,&quot;stretch_section&quot;:&quot;section-stretched&quot;}\">\n\t\t\t\t\t\t<div class=\"elementor-container elementor-column-gap-default\">\n\t\t\t\t\t<div class=\"elementor-column elementor-col-100 elementor-top-column elementor-element elementor-element-409338f6\" data-id=\"409338f6\" data-element_type=\"column\">\n\t\t\t<div class=\"elementor-widget-wrap elementor-element-populated\">\n\t\t\t\t\t\t<div class=\"elementor-element elementor-element-2ff7e048 elementor-widget elementor-widget-heading\" data-id=\"2ff7e048\" data-element_type=\"widget\" data-widget_type=\"heading.default\">\n\t\t\t\t<div class=\"elementor-widget-container\">\n\t\t\t\t\t<h5 class=\"elementor-heading-title elementor-size-default\">Price list<\/h5>\t\t\t\t<\/div>\n\t\t\t\t<\/div>\n\t\t\t\t<div class=\"elementor-element elementor-element-7600af53 elementor-widget-divider--view-line elementor-widget elementor-widget-divider\" data-id=\"7600af53\" data-element_type=\"widget\" data-widget_type=\"divider.default\">\n\t\t\t\t<div class=\"elementor-widget-container\">\n\t\t\t\t\t\t\t<div class=\"elementor-divider\">\n\t\t\t<span class=\"elementor-divider-separator\">\n\t\t\t\t\t\t<\/span>\n\t\t<\/div>\n\t\t\t\t\t\t<\/div>\n\t\t\t\t<\/div>\n\t\t\t\t<section class=\"elementor-section elementor-inner-section elementor-element elementor-element-2d8b18b2 elementor-section-boxed elementor-section-height-default elementor-section-height-default\" data-id=\"2d8b18b2\" data-element_type=\"section\">\n\t\t\t\t\t\t<div class=\"elementor-container elementor-column-gap-wider\">\n\t\t\t\t\t<div class=\"elementor-column elementor-col-100 elementor-inner-column elementor-element elementor-element-6cefe904\" data-id=\"6cefe904\" data-element_type=\"column\">\n\t\t\t<div class=\"elementor-widget-wrap elementor-element-populated\">\n\t\t\t\t\t\t<div class=\"elementor-element elementor-element-312d4da elementor-widget elementor-widget-price-list\" data-id=\"312d4da\" data-element_type=\"widget\" data-widget_type=\"price-list.default\">\n\t\t\t\t<div class=\"elementor-widget-container\">\n\t\t\t\t\t\n\t\t<ul class=\"elementor-price-list\">\n\n\t\t\t\t\t\t\t\t\t<li class=\"elementor-price-list-item\">\t\t\t\t\n\t\t\t\t<div class=\"elementor-price-list-text\">\n\t\t\t\t\t\t\t\t\t<div class=\"elementor-price-list-header\">\n\t\t\t\t\t\t\t\t\t\t\t<span class=\"elementor-price-list-title\">\n\t\t\t\t\t\t\tFace\t\t\t\t\t\t<\/span>\n\t\t\t\t\t\t\t\t\t\t\t\t\t\t\t\t\t\t<span class=\"elementor-price-list-separator\"><\/span>\n\t\t\t\t\t\t\t\t\t\t\t\t\t\t\t\t\t\t\t<span class=\"elementor-price-list-price\">320,00 z\u0142<\/span>\n\t\t\t\t\t\t\t\t\t\t<\/div>\n\t\t\t\t\t\t\t\t\t\t\t\t<\/div>\n\t\t\t\t<\/li>\t\t\t\t\t\t\t\t\t\t\t\t<li class=\"elementor-price-list-item\">\t\t\t\t\n\t\t\t\t<div class=\"elementor-price-list-text\">\n\t\t\t\t\t\t\t\t\t<div class=\"elementor-price-list-header\">\n\t\t\t\t\t\t\t\t\t\t\t<span class=\"elementor-price-list-title\">\n\t\t\t\t\t\t\tFace + Neck\t\t\t\t\t\t<\/span>\n\t\t\t\t\t\t\t\t\t\t\t\t\t\t\t\t\t\t<span class=\"elementor-price-list-separator\"><\/span>\n\t\t\t\t\t\t\t\t\t\t\t\t\t\t\t\t\t\t\t<span class=\"elementor-price-list-price\">360,00 Z\u0142<\/span>\n\t\t\t\t\t\t\t\t\t\t<\/div>\n\t\t\t\t\t\t\t\t\t\t\t\t<\/div>\n\t\t\t\t<\/li>\t\t\t\t\t\t\t\t\t\t\t\t<li class=\"elementor-price-list-item\">\t\t\t\t\n\t\t\t\t<div class=\"elementor-price-list-text\">\n\t\t\t\t\t\t\t\t\t<div class=\"elementor-price-list-header\">\n\t\t\t\t\t\t\t\t\t\t\t<span class=\"elementor-price-list-title\">\n\t\t\t\t\t\t\tFace + Neck + Decolletage\t\t\t\t\t\t<\/span>\n\t\t\t\t\t\t\t\t\t\t\t\t\t\t\t\t\t\t<span class=\"elementor-price-list-separator\"><\/span>\n\t\t\t\t\t\t\t\t\t\t\t\t\t\t\t\t\t\t\t<span class=\"elementor-price-list-price\">420,00 z\u0142<\/span>\n\t\t\t\t\t\t\t\t\t\t<\/div>\n\t\t\t\t\t\t\t\t\t\t\t\t<\/div>\n\t\t\t\t<\/li>\t\t\t\t\t\n\t\t<\/ul>\n\n\t\t\t\t\t\t<\/div>\n\t\t\t\t<\/div>\n\t\t\t\t\t<\/div>\n\t\t<\/div>\n\t\t\t\t\t<\/div>\n\t\t<\/section>\n\t\t\t\t<div class=\"elementor-element elementor-element-ba977a8 elementor-align-center elementor-widget elementor-widget-button\" data-id=\"ba977a8\" data-element_type=\"widget\" data-widget_type=\"button.default\">\n\t\t\t\t<div class=\"elementor-widget-container\">\n\t\t\t\t\t\t\t\t\t<div class=\"elementor-button-wrapper\">\n\t\t\t\t\t<a class=\"elementor-button elementor-button-link elementor-size-sm\" href=\"https:\/\/booksy.com\/pl-pl\/98864_prive-beauty-hair_salon-kosmetyczny_20383_gdansk?gclid=Cj0KCQjwy4KqBhD0ARIsAEbCt6irQVY2KZkFOY5bozC7bK_JsBIGmp0CDy_jvNEzPPLaqQCB57ibLKcaAiPjEALw_wcB\" target=\"_blank\">\n\t\t\t\t\t\t<span class=\"elementor-button-content-wrapper\">\n\t\t\t\t\t\t\t\t\t<span class=\"elementor-button-text\">RESERVE<\/span>\n\t\t\t\t\t<\/span>\n\t\t\t\t\t<\/a>\n\t\t\t\t<\/div>\n\t\t\t\t\t\t\t\t<\/div>\n\t\t\t\t<\/div>\n\t\t\t\t\t<\/div>\n\t\t<\/div>\n\t\t\t\t\t<\/div>\n\t\t<\/section>\n\t\t\t\t<\/div>\n\t\t","protected":false},"excerpt":{"rendered":"<p>BIOREPEEL A BIOSTIMULATING INNOVATION FOR SKIN PEELING TO REGENERATE SKIN AND FIGHT ACNE! Harmonizing the biostimulating factors of the innovative BioRePeelCl3, it has a restorative and nourishing effect on the skin. Regardless of the patient&#8217;s skin needs, special features and a range of characteristics &#8211; BioRePeel will be an excellent revitalizing treatment. The skin requires [&hellip;]<\/p>\n","protected":false},"author":6,"featured_media":0,"parent":6929,"menu_order":0,"comment_status":"closed","ping_status":"closed","template":"","meta":{"footnotes":""},"class_list":["post-6944","page","type-page","status-publish","hentry"],"yoast_head":"<!-- This site is optimized with the Yoast SEO plugin v25.9 - https:\/\/yoast.com\/wordpress\/plugins\/seo\/ -->\n<title>BIOREPEEL - Prive Beauty &amp; Hair<\/title>\n<meta name=\"robots\" content=\"index, follow, max-snippet:-1, max-image-preview:large, max-video-preview:-1\" \/>\n<link rel=\"canonical\" href=\"https:\/\/prive-club.pl\/en\/chemical-peelings\/biorepeel\/\" \/>\n<meta property=\"og:locale\" content=\"en_US\" \/>\n<meta property=\"og:type\" content=\"article\" \/>\n<meta property=\"og:title\" content=\"BIOREPEEL - Prive Beauty &amp; Hair\" \/>\n<meta property=\"og:description\" content=\"BIOREPEEL A BIOSTIMULATING INNOVATION FOR SKIN PEELING TO REGENERATE SKIN AND FIGHT ACNE! Harmonizing the biostimulating factors of the innovative BioRePeelCl3, it has a restorative and nourishing effect on the skin. Regardless of the patient&#8217;s skin needs, special features and a range of characteristics &#8211; BioRePeel will be an excellent revitalizing treatment. The skin requires [&hellip;]\" \/>\n<meta property=\"og:url\" content=\"https:\/\/prive-club.pl\/en\/chemical-peelings\/biorepeel\/\" \/>\n<meta property=\"og:site_name\" content=\"Prive Beauty &amp; Hair\" \/>\n<meta property=\"article:modified_time\" content=\"2024-05-19T20:18:37+00:00\" \/>\n<meta property=\"og:image\" content=\"https:\/\/prive-club.pl\/wp-content\/uploads\/2024\/03\/BIOREPEEL.jpg\" \/>\n<meta name=\"twitter:card\" content=\"summary_large_image\" \/>\n<meta name=\"twitter:label1\" content=\"Est. reading time\" \/>\n\t<meta name=\"twitter:data1\" content=\"2 minutes\" \/>\n<script type=\"application\/ld+json\" class=\"yoast-schema-graph\">{\"@context\":\"https:\/\/schema.org\",\"@graph\":[{\"@type\":\"WebPage\",\"@id\":\"https:\/\/prive-club.pl\/en\/chemical-peelings\/biorepeel\/\",\"url\":\"https:\/\/prive-club.pl\/en\/chemical-peelings\/biorepeel\/\",\"name\":\"BIOREPEEL - Prive Beauty &amp; Hair\",\"isPartOf\":{\"@id\":\"https:\/\/prive-club.pl\/en\/#website\"},\"primaryImageOfPage\":{\"@id\":\"https:\/\/prive-club.pl\/en\/chemical-peelings\/biorepeel\/#primaryimage\"},\"image\":{\"@id\":\"https:\/\/prive-club.pl\/en\/chemical-peelings\/biorepeel\/#primaryimage\"},\"thumbnailUrl\":\"https:\/\/prive-club.pl\/wp-content\/uploads\/2024\/03\/BIOREPEEL.jpg\",\"datePublished\":\"2023-12-02T16:17:35+00:00\",\"dateModified\":\"2024-05-19T20:18:37+00:00\",\"breadcrumb\":{\"@id\":\"https:\/\/prive-club.pl\/en\/chemical-peelings\/biorepeel\/#breadcrumb\"},\"inLanguage\":\"en-US\",\"potentialAction\":[{\"@type\":\"ReadAction\",\"target\":[\"https:\/\/prive-club.pl\/en\/chemical-peelings\/biorepeel\/\"]}]},{\"@type\":\"ImageObject\",\"inLanguage\":\"en-US\",\"@id\":\"https:\/\/prive-club.pl\/en\/chemical-peelings\/biorepeel\/#primaryimage\",\"url\":\"https:\/\/prive-club.pl\/wp-content\/uploads\/2024\/03\/BIOREPEEL.jpg\",\"contentUrl\":\"https:\/\/prive-club.pl\/wp-content\/uploads\/2024\/03\/BIOREPEEL.jpg\"},{\"@type\":\"BreadcrumbList\",\"@id\":\"https:\/\/prive-club.pl\/en\/chemical-peelings\/biorepeel\/#breadcrumb\",\"itemListElement\":[{\"@type\":\"ListItem\",\"position\":1,\"name\":\"Strona g\u0142\u00f3wna\",\"item\":\"https:\/\/prive-club.pl\/\"},{\"@type\":\"ListItem\",\"position\":2,\"name\":\"CHEMICAL PEELINGS\",\"item\":\"https:\/\/prive-club.pl\/en\/chemical-peelings\/\"},{\"@type\":\"ListItem\",\"position\":3,\"name\":\"BIOREPEEL\"}]},{\"@type\":\"WebSite\",\"@id\":\"https:\/\/prive-club.pl\/en\/#website\",\"url\":\"https:\/\/prive-club.pl\/en\/\",\"name\":\"Prive Beauty &amp; Hair\",\"description\":\"Fryzjer Gda\u0144sk , Depilacja Laserowa Gda\u0144sk, zamykanie naczynek Gda\u0144sk\",\"publisher\":{\"@id\":\"https:\/\/prive-club.pl\/en\/#organization\"},\"potentialAction\":[{\"@type\":\"SearchAction\",\"target\":{\"@type\":\"EntryPoint\",\"urlTemplate\":\"https:\/\/prive-club.pl\/en\/?s={search_term_string}\"},\"query-input\":{\"@type\":\"PropertyValueSpecification\",\"valueRequired\":true,\"valueName\":\"search_term_string\"}}],\"inLanguage\":\"en-US\"},{\"@type\":\"Organization\",\"@id\":\"https:\/\/prive-club.pl\/en\/#organization\",\"name\":\"Prive Beauty &amp; Hair\",\"url\":\"https:\/\/prive-club.pl\/en\/\",\"logo\":{\"@type\":\"ImageObject\",\"inLanguage\":\"en-US\",\"@id\":\"https:\/\/prive-club.pl\/en\/#\/schema\/logo\/image\/\",\"url\":\"https:\/\/prive-club.pl\/wp-content\/uploads\/2020\/04\/Prive-beauty-logo.png\",\"contentUrl\":\"https:\/\/prive-club.pl\/wp-content\/uploads\/2020\/04\/Prive-beauty-logo.png\",\"width\":1851,\"height\":879,\"caption\":\"Prive Beauty &amp; Hair\"},\"image\":{\"@id\":\"https:\/\/prive-club.pl\/en\/#\/schema\/logo\/image\/\"}}]}<\/script>\n<!-- \/ Yoast SEO plugin. -->","yoast_head_json":{"title":"BIOREPEEL - Prive Beauty &amp; Hair","robots":{"index":"index","follow":"follow","max-snippet":"max-snippet:-1","max-image-preview":"max-image-preview:large","max-video-preview":"max-video-preview:-1"},"canonical":"https:\/\/prive-club.pl\/en\/chemical-peelings\/biorepeel\/","og_locale":"en_US","og_type":"article","og_title":"BIOREPEEL - Prive Beauty &amp; Hair","og_description":"BIOREPEEL A BIOSTIMULATING INNOVATION FOR SKIN PEELING TO REGENERATE SKIN AND FIGHT ACNE! Harmonizing the biostimulating factors of the innovative BioRePeelCl3, it has a restorative and nourishing effect on the skin. Regardless of the patient&#8217;s skin needs, special features and a range of characteristics &#8211; BioRePeel will be an excellent revitalizing treatment. The skin requires [&hellip;]","og_url":"https:\/\/prive-club.pl\/en\/chemical-peelings\/biorepeel\/","og_site_name":"Prive Beauty &amp; Hair","article_modified_time":"2024-05-19T20:18:37+00:00","og_image":[{"url":"https:\/\/prive-club.pl\/wp-content\/uploads\/2024\/03\/BIOREPEEL.jpg","type":"","width":"","height":""}],"twitter_card":"summary_large_image","twitter_misc":{"Est. reading time":"2 minutes"},"schema":{"@context":"https:\/\/schema.org","@graph":[{"@type":"WebPage","@id":"https:\/\/prive-club.pl\/en\/chemical-peelings\/biorepeel\/","url":"https:\/\/prive-club.pl\/en\/chemical-peelings\/biorepeel\/","name":"BIOREPEEL - Prive Beauty &amp; Hair","isPartOf":{"@id":"https:\/\/prive-club.pl\/en\/#website"},"primaryImageOfPage":{"@id":"https:\/\/prive-club.pl\/en\/chemical-peelings\/biorepeel\/#primaryimage"},"image":{"@id":"https:\/\/prive-club.pl\/en\/chemical-peelings\/biorepeel\/#primaryimage"},"thumbnailUrl":"https:\/\/prive-club.pl\/wp-content\/uploads\/2024\/03\/BIOREPEEL.jpg","datePublished":"2023-12-02T16:17:35+00:00","dateModified":"2024-05-19T20:18:37+00:00","breadcrumb":{"@id":"https:\/\/prive-club.pl\/en\/chemical-peelings\/biorepeel\/#breadcrumb"},"inLanguage":"en-US","potentialAction":[{"@type":"ReadAction","target":["https:\/\/prive-club.pl\/en\/chemical-peelings\/biorepeel\/"]}]},{"@type":"ImageObject","inLanguage":"en-US","@id":"https:\/\/prive-club.pl\/en\/chemical-peelings\/biorepeel\/#primaryimage","url":"https:\/\/prive-club.pl\/wp-content\/uploads\/2024\/03\/BIOREPEEL.jpg","contentUrl":"https:\/\/prive-club.pl\/wp-content\/uploads\/2024\/03\/BIOREPEEL.jpg"},{"@type":"BreadcrumbList","@id":"https:\/\/prive-club.pl\/en\/chemical-peelings\/biorepeel\/#breadcrumb","itemListElement":[{"@type":"ListItem","position":1,"name":"Strona g\u0142\u00f3wna","item":"https:\/\/prive-club.pl\/"},{"@type":"ListItem","position":2,"name":"CHEMICAL PEELINGS","item":"https:\/\/prive-club.pl\/en\/chemical-peelings\/"},{"@type":"ListItem","position":3,"name":"BIOREPEEL"}]},{"@type":"WebSite","@id":"https:\/\/prive-club.pl\/en\/#website","url":"https:\/\/prive-club.pl\/en\/","name":"Prive Beauty &amp; Hair","description":"Fryzjer Gda\u0144sk , Depilacja Laserowa Gda\u0144sk, zamykanie naczynek Gda\u0144sk","publisher":{"@id":"https:\/\/prive-club.pl\/en\/#organization"},"potentialAction":[{"@type":"SearchAction","target":{"@type":"EntryPoint","urlTemplate":"https:\/\/prive-club.pl\/en\/?s={search_term_string}"},"query-input":{"@type":"PropertyValueSpecification","valueRequired":true,"valueName":"search_term_string"}}],"inLanguage":"en-US"},{"@type":"Organization","@id":"https:\/\/prive-club.pl\/en\/#organization","name":"Prive Beauty &amp; Hair","url":"https:\/\/prive-club.pl\/en\/","logo":{"@type":"ImageObject","inLanguage":"en-US","@id":"https:\/\/prive-club.pl\/en\/#\/schema\/logo\/image\/","url":"https:\/\/prive-club.pl\/wp-content\/uploads\/2020\/04\/Prive-beauty-logo.png","contentUrl":"https:\/\/prive-club.pl\/wp-content\/uploads\/2020\/04\/Prive-beauty-logo.png","width":1851,"height":879,"caption":"Prive Beauty &amp; Hair"},"image":{"@id":"https:\/\/prive-club.pl\/en\/#\/schema\/logo\/image\/"}}]}},"_links":{"self":[{"href":"https:\/\/prive-club.pl\/en\/wp-json\/wp\/v2\/pages\/6944","targetHints":{"allow":["GET"]}}],"collection":[{"href":"https:\/\/prive-club.pl\/en\/wp-json\/wp\/v2\/pages"}],"about":[{"href":"https:\/\/prive-club.pl\/en\/wp-json\/wp\/v2\/types\/page"}],"author":[{"embeddable":true,"href":"https:\/\/prive-club.pl\/en\/wp-json\/wp\/v2\/users\/6"}],"replies":[{"embeddable":true,"href":"https:\/\/prive-club.pl\/en\/wp-json\/wp\/v2\/comments?post=6944"}],"version-history":[{"count":0,"href":"https:\/\/prive-club.pl\/en\/wp-json\/wp\/v2\/pages\/6944\/revisions"}],"up":[{"embeddable":true,"href":"https:\/\/prive-club.pl\/en\/wp-json\/wp\/v2\/pages\/6929"}],"wp:attachment":[{"href":"https:\/\/prive-club.pl\/en\/wp-json\/wp\/v2\/media?parent=6944"}],"curies":[{"name":"wp","href":"https:\/\/api.w.org\/{rel}","templated":true}]}}