{"id":6878,"date":"2018-07-24T11:05:19","date_gmt":"2018-07-24T09:05:19","guid":{"rendered":"https:\/\/prive-club.pl\/privacy-policy\/"},"modified":"2024-05-19T23:08:05","modified_gmt":"2024-05-19T21:08:05","slug":"privacy-policy","status":"publish","type":"page","link":"https:\/\/prive-club.pl\/en\/privacy-policy\/","title":{"rendered":"PRIVACY POLICY"},"content":{"rendered":"\t\t<div data-elementor-type=\"wp-page\" data-elementor-id=\"6878\" class=\"elementor elementor-6878 elementor-294\" data-elementor-post-type=\"page\">\n\t\t\t\t\t\t<section class=\"elementor-section elementor-top-section elementor-element elementor-element-f3e4962 elementor-section-boxed elementor-section-height-default elementor-section-height-default\" data-id=\"f3e4962\" data-element_type=\"section\">\n\t\t\t\t\t\t<div class=\"elementor-container elementor-column-gap-default\">\n\t\t\t\t\t<div class=\"elementor-column elementor-col-100 elementor-top-column elementor-element elementor-element-9520402\" data-id=\"9520402\" data-element_type=\"column\">\n\t\t\t<div class=\"elementor-widget-wrap elementor-element-populated\">\n\t\t\t\t\t\t<div class=\"elementor-element elementor-element-6bc847e elementor-widget elementor-widget-heading\" data-id=\"6bc847e\" data-element_type=\"widget\" data-widget_type=\"heading.default\">\n\t\t\t\t<div class=\"elementor-widget-container\">\n\t\t\t\t\t<h1 class=\"elementor-heading-title elementor-size-default\">PRIVACY POLICY\n<\/h1>\t\t\t\t<\/div>\n\t\t\t\t<\/div>\n\t\t\t\t\t<\/div>\n\t\t<\/div>\n\t\t\t\t\t<\/div>\n\t\t<\/section>\n\t\t\t\t<section class=\"elementor-section elementor-top-section elementor-element elementor-element-dca9adf elementor-section-boxed elementor-section-height-default elementor-section-height-default\" data-id=\"dca9adf\" data-element_type=\"section\">\n\t\t\t\t\t\t<div class=\"elementor-container elementor-column-gap-default\">\n\t\t\t\t\t<div class=\"elementor-column elementor-col-100 elementor-top-column elementor-element elementor-element-f56fbe2\" data-id=\"f56fbe2\" data-element_type=\"column\">\n\t\t\t<div class=\"elementor-widget-wrap elementor-element-populated\">\n\t\t\t\t\t\t<div class=\"elementor-element elementor-element-2c6589a elementor-widget elementor-widget-heading\" data-id=\"2c6589a\" data-element_type=\"widget\" data-widget_type=\"heading.default\">\n\t\t\t\t<div class=\"elementor-widget-container\">\n\t\t\t\t\t<h4 class=\"elementor-heading-title elementor-size-default\">\u00a71.<\/h4>\t\t\t\t<\/div>\n\t\t\t\t<\/div>\n\t\t\t\t<div class=\"elementor-element elementor-element-8ff39f0 elementor-widget elementor-widget-text-editor\" data-id=\"8ff39f0\" data-element_type=\"widget\" data-widget_type=\"text-editor.default\">\n\t\t\t\t<div class=\"elementor-widget-container\">\n\t\t\t\t\t\t\t\t\t<p>In accordance with the requirements of Regulation (EU) 2016\/679 of the European Parliament and of the Council of April 27, 2016. on the protection of natural persons in relation to the processing of personal data and on the free flow of such data (hereinafter referred to as RODO), as well as other generally applicable laws on the protection of personal data, we undertake to maintain the security and confidentiality of the personal data obtained.<\/p>\n\t\t\t\t\t\t\t\t<\/div>\n\t\t\t\t<\/div>\n\t\t\t\t<div class=\"elementor-element elementor-element-714387a elementor-widget elementor-widget-heading\" data-id=\"714387a\" data-element_type=\"widget\" data-widget_type=\"heading.default\">\n\t\t\t\t<div class=\"elementor-widget-container\">\n\t\t\t\t\t<h4 class=\"elementor-heading-title elementor-size-default\">\u00a72.<\/h4>\t\t\t\t<\/div>\n\t\t\t\t<\/div>\n\t\t\t\t<div class=\"elementor-element elementor-element-228714f elementor-widget elementor-widget-text-editor\" data-id=\"228714f\" data-element_type=\"widget\" data-widget_type=\"text-editor.default\">\n\t\t\t\t<div class=\"elementor-widget-container\">\n\t\t\t\t\t\t\t\t\t<p>The administrator of the personal data is Dawid Poniewa\u017c conducting business registered under the name PRIVE Dawid Poniewa\u017c, ul. Rajska 1\/5, f, g, 80-850 Gdansk, NIP: 583-287-12-16.<br \/>For all matters concerning the processing of personal data and the exercise of rights related to such processing, you can contact the following email address: <a href=\"mailto:book@prive-club.pl\">book@prive-club.pl<\/a><\/p>\n\t\t\t\t\t\t\t\t<\/div>\n\t\t\t\t<\/div>\n\t\t\t\t<div class=\"elementor-element elementor-element-8af7aba elementor-widget elementor-widget-heading\" data-id=\"8af7aba\" data-element_type=\"widget\" data-widget_type=\"heading.default\">\n\t\t\t\t<div class=\"elementor-widget-container\">\n\t\t\t\t\t<h4 class=\"elementor-heading-title elementor-size-default\">\u00a73.<\/h4>\t\t\t\t<\/div>\n\t\t\t\t<\/div>\n\t\t\t\t<div class=\"elementor-element elementor-element-c084920 elementor-widget elementor-widget-text-editor\" data-id=\"c084920\" data-element_type=\"widget\" data-widget_type=\"text-editor.default\">\n\t\t\t\t<div class=\"elementor-widget-container\">\n\t\t\t\t\t\t\t\t\t<p>When processing Users&#8217; personal data, we apply the principles:<\/p>\n<ul>\n<li aria-level=\"1\"><b>Lawfulness, reliability and transparency<\/b>: we process personal data in a manner that complies with the law,<\/li>\n<li aria-level=\"1\"><b>Data minimization and adequacy<\/b>: we process only those data (adequate) that are actually needed to fulfill a given purpose,<\/li>\n<li aria-level=\"1\"><b>Data accuracy<\/b>: we take the utmost care to ensure that the data we process is up-to-date and truthful,<\/li>\n<li aria-level=\"1\"><b>Purpose limitation and secure storage of processed data<\/b>: we collect personal data only for a specific and legitimate purpose. we store data in a form that allows the identification of the data subject. we process them only for as long as necessary to fulfill the purpose for which we obtained them (unless we are required by law to continue processing),<\/li>\n<li aria-level=\"1\"><b>Data integrity and confidentiality<\/b>: we provide such technical and organizational solutions that make the processed personal data secure,<\/li>\n<\/ul>\n<p><b>Accountability<\/b>: we are able to demonstrate that we are acting in accordance with applicable laws when processing personal data.<\/p>\n\t\t\t\t\t\t\t\t<\/div>\n\t\t\t\t<\/div>\n\t\t\t\t<div class=\"elementor-element elementor-element-c407066 elementor-widget elementor-widget-heading\" data-id=\"c407066\" data-element_type=\"widget\" data-widget_type=\"heading.default\">\n\t\t\t\t<div class=\"elementor-widget-container\">\n\t\t\t\t\t<h4 class=\"elementor-heading-title elementor-size-default\">\u00a74.<\/h4>\t\t\t\t<\/div>\n\t\t\t\t<\/div>\n\t\t\t\t<div class=\"elementor-element elementor-element-477216e elementor-widget elementor-widget-text-editor\" data-id=\"477216e\" data-element_type=\"widget\" data-widget_type=\"text-editor.default\">\n\t\t\t\t<div class=\"elementor-widget-container\">\n\t\t\t\t\t\t\t\t\t<p>On our website <a href=\"https:\/\/prive-club.pl\/\">https:\/\/prive-club.pl\/<\/a> through the &#8220;Contact Form&#8221; we collect the following personal data from Users:<\/p><ul><li aria-level=\"1\">Name &#8211; when filling out the form; necessary for contact;<\/li><li aria-level=\"1\">e-mail address &#8211; when filling out the form; through the e-mail address it is possible to contact;<\/li><li aria-level=\"1\">addresses &#8211; information resulting from the general rules of connections made on the Internet such as ip address (and other information contained in system logs);<\/li><li aria-level=\"1\">cookies &#8211; the site uses cookie technology to customize the site to individual needs and to provide services.<\/li><\/ul><p>Provision of the above data is voluntary, however, it is necessary for communication to be established.<br \/>If the data are not provided, it will not be possible to contact the customer and it will be impossible to provide the service.<br \/>If you do not agree to personalize the service, you should disable cookies in your browser options.<\/p>\t\t\t\t\t\t\t\t<\/div>\n\t\t\t\t<\/div>\n\t\t\t\t<div class=\"elementor-element elementor-element-21300db elementor-widget elementor-widget-heading\" data-id=\"21300db\" data-element_type=\"widget\" data-widget_type=\"heading.default\">\n\t\t\t\t<div class=\"elementor-widget-container\">\n\t\t\t\t\t<h4 class=\"elementor-heading-title elementor-size-default\">\u00a75.<\/h4>\t\t\t\t<\/div>\n\t\t\t\t<\/div>\n\t\t\t\t<div class=\"elementor-element elementor-element-1c6bddb elementor-widget elementor-widget-text-editor\" data-id=\"1c6bddb\" data-element_type=\"widget\" data-widget_type=\"text-editor.default\">\n\t\t\t\t<div class=\"elementor-widget-container\">\n\t\t\t\t\t\t\t\t\t<p>Your personal data, as part of our services, will be processed only if we have the consent of the data subject (legal basis for processing) and only for the purpose of communicating with that person.<br \/>Personal data obtained by PRIVE Dawid Because will be processed for the purpose and to the extent necessary to submit an inquiry through the form on the website  <a href=\"http:\/\/prive-club.pl\/\">http:\/\/prive-club.pl\/<\/a>  and for the purpose of feedback contact consisting of providing information, e.g. about an offer to the e-mail address indicated in the form, answers to questions asked via the form, etc., and processing of data contained in cookies when visitors use the website.<br \/>Data will be processed until there is a basis for processing:<br \/>\u2219 if you have given your consent until you revoke it, limit it, or take any other action on your part that restricts that consent.<\/p>\n\t\t\t\t\t\t\t\t<\/div>\n\t\t\t\t<\/div>\n\t\t\t\t<div class=\"elementor-element elementor-element-2aebb43 elementor-widget elementor-widget-heading\" data-id=\"2aebb43\" data-element_type=\"widget\" data-widget_type=\"heading.default\">\n\t\t\t\t<div class=\"elementor-widget-container\">\n\t\t\t\t\t<h4 class=\"elementor-heading-title elementor-size-default\">\u00a76.<\/h4>\t\t\t\t<\/div>\n\t\t\t\t<\/div>\n\t\t\t\t<div class=\"elementor-element elementor-element-45e1773 elementor-widget elementor-widget-text-editor\" data-id=\"45e1773\" data-element_type=\"widget\" data-widget_type=\"text-editor.default\">\n\t\t\t\t<div class=\"elementor-widget-container\">\n\t\t\t\t\t\t\t\t\t<p>We do not share the personal data obtained from the customer with third parties, except for entities cooperating with us, such as hosting companies, companies providing accounting services, etc. In such cases, the amount of data transferred to cooperating companies is limited to the required minimum.<br \/>Customers&#8217; personal data held by us may be made available to the competent public authorities if required by applicable law.<\/p>\n\t\t\t\t\t\t\t\t<\/div>\n\t\t\t\t<\/div>\n\t\t\t\t<div class=\"elementor-element elementor-element-5f2f867 elementor-widget elementor-widget-heading\" data-id=\"5f2f867\" data-element_type=\"widget\" data-widget_type=\"heading.default\">\n\t\t\t\t<div class=\"elementor-widget-container\">\n\t\t\t\t\t<h4 class=\"elementor-heading-title elementor-size-default\">\u00a77.<\/h4>\t\t\t\t<\/div>\n\t\t\t\t<\/div>\n\t\t\t\t<div class=\"elementor-element elementor-element-5905322 elementor-widget elementor-widget-text-editor\" data-id=\"5905322\" data-element_type=\"widget\" data-widget_type=\"text-editor.default\">\n\t\t\t\t<div class=\"elementor-widget-container\">\n\t\t\t\t\t\t\t\t\t<p>Personal data that we have obtained from customers is not transferred outside the zone of the European Economic Area.<\/p>\n\t\t\t\t\t\t\t\t<\/div>\n\t\t\t\t<\/div>\n\t\t\t\t<div class=\"elementor-element elementor-element-46f3b28 elementor-widget elementor-widget-heading\" data-id=\"46f3b28\" data-element_type=\"widget\" data-widget_type=\"heading.default\">\n\t\t\t\t<div class=\"elementor-widget-container\">\n\t\t\t\t\t<h4 class=\"elementor-heading-title elementor-size-default\">\u00a78.<\/h4>\t\t\t\t<\/div>\n\t\t\t\t<\/div>\n\t\t\t\t<div class=\"elementor-element elementor-element-803b9ed elementor-widget elementor-widget-text-editor\" data-id=\"803b9ed\" data-element_type=\"widget\" data-widget_type=\"text-editor.default\">\n\t\t\t\t<div class=\"elementor-widget-container\">\n\t\t\t\t\t\t\t\t\t<p>Customers have the following rights in connection with our processing of their personal data:<\/p>\n<ul>\n<li aria-level=\"1\">The right to access your data, including obtaining a copy of your data,<\/li>\n<li aria-level=\"1\">The right to request rectification of data,<\/li>\n<li aria-level=\"1\">The right to erasure (in certain situations),<\/li>\n<li aria-level=\"1\">The right to lodge a complaint with the data protection supervisory authority,<\/li>\n<li aria-level=\"1\">The right to restrict data processing,<\/li>\n<li aria-level=\"1\">The right to object (in certain situations).<\/li>\n<\/ul>\n<p>If data is processed on the basis of consent, customers may additionally exercise their right to withdraw consent to the extent that data is processed on that basis. Withdrawal of consent does not affect the lawfulness of processing carried out on the basis of consent before its withdrawal. To withdraw consent, please write to the email address provided in this privacy policy.<br \/>If the customer&#8217;s data is processed on the basis of consent or as part of the service provided (the data is necessary for the purpose of providing the service), the customer may exercise the right to portability of personal data. They may be sent to another data controller.<br \/>In order to exercise the above rights, please contact the administrator at the following email address: <a href=\"mailto:book@prive-club.pl\">book@prive-club.pl<\/a><\/p>\n\t\t\t\t\t\t\t\t<\/div>\n\t\t\t\t<\/div>\n\t\t\t\t<div class=\"elementor-element elementor-element-ce87eab elementor-widget elementor-widget-heading\" data-id=\"ce87eab\" data-element_type=\"widget\" data-widget_type=\"heading.default\">\n\t\t\t\t<div class=\"elementor-widget-container\">\n\t\t\t\t\t<h4 class=\"elementor-heading-title elementor-size-default\">\u00a79.<\/h4>\t\t\t\t<\/div>\n\t\t\t\t<\/div>\n\t\t\t\t<div class=\"elementor-element elementor-element-938fc72 elementor-widget elementor-widget-text-editor\" data-id=\"938fc72\" data-element_type=\"widget\" data-widget_type=\"text-editor.default\">\n\t\t\t\t<div class=\"elementor-widget-container\">\n\t\t\t\t\t\t\t\t\t<p>Cookies are small text information in the form of text files, sent by a server and stored on the side of the website visitor (e.g. on the hard drive of a computer, laptop, or smartphone memory card &#8211; depending on the device used by the visitor to our website). The administrator may process data contained in cookies when visitors use the website for the following purposes:<br \/>\u2219 customizing the content of the website to the individual preferences of the Customer and optimizing the use of the website;<br \/>\u2219 keeping anonymous statistics showing how the website is used.<br \/>By default, most web browsers on the market accept cookies by default. Everyone has the ability to determine the terms of use of cookies through the settings of their own web browser. This means that you can, for example, partially restrict (e.g. temporarily) or completely disable the ability to save cookies &#8211; in the latter case, however, this may affect some of the website&#8217;s functionality. Your browser&#8217;s cookie settings are relevant to your consent to the use of cookies by our website &#8211; according to the regulations, such consent can also be given through your browser settings. In the absence of such consent, you must change your browser&#8217;s cookie settings accordingly.<br \/>Detailed information on how to change the settings for cookies and how to delete them yourself in the most popular web browsers is available in the help section of your web browser.<\/p>\n\t\t\t\t\t\t\t\t<\/div>\n\t\t\t\t<\/div>\n\t\t\t\t<div class=\"elementor-element elementor-element-6f47cb6 elementor-widget elementor-widget-heading\" data-id=\"6f47cb6\" data-element_type=\"widget\" data-widget_type=\"heading.default\">\n\t\t\t\t<div class=\"elementor-widget-container\">\n\t\t\t\t\t<h4 class=\"elementor-heading-title elementor-size-default\">\u00a710.<\/h4>\t\t\t\t<\/div>\n\t\t\t\t<\/div>\n\t\t\t\t<div class=\"elementor-element elementor-element-c0249d2 elementor-widget elementor-widget-text-editor\" data-id=\"c0249d2\" data-element_type=\"widget\" data-widget_type=\"text-editor.default\">\n\t\t\t\t<div class=\"elementor-widget-container\">\n\t\t\t\t\t\t\t\t\t<p>This Privacy Policy applies only to the <a href=\"http:\/\/prive-club.pl\/\">http:\/\/prive-club.pl\/ website.<\/a><br \/>The Data Controller has implemented an adequate level of security for the processing of personal data in the computer system.<br \/>The Administrator shall apply technical and organizational measures to ensure the protection of the processed personal data appropriate to the risks and categories of protected data, and in particular shall protect the data from being disclosed to unauthorized persons, from being taken by an unauthorized person, from being processed in violation of applicable regulations, and from being altered, lost, damaged or destroyed.<\/p>\n\t\t\t\t\t\t\t\t<\/div>\n\t\t\t\t<\/div>\n\t\t\t\t\t<\/div>\n\t\t<\/div>\n\t\t\t\t\t<\/div>\n\t\t<\/section>\n\t\t\t\t<\/div>\n\t\t","protected":false},"excerpt":{"rendered":"<p>PRIVACY POLICY \u00a71. In accordance with the requirements of Regulation (EU) 2016\/679 of the European Parliament and of the Council of April 27, 2016. on the protection of natural persons in relation to the processing of personal data and on the free flow of such data (hereinafter referred to as RODO), as well as other [&hellip;]<\/p>\n","protected":false},"author":1,"featured_media":0,"parent":0,"menu_order":0,"comment_status":"closed","ping_status":"closed","template":"","meta":{"footnotes":""},"class_list":["post-6878","page","type-page","status-publish","hentry"],"yoast_head":"<!-- This site is optimized with the Yoast SEO plugin v25.9 - https:\/\/yoast.com\/wordpress\/plugins\/seo\/ -->\n<title>PRIVACY POLICY - Prive Beauty &amp; Hair<\/title>\n<meta name=\"robots\" content=\"index, follow, max-snippet:-1, max-image-preview:large, max-video-preview:-1\" \/>\n<link rel=\"canonical\" href=\"https:\/\/prive-club.pl\/en\/privacy-policy\/\" \/>\n<meta property=\"og:locale\" content=\"en_US\" \/>\n<meta property=\"og:type\" content=\"article\" \/>\n<meta property=\"og:title\" content=\"PRIVACY POLICY - Prive Beauty &amp; Hair\" \/>\n<meta property=\"og:description\" content=\"PRIVACY POLICY \u00a71. In accordance with the requirements of Regulation (EU) 2016\/679 of the European Parliament and of the Council of April 27, 2016. on the protection of natural persons in relation to the processing of personal data and on the free flow of such data (hereinafter referred to as RODO), as well as other [&hellip;]\" \/>\n<meta property=\"og:url\" content=\"https:\/\/prive-club.pl\/en\/privacy-policy\/\" \/>\n<meta property=\"og:site_name\" content=\"Prive Beauty &amp; Hair\" \/>\n<meta property=\"article:modified_time\" content=\"2024-05-19T21:08:05+00:00\" \/>\n<meta name=\"twitter:card\" content=\"summary_large_image\" \/>\n<meta name=\"twitter:label1\" content=\"Est. reading time\" \/>\n\t<meta name=\"twitter:data1\" content=\"6 minutes\" \/>\n<script type=\"application\/ld+json\" class=\"yoast-schema-graph\">{\"@context\":\"https:\/\/schema.org\",\"@graph\":[{\"@type\":\"WebPage\",\"@id\":\"https:\/\/prive-club.pl\/en\/privacy-policy\/\",\"url\":\"https:\/\/prive-club.pl\/en\/privacy-policy\/\",\"name\":\"PRIVACY POLICY - Prive Beauty &amp; Hair\",\"isPartOf\":{\"@id\":\"https:\/\/prive-club.pl\/en\/#website\"},\"datePublished\":\"2018-07-24T09:05:19+00:00\",\"dateModified\":\"2024-05-19T21:08:05+00:00\",\"breadcrumb\":{\"@id\":\"https:\/\/prive-club.pl\/en\/privacy-policy\/#breadcrumb\"},\"inLanguage\":\"en-US\",\"potentialAction\":[{\"@type\":\"ReadAction\",\"target\":[\"https:\/\/prive-club.pl\/en\/privacy-policy\/\"]}]},{\"@type\":\"BreadcrumbList\",\"@id\":\"https:\/\/prive-club.pl\/en\/privacy-policy\/#breadcrumb\",\"itemListElement\":[{\"@type\":\"ListItem\",\"position\":1,\"name\":\"Strona g\u0142\u00f3wna\",\"item\":\"https:\/\/prive-club.pl\/\"},{\"@type\":\"ListItem\",\"position\":2,\"name\":\"PRIVACY POLICY\"}]},{\"@type\":\"WebSite\",\"@id\":\"https:\/\/prive-club.pl\/en\/#website\",\"url\":\"https:\/\/prive-club.pl\/en\/\",\"name\":\"Prive Beauty &amp; Hair\",\"description\":\"Fryzjer Gda\u0144sk , Depilacja Laserowa Gda\u0144sk, zamykanie naczynek Gda\u0144sk\",\"publisher\":{\"@id\":\"https:\/\/prive-club.pl\/en\/#organization\"},\"potentialAction\":[{\"@type\":\"SearchAction\",\"target\":{\"@type\":\"EntryPoint\",\"urlTemplate\":\"https:\/\/prive-club.pl\/en\/?s={search_term_string}\"},\"query-input\":{\"@type\":\"PropertyValueSpecification\",\"valueRequired\":true,\"valueName\":\"search_term_string\"}}],\"inLanguage\":\"en-US\"},{\"@type\":\"Organization\",\"@id\":\"https:\/\/prive-club.pl\/en\/#organization\",\"name\":\"Prive Beauty &amp; Hair\",\"url\":\"https:\/\/prive-club.pl\/en\/\",\"logo\":{\"@type\":\"ImageObject\",\"inLanguage\":\"en-US\",\"@id\":\"https:\/\/prive-club.pl\/en\/#\/schema\/logo\/image\/\",\"url\":\"https:\/\/prive-club.pl\/wp-content\/uploads\/2020\/04\/Prive-beauty-logo.png\",\"contentUrl\":\"https:\/\/prive-club.pl\/wp-content\/uploads\/2020\/04\/Prive-beauty-logo.png\",\"width\":1851,\"height\":879,\"caption\":\"Prive Beauty &amp; Hair\"},\"image\":{\"@id\":\"https:\/\/prive-club.pl\/en\/#\/schema\/logo\/image\/\"}}]}<\/script>\n<!-- \/ Yoast SEO plugin. -->","yoast_head_json":{"title":"PRIVACY POLICY - Prive Beauty &amp; Hair","robots":{"index":"index","follow":"follow","max-snippet":"max-snippet:-1","max-image-preview":"max-image-preview:large","max-video-preview":"max-video-preview:-1"},"canonical":"https:\/\/prive-club.pl\/en\/privacy-policy\/","og_locale":"en_US","og_type":"article","og_title":"PRIVACY POLICY - Prive Beauty &amp; Hair","og_description":"PRIVACY POLICY \u00a71. In accordance with the requirements of Regulation (EU) 2016\/679 of the European Parliament and of the Council of April 27, 2016. on the protection of natural persons in relation to the processing of personal data and on the free flow of such data (hereinafter referred to as RODO), as well as other [&hellip;]","og_url":"https:\/\/prive-club.pl\/en\/privacy-policy\/","og_site_name":"Prive Beauty &amp; Hair","article_modified_time":"2024-05-19T21:08:05+00:00","twitter_card":"summary_large_image","twitter_misc":{"Est. reading time":"6 minutes"},"schema":{"@context":"https:\/\/schema.org","@graph":[{"@type":"WebPage","@id":"https:\/\/prive-club.pl\/en\/privacy-policy\/","url":"https:\/\/prive-club.pl\/en\/privacy-policy\/","name":"PRIVACY POLICY - Prive Beauty &amp; Hair","isPartOf":{"@id":"https:\/\/prive-club.pl\/en\/#website"},"datePublished":"2018-07-24T09:05:19+00:00","dateModified":"2024-05-19T21:08:05+00:00","breadcrumb":{"@id":"https:\/\/prive-club.pl\/en\/privacy-policy\/#breadcrumb"},"inLanguage":"en-US","potentialAction":[{"@type":"ReadAction","target":["https:\/\/prive-club.pl\/en\/privacy-policy\/"]}]},{"@type":"BreadcrumbList","@id":"https:\/\/prive-club.pl\/en\/privacy-policy\/#breadcrumb","itemListElement":[{"@type":"ListItem","position":1,"name":"Strona g\u0142\u00f3wna","item":"https:\/\/prive-club.pl\/"},{"@type":"ListItem","position":2,"name":"PRIVACY POLICY"}]},{"@type":"WebSite","@id":"https:\/\/prive-club.pl\/en\/#website","url":"https:\/\/prive-club.pl\/en\/","name":"Prive Beauty &amp; Hair","description":"Fryzjer Gda\u0144sk , Depilacja Laserowa Gda\u0144sk, zamykanie naczynek Gda\u0144sk","publisher":{"@id":"https:\/\/prive-club.pl\/en\/#organization"},"potentialAction":[{"@type":"SearchAction","target":{"@type":"EntryPoint","urlTemplate":"https:\/\/prive-club.pl\/en\/?s={search_term_string}"},"query-input":{"@type":"PropertyValueSpecification","valueRequired":true,"valueName":"search_term_string"}}],"inLanguage":"en-US"},{"@type":"Organization","@id":"https:\/\/prive-club.pl\/en\/#organization","name":"Prive Beauty &amp; Hair","url":"https:\/\/prive-club.pl\/en\/","logo":{"@type":"ImageObject","inLanguage":"en-US","@id":"https:\/\/prive-club.pl\/en\/#\/schema\/logo\/image\/","url":"https:\/\/prive-club.pl\/wp-content\/uploads\/2020\/04\/Prive-beauty-logo.png","contentUrl":"https:\/\/prive-club.pl\/wp-content\/uploads\/2020\/04\/Prive-beauty-logo.png","width":1851,"height":879,"caption":"Prive Beauty &amp; Hair"},"image":{"@id":"https:\/\/prive-club.pl\/en\/#\/schema\/logo\/image\/"}}]}},"_links":{"self":[{"href":"https:\/\/prive-club.pl\/en\/wp-json\/wp\/v2\/pages\/6878","targetHints":{"allow":["GET"]}}],"collection":[{"href":"https:\/\/prive-club.pl\/en\/wp-json\/wp\/v2\/pages"}],"about":[{"href":"https:\/\/prive-club.pl\/en\/wp-json\/wp\/v2\/types\/page"}],"author":[{"embeddable":true,"href":"https:\/\/prive-club.pl\/en\/wp-json\/wp\/v2\/users\/1"}],"replies":[{"embeddable":true,"href":"https:\/\/prive-club.pl\/en\/wp-json\/wp\/v2\/comments?post=6878"}],"version-history":[{"count":0,"href":"https:\/\/prive-club.pl\/en\/wp-json\/wp\/v2\/pages\/6878\/revisions"}],"wp:attachment":[{"href":"https:\/\/prive-club.pl\/en\/wp-json\/wp\/v2\/media?parent=6878"}],"curies":[{"name":"wp","href":"https:\/\/api.w.org\/{rel}","templated":true}]}}