{"id":10488,"date":"2026-03-24T10:36:18","date_gmt":"2026-03-24T09:36:18","guid":{"rendered":"https:\/\/prive-club.pl\/package-stop-cellulite-firm-body-2\/"},"modified":"2026-03-24T10:39:41","modified_gmt":"2026-03-24T09:39:41","slug":"package-stop-cellulite-firm-body-2","status":"publish","type":"page","link":"https:\/\/prive-club.pl\/en\/package-stop-cellulite-firm-body-2\/","title":{"rendered":"PACKAGE STOP CELLULITE \/ FIRM BODY 2"},"content":{"rendered":"\t\t<div data-elementor-type=\"wp-page\" data-elementor-id=\"10488\" class=\"elementor elementor-10488 elementor-10482\" data-elementor-post-type=\"page\">\n\t\t\t\t\t\t<section class=\"elementor-section elementor-top-section elementor-element elementor-element-495bc64 elementor-section-stretched elementor-section-boxed elementor-section-height-default elementor-section-height-default\" data-id=\"495bc64\" data-element_type=\"section\" data-settings=\"{&quot;background_background&quot;:&quot;classic&quot;,&quot;stretch_section&quot;:&quot;section-stretched&quot;}\">\n\t\t\t\t\t\t<div class=\"elementor-container elementor-column-gap-default\">\n\t\t\t\t\t<div class=\"elementor-column elementor-col-100 elementor-top-column elementor-element elementor-element-299d71a1\" data-id=\"299d71a1\" data-element_type=\"column\">\n\t\t\t<div class=\"elementor-widget-wrap elementor-element-populated\">\n\t\t\t\t\t\t<div class=\"elementor-element elementor-element-414b3b68 elementor-widget elementor-widget-heading\" data-id=\"414b3b68\" data-element_type=\"widget\" data-widget_type=\"heading.default\">\n\t\t\t\t<div class=\"elementor-widget-container\">\n\t\t\t\t\t<h1 class=\"elementor-heading-title elementor-size-default\">STOP CELLULIT \/ FLEXIBLE BODY package  <\/h1>\t\t\t\t<\/div>\n\t\t\t\t<\/div>\n\t\t\t\t<div class=\"elementor-element elementor-element-7778e7b elementor-widget elementor-widget-html\" data-id=\"7778e7b\" data-element_type=\"widget\" data-widget_type=\"html.default\">\n\t\t\t\t<div class=\"elementor-widget-container\">\n\t\t\t\t\t<div style=\"text-align: center; font-family: 'Montserrat', Arial, sans-serif; font-size: 35px;\">\n  <span style=\"color: #666;\">AREA 1 PACKAGE<\/span>\n  <span style=\"text-decoration: line-through; color: #666; margin-left: 6px;\">\n 2299 PLN\n <\/span>\n  <span style=\"margin: 0 10px; color: #000;\">BUY<\/span>\n  <span style=\"color: red; font-weight: 700;\">PLN 1599<\/span>\n<\/div>\t\t\t\t<\/div>\n\t\t\t\t<\/div>\n\t\t\t\t<div class=\"elementor-element elementor-element-68c1dc39 elementor-align-center elementor-widget elementor-widget-button\" data-id=\"68c1dc39\" data-element_type=\"widget\" data-widget_type=\"button.default\">\n\t\t\t\t<div class=\"elementor-widget-container\">\n\t\t\t\t\t\t\t\t\t<div class=\"elementor-button-wrapper\">\n\t\t\t\t\t<a class=\"elementor-button elementor-button-link elementor-size-sm\" href=\"https:\/\/d81b8eb1.booksy.com\" target=\"_blank\">\n\t\t\t\t\t\t<span class=\"elementor-button-content-wrapper\">\n\t\t\t\t\t\t\t\t\t<span class=\"elementor-button-text\">MAKE AN APPOINTMENT<\/span>\n\t\t\t\t\t<\/span>\n\t\t\t\t\t<\/a>\n\t\t\t\t<\/div>\n\t\t\t\t\t\t\t\t<\/div>\n\t\t\t\t<\/div>\n\t\t\t\t<div class=\"elementor-element elementor-element-642d8bd elementor-widget elementor-widget-html\" data-id=\"642d8bd\" data-element_type=\"widget\" data-widget_type=\"html.default\">\n\t\t\t\t<div class=\"elementor-widget-container\">\n\t\t\t\t\t<div style=\"font-family: 'Montserrat', Arial, sans-serif; color: #000; font-size: 20px;\">\n  <p style=\"margin-bottom: 10px;\">What is included in the STOP CELLULIT \/ FLEXIBLE BODY package?<\/p>\n\n  <ul style=\"list-style: none; padding: 0; margin: 0;\">\n    <li style=\"margin: 10px 0; display: flex; align-items: flex-start;\">\n      <span style=\"width: 10px; height: 10px; border: 2px solid #8e5ea2; border-radius: 50%; margin-right: 12px; margin-top: 6px;\"><\/span>\n      <span>X3 SHOCK WAVE (2 BATCHES)<\/span>\n    <\/li>\n\n    <li style=\"margin: 10px 0; display: flex; align-items: flex-start;\">\n      <span style=\"width: 10px; height: 10px; border: 2px solid #8e5ea2; border-radius: 50%; margin-right: 12px; margin-top: 6px;\"><\/span>\n      <span>X3 ENDERMOLOGIE CAVI LIPO DEX<\/span>\n    <\/li>\n  <\/ul>\n<\/div>\t\t\t\t<\/div>\n\t\t\t\t<\/div>\n\t\t\t\t<div class=\"elementor-element elementor-element-a454a34 elementor-widget elementor-widget-heading\" data-id=\"a454a34\" data-element_type=\"widget\" data-widget_type=\"heading.default\">\n\t\t\t\t<div class=\"elementor-widget-container\">\n\t\t\t\t\t<h2 class=\"elementor-heading-title elementor-size-default\">STOP CELLULIT \/ FLEXIBLE BODY package<\/h2>\t\t\t\t<\/div>\n\t\t\t\t<\/div>\n\t\t\t\t<div class=\"elementor-element elementor-element-78612f7 elementor-widget elementor-widget-text-editor\" data-id=\"78612f7\" data-element_type=\"widget\" data-widget_type=\"text-editor.default\">\n\t\t\t\t<div class=\"elementor-widget-container\">\n\t\t\t\t\t\t\t\t\t<p data-start=\"935\" data-end=\"973\">A package created for people who want:<\/p><p data-start=\"975\" data-end=\"1184\">&#8211; reduce the appearance of cellulite<br data-start=\"1008\" data-end=\"1011\">&#8211; improve the firmness and tone of the skin<br data-start=\"1047\" data-end=\"1050\">&#8211; model selected areas of the body (thighs, buttocks, abdomen, flanks)<br data-start=\"1116\" data-end=\"1119\">&#8211; benefit from an intensive but shorter treatment program<\/p><p data-start=\"1186\" data-end=\"1283\">It is a combination of two effective technologies that work synergistically on cellulite and skin quality.<\/p>\t\t\t\t\t\t\t\t<\/div>\n\t\t\t\t<\/div>\n\t\t\t\t<div class=\"elementor-element elementor-element-f65ae6a elementor-widget elementor-widget-heading\" data-id=\"f65ae6a\" data-element_type=\"widget\" data-widget_type=\"heading.default\">\n\t\t\t\t<div class=\"elementor-widget-container\">\n\t\t\t\t\t<h2 class=\"elementor-heading-title elementor-size-default\">SHOCK WAVE - INTENSIVE CELLULITE REDUCTION (X3, 2 PARTS)<\/h2>\t\t\t\t<\/div>\n\t\t\t\t<\/div>\n\t\t\t\t<div class=\"elementor-element elementor-element-95e0703 elementor-widget elementor-widget-text-editor\" data-id=\"95e0703\" data-element_type=\"widget\" data-widget_type=\"text-editor.default\">\n\t\t\t\t<div class=\"elementor-widget-container\">\n\t\t\t\t\t\t\t\t\t<p data-start=\"1357\" data-end=\"1437\">Shockwave works directly on cellulite structure and fatty tissue.<\/p><p data-start=\"1439\" data-end=\"1449\">Action:<\/p><p data-start=\"1451\" data-end=\"1587\">&#8211; breaking up compacted fat<br data-start=\"1489\" data-end=\"1492\">&#8211; improving microcirculation<br data-start=\"1515\" data-end=\"1518\">&#8211; stimulating skin to firm<br data-start=\"1551\" data-end=\"1554\">&#8211; smoothing skin irregularities<\/p><p data-start=\"1589\" data-end=\"1637\">The treatment is performed on 2 selected parts, such as:<\/p><p data-start=\"1639\" data-end=\"1681\">&#8211; thighs<br data-start=\"1644\" data-end=\"1647\">&#8211; buttocks<br data-start=\"1657\" data-end=\"1660\">&#8211; abdomen<br data-start=\"1668\" data-end=\"1671\">&#8211; flanks<\/p><p data-start=\"1683\" data-end=\"1690\">Effects:<\/p><p data-start=\"1692\" data-end=\"1807\">&#8211; Reduce the appearance of cellulite<br data-start=\"1728\" data-end=\"1731\">&#8211; improve skin smoothness<br data-start=\"1756\" data-end=\"1759\">&#8211; prepare tissues for further modeling<\/p>\t\t\t\t\t\t\t\t<\/div>\n\t\t\t\t<\/div>\n\t\t\t\t<div class=\"elementor-element elementor-element-798e3f8 elementor-widget elementor-widget-heading\" data-id=\"798e3f8\" data-element_type=\"widget\" data-widget_type=\"heading.default\">\n\t\t\t\t<div class=\"elementor-widget-container\">\n\t\t\t\t\t<h2 class=\"elementor-heading-title elementor-size-default\">ENDERMOLOGIE CAVI LIPO DEX - SHAPING AND FIRMING (X3)<\/h2>\t\t\t\t<\/div>\n\t\t\t\t<\/div>\n\t\t\t\t<div class=\"elementor-element elementor-element-c1861d9 elementor-widget elementor-widget-text-editor\" data-id=\"c1861d9\" data-element_type=\"widget\" data-widget_type=\"text-editor.default\">\n\t\t\t\t<div class=\"elementor-widget-container\">\n\t\t\t\t\t\t\t\t\t<p data-start=\"1877\" data-end=\"1951\">Cavi Lipo Dex supports fat reduction and skin improvement.<\/p><p data-start=\"1953\" data-end=\"1963\">Action:<\/p><p data-start=\"1965\" data-end=\"2146\">&#8211; support fat reduction in problem areas<br data-start=\"2025\" data-end=\"2028\">&#8211; improve blood circulation and oxygenation<br data-start=\"2061\" data-end=\"2064\">&#8211; lymphatic drainage and reduce swelling<br data-start=\"2108\" data-end=\"2111\">&#8211; smooth and firm skin<\/p><p data-start=\"2148\" data-end=\"2155\">Effects:<\/p><p data-start=\"2157\" data-end=\"2267\">&#8211; improved body shaping<br data-start=\"2186\" data-end=\"2189\">&#8211; improved tension and elasticity<br data-start=\"2223\" data-end=\"2226\">&#8211; enhanced effects of shockwave<\/p>\t\t\t\t\t\t\t\t<\/div>\n\t\t\t\t<\/div>\n\t\t\t\t<div class=\"elementor-element elementor-element-93eac95 elementor-widget elementor-widget-heading\" data-id=\"93eac95\" data-element_type=\"widget\" data-widget_type=\"heading.default\">\n\t\t\t\t<div class=\"elementor-widget-container\">\n\t\t\t\t\t<h2 class=\"elementor-heading-title elementor-size-default\">EFFECTS OF THERAPY<\/h2>\t\t\t\t<\/div>\n\t\t\t\t<\/div>\n\t\t\t\t<div class=\"elementor-element elementor-element-d601efb elementor-widget elementor-widget-text-editor\" data-id=\"d601efb\" data-element_type=\"widget\" data-widget_type=\"text-editor.default\">\n\t\t\t\t<div class=\"elementor-widget-container\">\n\t\t\t\t\t\t\t\t\t<p data-start=\"2292\" data-end=\"2330\">After the implementation of the package, you may notice:<\/p><p data-start=\"2332\" data-end=\"2490\">&#8211; reduction of cellulite<br data-start=\"2356\" data-end=\"2359\">&#8211; smoothing of skin texture<br data-start=\"2388\" data-end=\"2391\">&#8211; improvement of firmness and tension<br data-start=\"2421\" data-end=\"2424\">&#8211; slight slimming of selected parts<br data-start=\"2461\" data-end=\"2464\">&#8211; better contour of the silhouette<\/p><p data-start=\"2492\" data-end=\"2549\">The effects also depend on lifestyle, diet and activity.<\/p>\t\t\t\t\t\t\t\t<\/div>\n\t\t\t\t<\/div>\n\t\t\t\t<div class=\"elementor-element elementor-element-2db5483 elementor-widget elementor-widget-heading\" data-id=\"2db5483\" data-element_type=\"widget\" data-widget_type=\"heading.default\">\n\t\t\t\t<div class=\"elementor-widget-container\">\n\t\t\t\t\t<h2 class=\"elementor-heading-title elementor-size-default\">WHO IS THIS PACKAGE FOR?<\/h2>\t\t\t\t<\/div>\n\t\t\t\t<\/div>\n\t\t\t\t<div class=\"elementor-element elementor-element-da3e37d elementor-widget elementor-widget-text-editor\" data-id=\"da3e37d\" data-element_type=\"widget\" data-widget_type=\"text-editor.default\">\n\t\t\t\t<div class=\"elementor-widget-container\">\n\t\t\t\t\t\t\t\t\t<p data-start=\"2585\" data-end=\"2613\">The package is recommended for people:<\/p><p data-start=\"2615\" data-end=\"2797\">&#8211; with cellulite in selected areas of the body<br data-start=\"2656\" data-end=\"2659\">&#8211; who want to focus on 1-2 areas<br data-start=\"2699\" data-end=\"2702\">&#8211; who are looking for shorter, intensive therapy<br data-start=\"2747\" data-end=\"2750\">&#8211; who want to improve the firmness and appearance of the skin<\/p>\t\t\t\t\t\t\t\t<\/div>\n\t\t\t\t<\/div>\n\t\t\t\t<div class=\"elementor-element elementor-element-8eaaf3d elementor-align-center elementor-widget elementor-widget-button\" data-id=\"8eaaf3d\" data-element_type=\"widget\" data-widget_type=\"button.default\">\n\t\t\t\t<div class=\"elementor-widget-container\">\n\t\t\t\t\t\t\t\t\t<div class=\"elementor-button-wrapper\">\n\t\t\t\t\t<a class=\"elementor-button elementor-button-link elementor-size-sm\" href=\"https:\/\/d81b8eb1.booksy.com\" target=\"_blank\">\n\t\t\t\t\t\t<span class=\"elementor-button-content-wrapper\">\n\t\t\t\t\t\t\t\t\t<span class=\"elementor-button-text\">RESERVE  <\/span>\n\t\t\t\t\t<\/span>\n\t\t\t\t\t<\/a>\n\t\t\t\t<\/div>\n\t\t\t\t\t\t\t\t<\/div>\n\t\t\t\t<\/div>\n\t\t\t\t\t<\/div>\n\t\t<\/div>\n\t\t\t\t\t<\/div>\n\t\t<\/section>\n\t\t\t\t<\/div>\n\t\t","protected":false},"excerpt":{"rendered":"<p>STOP CELLULIT \/ FLEXIBLE BODY package AREA 1 PACKAGE 2299 PLN BUY PLN 1599 MAKE AN APPOINTMENT What is included in the STOP CELLULIT \/ FLEXIBLE BODY package? X3 SHOCK WAVE (2 BATCHES) X3 ENDERMOLOGIE CAVI LIPO DEX STOP CELLULIT \/ FLEXIBLE BODY package A package created for people who want: &#8211; reduce the appearance [&hellip;]<\/p>\n","protected":false},"author":6,"featured_media":0,"parent":0,"menu_order":0,"comment_status":"closed","ping_status":"closed","template":"","meta":{"footnotes":""},"class_list":["post-10488","page","type-page","status-publish","hentry"],"yoast_head":"<!-- This site is optimized with the Yoast SEO plugin v25.9 - https:\/\/yoast.com\/wordpress\/plugins\/seo\/ -->\n<title>PACKAGE STOP CELLULITE \/ FIRM BODY 2 - Prive Beauty &amp; Hair<\/title>\n<meta name=\"robots\" content=\"index, follow, max-snippet:-1, max-image-preview:large, max-video-preview:-1\" \/>\n<link rel=\"canonical\" href=\"https:\/\/prive-club.pl\/en\/package-stop-cellulite-firm-body-2\/\" \/>\n<meta property=\"og:locale\" content=\"en_US\" \/>\n<meta property=\"og:type\" content=\"article\" \/>\n<meta property=\"og:title\" content=\"PACKAGE STOP CELLULITE \/ FIRM BODY 2 - Prive Beauty &amp; Hair\" \/>\n<meta property=\"og:description\" content=\"STOP CELLULIT \/ FLEXIBLE BODY package AREA 1 PACKAGE 2299 PLN BUY PLN 1599 MAKE AN APPOINTMENT What is included in the STOP CELLULIT \/ FLEXIBLE BODY package? X3 SHOCK WAVE (2 BATCHES) X3 ENDERMOLOGIE CAVI LIPO DEX STOP CELLULIT \/ FLEXIBLE BODY package A package created for people who want: &#8211; reduce the appearance [&hellip;]\" \/>\n<meta property=\"og:url\" content=\"https:\/\/prive-club.pl\/en\/package-stop-cellulite-firm-body-2\/\" \/>\n<meta property=\"og:site_name\" content=\"Prive Beauty &amp; Hair\" \/>\n<meta property=\"article:modified_time\" content=\"2026-03-24T09:39:41+00:00\" \/>\n<meta name=\"twitter:card\" content=\"summary_large_image\" \/>\n<meta name=\"twitter:label1\" content=\"Est. reading time\" \/>\n\t<meta name=\"twitter:data1\" content=\"1 minute\" \/>\n<script type=\"application\/ld+json\" class=\"yoast-schema-graph\">{\"@context\":\"https:\/\/schema.org\",\"@graph\":[{\"@type\":\"WebPage\",\"@id\":\"https:\/\/prive-club.pl\/en\/package-stop-cellulite-firm-body-2\/\",\"url\":\"https:\/\/prive-club.pl\/en\/package-stop-cellulite-firm-body-2\/\",\"name\":\"PACKAGE STOP CELLULITE \/ FIRM BODY 2 - Prive Beauty &amp; Hair\",\"isPartOf\":{\"@id\":\"https:\/\/prive-club.pl\/en\/#website\"},\"datePublished\":\"2026-03-24T09:36:18+00:00\",\"dateModified\":\"2026-03-24T09:39:41+00:00\",\"breadcrumb\":{\"@id\":\"https:\/\/prive-club.pl\/en\/package-stop-cellulite-firm-body-2\/#breadcrumb\"},\"inLanguage\":\"en-US\",\"potentialAction\":[{\"@type\":\"ReadAction\",\"target\":[\"https:\/\/prive-club.pl\/en\/package-stop-cellulite-firm-body-2\/\"]}]},{\"@type\":\"BreadcrumbList\",\"@id\":\"https:\/\/prive-club.pl\/en\/package-stop-cellulite-firm-body-2\/#breadcrumb\",\"itemListElement\":[{\"@type\":\"ListItem\",\"position\":1,\"name\":\"Strona g\u0142\u00f3wna\",\"item\":\"https:\/\/prive-club.pl\/\"},{\"@type\":\"ListItem\",\"position\":2,\"name\":\"PACKAGE STOP CELLULITE \/ FIRM BODY 2\"}]},{\"@type\":\"WebSite\",\"@id\":\"https:\/\/prive-club.pl\/en\/#website\",\"url\":\"https:\/\/prive-club.pl\/en\/\",\"name\":\"Prive Beauty &amp; Hair\",\"description\":\"Fryzjer Gda\u0144sk , Depilacja Laserowa Gda\u0144sk, zamykanie naczynek Gda\u0144sk\",\"publisher\":{\"@id\":\"https:\/\/prive-club.pl\/en\/#organization\"},\"potentialAction\":[{\"@type\":\"SearchAction\",\"target\":{\"@type\":\"EntryPoint\",\"urlTemplate\":\"https:\/\/prive-club.pl\/en\/?s={search_term_string}\"},\"query-input\":{\"@type\":\"PropertyValueSpecification\",\"valueRequired\":true,\"valueName\":\"search_term_string\"}}],\"inLanguage\":\"en-US\"},{\"@type\":\"Organization\",\"@id\":\"https:\/\/prive-club.pl\/en\/#organization\",\"name\":\"Prive Beauty &amp; Hair\",\"url\":\"https:\/\/prive-club.pl\/en\/\",\"logo\":{\"@type\":\"ImageObject\",\"inLanguage\":\"en-US\",\"@id\":\"https:\/\/prive-club.pl\/en\/#\/schema\/logo\/image\/\",\"url\":\"https:\/\/prive-club.pl\/wp-content\/uploads\/2020\/04\/Prive-beauty-logo.png\",\"contentUrl\":\"https:\/\/prive-club.pl\/wp-content\/uploads\/2020\/04\/Prive-beauty-logo.png\",\"width\":1851,\"height\":879,\"caption\":\"Prive Beauty &amp; Hair\"},\"image\":{\"@id\":\"https:\/\/prive-club.pl\/en\/#\/schema\/logo\/image\/\"}}]}<\/script>\n<!-- \/ Yoast SEO plugin. -->","yoast_head_json":{"title":"PACKAGE STOP CELLULITE \/ FIRM BODY 2 - Prive Beauty &amp; Hair","robots":{"index":"index","follow":"follow","max-snippet":"max-snippet:-1","max-image-preview":"max-image-preview:large","max-video-preview":"max-video-preview:-1"},"canonical":"https:\/\/prive-club.pl\/en\/package-stop-cellulite-firm-body-2\/","og_locale":"en_US","og_type":"article","og_title":"PACKAGE STOP CELLULITE \/ FIRM BODY 2 - Prive Beauty &amp; Hair","og_description":"STOP CELLULIT \/ FLEXIBLE BODY package AREA 1 PACKAGE 2299 PLN BUY PLN 1599 MAKE AN APPOINTMENT What is included in the STOP CELLULIT \/ FLEXIBLE BODY package? X3 SHOCK WAVE (2 BATCHES) X3 ENDERMOLOGIE CAVI LIPO DEX STOP CELLULIT \/ FLEXIBLE BODY package A package created for people who want: &#8211; reduce the appearance [&hellip;]","og_url":"https:\/\/prive-club.pl\/en\/package-stop-cellulite-firm-body-2\/","og_site_name":"Prive Beauty &amp; Hair","article_modified_time":"2026-03-24T09:39:41+00:00","twitter_card":"summary_large_image","twitter_misc":{"Est. reading time":"1 minute"},"schema":{"@context":"https:\/\/schema.org","@graph":[{"@type":"WebPage","@id":"https:\/\/prive-club.pl\/en\/package-stop-cellulite-firm-body-2\/","url":"https:\/\/prive-club.pl\/en\/package-stop-cellulite-firm-body-2\/","name":"PACKAGE STOP CELLULITE \/ FIRM BODY 2 - Prive Beauty &amp; Hair","isPartOf":{"@id":"https:\/\/prive-club.pl\/en\/#website"},"datePublished":"2026-03-24T09:36:18+00:00","dateModified":"2026-03-24T09:39:41+00:00","breadcrumb":{"@id":"https:\/\/prive-club.pl\/en\/package-stop-cellulite-firm-body-2\/#breadcrumb"},"inLanguage":"en-US","potentialAction":[{"@type":"ReadAction","target":["https:\/\/prive-club.pl\/en\/package-stop-cellulite-firm-body-2\/"]}]},{"@type":"BreadcrumbList","@id":"https:\/\/prive-club.pl\/en\/package-stop-cellulite-firm-body-2\/#breadcrumb","itemListElement":[{"@type":"ListItem","position":1,"name":"Strona g\u0142\u00f3wna","item":"https:\/\/prive-club.pl\/"},{"@type":"ListItem","position":2,"name":"PACKAGE STOP CELLULITE \/ FIRM BODY 2"}]},{"@type":"WebSite","@id":"https:\/\/prive-club.pl\/en\/#website","url":"https:\/\/prive-club.pl\/en\/","name":"Prive Beauty &amp; Hair","description":"Fryzjer Gda\u0144sk , Depilacja Laserowa Gda\u0144sk, zamykanie naczynek Gda\u0144sk","publisher":{"@id":"https:\/\/prive-club.pl\/en\/#organization"},"potentialAction":[{"@type":"SearchAction","target":{"@type":"EntryPoint","urlTemplate":"https:\/\/prive-club.pl\/en\/?s={search_term_string}"},"query-input":{"@type":"PropertyValueSpecification","valueRequired":true,"valueName":"search_term_string"}}],"inLanguage":"en-US"},{"@type":"Organization","@id":"https:\/\/prive-club.pl\/en\/#organization","name":"Prive Beauty &amp; Hair","url":"https:\/\/prive-club.pl\/en\/","logo":{"@type":"ImageObject","inLanguage":"en-US","@id":"https:\/\/prive-club.pl\/en\/#\/schema\/logo\/image\/","url":"https:\/\/prive-club.pl\/wp-content\/uploads\/2020\/04\/Prive-beauty-logo.png","contentUrl":"https:\/\/prive-club.pl\/wp-content\/uploads\/2020\/04\/Prive-beauty-logo.png","width":1851,"height":879,"caption":"Prive Beauty &amp; Hair"},"image":{"@id":"https:\/\/prive-club.pl\/en\/#\/schema\/logo\/image\/"}}]}},"_links":{"self":[{"href":"https:\/\/prive-club.pl\/en\/wp-json\/wp\/v2\/pages\/10488","targetHints":{"allow":["GET"]}}],"collection":[{"href":"https:\/\/prive-club.pl\/en\/wp-json\/wp\/v2\/pages"}],"about":[{"href":"https:\/\/prive-club.pl\/en\/wp-json\/wp\/v2\/types\/page"}],"author":[{"embeddable":true,"href":"https:\/\/prive-club.pl\/en\/wp-json\/wp\/v2\/users\/6"}],"replies":[{"embeddable":true,"href":"https:\/\/prive-club.pl\/en\/wp-json\/wp\/v2\/comments?post=10488"}],"version-history":[{"count":0,"href":"https:\/\/prive-club.pl\/en\/wp-json\/wp\/v2\/pages\/10488\/revisions"}],"wp:attachment":[{"href":"https:\/\/prive-club.pl\/en\/wp-json\/wp\/v2\/media?parent=10488"}],"curies":[{"name":"wp","href":"https:\/\/api.w.org\/{rel}","templated":true}]}}