{"id":10473,"date":"2026-03-24T10:21:51","date_gmt":"2026-03-24T09:21:51","guid":{"rendered":"https:\/\/prive-club.pl\/?page_id=10473"},"modified":"2026-03-24T10:26:46","modified_gmt":"2026-03-24T09:26:46","slug":"package-for-falling-hair","status":"publish","type":"page","link":"https:\/\/prive-club.pl\/en\/package-for-falling-hair\/","title":{"rendered":"PACKAGE FOR FALLING HAIR"},"content":{"rendered":"\t\t<div data-elementor-type=\"wp-page\" data-elementor-id=\"10473\" class=\"elementor elementor-10473 elementor-10461\" data-elementor-post-type=\"page\">\n\t\t\t\t\t\t<section class=\"elementor-section elementor-top-section elementor-element elementor-element-495bc64 elementor-section-stretched elementor-section-boxed elementor-section-height-default elementor-section-height-default\" data-id=\"495bc64\" data-element_type=\"section\" data-settings=\"{&quot;background_background&quot;:&quot;classic&quot;,&quot;stretch_section&quot;:&quot;section-stretched&quot;}\">\n\t\t\t\t\t\t<div class=\"elementor-container elementor-column-gap-default\">\n\t\t\t\t\t<div class=\"elementor-column elementor-col-100 elementor-top-column elementor-element elementor-element-299d71a1\" data-id=\"299d71a1\" data-element_type=\"column\">\n\t\t\t<div class=\"elementor-widget-wrap elementor-element-populated\">\n\t\t\t\t\t\t<div class=\"elementor-element elementor-element-414b3b68 elementor-widget elementor-widget-heading\" data-id=\"414b3b68\" data-element_type=\"widget\" data-widget_type=\"heading.default\">\n\t\t\t\t<div class=\"elementor-widget-container\">\n\t\t\t\t\t<h1 class=\"elementor-heading-title elementor-size-default\">STOP CELLULIT \/ FLEXIBLE BODY package  <\/h1>\t\t\t\t<\/div>\n\t\t\t\t<\/div>\n\t\t\t\t<div class=\"elementor-element elementor-element-7778e7b elementor-widget elementor-widget-html\" data-id=\"7778e7b\" data-element_type=\"widget\" data-widget_type=\"html.default\">\n\t\t\t\t<div class=\"elementor-widget-container\">\n\t\t\t\t\t<div style=\"text-align: center; font-family: 'Montserrat', Arial, sans-serif; font-size: 35px;\">\n  <span style=\"color: #666;\">AREA 1 PACKAGE<\/span>\n  <span style=\"text-decoration: line-through; color: #666; margin-left: 6px;\">\n 4000 PLN\n <\/span>\n  <span style=\"margin: 0 10px; color: #000;\">BUY<\/span>\n  <span style=\"color: red; font-weight: 700;\">EUR 2999<\/span>\n<\/div>\t\t\t\t<\/div>\n\t\t\t\t<\/div>\n\t\t\t\t<div class=\"elementor-element elementor-element-68c1dc39 elementor-align-center elementor-widget elementor-widget-button\" data-id=\"68c1dc39\" data-element_type=\"widget\" data-widget_type=\"button.default\">\n\t\t\t\t<div class=\"elementor-widget-container\">\n\t\t\t\t\t\t\t\t\t<div class=\"elementor-button-wrapper\">\n\t\t\t\t\t<a class=\"elementor-button elementor-button-link elementor-size-sm\" href=\"https:\/\/d81b8eb1.booksy.com\" target=\"_blank\">\n\t\t\t\t\t\t<span class=\"elementor-button-content-wrapper\">\n\t\t\t\t\t\t\t\t\t<span class=\"elementor-button-text\">MAKE AN APPOINTMENT<\/span>\n\t\t\t\t\t<\/span>\n\t\t\t\t\t<\/a>\n\t\t\t\t<\/div>\n\t\t\t\t\t\t\t\t<\/div>\n\t\t\t\t<\/div>\n\t\t\t\t<div class=\"elementor-element elementor-element-642d8bd elementor-widget elementor-widget-html\" data-id=\"642d8bd\" data-element_type=\"widget\" data-widget_type=\"html.default\">\n\t\t\t\t<div class=\"elementor-widget-container\">\n\t\t\t\t\t<div style=\"font-family: 'Montserrat', Arial, sans-serif; color: #000; font-size: 20px;\">\n  <p style=\"margin-bottom: 10px;\">What is included in the STOP CELLULIT \/ FLEXIBLE BODY package?<\/p>\n\n  <ul style=\"list-style: none; padding: 0; margin: 0;\">\n    <li style=\"margin: 10px 0; display: flex; align-items: flex-start;\">\n      <span style=\"width: 10px; height: 10px; border: 2px solid #8e5ea2; border-radius: 50%; margin-right: 12px; margin-top: 6px;\"><\/span>\n      <span>X3 SHOCK WAVE (2 BATCHES)<\/span>\n    <\/li>\n\n    <li style=\"margin: 10px 0; display: flex; align-items: flex-start;\">\n      <span style=\"width: 10px; height: 10px; border: 2px solid #8e5ea2; border-radius: 50%; margin-right: 12px; margin-top: 6px;\"><\/span>\n      <span>X5 ENDERMOLOGIE LPG ALLIANCE<\/span>\n    <\/li>\n\n    <li style=\"margin: 10px 0; display: flex; align-items: flex-start;\">\n      <span style=\"width: 10px; height: 10px; border: 2px solid #8e5ea2; border-radius: 50%; margin-right: 12px; margin-top: 6px;\"><\/span>\n      <span>X5 ENDERMOLOGIE CAVI LIPO DEX<\/span>\n    <\/li>\n  <\/ul>\n<\/div>\t\t\t\t<\/div>\n\t\t\t\t<\/div>\n\t\t\t\t<div class=\"elementor-element elementor-element-a454a34 elementor-widget elementor-widget-heading\" data-id=\"a454a34\" data-element_type=\"widget\" data-widget_type=\"heading.default\">\n\t\t\t\t<div class=\"elementor-widget-container\">\n\t\t\t\t\t<h2 class=\"elementor-heading-title elementor-size-default\">STOP CELLULIT \/ FLEXIBLE BODY package<\/h2>\t\t\t\t<\/div>\n\t\t\t\t<\/div>\n\t\t\t\t<div class=\"elementor-element elementor-element-78612f7 elementor-widget elementor-widget-text-editor\" data-id=\"78612f7\" data-element_type=\"widget\" data-widget_type=\"text-editor.default\">\n\t\t\t\t<div class=\"elementor-widget-container\">\n\t\t\t\t\t\t\t\t\t<p data-start=\"1206\" data-end=\"1271\">A comprehensive modeling and firming program for people who want:<\/p><p data-start=\"1273\" data-end=\"1415\">&#8211; reduce cellulite<br data-start=\"1294\" data-end=\"1297\">&#8211; slenderize selected body parts<br data-start=\"1329\" data-end=\"1332\">&#8211; firm and smooth the skin<br data-start=\"1360\" data-end=\"1363\">&#8211; improve body contour and comfort in your body<\/p><p data-start=\"1417\" data-end=\"1457\">The package combines three effective technologies:<\/p><p data-start=\"1459\" data-end=\"1540\">&#8211; shock wave<br data-start=\"1477\" data-end=\"1480\">&#8211; LPG Alliance endermologie<br data-start=\"1507\" data-end=\"1510\">&#8211; Cavi Lipo Dex endermologie<\/p><p data-start=\"1542\" data-end=\"1649\">Their combination has a synergistic effect &#8211; they work simultaneously on cellulite, fat tissue and skin firmness.<\/p>\t\t\t\t\t\t\t\t<\/div>\n\t\t\t\t<\/div>\n\t\t\t\t<div class=\"elementor-element elementor-element-f65ae6a elementor-widget elementor-widget-heading\" data-id=\"f65ae6a\" data-element_type=\"widget\" data-widget_type=\"heading.default\">\n\t\t\t\t<div class=\"elementor-widget-container\">\n\t\t\t\t\t<h2 class=\"elementor-heading-title elementor-size-default\">SHOCK WAVE - INTENSIVE CELLULITE REDUCTION (X3, 2 PARTS)<\/h2>\t\t\t\t<\/div>\n\t\t\t\t<\/div>\n\t\t\t\t<div class=\"elementor-element elementor-element-95e0703 elementor-widget elementor-widget-text-editor\" data-id=\"95e0703\" data-element_type=\"widget\" data-widget_type=\"text-editor.default\">\n\t\t\t\t<div class=\"elementor-widget-container\">\n\t\t\t\t\t\t\t\t\t<p data-start=\"1723\" data-end=\"1796\">Shockwave is one of the most effective methods of fighting cellulite.<\/p><p data-start=\"1798\" data-end=\"1813\">It works by:<\/p><p data-start=\"1815\" data-end=\"1917\">&#8211; breaking down fat deposits<br data-start=\"1853\" data-end=\"1856\">&#8211; improving microcirculation<br data-start=\"1879\" data-end=\"1882\">&#8211; stimulating the skin to firm up<\/p><p data-start=\"1919\" data-end=\"1967\">The treatment is performed on 2 selected parts, such as:<\/p><p data-start=\"1969\" data-end=\"2011\">&#8211; thighs<br data-start=\"1974\" data-end=\"1977\">&#8211; buttocks<br data-start=\"1987\" data-end=\"1990\">&#8211; abdomen<br data-start=\"1998\" data-end=\"2001\">&#8211; flanks<\/p><p data-start=\"2013\" data-end=\"2020\">Effects:<\/p><p data-start=\"2022\" data-end=\"2119\">&#8211; smooth skin<br data-start=\"2041\" data-end=\"2044\">&#8211; reduce cellulite<br data-start=\"2068\" data-end=\"2071\">&#8211; prepare tissues for further modeling<\/p>\t\t\t\t\t\t\t\t<\/div>\n\t\t\t\t<\/div>\n\t\t\t\t<div class=\"elementor-element elementor-element-798e3f8 elementor-widget elementor-widget-heading\" data-id=\"798e3f8\" data-element_type=\"widget\" data-widget_type=\"heading.default\">\n\t\t\t\t<div class=\"elementor-widget-container\">\n\t\t\t\t\t<h2 class=\"elementor-heading-title elementor-size-default\">ENDERMOLOGIE LPG ALLIANCE - MODELING AND FIRMING (X5)<\/h2>\t\t\t\t<\/div>\n\t\t\t\t<\/div>\n\t\t\t\t<div class=\"elementor-element elementor-element-c1861d9 elementor-widget elementor-widget-text-editor\" data-id=\"c1861d9\" data-element_type=\"widget\" data-widget_type=\"text-editor.default\">\n\t\t\t\t<div class=\"elementor-widget-container\">\n\t\t\t\t\t\t\t\t\t<p data-start=\"2188\" data-end=\"2266\">LPG Alliance Endermologie is an advanced mechanical stimulation technology.<\/p><p data-start=\"2268\" data-end=\"2278\">Action:<\/p><p data-start=\"2280\" data-end=\"2412\">&#8211; cellulite reduction<br data-start=\"2300\" data-end=\"2303\">&#8211; stimulate fat metabolism<br data-start=\"2346\" data-end=\"2349\">&#8211; firm skin<br data-start=\"2368\" data-end=\"2371\">&#8211; lymphatic drainage and improve circulation<\/p><p data-start=\"2414\" data-end=\"2421\">Effects:<\/p><p data-start=\"2423\" data-end=\"2507\">&#8211; smooth the skin surface<br data-start=\"2454\" data-end=\"2457\">&#8211; improve elasticity<br data-start=\"2480\" data-end=\"2483\">&#8211; body shaping<\/p><p data-start=\"2509\" data-end=\"2547\">This is the stage that realistically &#8220;sculpts&#8221; the body.<\/p>\t\t\t\t\t\t\t\t<\/div>\n\t\t\t\t<\/div>\n\t\t\t\t<div class=\"elementor-element elementor-element-93eac95 elementor-widget elementor-widget-heading\" data-id=\"93eac95\" data-element_type=\"widget\" data-widget_type=\"heading.default\">\n\t\t\t\t<div class=\"elementor-widget-container\">\n\t\t\t\t\t<h2 class=\"elementor-heading-title elementor-size-default\">ENDERMOLOGIE CAVI LIPO DEX - FAT REDUCTION (X5)<\/h2>\t\t\t\t<\/div>\n\t\t\t\t<\/div>\n\t\t\t\t<div class=\"elementor-element elementor-element-d601efb elementor-widget elementor-widget-text-editor\" data-id=\"d601efb\" data-element_type=\"widget\" data-widget_type=\"text-editor.default\">\n\t\t\t\t<div class=\"elementor-widget-container\">\n\t\t\t\t\t\t\t\t\t<p data-start=\"2619\" data-end=\"2678\">Cavi Lipo Dex supports the reduction of local body fat.<\/p><p data-start=\"2680\" data-end=\"2690\">Action:<\/p><p data-start=\"2692\" data-end=\"2840\">&#8211; support breaking down fat cells<br data-start=\"2737\" data-end=\"2740\">&#8211; improve blood circulation and oxygenation<br data-start=\"2773\" data-end=\"2776\">&#8211; drainage and removal of toxins<br data-start=\"2802\" data-end=\"2805\">&#8211; smooth and firm skin<\/p><p data-start=\"2842\" data-end=\"2849\">Effects:<\/p><p data-start=\"2851\" data-end=\"2969\">&#8211; more intensive slimming<br data-start=\"2882\" data-end=\"2885\">&#8211; better body shaping<br data-start=\"2914\" data-end=\"2917\">&#8211; cellulite reduction from several levels simultaneously<\/p>\t\t\t\t\t\t\t\t<\/div>\n\t\t\t\t<\/div>\n\t\t\t\t<div class=\"elementor-element elementor-element-2db5483 elementor-widget elementor-widget-heading\" data-id=\"2db5483\" data-element_type=\"widget\" data-widget_type=\"heading.default\">\n\t\t\t\t<div class=\"elementor-widget-container\">\n\t\t\t\t\t<h2 class=\"elementor-heading-title elementor-size-default\">EFFECTS OF THERAPY<\/h2>\t\t\t\t<\/div>\n\t\t\t\t<\/div>\n\t\t\t\t<div class=\"elementor-element elementor-element-da3e37d elementor-widget elementor-widget-text-editor\" data-id=\"da3e37d\" data-element_type=\"widget\" data-widget_type=\"text-editor.default\">\n\t\t\t\t<div class=\"elementor-widget-container\">\n\t\t\t\t\t\t\t\t\t<p data-start=\"2994\" data-end=\"3026\">After a full series, you may notice:<\/p><p data-start=\"3028\" data-end=\"3199\">&#8211; cellulite reduction<br data-start=\"3052\" data-end=\"3055\">&#8211; skin smoothing and firming<br data-start=\"3088\" data-end=\"3091\">&#8211; body slimming<br data-start=\"3113\" data-end=\"3116\">&#8211; girth reduction<br data-start=\"3134\" data-end=\"3137\">&#8211; lighter legs and less swelling<br data-start=\"3170\" data-end=\"3173\">&#8211; improved skin tone<\/p><p data-start=\"3201\" data-end=\"3258\">The effects also depend on lifestyle, diet and activity.<\/p>\t\t\t\t\t\t\t\t<\/div>\n\t\t\t\t<\/div>\n\t\t\t\t<div class=\"elementor-element elementor-element-d1c1852 elementor-widget elementor-widget-heading\" data-id=\"d1c1852\" data-element_type=\"widget\" data-widget_type=\"heading.default\">\n\t\t\t\t<div class=\"elementor-widget-container\">\n\t\t\t\t\t<h2 class=\"elementor-heading-title elementor-size-default\">WHO IS THIS PACKAGE FOR?<\/h2>\t\t\t\t<\/div>\n\t\t\t\t<\/div>\n\t\t\t\t<div class=\"elementor-element elementor-element-85e28f3 elementor-widget elementor-widget-text-editor\" data-id=\"85e28f3\" data-element_type=\"widget\" data-widget_type=\"text-editor.default\">\n\t\t\t\t<div class=\"elementor-widget-container\">\n\t\t\t\t\t\t\t\t\t<p data-start=\"3294\" data-end=\"3322\">The package is recommended for people:<\/p><p data-start=\"3324\" data-end=\"3563\">&#8211; with cellulite on thighs, buttocks or abdomen<br data-start=\"3371\" data-end=\"3374\">&#8211; with flabby, &#8220;soft&#8221; skin<br data-start=\"3400\" data-end=\"3403\">&#8211; who want to improve body firmness<br data-start=\"3439\" data-end=\"3442\">&#8211; who are looking for intensive modeling therapy<br data-start=\"3489\" data-end=\"3492\">&#8211; who want to combine several effective technologies in one package<\/p>\t\t\t\t\t\t\t\t<\/div>\n\t\t\t\t<\/div>\n\t\t\t\t<div class=\"elementor-element elementor-element-8eaaf3d elementor-align-center elementor-widget elementor-widget-button\" data-id=\"8eaaf3d\" data-element_type=\"widget\" data-widget_type=\"button.default\">\n\t\t\t\t<div class=\"elementor-widget-container\">\n\t\t\t\t\t\t\t\t\t<div class=\"elementor-button-wrapper\">\n\t\t\t\t\t<a class=\"elementor-button elementor-button-link elementor-size-sm\" href=\"https:\/\/d81b8eb1.booksy.com\" target=\"_blank\">\n\t\t\t\t\t\t<span class=\"elementor-button-content-wrapper\">\n\t\t\t\t\t\t\t\t\t<span class=\"elementor-button-text\">RESERVE  <\/span>\n\t\t\t\t\t<\/span>\n\t\t\t\t\t<\/a>\n\t\t\t\t<\/div>\n\t\t\t\t\t\t\t\t<\/div>\n\t\t\t\t<\/div>\n\t\t\t\t\t<\/div>\n\t\t<\/div>\n\t\t\t\t\t<\/div>\n\t\t<\/section>\n\t\t\t\t<\/div>\n\t\t","protected":false},"excerpt":{"rendered":"<p>STOP CELLULIT \/ FLEXIBLE BODY package AREA 1 PACKAGE 4000 PLN BUY EUR 2999 MAKE AN APPOINTMENT What is included in the STOP CELLULIT \/ FLEXIBLE BODY package? X3 SHOCK WAVE (2 BATCHES) X5 ENDERMOLOGIE LPG ALLIANCE X5 ENDERMOLOGIE CAVI LIPO DEX STOP CELLULIT \/ FLEXIBLE BODY package A comprehensive modeling and firming program for [&hellip;]<\/p>\n","protected":false},"author":6,"featured_media":0,"parent":0,"menu_order":0,"comment_status":"closed","ping_status":"closed","template":"","meta":{"footnotes":""},"class_list":["post-10473","page","type-page","status-publish","hentry"],"yoast_head":"<!-- This site is optimized with the Yoast SEO plugin v25.9 - https:\/\/yoast.com\/wordpress\/plugins\/seo\/ -->\n<title>PACKAGE FOR FALLING HAIR - Prive Beauty &amp; Hair<\/title>\n<meta name=\"robots\" content=\"index, follow, max-snippet:-1, max-image-preview:large, max-video-preview:-1\" \/>\n<link rel=\"canonical\" href=\"https:\/\/prive-club.pl\/pakiet-stop-cellulit\/\" \/>\n<meta property=\"og:locale\" content=\"en_US\" \/>\n<meta property=\"og:type\" content=\"article\" \/>\n<meta property=\"og:title\" content=\"PACKAGE FOR FALLING HAIR - Prive Beauty &amp; Hair\" \/>\n<meta property=\"og:description\" content=\"STOP CELLULIT \/ FLEXIBLE BODY package AREA 1 PACKAGE 4000 PLN BUY EUR 2999 MAKE AN APPOINTMENT What is included in the STOP CELLULIT \/ FLEXIBLE BODY package? X3 SHOCK WAVE (2 BATCHES) X5 ENDERMOLOGIE LPG ALLIANCE X5 ENDERMOLOGIE CAVI LIPO DEX STOP CELLULIT \/ FLEXIBLE BODY package A comprehensive modeling and firming program for [&hellip;]\" \/>\n<meta property=\"og:url\" content=\"https:\/\/prive-club.pl\/pakiet-stop-cellulit\/\" \/>\n<meta property=\"og:site_name\" content=\"Prive Beauty &amp; Hair\" \/>\n<meta property=\"article:modified_time\" content=\"2026-03-24T09:26:46+00:00\" \/>\n<meta name=\"twitter:card\" content=\"summary_large_image\" \/>\n<meta name=\"twitter:label1\" content=\"Est. reading time\" \/>\n\t<meta name=\"twitter:data1\" content=\"2 minutes\" \/>\n<script type=\"application\/ld+json\" class=\"yoast-schema-graph\">{\"@context\":\"https:\/\/schema.org\",\"@graph\":[{\"@type\":\"WebPage\",\"@id\":\"https:\/\/prive-club.pl\/pakiet-stop-cellulit\/\",\"url\":\"https:\/\/prive-club.pl\/pakiet-stop-cellulit\/\",\"name\":\"PACKAGE FOR FALLING HAIR - Prive Beauty &amp; Hair\",\"isPartOf\":{\"@id\":\"https:\/\/prive-club.pl\/en\/#website\"},\"datePublished\":\"2026-03-24T09:21:51+00:00\",\"dateModified\":\"2026-03-24T09:26:46+00:00\",\"breadcrumb\":{\"@id\":\"https:\/\/prive-club.pl\/pakiet-stop-cellulit\/#breadcrumb\"},\"inLanguage\":\"en-US\",\"potentialAction\":[{\"@type\":\"ReadAction\",\"target\":[\"https:\/\/prive-club.pl\/pakiet-stop-cellulit\/\"]}]},{\"@type\":\"BreadcrumbList\",\"@id\":\"https:\/\/prive-club.pl\/pakiet-stop-cellulit\/#breadcrumb\",\"itemListElement\":[{\"@type\":\"ListItem\",\"position\":1,\"name\":\"Strona g\u0142\u00f3wna\",\"item\":\"https:\/\/prive-club.pl\/\"},{\"@type\":\"ListItem\",\"position\":2,\"name\":\"PACKAGE FOR FALLING HAIR\"}]},{\"@type\":\"WebSite\",\"@id\":\"https:\/\/prive-club.pl\/en\/#website\",\"url\":\"https:\/\/prive-club.pl\/en\/\",\"name\":\"Prive Beauty &amp; Hair\",\"description\":\"Fryzjer Gda\u0144sk , Depilacja Laserowa Gda\u0144sk, zamykanie naczynek Gda\u0144sk\",\"publisher\":{\"@id\":\"https:\/\/prive-club.pl\/en\/#organization\"},\"potentialAction\":[{\"@type\":\"SearchAction\",\"target\":{\"@type\":\"EntryPoint\",\"urlTemplate\":\"https:\/\/prive-club.pl\/en\/?s={search_term_string}\"},\"query-input\":{\"@type\":\"PropertyValueSpecification\",\"valueRequired\":true,\"valueName\":\"search_term_string\"}}],\"inLanguage\":\"en-US\"},{\"@type\":\"Organization\",\"@id\":\"https:\/\/prive-club.pl\/en\/#organization\",\"name\":\"Prive Beauty &amp; Hair\",\"url\":\"https:\/\/prive-club.pl\/en\/\",\"logo\":{\"@type\":\"ImageObject\",\"inLanguage\":\"en-US\",\"@id\":\"https:\/\/prive-club.pl\/en\/#\/schema\/logo\/image\/\",\"url\":\"https:\/\/prive-club.pl\/wp-content\/uploads\/2020\/04\/Prive-beauty-logo.png\",\"contentUrl\":\"https:\/\/prive-club.pl\/wp-content\/uploads\/2020\/04\/Prive-beauty-logo.png\",\"width\":1851,\"height\":879,\"caption\":\"Prive Beauty &amp; Hair\"},\"image\":{\"@id\":\"https:\/\/prive-club.pl\/en\/#\/schema\/logo\/image\/\"}}]}<\/script>\n<!-- \/ Yoast SEO plugin. -->","yoast_head_json":{"title":"PACKAGE FOR FALLING HAIR - Prive Beauty &amp; Hair","robots":{"index":"index","follow":"follow","max-snippet":"max-snippet:-1","max-image-preview":"max-image-preview:large","max-video-preview":"max-video-preview:-1"},"canonical":"https:\/\/prive-club.pl\/pakiet-stop-cellulit\/","og_locale":"en_US","og_type":"article","og_title":"PACKAGE FOR FALLING HAIR - Prive Beauty &amp; Hair","og_description":"STOP CELLULIT \/ FLEXIBLE BODY package AREA 1 PACKAGE 4000 PLN BUY EUR 2999 MAKE AN APPOINTMENT What is included in the STOP CELLULIT \/ FLEXIBLE BODY package? X3 SHOCK WAVE (2 BATCHES) X5 ENDERMOLOGIE LPG ALLIANCE X5 ENDERMOLOGIE CAVI LIPO DEX STOP CELLULIT \/ FLEXIBLE BODY package A comprehensive modeling and firming program for [&hellip;]","og_url":"https:\/\/prive-club.pl\/pakiet-stop-cellulit\/","og_site_name":"Prive Beauty &amp; Hair","article_modified_time":"2026-03-24T09:26:46+00:00","twitter_card":"summary_large_image","twitter_misc":{"Est. reading time":"2 minutes"},"schema":{"@context":"https:\/\/schema.org","@graph":[{"@type":"WebPage","@id":"https:\/\/prive-club.pl\/pakiet-stop-cellulit\/","url":"https:\/\/prive-club.pl\/pakiet-stop-cellulit\/","name":"PACKAGE FOR FALLING HAIR - Prive Beauty &amp; Hair","isPartOf":{"@id":"https:\/\/prive-club.pl\/en\/#website"},"datePublished":"2026-03-24T09:21:51+00:00","dateModified":"2026-03-24T09:26:46+00:00","breadcrumb":{"@id":"https:\/\/prive-club.pl\/pakiet-stop-cellulit\/#breadcrumb"},"inLanguage":"en-US","potentialAction":[{"@type":"ReadAction","target":["https:\/\/prive-club.pl\/pakiet-stop-cellulit\/"]}]},{"@type":"BreadcrumbList","@id":"https:\/\/prive-club.pl\/pakiet-stop-cellulit\/#breadcrumb","itemListElement":[{"@type":"ListItem","position":1,"name":"Strona g\u0142\u00f3wna","item":"https:\/\/prive-club.pl\/"},{"@type":"ListItem","position":2,"name":"PACKAGE FOR FALLING HAIR"}]},{"@type":"WebSite","@id":"https:\/\/prive-club.pl\/en\/#website","url":"https:\/\/prive-club.pl\/en\/","name":"Prive Beauty &amp; Hair","description":"Fryzjer Gda\u0144sk , Depilacja Laserowa Gda\u0144sk, zamykanie naczynek Gda\u0144sk","publisher":{"@id":"https:\/\/prive-club.pl\/en\/#organization"},"potentialAction":[{"@type":"SearchAction","target":{"@type":"EntryPoint","urlTemplate":"https:\/\/prive-club.pl\/en\/?s={search_term_string}"},"query-input":{"@type":"PropertyValueSpecification","valueRequired":true,"valueName":"search_term_string"}}],"inLanguage":"en-US"},{"@type":"Organization","@id":"https:\/\/prive-club.pl\/en\/#organization","name":"Prive Beauty &amp; Hair","url":"https:\/\/prive-club.pl\/en\/","logo":{"@type":"ImageObject","inLanguage":"en-US","@id":"https:\/\/prive-club.pl\/en\/#\/schema\/logo\/image\/","url":"https:\/\/prive-club.pl\/wp-content\/uploads\/2020\/04\/Prive-beauty-logo.png","contentUrl":"https:\/\/prive-club.pl\/wp-content\/uploads\/2020\/04\/Prive-beauty-logo.png","width":1851,"height":879,"caption":"Prive Beauty &amp; Hair"},"image":{"@id":"https:\/\/prive-club.pl\/en\/#\/schema\/logo\/image\/"}}]}},"_links":{"self":[{"href":"https:\/\/prive-club.pl\/en\/wp-json\/wp\/v2\/pages\/10473","targetHints":{"allow":["GET"]}}],"collection":[{"href":"https:\/\/prive-club.pl\/en\/wp-json\/wp\/v2\/pages"}],"about":[{"href":"https:\/\/prive-club.pl\/en\/wp-json\/wp\/v2\/types\/page"}],"author":[{"embeddable":true,"href":"https:\/\/prive-club.pl\/en\/wp-json\/wp\/v2\/users\/6"}],"replies":[{"embeddable":true,"href":"https:\/\/prive-club.pl\/en\/wp-json\/wp\/v2\/comments?post=10473"}],"version-history":[{"count":0,"href":"https:\/\/prive-club.pl\/en\/wp-json\/wp\/v2\/pages\/10473\/revisions"}],"wp:attachment":[{"href":"https:\/\/prive-club.pl\/en\/wp-json\/wp\/v2\/media?parent=10473"}],"curies":[{"name":"wp","href":"https:\/\/api.w.org\/{rel}","templated":true}]}}