{"id":10447,"date":"2026-03-23T19:03:27","date_gmt":"2026-03-23T18:03:27","guid":{"rendered":"https:\/\/prive-club.pl\/vascular-lesion-therapy-package-2\/"},"modified":"2026-03-24T10:18:59","modified_gmt":"2026-03-24T09:18:59","slug":"vascular-lesion-therapy-package-2","status":"publish","type":"page","link":"https:\/\/prive-club.pl\/en\/vascular-lesion-therapy-package-2\/","title":{"rendered":"PACKAGE FOR FALLING HAIR"},"content":{"rendered":"\t\t<div data-elementor-type=\"wp-page\" data-elementor-id=\"10447\" class=\"elementor elementor-10447 elementor-10442\" data-elementor-post-type=\"page\">\n\t\t\t\t\t\t<section class=\"elementor-section elementor-top-section elementor-element elementor-element-495bc64 elementor-section-stretched elementor-section-boxed elementor-section-height-default elementor-section-height-default\" data-id=\"495bc64\" data-element_type=\"section\" data-settings=\"{&quot;background_background&quot;:&quot;classic&quot;,&quot;stretch_section&quot;:&quot;section-stretched&quot;}\">\n\t\t\t\t\t\t<div class=\"elementor-container elementor-column-gap-default\">\n\t\t\t\t\t<div class=\"elementor-column elementor-col-100 elementor-top-column elementor-element elementor-element-299d71a1\" data-id=\"299d71a1\" data-element_type=\"column\">\n\t\t\t<div class=\"elementor-widget-wrap elementor-element-populated\">\n\t\t\t\t\t\t<div class=\"elementor-element elementor-element-414b3b68 elementor-widget elementor-widget-heading\" data-id=\"414b3b68\" data-element_type=\"widget\" data-widget_type=\"heading.default\">\n\t\t\t\t<div class=\"elementor-widget-container\">\n\t\t\t\t\t<h1 class=\"elementor-heading-title elementor-size-default\">package for falling hair<\/h1>\t\t\t\t<\/div>\n\t\t\t\t<\/div>\n\t\t\t\t<div class=\"elementor-element elementor-element-7778e7b elementor-widget elementor-widget-html\" data-id=\"7778e7b\" data-element_type=\"widget\" data-widget_type=\"html.default\">\n\t\t\t\t<div class=\"elementor-widget-container\">\n\t\t\t\t\t<div style=\"text-align: center; font-family: 'Montserrat', Arial, sans-serif; font-size: 35px;\">\n  <span style=\"color: #666;\">AREA 1 PACKAGE<\/span>\n  <span style=\"text-decoration: line-through; color: #666; margin-left: 6px;\">\n PLN 3299\n <\/span>\n  <span style=\"margin: 0 10px; color: #000;\">BUY<\/span>\n  <span style=\"color: red; font-weight: 700;\">2599 EUR<\/span>\n<\/div>\t\t\t\t<\/div>\n\t\t\t\t<\/div>\n\t\t\t\t<div class=\"elementor-element elementor-element-68c1dc39 elementor-align-center elementor-widget elementor-widget-button\" data-id=\"68c1dc39\" data-element_type=\"widget\" data-widget_type=\"button.default\">\n\t\t\t\t<div class=\"elementor-widget-container\">\n\t\t\t\t\t\t\t\t\t<div class=\"elementor-button-wrapper\">\n\t\t\t\t\t<a class=\"elementor-button elementor-button-link elementor-size-sm\" href=\"https:\/\/d81b8eb1.booksy.com\" target=\"_blank\">\n\t\t\t\t\t\t<span class=\"elementor-button-content-wrapper\">\n\t\t\t\t\t\t\t\t\t<span class=\"elementor-button-text\">MAKE AN APPOINTMENT<\/span>\n\t\t\t\t\t<\/span>\n\t\t\t\t\t<\/a>\n\t\t\t\t<\/div>\n\t\t\t\t\t\t\t\t<\/div>\n\t\t\t\t<\/div>\n\t\t\t\t<div class=\"elementor-element elementor-element-642d8bd elementor-widget elementor-widget-html\" data-id=\"642d8bd\" data-element_type=\"widget\" data-widget_type=\"html.default\">\n\t\t\t\t<div class=\"elementor-widget-container\">\n\t\t\t\t\t<div style=\"font-family: 'Montserrat', Arial, sans-serif; color: #000; font-size: 20px;\">\n  <p style=\"margin-bottom: 10px;\">What is included in the FALLING HAIR package?<\/p>\n\n  <ul style=\"list-style: none; padding: 0; margin: 0;\">\n    <li style=\"margin: 10px 0; display: flex; align-items: flex-start;\">\n      <span style=\"width: 10px; height: 10px; border: 2px solid #8e5ea2; border-radius: 50%; margin-right: 12px; margin-top: 6px;\"><\/span>\n      <span>X4 JULIE CARBOXYTHERAPY<\/span>\n    <\/li>\n\n    <li style=\"margin: 10px 0; display: flex; align-items: flex-start;\">\n      <span style=\"width: 10px; height: 10px; border: 2px solid #8e5ea2; border-radius: 50%; margin-right: 12px; margin-top: 6px;\"><\/span>\n      <span>X3 PLATELET-RICH PLASMA<\/span>\n    <\/li>\n\n    <li style=\"margin: 10px 0; display: flex; align-items: flex-start;\">\n      <span style=\"width: 10px; height: 10px; border: 2px solid #8e5ea2; border-radius: 50%; margin-right: 12px; margin-top: 6px;\"><\/span>\n      <span>X7 LED LIGHT THERAPY (FREE)<\/span>\n    <\/li>\n  <\/ul>\n<\/div>\t\t\t\t<\/div>\n\t\t\t\t<\/div>\n\t\t\t\t<div class=\"elementor-element elementor-element-a454a34 elementor-widget elementor-widget-heading\" data-id=\"a454a34\" data-element_type=\"widget\" data-widget_type=\"heading.default\">\n\t\t\t\t<div class=\"elementor-widget-container\">\n\t\t\t\t\t<h2 class=\"elementor-heading-title elementor-size-default\">package for falling hair<\/h2>\t\t\t\t<\/div>\n\t\t\t\t<\/div>\n\t\t\t\t<div class=\"elementor-element elementor-element-78612f7 elementor-widget elementor-widget-text-editor\" data-id=\"78612f7\" data-element_type=\"widget\" data-widget_type=\"text-editor.default\">\n\t\t\t\t<div class=\"elementor-widget-container\">\n\t\t\t\t\t\t\t\t\t<p data-start=\"1182\" data-end=\"1231\"><strong data-start=\"1182\" data-end=\"1231\">Carboxytherapy + Platelet Rich Plasma + LED<\/strong><\/p><p data-start=\"1233\" data-end=\"1354\">A comprehensive package for those struggling with excessive hair loss, thinning hair and weakened hair condition.<\/p><p data-start=\"1356\" data-end=\"1457\">It&#8217;s a therapy that works in multiple stages and focuses on the cause of the problem, not just the symptoms.<\/p><p data-start=\"1459\" data-end=\"1478\">The purpose of the package is:<\/p><p data-start=\"1480\" data-end=\"1633\">&#8211; inhibition of hair loss<br data-start=\"1510\" data-end=\"1513\">&#8211; stimulation of hair follicles for growth<br data-start=\"1555\" data-end=\"1558\">&#8211; improvement of hair density and quality<br data-start=\"1593\" data-end=\"1596\">&#8211; strengthening of scalp and hair follicles<\/p><p data-start=\"1635\" data-end=\"1733\">This is a solution for men and women who want to approach the problem professionally and effectively.<\/p>\t\t\t\t\t\t\t\t<\/div>\n\t\t\t\t<\/div>\n\t\t\t\t<div class=\"elementor-element elementor-element-f65ae6a elementor-widget elementor-widget-heading\" data-id=\"f65ae6a\" data-element_type=\"widget\" data-widget_type=\"heading.default\">\n\t\t\t\t<div class=\"elementor-widget-container\">\n\t\t\t\t\t<h2 class=\"elementor-heading-title elementor-size-default\">JULIE CARBOXYTHERAPY - OXYGENATION AND STIMULATION (X4)<\/h2>\t\t\t\t<\/div>\n\t\t\t\t<\/div>\n\t\t\t\t<div class=\"elementor-element elementor-element-95e0703 elementor-widget elementor-widget-text-editor\" data-id=\"95e0703\" data-element_type=\"widget\" data-widget_type=\"text-editor.default\">\n\t\t\t\t<div class=\"elementor-widget-container\">\n\t\t\t\t\t\t\t\t\t<p data-start=\"1797\" data-end=\"1850\">Carboxytherapy involves administering CO\u2082 to the scalp.<\/p><p data-start=\"1852\" data-end=\"1862\">Action:<\/p><p data-start=\"1864\" data-end=\"1997\">&#8211; improvement of microcirculation<br data-start=\"1887\" data-end=\"1890\">&#8211; better oxygenation of hair follicles<br data-start=\"1929\" data-end=\"1932\">&#8211; stimulation of hair follicles for growth<br data-start=\"1963\" data-end=\"1966\">&#8211; strengthening of hair at the root<\/p><p data-start=\"1999\" data-end=\"2011\">Series Effect:<\/p><p data-start=\"2013\" data-end=\"2145\">&#8211; Preparing the skin for further therapy<br data-start=\"2053\" data-end=\"2056\">&#8211; Creating optimal conditions for hair growth<br data-start=\"2107\" data-end=\"2110\">&#8211; Supporting the reduction of hair loss<\/p><p data-start=\"2147\" data-end=\"2193\">This is the first and very important stage of all therapy.<\/p>\t\t\t\t\t\t\t\t<\/div>\n\t\t\t\t<\/div>\n\t\t\t\t<div class=\"elementor-element elementor-element-798e3f8 elementor-widget elementor-widget-heading\" data-id=\"798e3f8\" data-element_type=\"widget\" data-widget_type=\"heading.default\">\n\t\t\t\t<div class=\"elementor-widget-container\">\n\t\t\t\t\t<h2 class=\"elementor-heading-title elementor-size-default\">PLATELET-RICH PLASMA - REGENERATION AND REGROWTH (X3)<\/h2>\t\t\t\t<\/div>\n\t\t\t\t<\/div>\n\t\t\t\t<div class=\"elementor-element elementor-element-c1861d9 elementor-widget elementor-widget-text-editor\" data-id=\"c1861d9\" data-element_type=\"widget\" data-widget_type=\"text-editor.default\">\n\t\t\t\t<div class=\"elementor-widget-container\">\n\t\t\t\t\t\t\t\t\t<p data-start=\"2257\" data-end=\"2324\">Platelet-rich plasma (PRP) is a concentrate obtained from the patient&#8217;s blood.<\/p><p data-start=\"2326\" data-end=\"2341\">It works by:<\/p><p data-start=\"2343\" data-end=\"2502\">&#8211; intensive stimulation of hair follicles<br data-start=\"2385\" data-end=\"2388\">&#8211; stimulation of regenerative processes<br data-start=\"2425\" data-end=\"2428\">&#8211; promotion of new hair growth<br data-start=\"2462\" data-end=\"2465\">&#8211; improvement of hair thickness and quality<\/p><p data-start=\"2504\" data-end=\"2511\">Effects:<\/p><p data-start=\"2513\" data-end=\"2613\">&#8211; reduce hair loss<br data-start=\"2537\" data-end=\"2540\">&#8211; appearance of new hair (baby hair)<br data-start=\"2582\" data-end=\"2585\">&#8211; improve hair density<\/p><p data-start=\"2615\" data-end=\"2691\">This is one of the most effective methods used to treat hair loss.<\/p>\t\t\t\t\t\t\t\t<\/div>\n\t\t\t\t<\/div>\n\t\t\t\t<div class=\"elementor-element elementor-element-93eac95 elementor-widget elementor-widget-heading\" data-id=\"93eac95\" data-element_type=\"widget\" data-widget_type=\"heading.default\">\n\t\t\t\t<div class=\"elementor-widget-container\">\n\t\t\t\t\t<h2 class=\"elementor-heading-title elementor-size-default\">LED THERAPY (FREE OF CHARGE) - AMPLIFICATION OF EFFECTS (X7)<\/h2>\t\t\t\t<\/div>\n\t\t\t\t<\/div>\n\t\t\t\t<div class=\"elementor-element elementor-element-d601efb elementor-widget elementor-widget-text-editor\" data-id=\"d601efb\" data-element_type=\"widget\" data-widget_type=\"text-editor.default\">\n\t\t\t\t<div class=\"elementor-widget-container\">\n\t\t\t\t\t\t\t\t\t<p data-start=\"2749\" data-end=\"2774\">LED supports the entire therapy:<\/p><p data-start=\"2776\" data-end=\"2905\">&#8211; improves microcirculation of the scalp<br data-start=\"2812\" data-end=\"2815\">&#8211; accelerates regeneration<br data-start=\"2840\" data-end=\"2843\">&#8211; strengthens hair follicles<br data-start=\"2869\" data-end=\"2872\">&#8211; increases the effectiveness of treatments<\/p><p data-start=\"2907\" data-end=\"2968\">It works &#8220;in the background&#8221;, but significantly affects the final effect of therapy.<\/p>\t\t\t\t\t\t\t\t<\/div>\n\t\t\t\t<\/div>\n\t\t\t\t<div class=\"elementor-element elementor-element-2db5483 elementor-widget elementor-widget-heading\" data-id=\"2db5483\" data-element_type=\"widget\" data-widget_type=\"heading.default\">\n\t\t\t\t<div class=\"elementor-widget-container\">\n\t\t\t\t\t<h2 class=\"elementor-heading-title elementor-size-default\">EFFECTS OF THERAPY<\/h2>\t\t\t\t<\/div>\n\t\t\t\t<\/div>\n\t\t\t\t<div class=\"elementor-element elementor-element-da3e37d elementor-widget elementor-widget-text-editor\" data-id=\"da3e37d\" data-element_type=\"widget\" data-widget_type=\"text-editor.default\">\n\t\t\t\t<div class=\"elementor-widget-container\">\n\t\t\t\t\t\t\t\t\t<p data-start=\"2993\" data-end=\"3040\">With a regular series of treatments, you may notice:<\/p><p data-start=\"3042\" data-end=\"3202\">&#8211; reduction of hair loss<br data-start=\"3073\" data-end=\"3076\">&#8211; improvement of hair density<br data-start=\"3102\" data-end=\"3105\">&#8211; strengthening of hair at the roots<br data-start=\"3134\" data-end=\"3137\">&#8211; appearance of new hair<br data-start=\"3167\" data-end=\"3170\">&#8211; improvement of scalp condition<\/p><p data-start=\"3204\" data-end=\"3271\">The effects depend on individual predisposition and the cause of the problem.<\/p>\t\t\t\t\t\t\t\t<\/div>\n\t\t\t\t<\/div>\n\t\t\t\t<div class=\"elementor-element elementor-element-d1c1852 elementor-widget elementor-widget-heading\" data-id=\"d1c1852\" data-element_type=\"widget\" data-widget_type=\"heading.default\">\n\t\t\t\t<div class=\"elementor-widget-container\">\n\t\t\t\t\t<h2 class=\"elementor-heading-title elementor-size-default\">WHO IS THIS PACKAGE FOR?<\/h2>\t\t\t\t<\/div>\n\t\t\t\t<\/div>\n\t\t\t\t<div class=\"elementor-element elementor-element-85e28f3 elementor-widget elementor-widget-text-editor\" data-id=\"85e28f3\" data-element_type=\"widget\" data-widget_type=\"text-editor.default\">\n\t\t\t\t<div class=\"elementor-widget-container\">\n\t\t\t\t\t\t\t\t\t<p data-start=\"3307\" data-end=\"3335\">The package is recommended for people:<\/p><p data-start=\"3337\" data-end=\"3554\">&#8211; with excessive hair loss<br data-start=\"3369\" data-end=\"3372\">&#8211; with thinning on the top of the head or on the corners<br data-start=\"3419\" data-end=\"3422\">&#8211; with thin, weakened hair<br data-start=\"3455\" data-end=\"3458\">&#8211; who want to act comprehensively<br data-start=\"3490\" data-end=\"3493\">&#8211; who are looking for an effective treatment against hair loss<\/p>\t\t\t\t\t\t\t\t<\/div>\n\t\t\t\t<\/div>\n\t\t\t\t<div class=\"elementor-element elementor-element-8eaaf3d elementor-align-center elementor-widget elementor-widget-button\" data-id=\"8eaaf3d\" data-element_type=\"widget\" data-widget_type=\"button.default\">\n\t\t\t\t<div class=\"elementor-widget-container\">\n\t\t\t\t\t\t\t\t\t<div class=\"elementor-button-wrapper\">\n\t\t\t\t\t<a class=\"elementor-button elementor-button-link elementor-size-sm\" href=\"https:\/\/d81b8eb1.booksy.com\" target=\"_blank\">\n\t\t\t\t\t\t<span class=\"elementor-button-content-wrapper\">\n\t\t\t\t\t\t\t\t\t<span class=\"elementor-button-text\">RESERVE  <\/span>\n\t\t\t\t\t<\/span>\n\t\t\t\t\t<\/a>\n\t\t\t\t<\/div>\n\t\t\t\t\t\t\t\t<\/div>\n\t\t\t\t<\/div>\n\t\t\t\t\t<\/div>\n\t\t<\/div>\n\t\t\t\t\t<\/div>\n\t\t<\/section>\n\t\t\t\t<\/div>\n\t\t","protected":false},"excerpt":{"rendered":"<p>package for falling hair AREA 1 PACKAGE PLN 3299 BUY 2599 EUR MAKE AN APPOINTMENT What is included in the FALLING HAIR package? X4 JULIE CARBOXYTHERAPY X3 PLATELET-RICH PLASMA X7 LED LIGHT THERAPY (FREE) package for falling hair Carboxytherapy + Platelet Rich Plasma + LED A comprehensive package for those struggling with excessive hair loss, [&hellip;]<\/p>\n","protected":false},"author":6,"featured_media":0,"parent":0,"menu_order":0,"comment_status":"closed","ping_status":"closed","template":"","meta":{"footnotes":""},"class_list":["post-10447","page","type-page","status-publish","hentry"],"yoast_head":"<!-- This site is optimized with the Yoast SEO plugin v25.9 - https:\/\/yoast.com\/wordpress\/plugins\/seo\/ -->\n<title>PACKAGE FOR FALLING HAIR - Prive Beauty &amp; Hair<\/title>\n<meta name=\"robots\" content=\"index, follow, max-snippet:-1, max-image-preview:large, max-video-preview:-1\" \/>\n<link rel=\"canonical\" href=\"https:\/\/prive-club.pl\/en\/vascular-lesion-therapy-package-2\/\" \/>\n<meta property=\"og:locale\" content=\"en_US\" \/>\n<meta property=\"og:type\" content=\"article\" \/>\n<meta property=\"og:title\" content=\"PACKAGE FOR FALLING HAIR - Prive Beauty &amp; Hair\" \/>\n<meta property=\"og:description\" content=\"package for falling hair AREA 1 PACKAGE PLN 3299 BUY 2599 EUR MAKE AN APPOINTMENT What is included in the FALLING HAIR package? X4 JULIE CARBOXYTHERAPY X3 PLATELET-RICH PLASMA X7 LED LIGHT THERAPY (FREE) package for falling hair Carboxytherapy + Platelet Rich Plasma + LED A comprehensive package for those struggling with excessive hair loss, [&hellip;]\" \/>\n<meta property=\"og:url\" content=\"https:\/\/prive-club.pl\/en\/vascular-lesion-therapy-package-2\/\" \/>\n<meta property=\"og:site_name\" content=\"Prive Beauty &amp; Hair\" \/>\n<meta property=\"article:modified_time\" content=\"2026-03-24T09:18:59+00:00\" \/>\n<meta name=\"twitter:card\" content=\"summary_large_image\" \/>\n<meta name=\"twitter:label1\" content=\"Est. reading time\" \/>\n\t<meta name=\"twitter:data1\" content=\"2 minutes\" \/>\n<script type=\"application\/ld+json\" class=\"yoast-schema-graph\">{\"@context\":\"https:\/\/schema.org\",\"@graph\":[{\"@type\":\"WebPage\",\"@id\":\"https:\/\/prive-club.pl\/en\/vascular-lesion-therapy-package-2\/\",\"url\":\"https:\/\/prive-club.pl\/en\/vascular-lesion-therapy-package-2\/\",\"name\":\"PACKAGE FOR FALLING HAIR - Prive Beauty &amp; Hair\",\"isPartOf\":{\"@id\":\"https:\/\/prive-club.pl\/en\/#website\"},\"datePublished\":\"2026-03-23T18:03:27+00:00\",\"dateModified\":\"2026-03-24T09:18:59+00:00\",\"breadcrumb\":{\"@id\":\"https:\/\/prive-club.pl\/en\/vascular-lesion-therapy-package-2\/#breadcrumb\"},\"inLanguage\":\"en-US\",\"potentialAction\":[{\"@type\":\"ReadAction\",\"target\":[\"https:\/\/prive-club.pl\/en\/vascular-lesion-therapy-package-2\/\"]}]},{\"@type\":\"BreadcrumbList\",\"@id\":\"https:\/\/prive-club.pl\/en\/vascular-lesion-therapy-package-2\/#breadcrumb\",\"itemListElement\":[{\"@type\":\"ListItem\",\"position\":1,\"name\":\"Strona g\u0142\u00f3wna\",\"item\":\"https:\/\/prive-club.pl\/\"},{\"@type\":\"ListItem\",\"position\":2,\"name\":\"PACKAGE FOR FALLING HAIR\"}]},{\"@type\":\"WebSite\",\"@id\":\"https:\/\/prive-club.pl\/en\/#website\",\"url\":\"https:\/\/prive-club.pl\/en\/\",\"name\":\"Prive Beauty &amp; Hair\",\"description\":\"Fryzjer Gda\u0144sk , Depilacja Laserowa Gda\u0144sk, zamykanie naczynek Gda\u0144sk\",\"publisher\":{\"@id\":\"https:\/\/prive-club.pl\/en\/#organization\"},\"potentialAction\":[{\"@type\":\"SearchAction\",\"target\":{\"@type\":\"EntryPoint\",\"urlTemplate\":\"https:\/\/prive-club.pl\/en\/?s={search_term_string}\"},\"query-input\":{\"@type\":\"PropertyValueSpecification\",\"valueRequired\":true,\"valueName\":\"search_term_string\"}}],\"inLanguage\":\"en-US\"},{\"@type\":\"Organization\",\"@id\":\"https:\/\/prive-club.pl\/en\/#organization\",\"name\":\"Prive Beauty &amp; Hair\",\"url\":\"https:\/\/prive-club.pl\/en\/\",\"logo\":{\"@type\":\"ImageObject\",\"inLanguage\":\"en-US\",\"@id\":\"https:\/\/prive-club.pl\/en\/#\/schema\/logo\/image\/\",\"url\":\"https:\/\/prive-club.pl\/wp-content\/uploads\/2020\/04\/Prive-beauty-logo.png\",\"contentUrl\":\"https:\/\/prive-club.pl\/wp-content\/uploads\/2020\/04\/Prive-beauty-logo.png\",\"width\":1851,\"height\":879,\"caption\":\"Prive Beauty &amp; Hair\"},\"image\":{\"@id\":\"https:\/\/prive-club.pl\/en\/#\/schema\/logo\/image\/\"}}]}<\/script>\n<!-- \/ Yoast SEO plugin. -->","yoast_head_json":{"title":"PACKAGE FOR FALLING HAIR - Prive Beauty &amp; Hair","robots":{"index":"index","follow":"follow","max-snippet":"max-snippet:-1","max-image-preview":"max-image-preview:large","max-video-preview":"max-video-preview:-1"},"canonical":"https:\/\/prive-club.pl\/en\/vascular-lesion-therapy-package-2\/","og_locale":"en_US","og_type":"article","og_title":"PACKAGE FOR FALLING HAIR - Prive Beauty &amp; Hair","og_description":"package for falling hair AREA 1 PACKAGE PLN 3299 BUY 2599 EUR MAKE AN APPOINTMENT What is included in the FALLING HAIR package? X4 JULIE CARBOXYTHERAPY X3 PLATELET-RICH PLASMA X7 LED LIGHT THERAPY (FREE) package for falling hair Carboxytherapy + Platelet Rich Plasma + LED A comprehensive package for those struggling with excessive hair loss, [&hellip;]","og_url":"https:\/\/prive-club.pl\/en\/vascular-lesion-therapy-package-2\/","og_site_name":"Prive Beauty &amp; Hair","article_modified_time":"2026-03-24T09:18:59+00:00","twitter_card":"summary_large_image","twitter_misc":{"Est. reading time":"2 minutes"},"schema":{"@context":"https:\/\/schema.org","@graph":[{"@type":"WebPage","@id":"https:\/\/prive-club.pl\/en\/vascular-lesion-therapy-package-2\/","url":"https:\/\/prive-club.pl\/en\/vascular-lesion-therapy-package-2\/","name":"PACKAGE FOR FALLING HAIR - Prive Beauty &amp; Hair","isPartOf":{"@id":"https:\/\/prive-club.pl\/en\/#website"},"datePublished":"2026-03-23T18:03:27+00:00","dateModified":"2026-03-24T09:18:59+00:00","breadcrumb":{"@id":"https:\/\/prive-club.pl\/en\/vascular-lesion-therapy-package-2\/#breadcrumb"},"inLanguage":"en-US","potentialAction":[{"@type":"ReadAction","target":["https:\/\/prive-club.pl\/en\/vascular-lesion-therapy-package-2\/"]}]},{"@type":"BreadcrumbList","@id":"https:\/\/prive-club.pl\/en\/vascular-lesion-therapy-package-2\/#breadcrumb","itemListElement":[{"@type":"ListItem","position":1,"name":"Strona g\u0142\u00f3wna","item":"https:\/\/prive-club.pl\/"},{"@type":"ListItem","position":2,"name":"PACKAGE FOR FALLING HAIR"}]},{"@type":"WebSite","@id":"https:\/\/prive-club.pl\/en\/#website","url":"https:\/\/prive-club.pl\/en\/","name":"Prive Beauty &amp; Hair","description":"Fryzjer Gda\u0144sk , Depilacja Laserowa Gda\u0144sk, zamykanie naczynek Gda\u0144sk","publisher":{"@id":"https:\/\/prive-club.pl\/en\/#organization"},"potentialAction":[{"@type":"SearchAction","target":{"@type":"EntryPoint","urlTemplate":"https:\/\/prive-club.pl\/en\/?s={search_term_string}"},"query-input":{"@type":"PropertyValueSpecification","valueRequired":true,"valueName":"search_term_string"}}],"inLanguage":"en-US"},{"@type":"Organization","@id":"https:\/\/prive-club.pl\/en\/#organization","name":"Prive Beauty &amp; Hair","url":"https:\/\/prive-club.pl\/en\/","logo":{"@type":"ImageObject","inLanguage":"en-US","@id":"https:\/\/prive-club.pl\/en\/#\/schema\/logo\/image\/","url":"https:\/\/prive-club.pl\/wp-content\/uploads\/2020\/04\/Prive-beauty-logo.png","contentUrl":"https:\/\/prive-club.pl\/wp-content\/uploads\/2020\/04\/Prive-beauty-logo.png","width":1851,"height":879,"caption":"Prive Beauty &amp; Hair"},"image":{"@id":"https:\/\/prive-club.pl\/en\/#\/schema\/logo\/image\/"}}]}},"_links":{"self":[{"href":"https:\/\/prive-club.pl\/en\/wp-json\/wp\/v2\/pages\/10447","targetHints":{"allow":["GET"]}}],"collection":[{"href":"https:\/\/prive-club.pl\/en\/wp-json\/wp\/v2\/pages"}],"about":[{"href":"https:\/\/prive-club.pl\/en\/wp-json\/wp\/v2\/types\/page"}],"author":[{"embeddable":true,"href":"https:\/\/prive-club.pl\/en\/wp-json\/wp\/v2\/users\/6"}],"replies":[{"embeddable":true,"href":"https:\/\/prive-club.pl\/en\/wp-json\/wp\/v2\/comments?post=10447"}],"version-history":[{"count":0,"href":"https:\/\/prive-club.pl\/en\/wp-json\/wp\/v2\/pages\/10447\/revisions"}],"wp:attachment":[{"href":"https:\/\/prive-club.pl\/en\/wp-json\/wp\/v2\/media?parent=10447"}],"curies":[{"name":"wp","href":"https:\/\/api.w.org\/{rel}","templated":true}]}}