{"id":10440,"date":"2026-03-23T18:57:12","date_gmt":"2026-03-23T17:57:12","guid":{"rendered":"https:\/\/prive-club.pl\/beautiful-eyes-package-rejuvenated-look\/"},"modified":"2026-03-23T19:02:34","modified_gmt":"2026-03-23T18:02:34","slug":"beautiful-eyes-package-rejuvenated-look","status":"publish","type":"page","link":"https:\/\/prive-club.pl\/en\/beautiful-eyes-package-rejuvenated-look\/","title":{"rendered":"BEAUTIFUL EYES PACKAGE, REJUVENATED LOOK"},"content":{"rendered":"\t\t<div data-elementor-type=\"wp-page\" data-elementor-id=\"10440\" class=\"elementor elementor-10440 elementor-10430\" data-elementor-post-type=\"page\">\n\t\t\t\t\t\t<section class=\"elementor-section elementor-top-section elementor-element elementor-element-495bc64 elementor-section-stretched elementor-section-boxed elementor-section-height-default elementor-section-height-default\" data-id=\"495bc64\" data-element_type=\"section\" data-settings=\"{&quot;background_background&quot;:&quot;classic&quot;,&quot;stretch_section&quot;:&quot;section-stretched&quot;}\">\n\t\t\t\t\t\t<div class=\"elementor-container elementor-column-gap-default\">\n\t\t\t\t\t<div class=\"elementor-column elementor-col-100 elementor-top-column elementor-element elementor-element-299d71a1\" data-id=\"299d71a1\" data-element_type=\"column\">\n\t\t\t<div class=\"elementor-widget-wrap elementor-element-populated\">\n\t\t\t\t\t\t<div class=\"elementor-element elementor-element-414b3b68 elementor-widget elementor-widget-heading\" data-id=\"414b3b68\" data-element_type=\"widget\" data-widget_type=\"heading.default\">\n\t\t\t\t<div class=\"elementor-widget-container\">\n\t\t\t\t\t<h1 class=\"elementor-heading-title elementor-size-default\">BEAUTIFUL EYES, REDUCED LOOK package<\/h1>\t\t\t\t<\/div>\n\t\t\t\t<\/div>\n\t\t\t\t<div class=\"elementor-element elementor-element-7778e7b elementor-widget elementor-widget-html\" data-id=\"7778e7b\" data-element_type=\"widget\" data-widget_type=\"html.default\">\n\t\t\t\t<div class=\"elementor-widget-container\">\n\t\t\t\t\t<div style=\"text-align: center; font-family: 'Montserrat', Arial, sans-serif; font-size: 35px;\">\n  <span style=\"color: #666;\">AREA 1 PACKAGE<\/span>\n  <span style=\"text-decoration: line-through; color: #666; margin-left: 6px;\">\n 2599 PLN\n <\/span>\n  <span style=\"margin: 0 10px; color: #000;\">BUY<\/span>\n  <span style=\"color: red; font-weight: 700;\">PLN 1599<\/span>\n<\/div>\t\t\t\t<\/div>\n\t\t\t\t<\/div>\n\t\t\t\t<div class=\"elementor-element elementor-element-68c1dc39 elementor-align-center elementor-widget elementor-widget-button\" data-id=\"68c1dc39\" data-element_type=\"widget\" data-widget_type=\"button.default\">\n\t\t\t\t<div class=\"elementor-widget-container\">\n\t\t\t\t\t\t\t\t\t<div class=\"elementor-button-wrapper\">\n\t\t\t\t\t<a class=\"elementor-button elementor-button-link elementor-size-sm\" href=\"https:\/\/d81b8eb1.booksy.com\" target=\"_blank\">\n\t\t\t\t\t\t<span class=\"elementor-button-content-wrapper\">\n\t\t\t\t\t\t\t\t\t<span class=\"elementor-button-text\">MAKE AN APPOINTMENT<\/span>\n\t\t\t\t\t<\/span>\n\t\t\t\t\t<\/a>\n\t\t\t\t<\/div>\n\t\t\t\t\t\t\t\t<\/div>\n\t\t\t\t<\/div>\n\t\t\t\t<div class=\"elementor-element elementor-element-642d8bd elementor-widget elementor-widget-html\" data-id=\"642d8bd\" data-element_type=\"widget\" data-widget_type=\"html.default\">\n\t\t\t\t<div class=\"elementor-widget-container\">\n\t\t\t\t\t<div style=\"font-family: 'Montserrat', Arial, sans-serif; color: #000; font-size: 20px;\">\n  <p style=\"margin-bottom: 10px;\">What's included in the BEAUTIFUL EYES, REDUCED LOOK package?<\/p>\n\n  <ul style=\"list-style: none; padding: 0; margin: 0;\">\n    <li style=\"margin: 10px 0; display: flex; align-items: flex-start;\">\n      <span style=\"width: 10px; height: 10px; border: 2px solid #8e5ea2; border-radius: 50%; margin-right: 12px; margin-top: 6px;\"><\/span>\n      <span>X4 JULIE CARBOXYTHERAPY<\/span>\n    <\/li>\n\n    <li style=\"margin: 10px 0; display: flex; align-items: flex-start;\">\n      <span style=\"width: 10px; height: 10px; border: 2px solid #8e5ea2; border-radius: 50%; margin-right: 12px; margin-top: 6px;\"><\/span>\n      <span>X3 NEEDLE MESOTHERAPY UNDER EYES<\/span>\n    <\/li>\n\n    <li style=\"margin: 10px 0; display: flex; align-items: flex-start;\">\n      <span style=\"width: 10px; height: 10px; border: 2px solid #8e5ea2; border-radius: 50%; margin-right: 12px; margin-top: 6px;\"><\/span>\n      <span>X1 CONSULTATION + ADVANCED 3D ANALYSIS OF SKIN CONDITION WITH DIAGNOSTIC DEVICE (BEFORE\/AFTER)<\/span>\n    <\/li>\n\n    <li style=\"margin: 10px 0; display: flex; align-items: flex-start;\">\n      <span style=\"width: 10px; height: 10px; border: 2px solid #8e5ea2; border-radius: 50%; margin-right: 12px; margin-top: 6px;\"><\/span>\n      <span>X7 LED LIGHT THERAPY (FREE)<\/span>\n    <\/li>\n  <\/ul>\n<\/div>\t\t\t\t<\/div>\n\t\t\t\t<\/div>\n\t\t\t\t<div class=\"elementor-element elementor-element-a454a34 elementor-widget elementor-widget-heading\" data-id=\"a454a34\" data-element_type=\"widget\" data-widget_type=\"heading.default\">\n\t\t\t\t<div class=\"elementor-widget-container\">\n\t\t\t\t\t<h2 class=\"elementor-heading-title elementor-size-default\">BEAUTIFUL EYES, REDUCED LOOK package<\/h2>\t\t\t\t<\/div>\n\t\t\t\t<\/div>\n\t\t\t\t<div class=\"elementor-element elementor-element-78612f7 elementor-widget elementor-widget-text-editor\" data-id=\"78612f7\" data-element_type=\"widget\" data-widget_type=\"text-editor.default\">\n\t\t\t\t<div class=\"elementor-widget-container\">\n\t\t\t\t\t\t\t\t\t<p data-start=\"1550\" data-end=\"1684\">The package was created for people who want to effectively rejuvenate the eye area &#8211; without surgical interference, but with a pronounced effect.<\/p><p data-start=\"1686\" data-end=\"1719\">It&#8217;s an ideal therapy, if you will:<\/p><p data-start=\"1721\" data-end=\"1933\">&#8211; reduce dark circles and bruising under eyes<br data-start=\"1764\" data-end=\"1767\">&#8211; reduce bags and signs of fatigue<br data-start=\"1804\" data-end=\"1807\">&#8211; smooth fine lines (&#8220;crow&#8217;s feet&#8221;)<br data-start=\"1852\" data-end=\"1855\">&#8211; improve skin tone and hydration<br data-start=\"1893\" data-end=\"1896\">&#8211; refresh and &#8220;open up&#8221; the look<\/p><p data-start=\"1935\" data-end=\"1948\">Link package:<\/p><p data-start=\"1950\" data-end=\"2089\">&#8211; JULIE carboxytherapy<br data-start=\"1973\" data-end=\"1976\">&#8211; needle mesotherapy under the eyes<br data-start=\"2005\" data-end=\"2008\">&#8211; LED light therapy (free of charge)<br data-start=\"2039\" data-end=\"2042\">&#8211; consultation + advanced 3D skin analysis<\/p>\t\t\t\t\t\t\t\t<\/div>\n\t\t\t\t<\/div>\n\t\t\t\t<div class=\"elementor-element elementor-element-f65ae6a elementor-widget elementor-widget-heading\" data-id=\"f65ae6a\" data-element_type=\"widget\" data-widget_type=\"heading.default\">\n\t\t\t\t<div class=\"elementor-widget-container\">\n\t\t\t\t\t<h2 class=\"elementor-heading-title elementor-size-default\">JULIE'S CARBOXYTHERAPY - OXYGENATION AND BRIGHTENING<\/h2>\t\t\t\t<\/div>\n\t\t\t\t<\/div>\n\t\t\t\t<div class=\"elementor-element elementor-element-95e0703 elementor-widget elementor-widget-text-editor\" data-id=\"95e0703\" data-element_type=\"widget\" data-widget_type=\"text-editor.default\">\n\t\t\t\t<div class=\"elementor-widget-container\">\n\t\t\t\t\t\t\t\t\t<p data-start=\"2150\" data-end=\"2201\">Carboxytherapy involves the administration of CO\u2082, which causes:<\/p><p data-start=\"2203\" data-end=\"2350\">&#8211; improved microcirculation<br data-start=\"2226\" data-end=\"2229\">&#8211; better oxygenation of tissues<br data-start=\"2256\" data-end=\"2259\">&#8211; reduction of dark circles and bruising<br data-start=\"2286\" data-end=\"2289\">&#8211; improved skin tone<br data-start=\"2313\" data-end=\"2316\">&#8211; slight tightening and thickening<\/p><p data-start=\"2352\" data-end=\"2369\">In a series of treatments:<\/p><p data-start=\"2371\" data-end=\"2488\">&#8211; the effect of &#8220;dark circles&#8221; is reduced<br data-start=\"2412\" data-end=\"2415\">&#8211; the skin looks more rested<br data-start=\"2452\" data-end=\"2455\">&#8211; the look becomes fresher<\/p>\t\t\t\t\t\t\t\t<\/div>\n\t\t\t\t<\/div>\n\t\t\t\t<div class=\"elementor-element elementor-element-798e3f8 elementor-widget elementor-widget-heading\" data-id=\"798e3f8\" data-element_type=\"widget\" data-widget_type=\"heading.default\">\n\t\t\t\t<div class=\"elementor-widget-container\">\n\t\t\t\t\t<h2 class=\"elementor-heading-title elementor-size-default\">NEEDLE MESOTHERAPY UNDER THE EYES - HYDRATION AND SMOOTHING<\/h2>\t\t\t\t<\/div>\n\t\t\t\t<\/div>\n\t\t\t\t<div class=\"elementor-element elementor-element-c1861d9 elementor-widget elementor-widget-text-editor\" data-id=\"c1861d9\" data-element_type=\"widget\" data-widget_type=\"text-editor.default\">\n\t\t\t\t<div class=\"elementor-widget-container\">\n\t\t\t\t\t\t\t\t\t<p data-start=\"2553\" data-end=\"2626\">Mesotherapy involves delivering active ingredients directly into the skin.<\/p><p data-start=\"2628\" data-end=\"2638\">Action:<\/p><p data-start=\"2640\" data-end=\"2794\">&#8211; intensive hydration<br data-start=\"2663\" data-end=\"2666\">&#8211; improve firmness and elasticity<br data-start=\"2701\" data-end=\"2704\">&#8211; smooth fine wrinkles<br data-start=\"2737\" data-end=\"2740\">&#8211; improve skin density<br data-start=\"2764\" data-end=\"2767\">&#8211; rejuvenate the eye area<\/p><p data-start=\"2796\" data-end=\"2808\">Series Effect:<\/p><p data-start=\"2810\" data-end=\"2908\">&#8211; tighter and more supple skin<br data-start=\"2847\" data-end=\"2850\">&#8211; less visible lines<br data-start=\"2872\" data-end=\"2875\">&#8211; an &#8220;open,&#8221; younger look<\/p>\t\t\t\t\t\t\t\t<\/div>\n\t\t\t\t<\/div>\n\t\t\t\t<div class=\"elementor-element elementor-element-93eac95 elementor-widget elementor-widget-heading\" data-id=\"93eac95\" data-element_type=\"widget\" data-widget_type=\"heading.default\">\n\t\t\t\t<div class=\"elementor-widget-container\">\n\t\t\t\t\t<h2 class=\"elementor-heading-title elementor-size-default\">LED THERAPY (FREE OF CHARGE) - REGENERATION AND TRANQUILITY<\/h2>\t\t\t\t<\/div>\n\t\t\t\t<\/div>\n\t\t\t\t<div class=\"elementor-element elementor-element-d601efb elementor-widget elementor-widget-text-editor\" data-id=\"d601efb\" data-element_type=\"widget\" data-widget_type=\"text-editor.default\">\n\t\t\t\t<div class=\"elementor-widget-container\">\n\t\t\t\t\t\t\t\t\t<p data-start=\"2966\" data-end=\"2999\">LED supports the effects of all therapy:<\/p><p data-start=\"3001\" data-end=\"3129\">&#8211; accelerates regeneration<br data-start=\"3026\" data-end=\"3029\">&#8211; soothes irritation<br data-start=\"3051\" data-end=\"3054\">&#8211; has a soothing effect<br data-start=\"3069\" data-end=\"3072\">&#8211; promotes collagen production<br data-start=\"3100\" data-end=\"3103\">&#8211; improves skin tone<\/p><p data-start=\"3131\" data-end=\"3201\">This allows the skin to recover faster and respond better to treatments.<\/p>\t\t\t\t\t\t\t\t<\/div>\n\t\t\t\t<\/div>\n\t\t\t\t<div class=\"elementor-element elementor-element-2db5483 elementor-widget elementor-widget-heading\" data-id=\"2db5483\" data-element_type=\"widget\" data-widget_type=\"heading.default\">\n\t\t\t\t<div class=\"elementor-widget-container\">\n\t\t\t\t\t<h2 class=\"elementor-heading-title elementor-size-default\">CONSULTATION + 3D SKIN ANALYSIS<\/h2>\t\t\t\t<\/div>\n\t\t\t\t<\/div>\n\t\t\t\t<div class=\"elementor-element elementor-element-da3e37d elementor-widget elementor-widget-text-editor\" data-id=\"da3e37d\" data-element_type=\"widget\" data-widget_type=\"text-editor.default\">\n\t\t\t\t<div class=\"elementor-widget-container\">\n\t\t\t\t\t\t\t\t\t<p data-start=\"3242\" data-end=\"3280\">Before starting therapy, we perform:<\/p><p data-start=\"3282\" data-end=\"3331\">&#8211; consultation<br data-start=\"3295\" data-end=\"3298\">&#8211; advanced 3D skin analysis<\/p><p data-start=\"3333\" data-end=\"3345\">With this:<\/p><p data-start=\"3347\" data-end=\"3503\">&#8211; we assess the condition of the skin under the eyes<br data-start=\"3379\" data-end=\"3382\">&#8211; we analyze dark circles, wrinkles and sagging<br data-start=\"3425\" data-end=\"3428\">&#8211; we choose a treatment plan individually<br data-start=\"3467\" data-end=\"3470\">&#8211; we compare the before and after effects<\/p>\t\t\t\t\t\t\t\t<\/div>\n\t\t\t\t<\/div>\n\t\t\t\t<div class=\"elementor-element elementor-element-d1c1852 elementor-widget elementor-widget-heading\" data-id=\"d1c1852\" data-element_type=\"widget\" data-widget_type=\"heading.default\">\n\t\t\t\t<div class=\"elementor-widget-container\">\n\t\t\t\t\t<h2 class=\"elementor-heading-title elementor-size-default\">EFFECTS OF THERAPY<\/h2>\t\t\t\t<\/div>\n\t\t\t\t<\/div>\n\t\t\t\t<div class=\"elementor-element elementor-element-85e28f3 elementor-widget elementor-widget-text-editor\" data-id=\"85e28f3\" data-element_type=\"widget\" data-widget_type=\"text-editor.default\">\n\t\t\t\t<div class=\"elementor-widget-container\">\n\t\t\t\t\t\t\t\t\t<p data-start=\"3528\" data-end=\"3563\">After a series of treatments, you can expect:<\/p><p data-start=\"3565\" data-end=\"3733\">&#8211; brighten dark circles under the eyes<br data-start=\"3596\" data-end=\"3599\">&#8211; reduce signs of fatigue<br data-start=\"3625\" data-end=\"3628\">&#8211; smooth wrinkles<br data-start=\"3652\" data-end=\"3655\">&#8211; improve tone and hydration<br data-start=\"3686\" data-end=\"3689\">&#8211; a fresher, younger look<\/p>\t\t\t\t\t\t\t\t<\/div>\n\t\t\t\t<\/div>\n\t\t\t\t<div class=\"elementor-element elementor-element-a75eaa1 elementor-widget elementor-widget-heading\" data-id=\"a75eaa1\" data-element_type=\"widget\" data-widget_type=\"heading.default\">\n\t\t\t\t<div class=\"elementor-widget-container\">\n\t\t\t\t\t<h2 class=\"elementor-heading-title elementor-size-default\">WHO IS THIS PACKAGE FOR?<\/h2>\t\t\t\t<\/div>\n\t\t\t\t<\/div>\n\t\t\t\t<div class=\"elementor-element elementor-element-fe0e704 elementor-widget elementor-widget-text-editor\" data-id=\"fe0e704\" data-element_type=\"widget\" data-widget_type=\"text-editor.default\">\n\t\t\t\t<div class=\"elementor-widget-container\">\n\t\t\t\t\t\t\t\t\t<p data-start=\"3769\" data-end=\"3797\">The package is recommended for people:<\/p><p data-start=\"3799\" data-end=\"4021\">&#8211; with dark circles and bruising under the eyes<br data-start=\"3837\" data-end=\"3840\">&#8211; with bags and signs of fatigue<br data-start=\"3872\" data-end=\"3875\">&#8211; with fine wrinkles around the eyes<br data-start=\"3911\" data-end=\"3914\">&#8211; with flabby, thin skin under the eyes<br data-start=\"3949\" data-end=\"3952\">&#8211; who want to improve the look of their eyes without surgery<\/p>\t\t\t\t\t\t\t\t<\/div>\n\t\t\t\t<\/div>\n\t\t\t\t<div class=\"elementor-element elementor-element-8eaaf3d elementor-align-center elementor-widget elementor-widget-button\" data-id=\"8eaaf3d\" data-element_type=\"widget\" data-widget_type=\"button.default\">\n\t\t\t\t<div class=\"elementor-widget-container\">\n\t\t\t\t\t\t\t\t\t<div class=\"elementor-button-wrapper\">\n\t\t\t\t\t<a class=\"elementor-button elementor-button-link elementor-size-sm\" href=\"https:\/\/d81b8eb1.booksy.com\" target=\"_blank\">\n\t\t\t\t\t\t<span class=\"elementor-button-content-wrapper\">\n\t\t\t\t\t\t\t\t\t<span class=\"elementor-button-text\">RESERVE  <\/span>\n\t\t\t\t\t<\/span>\n\t\t\t\t\t<\/a>\n\t\t\t\t<\/div>\n\t\t\t\t\t\t\t\t<\/div>\n\t\t\t\t<\/div>\n\t\t\t\t\t<\/div>\n\t\t<\/div>\n\t\t\t\t\t<\/div>\n\t\t<\/section>\n\t\t\t\t<\/div>\n\t\t","protected":false},"excerpt":{"rendered":"<p>BEAUTIFUL EYES, REDUCED LOOK package AREA 1 PACKAGE 2599 PLN BUY PLN 1599 MAKE AN APPOINTMENT What&#8217;s included in the BEAUTIFUL EYES, REDUCED LOOK package? X4 JULIE CARBOXYTHERAPY X3 NEEDLE MESOTHERAPY UNDER EYES X1 CONSULTATION + ADVANCED 3D ANALYSIS OF SKIN CONDITION WITH DIAGNOSTIC DEVICE (BEFORE\/AFTER) X7 LED LIGHT THERAPY (FREE) BEAUTIFUL EYES, REDUCED LOOK [&hellip;]<\/p>\n","protected":false},"author":6,"featured_media":0,"parent":0,"menu_order":0,"comment_status":"closed","ping_status":"closed","template":"","meta":{"footnotes":""},"class_list":["post-10440","page","type-page","status-publish","hentry"],"yoast_head":"<!-- This site is optimized with the Yoast SEO plugin v25.9 - https:\/\/yoast.com\/wordpress\/plugins\/seo\/ -->\n<title>BEAUTIFUL EYES PACKAGE, REJUVENATED LOOK - Prive Beauty &amp; Hair<\/title>\n<meta name=\"robots\" content=\"index, follow, max-snippet:-1, max-image-preview:large, max-video-preview:-1\" \/>\n<link rel=\"canonical\" href=\"https:\/\/prive-club.pl\/en\/beautiful-eyes-package-rejuvenated-look\/\" \/>\n<meta property=\"og:locale\" content=\"en_US\" \/>\n<meta property=\"og:type\" content=\"article\" \/>\n<meta property=\"og:title\" content=\"BEAUTIFUL EYES PACKAGE, REJUVENATED LOOK - Prive Beauty &amp; Hair\" \/>\n<meta property=\"og:description\" content=\"BEAUTIFUL EYES, REDUCED LOOK package AREA 1 PACKAGE 2599 PLN BUY PLN 1599 MAKE AN APPOINTMENT What&#8217;s included in the BEAUTIFUL EYES, REDUCED LOOK package? X4 JULIE CARBOXYTHERAPY X3 NEEDLE MESOTHERAPY UNDER EYES X1 CONSULTATION + ADVANCED 3D ANALYSIS OF SKIN CONDITION WITH DIAGNOSTIC DEVICE (BEFORE\/AFTER) X7 LED LIGHT THERAPY (FREE) BEAUTIFUL EYES, REDUCED LOOK [&hellip;]\" \/>\n<meta property=\"og:url\" content=\"https:\/\/prive-club.pl\/en\/beautiful-eyes-package-rejuvenated-look\/\" \/>\n<meta property=\"og:site_name\" content=\"Prive Beauty &amp; Hair\" \/>\n<meta property=\"article:modified_time\" content=\"2026-03-23T18:02:34+00:00\" \/>\n<meta name=\"twitter:card\" content=\"summary_large_image\" \/>\n<meta name=\"twitter:label1\" content=\"Est. reading time\" \/>\n\t<meta name=\"twitter:data1\" content=\"2 minutes\" \/>\n<script type=\"application\/ld+json\" class=\"yoast-schema-graph\">{\"@context\":\"https:\/\/schema.org\",\"@graph\":[{\"@type\":\"WebPage\",\"@id\":\"https:\/\/prive-club.pl\/en\/beautiful-eyes-package-rejuvenated-look\/\",\"url\":\"https:\/\/prive-club.pl\/en\/beautiful-eyes-package-rejuvenated-look\/\",\"name\":\"BEAUTIFUL EYES PACKAGE, REJUVENATED LOOK - Prive Beauty &amp; Hair\",\"isPartOf\":{\"@id\":\"https:\/\/prive-club.pl\/en\/#website\"},\"datePublished\":\"2026-03-23T17:57:12+00:00\",\"dateModified\":\"2026-03-23T18:02:34+00:00\",\"breadcrumb\":{\"@id\":\"https:\/\/prive-club.pl\/en\/beautiful-eyes-package-rejuvenated-look\/#breadcrumb\"},\"inLanguage\":\"en-US\",\"potentialAction\":[{\"@type\":\"ReadAction\",\"target\":[\"https:\/\/prive-club.pl\/en\/beautiful-eyes-package-rejuvenated-look\/\"]}]},{\"@type\":\"BreadcrumbList\",\"@id\":\"https:\/\/prive-club.pl\/en\/beautiful-eyes-package-rejuvenated-look\/#breadcrumb\",\"itemListElement\":[{\"@type\":\"ListItem\",\"position\":1,\"name\":\"Strona g\u0142\u00f3wna\",\"item\":\"https:\/\/prive-club.pl\/\"},{\"@type\":\"ListItem\",\"position\":2,\"name\":\"BEAUTIFUL EYES PACKAGE, REJUVENATED LOOK\"}]},{\"@type\":\"WebSite\",\"@id\":\"https:\/\/prive-club.pl\/en\/#website\",\"url\":\"https:\/\/prive-club.pl\/en\/\",\"name\":\"Prive Beauty &amp; Hair\",\"description\":\"Fryzjer Gda\u0144sk , Depilacja Laserowa Gda\u0144sk, zamykanie naczynek Gda\u0144sk\",\"publisher\":{\"@id\":\"https:\/\/prive-club.pl\/en\/#organization\"},\"potentialAction\":[{\"@type\":\"SearchAction\",\"target\":{\"@type\":\"EntryPoint\",\"urlTemplate\":\"https:\/\/prive-club.pl\/en\/?s={search_term_string}\"},\"query-input\":{\"@type\":\"PropertyValueSpecification\",\"valueRequired\":true,\"valueName\":\"search_term_string\"}}],\"inLanguage\":\"en-US\"},{\"@type\":\"Organization\",\"@id\":\"https:\/\/prive-club.pl\/en\/#organization\",\"name\":\"Prive Beauty &amp; Hair\",\"url\":\"https:\/\/prive-club.pl\/en\/\",\"logo\":{\"@type\":\"ImageObject\",\"inLanguage\":\"en-US\",\"@id\":\"https:\/\/prive-club.pl\/en\/#\/schema\/logo\/image\/\",\"url\":\"https:\/\/prive-club.pl\/wp-content\/uploads\/2020\/04\/Prive-beauty-logo.png\",\"contentUrl\":\"https:\/\/prive-club.pl\/wp-content\/uploads\/2020\/04\/Prive-beauty-logo.png\",\"width\":1851,\"height\":879,\"caption\":\"Prive Beauty &amp; Hair\"},\"image\":{\"@id\":\"https:\/\/prive-club.pl\/en\/#\/schema\/logo\/image\/\"}}]}<\/script>\n<!-- \/ Yoast SEO plugin. -->","yoast_head_json":{"title":"BEAUTIFUL EYES PACKAGE, REJUVENATED LOOK - Prive Beauty &amp; Hair","robots":{"index":"index","follow":"follow","max-snippet":"max-snippet:-1","max-image-preview":"max-image-preview:large","max-video-preview":"max-video-preview:-1"},"canonical":"https:\/\/prive-club.pl\/en\/beautiful-eyes-package-rejuvenated-look\/","og_locale":"en_US","og_type":"article","og_title":"BEAUTIFUL EYES PACKAGE, REJUVENATED LOOK - Prive Beauty &amp; Hair","og_description":"BEAUTIFUL EYES, REDUCED LOOK package AREA 1 PACKAGE 2599 PLN BUY PLN 1599 MAKE AN APPOINTMENT What&#8217;s included in the BEAUTIFUL EYES, REDUCED LOOK package? X4 JULIE CARBOXYTHERAPY X3 NEEDLE MESOTHERAPY UNDER EYES X1 CONSULTATION + ADVANCED 3D ANALYSIS OF SKIN CONDITION WITH DIAGNOSTIC DEVICE (BEFORE\/AFTER) X7 LED LIGHT THERAPY (FREE) BEAUTIFUL EYES, REDUCED LOOK [&hellip;]","og_url":"https:\/\/prive-club.pl\/en\/beautiful-eyes-package-rejuvenated-look\/","og_site_name":"Prive Beauty &amp; Hair","article_modified_time":"2026-03-23T18:02:34+00:00","twitter_card":"summary_large_image","twitter_misc":{"Est. reading time":"2 minutes"},"schema":{"@context":"https:\/\/schema.org","@graph":[{"@type":"WebPage","@id":"https:\/\/prive-club.pl\/en\/beautiful-eyes-package-rejuvenated-look\/","url":"https:\/\/prive-club.pl\/en\/beautiful-eyes-package-rejuvenated-look\/","name":"BEAUTIFUL EYES PACKAGE, REJUVENATED LOOK - Prive Beauty &amp; Hair","isPartOf":{"@id":"https:\/\/prive-club.pl\/en\/#website"},"datePublished":"2026-03-23T17:57:12+00:00","dateModified":"2026-03-23T18:02:34+00:00","breadcrumb":{"@id":"https:\/\/prive-club.pl\/en\/beautiful-eyes-package-rejuvenated-look\/#breadcrumb"},"inLanguage":"en-US","potentialAction":[{"@type":"ReadAction","target":["https:\/\/prive-club.pl\/en\/beautiful-eyes-package-rejuvenated-look\/"]}]},{"@type":"BreadcrumbList","@id":"https:\/\/prive-club.pl\/en\/beautiful-eyes-package-rejuvenated-look\/#breadcrumb","itemListElement":[{"@type":"ListItem","position":1,"name":"Strona g\u0142\u00f3wna","item":"https:\/\/prive-club.pl\/"},{"@type":"ListItem","position":2,"name":"BEAUTIFUL EYES PACKAGE, REJUVENATED LOOK"}]},{"@type":"WebSite","@id":"https:\/\/prive-club.pl\/en\/#website","url":"https:\/\/prive-club.pl\/en\/","name":"Prive Beauty &amp; Hair","description":"Fryzjer Gda\u0144sk , Depilacja Laserowa Gda\u0144sk, zamykanie naczynek Gda\u0144sk","publisher":{"@id":"https:\/\/prive-club.pl\/en\/#organization"},"potentialAction":[{"@type":"SearchAction","target":{"@type":"EntryPoint","urlTemplate":"https:\/\/prive-club.pl\/en\/?s={search_term_string}"},"query-input":{"@type":"PropertyValueSpecification","valueRequired":true,"valueName":"search_term_string"}}],"inLanguage":"en-US"},{"@type":"Organization","@id":"https:\/\/prive-club.pl\/en\/#organization","name":"Prive Beauty &amp; Hair","url":"https:\/\/prive-club.pl\/en\/","logo":{"@type":"ImageObject","inLanguage":"en-US","@id":"https:\/\/prive-club.pl\/en\/#\/schema\/logo\/image\/","url":"https:\/\/prive-club.pl\/wp-content\/uploads\/2020\/04\/Prive-beauty-logo.png","contentUrl":"https:\/\/prive-club.pl\/wp-content\/uploads\/2020\/04\/Prive-beauty-logo.png","width":1851,"height":879,"caption":"Prive Beauty &amp; Hair"},"image":{"@id":"https:\/\/prive-club.pl\/en\/#\/schema\/logo\/image\/"}}]}},"_links":{"self":[{"href":"https:\/\/prive-club.pl\/en\/wp-json\/wp\/v2\/pages\/10440","targetHints":{"allow":["GET"]}}],"collection":[{"href":"https:\/\/prive-club.pl\/en\/wp-json\/wp\/v2\/pages"}],"about":[{"href":"https:\/\/prive-club.pl\/en\/wp-json\/wp\/v2\/types\/page"}],"author":[{"embeddable":true,"href":"https:\/\/prive-club.pl\/en\/wp-json\/wp\/v2\/users\/6"}],"replies":[{"embeddable":true,"href":"https:\/\/prive-club.pl\/en\/wp-json\/wp\/v2\/comments?post=10440"}],"version-history":[{"count":0,"href":"https:\/\/prive-club.pl\/en\/wp-json\/wp\/v2\/pages\/10440\/revisions"}],"wp:attachment":[{"href":"https:\/\/prive-club.pl\/en\/wp-json\/wp\/v2\/media?parent=10440"}],"curies":[{"name":"wp","href":"https:\/\/api.w.org\/{rel}","templated":true}]}}