{"id":10428,"date":"2026-03-23T18:53:54","date_gmt":"2026-03-23T17:53:54","guid":{"rendered":"https:\/\/prive-club.pl\/relaxation-and-oxygenation-package\/"},"modified":"2026-03-23T18:55:27","modified_gmt":"2026-03-23T17:55:27","slug":"relaxation-and-oxygenation-package","status":"publish","type":"page","link":"https:\/\/prive-club.pl\/en\/relaxation-and-oxygenation-package\/","title":{"rendered":"RELAXATION AND OXYGENATION PACKAGE"},"content":{"rendered":"\t\t<div data-elementor-type=\"wp-page\" data-elementor-id=\"10428\" class=\"elementor elementor-10428 elementor-10422\" data-elementor-post-type=\"page\">\n\t\t\t\t\t\t<section class=\"elementor-section elementor-top-section elementor-element elementor-element-495bc64 elementor-section-stretched elementor-section-boxed elementor-section-height-default elementor-section-height-default\" data-id=\"495bc64\" data-element_type=\"section\" data-settings=\"{&quot;background_background&quot;:&quot;classic&quot;,&quot;stretch_section&quot;:&quot;section-stretched&quot;}\">\n\t\t\t\t\t\t<div class=\"elementor-container elementor-column-gap-default\">\n\t\t\t\t\t<div class=\"elementor-column elementor-col-100 elementor-top-column elementor-element elementor-element-299d71a1\" data-id=\"299d71a1\" data-element_type=\"column\">\n\t\t\t<div class=\"elementor-widget-wrap elementor-element-populated\">\n\t\t\t\t\t\t<div class=\"elementor-element elementor-element-414b3b68 elementor-widget elementor-widget-heading\" data-id=\"414b3b68\" data-element_type=\"widget\" data-widget_type=\"heading.default\">\n\t\t\t\t<div class=\"elementor-widget-container\">\n\t\t\t\t\t<h1 class=\"elementor-heading-title elementor-size-default\">relaxation and oxygenation package<\/h1>\t\t\t\t<\/div>\n\t\t\t\t<\/div>\n\t\t\t\t<div class=\"elementor-element elementor-element-7778e7b elementor-widget elementor-widget-html\" data-id=\"7778e7b\" data-element_type=\"widget\" data-widget_type=\"html.default\">\n\t\t\t\t<div class=\"elementor-widget-container\">\n\t\t\t\t\t<div style=\"text-align: center; font-family: 'Montserrat', Arial, sans-serif; font-size: 35px;\">\n  <span style=\"color: #666;\">AREA 1 PACKAGE<\/span>\n  <span style=\"text-decoration: line-through; color: #666; margin-left: 6px;\">\n 2499 PLN\n <\/span>\n  <span style=\"margin: 0 10px; color: #000;\">BUY<\/span>\n  <span style=\"color: red; font-weight: 700;\">PLN 1299<\/span>\n<\/div>\t\t\t\t<\/div>\n\t\t\t\t<\/div>\n\t\t\t\t<div class=\"elementor-element elementor-element-68c1dc39 elementor-align-center elementor-widget elementor-widget-button\" data-id=\"68c1dc39\" data-element_type=\"widget\" data-widget_type=\"button.default\">\n\t\t\t\t<div class=\"elementor-widget-container\">\n\t\t\t\t\t\t\t\t\t<div class=\"elementor-button-wrapper\">\n\t\t\t\t\t<a class=\"elementor-button elementor-button-link elementor-size-sm\" href=\"https:\/\/d81b8eb1.booksy.com\" target=\"_blank\">\n\t\t\t\t\t\t<span class=\"elementor-button-content-wrapper\">\n\t\t\t\t\t\t\t\t\t<span class=\"elementor-button-text\">MAKE AN APPOINTMENT<\/span>\n\t\t\t\t\t<\/span>\n\t\t\t\t\t<\/a>\n\t\t\t\t<\/div>\n\t\t\t\t\t\t\t\t<\/div>\n\t\t\t\t<\/div>\n\t\t\t\t<div class=\"elementor-element elementor-element-642d8bd elementor-widget elementor-widget-html\" data-id=\"642d8bd\" data-element_type=\"widget\" data-widget_type=\"html.default\">\n\t\t\t\t<div class=\"elementor-widget-container\">\n\t\t\t\t\t<div style=\"font-family: 'Montserrat', Arial, sans-serif; color: #000; font-size: 20px;\">\n  <p style=\"margin-bottom: 10px;\">What's included in the RELAXATION AND ENRICHMENT package?<\/p>\n\n  <ul style=\"list-style: none; padding: 0; margin: 0;\">\n    <li style=\"margin: 10px 0; display: flex; align-items: flex-start;\">\n      <span style=\"width: 10px; height: 10px; border: 2px solid #8e5ea2; border-radius: 50%; margin-right: 12px; margin-top: 6px;\"><\/span>\n      <span>X3 ENDERMOLIFT LPG ALLIANCE<\/span>\n    <\/li>\n\n    <li style=\"margin: 10px 0; display: flex; align-items: flex-start;\">\n      <span style=\"width: 10px; height: 10px; border: 2px solid #8e5ea2; border-radius: 50%; margin-right: 12px; margin-top: 6px;\"><\/span>\n      <span>X3 JULIE CARBOXYTHERAPY<\/span>\n    <\/li>\n\n    <li style=\"margin: 10px 0; display: flex; align-items: flex-start;\">\n      <span style=\"width: 10px; height: 10px; border: 2px solid #8e5ea2; border-radius: 50%; margin-right: 12px; margin-top: 6px;\"><\/span>\n      <span>X2 CONSULTATION + ADVANCED 3D ANALYSIS OF SKIN CONDITION WITH DIAGNOSTIC DEVICE (BEFORE\/AFTER)<\/span>\n    <\/li>\n\n    <li style=\"margin: 10px 0; display: flex; align-items: flex-start;\">\n      <span style=\"width: 10px; height: 10px; border: 2px solid #8e5ea2; border-radius: 50%; margin-right: 12px; margin-top: 6px;\"><\/span>\n      <span>X6 LED LIGHT THERAPY (FREE OF CHARGE)<\/span>\n    <\/li>\n  <\/ul>\n<\/div>\t\t\t\t<\/div>\n\t\t\t\t<\/div>\n\t\t\t\t<div class=\"elementor-element elementor-element-a454a34 elementor-widget elementor-widget-heading\" data-id=\"a454a34\" data-element_type=\"widget\" data-widget_type=\"heading.default\">\n\t\t\t\t<div class=\"elementor-widget-container\">\n\t\t\t\t\t<h2 class=\"elementor-heading-title elementor-size-default\">Relaxation and revitalization package<\/h2>\t\t\t\t<\/div>\n\t\t\t\t<\/div>\n\t\t\t\t<div class=\"elementor-element elementor-element-78612f7 elementor-widget elementor-widget-text-editor\" data-id=\"78612f7\" data-element_type=\"widget\" data-widget_type=\"text-editor.default\">\n\t\t\t\t<div class=\"elementor-widget-container\">\n\t\t\t\t\t\t\t\t\t<p data-start=\"1520\" data-end=\"1595\"><strong data-start=\"1520\" data-end=\"1595\">Endermolift LPG Alliance + Julie Carboxytherapy + LED + 3D Diagnostics<\/strong><\/p><p data-start=\"1597\" data-end=\"1749\">The RELAXATION AND OXIDATION package was created for people who want to improve the condition of their skin in an effective, yet comfortable and relaxing way.<\/p><p data-start=\"1751\" data-end=\"1795\">This is ideal for people who want:<\/p><p data-start=\"1797\" data-end=\"2025\">&#8211; improve skin firmness and density<br data-start=\"1832\" data-end=\"1835\">&#8211; reduce signs of fatigue and gray tone<br data-start=\"1880\" data-end=\"1883\">&#8211; smooth fine wrinkles<br data-start=\"1912\" data-end=\"1915\">&#8211; improve microcirculation and tissue oxygenation<br data-start=\"1960\" data-end=\"1963\">&#8211; regain a fresh, radiant appearance without invasive procedures<\/p><p data-start=\"2027\" data-end=\"2040\">Link package:<\/p><p data-start=\"2042\" data-end=\"2178\">&#8211; Endermolift LPG Alliance<br data-start=\"2068\" data-end=\"2071\">&#8211; Julie&#8217;s carboxytherapy<br data-start=\"2094\" data-end=\"2097\">&#8211; LED light therapy (free)<br data-start=\"2128\" data-end=\"2131\">&#8211; consultation + advanced 3D skin analysis<\/p>\t\t\t\t\t\t\t\t<\/div>\n\t\t\t\t<\/div>\n\t\t\t\t<div class=\"elementor-element elementor-element-f65ae6a elementor-widget elementor-widget-heading\" data-id=\"f65ae6a\" data-element_type=\"widget\" data-widget_type=\"heading.default\">\n\t\t\t\t<div class=\"elementor-widget-container\">\n\t\t\t\t\t<h2 class=\"elementor-heading-title elementor-size-default\">ENDERMOLIFT LPG ALLIANCE - NON-INVASIVE LIFT<\/h2>\t\t\t\t<\/div>\n\t\t\t\t<\/div>\n\t\t\t\t<div class=\"elementor-element elementor-element-95e0703 elementor-widget elementor-widget-text-editor\" data-id=\"95e0703\" data-element_type=\"widget\" data-widget_type=\"text-editor.default\">\n\t\t\t\t<div class=\"elementor-widget-container\">\n\t\t\t\t\t\t\t\t\t<p data-start=\"2236\" data-end=\"2300\">Endermolift is a mechanical skin stimulation technology that:<\/p><p data-start=\"2302\" data-end=\"2481\">&#8211; stimulates production of collagen, elastin and hyaluronic acid<br data-start=\"2362\" data-end=\"2365\">&#8211; improves skin density and elasticity<br data-start=\"2404\" data-end=\"2407\">&#8211; smooths wrinkles<br data-start=\"2428\" data-end=\"2431\">&#8211; improves facial oval<br data-start=\"2453\" data-end=\"2456\">&#8211; promotes microcirculation<\/p><p data-start=\"2483\" data-end=\"2580\">It&#8217;s a comfortable and relaxing treatment with no recovery period, and the effects build up with the series.<\/p>\t\t\t\t\t\t\t\t<\/div>\n\t\t\t\t<\/div>\n\t\t\t\t<div class=\"elementor-element elementor-element-798e3f8 elementor-widget elementor-widget-heading\" data-id=\"798e3f8\" data-element_type=\"widget\" data-widget_type=\"heading.default\">\n\t\t\t\t<div class=\"elementor-widget-container\">\n\t\t\t\t\t<h2 class=\"elementor-heading-title elementor-size-default\">JULIE CARBOXYTHERAPY - OXYGENATION AND REGENERATION<\/h2>\t\t\t\t<\/div>\n\t\t\t\t<\/div>\n\t\t\t\t<div class=\"elementor-element elementor-element-c1861d9 elementor-widget elementor-widget-text-editor\" data-id=\"c1861d9\" data-element_type=\"widget\" data-widget_type=\"text-editor.default\">\n\t\t\t\t<div class=\"elementor-widget-container\">\n\t\t\t\t\t\t\t\t\t<p data-start=\"2640\" data-end=\"2691\">Carboxytherapy involves the administration of CO\u2082, which causes:<\/p><p data-start=\"2693\" data-end=\"2854\">&#8211; improvement of blood circulation and microcirculation<br data-start=\"2728\" data-end=\"2731\">&#8211; better oxygenation of tissues<br data-start=\"2758\" data-end=\"2761\">&#8211; stimulation of skin regeneration<br data-start=\"2791\" data-end=\"2794\">&#8211; improvement of tension and density<br data-start=\"2823\" data-end=\"2826\">&#8211; reduction of signs of fatigue<\/p><p data-start=\"2856\" data-end=\"2940\">Combined with Endermolift, it has the effect of intensely nourishing and refreshing the skin.<\/p>\t\t\t\t\t\t\t\t<\/div>\n\t\t\t\t<\/div>\n\t\t\t\t<div class=\"elementor-element elementor-element-93eac95 elementor-widget elementor-widget-heading\" data-id=\"93eac95\" data-element_type=\"widget\" data-widget_type=\"heading.default\">\n\t\t\t\t<div class=\"elementor-widget-container\">\n\t\t\t\t\t<h2 class=\"elementor-heading-title elementor-size-default\">CONSULTATION + 3D SKIN ANALYSIS<\/h2>\t\t\t\t<\/div>\n\t\t\t\t<\/div>\n\t\t\t\t<div class=\"elementor-element elementor-element-d601efb elementor-widget elementor-widget-text-editor\" data-id=\"d601efb\" data-element_type=\"widget\" data-widget_type=\"text-editor.default\">\n\t\t\t\t<div class=\"elementor-widget-container\">\n\t\t\t\t\t\t\t\t\t<p data-start=\"2981\" data-end=\"3019\">Before starting therapy, we perform:<\/p><p data-start=\"3021\" data-end=\"3082\">&#8211; detailed consultation<br data-start=\"3046\" data-end=\"3049\">&#8211; advanced 3D skin analysis<\/p><p data-start=\"3084\" data-end=\"3096\">With this:<\/p><p data-start=\"3098\" data-end=\"3278\">&#8211; assess hydration level, elasticity and density<br data-start=\"3150\" data-end=\"3153\">&#8211; analyze color and signs of aging<br data-start=\"3193\" data-end=\"3196\">&#8211; identify areas requiring therapy<br data-start=\"3234\" data-end=\"3237\">&#8211; select treatment plan and care<\/p><p data-start=\"3280\" data-end=\"3351\">After the therapy is completed, we perform a re-analysis to compare the effects.<\/p>\t\t\t\t\t\t\t\t<\/div>\n\t\t\t\t<\/div>\n\t\t\t\t<div class=\"elementor-element elementor-element-2db5483 elementor-widget elementor-widget-heading\" data-id=\"2db5483\" data-element_type=\"widget\" data-widget_type=\"heading.default\">\n\t\t\t\t<div class=\"elementor-widget-container\">\n\t\t\t\t\t<h2 class=\"elementor-heading-title elementor-size-default\">LED THERAPY (FREE OF CHARGE) - REGENERATION AND TRANQUILITY<\/h2>\t\t\t\t<\/div>\n\t\t\t\t<\/div>\n\t\t\t\t<div class=\"elementor-element elementor-element-da3e37d elementor-widget elementor-widget-text-editor\" data-id=\"da3e37d\" data-element_type=\"widget\" data-widget_type=\"text-editor.default\">\n\t\t\t\t<div class=\"elementor-widget-container\">\n\t\t\t\t\t\t\t\t\t<p data-start=\"3409\" data-end=\"3445\">LED supports the effect of all therapy:<\/p><p data-start=\"3447\" data-end=\"3593\">&#8211; accelerates regeneration<br data-start=\"3472\" data-end=\"3475\">&#8211; has a soothing and anti-inflammatory effect<br data-start=\"3508\" data-end=\"3511\">&#8211; improves skin tone<br data-start=\"3535\" data-end=\"3538\">&#8211; enhances the effects of treatments<br data-start=\"3564\" data-end=\"3567\">&#8211; increases skin comfort<\/p>\t\t\t\t\t\t\t\t<\/div>\n\t\t\t\t<\/div>\n\t\t\t\t<div class=\"elementor-element elementor-element-d1c1852 elementor-widget elementor-widget-heading\" data-id=\"d1c1852\" data-element_type=\"widget\" data-widget_type=\"heading.default\">\n\t\t\t\t<div class=\"elementor-widget-container\">\n\t\t\t\t\t<h2 class=\"elementor-heading-title elementor-size-default\">EFFECTS OF THERAPY RELAXATION AND OXYGENATION<\/h2>\t\t\t\t<\/div>\n\t\t\t\t<\/div>\n\t\t\t\t<div class=\"elementor-element elementor-element-85e28f3 elementor-widget elementor-widget-text-editor\" data-id=\"85e28f3\" data-element_type=\"widget\" data-widget_type=\"text-editor.default\">\n\t\t\t\t<div class=\"elementor-widget-container\">\n\t\t\t\t\t\t\t\t\t<p data-start=\"3639\" data-end=\"3673\">After a series of treatments, you may notice:<\/p><p data-start=\"3675\" data-end=\"3873\">&#8211; improvement of skin firmness and tone<br data-start=\"3711\" data-end=\"3714\">&#8211; smoothing of fine wrinkles<br data-start=\"3747\" data-end=\"3750\">&#8211; brightening and refreshing of skin<br data-start=\"3784\" data-end=\"3787\">&#8211; improved skin tone and oxygenation<br data-start=\"3817\" data-end=\"3820\">&#8211; reduction of signs of fatigue<br data-start=\"3846\" data-end=\"3849\">&#8211; improvement of facial oval<\/p><p data-start=\"3875\" data-end=\"3930\">The skin looks healthier, younger and more radiant.<\/p>\t\t\t\t\t\t\t\t<\/div>\n\t\t\t\t<\/div>\n\t\t\t\t<div class=\"elementor-element elementor-element-a75eaa1 elementor-widget elementor-widget-heading\" data-id=\"a75eaa1\" data-element_type=\"widget\" data-widget_type=\"heading.default\">\n\t\t\t\t<div class=\"elementor-widget-container\">\n\t\t\t\t\t<h2 class=\"elementor-heading-title elementor-size-default\">WHO IS THIS PACKAGE FOR?<\/h2>\t\t\t\t<\/div>\n\t\t\t\t<\/div>\n\t\t\t\t<div class=\"elementor-element elementor-element-fe0e704 elementor-widget elementor-widget-text-editor\" data-id=\"fe0e704\" data-element_type=\"widget\" data-widget_type=\"text-editor.default\">\n\t\t\t\t<div class=\"elementor-widget-container\">\n\t\t\t\t\t\t\t\t\t<p data-start=\"3966\" data-end=\"3994\">The package is recommended for people:<\/p><p data-start=\"3996\" data-end=\"4237\">&#8211; with tired and lackluster skin<br data-start=\"4033\" data-end=\"4036\">&#8211; with first signs of aging<br data-start=\"4069\" data-end=\"4072\">&#8211; exposed to stress and fatigue<br data-start=\"4104\" data-end=\"4107\">&#8211; with poor microcirculation<br data-start=\"4133\" data-end=\"4136\">&#8211; who want to improve their skin without invasive methods<br data-start=\"4185\" data-end=\"4188\">&#8211; who are looking for a therapy that combines effect and relaxation<\/p>\t\t\t\t\t\t\t\t<\/div>\n\t\t\t\t<\/div>\n\t\t\t\t<div class=\"elementor-element elementor-element-8eaaf3d elementor-align-center elementor-widget elementor-widget-button\" data-id=\"8eaaf3d\" data-element_type=\"widget\" data-widget_type=\"button.default\">\n\t\t\t\t<div class=\"elementor-widget-container\">\n\t\t\t\t\t\t\t\t\t<div class=\"elementor-button-wrapper\">\n\t\t\t\t\t<a class=\"elementor-button elementor-button-link elementor-size-sm\" href=\"https:\/\/d81b8eb1.booksy.com\" target=\"_blank\">\n\t\t\t\t\t\t<span class=\"elementor-button-content-wrapper\">\n\t\t\t\t\t\t\t\t\t<span class=\"elementor-button-text\">RESERVE  <\/span>\n\t\t\t\t\t<\/span>\n\t\t\t\t\t<\/a>\n\t\t\t\t<\/div>\n\t\t\t\t\t\t\t\t<\/div>\n\t\t\t\t<\/div>\n\t\t\t\t\t<\/div>\n\t\t<\/div>\n\t\t\t\t\t<\/div>\n\t\t<\/section>\n\t\t\t\t<\/div>\n\t\t","protected":false},"excerpt":{"rendered":"<p>relaxation and oxygenation package AREA 1 PACKAGE 2499 PLN BUY PLN 1299 MAKE AN APPOINTMENT What&#8217;s included in the RELAXATION AND ENRICHMENT package? X3 ENDERMOLIFT LPG ALLIANCE X3 JULIE CARBOXYTHERAPY X2 CONSULTATION + ADVANCED 3D ANALYSIS OF SKIN CONDITION WITH DIAGNOSTIC DEVICE (BEFORE\/AFTER) X6 LED LIGHT THERAPY (FREE OF CHARGE) Relaxation and revitalization package Endermolift [&hellip;]<\/p>\n","protected":false},"author":6,"featured_media":0,"parent":0,"menu_order":0,"comment_status":"closed","ping_status":"closed","template":"","meta":{"footnotes":""},"class_list":["post-10428","page","type-page","status-publish","hentry"],"yoast_head":"<!-- This site is optimized with the Yoast SEO plugin v25.9 - https:\/\/yoast.com\/wordpress\/plugins\/seo\/ -->\n<title>RELAXATION AND OXYGENATION PACKAGE - Prive Beauty &amp; Hair<\/title>\n<meta name=\"robots\" content=\"index, follow, max-snippet:-1, max-image-preview:large, max-video-preview:-1\" \/>\n<link rel=\"canonical\" href=\"https:\/\/prive-club.pl\/en\/relaxation-and-oxygenation-package\/\" \/>\n<meta property=\"og:locale\" content=\"en_US\" \/>\n<meta property=\"og:type\" content=\"article\" \/>\n<meta property=\"og:title\" content=\"RELAXATION AND OXYGENATION PACKAGE - Prive Beauty &amp; Hair\" \/>\n<meta property=\"og:description\" content=\"relaxation and oxygenation package AREA 1 PACKAGE 2499 PLN BUY PLN 1299 MAKE AN APPOINTMENT What&#8217;s included in the RELAXATION AND ENRICHMENT package? X3 ENDERMOLIFT LPG ALLIANCE X3 JULIE CARBOXYTHERAPY X2 CONSULTATION + ADVANCED 3D ANALYSIS OF SKIN CONDITION WITH DIAGNOSTIC DEVICE (BEFORE\/AFTER) X6 LED LIGHT THERAPY (FREE OF CHARGE) Relaxation and revitalization package Endermolift [&hellip;]\" \/>\n<meta property=\"og:url\" content=\"https:\/\/prive-club.pl\/en\/relaxation-and-oxygenation-package\/\" \/>\n<meta property=\"og:site_name\" content=\"Prive Beauty &amp; Hair\" \/>\n<meta property=\"article:modified_time\" content=\"2026-03-23T17:55:27+00:00\" \/>\n<meta name=\"twitter:card\" content=\"summary_large_image\" \/>\n<meta name=\"twitter:label1\" content=\"Est. reading time\" \/>\n\t<meta name=\"twitter:data1\" content=\"2 minutes\" \/>\n<script type=\"application\/ld+json\" class=\"yoast-schema-graph\">{\"@context\":\"https:\/\/schema.org\",\"@graph\":[{\"@type\":\"WebPage\",\"@id\":\"https:\/\/prive-club.pl\/en\/relaxation-and-oxygenation-package\/\",\"url\":\"https:\/\/prive-club.pl\/en\/relaxation-and-oxygenation-package\/\",\"name\":\"RELAXATION AND OXYGENATION PACKAGE - Prive Beauty &amp; Hair\",\"isPartOf\":{\"@id\":\"https:\/\/prive-club.pl\/en\/#website\"},\"datePublished\":\"2026-03-23T17:53:54+00:00\",\"dateModified\":\"2026-03-23T17:55:27+00:00\",\"breadcrumb\":{\"@id\":\"https:\/\/prive-club.pl\/en\/relaxation-and-oxygenation-package\/#breadcrumb\"},\"inLanguage\":\"en-US\",\"potentialAction\":[{\"@type\":\"ReadAction\",\"target\":[\"https:\/\/prive-club.pl\/en\/relaxation-and-oxygenation-package\/\"]}]},{\"@type\":\"BreadcrumbList\",\"@id\":\"https:\/\/prive-club.pl\/en\/relaxation-and-oxygenation-package\/#breadcrumb\",\"itemListElement\":[{\"@type\":\"ListItem\",\"position\":1,\"name\":\"Strona g\u0142\u00f3wna\",\"item\":\"https:\/\/prive-club.pl\/\"},{\"@type\":\"ListItem\",\"position\":2,\"name\":\"RELAXATION AND OXYGENATION PACKAGE\"}]},{\"@type\":\"WebSite\",\"@id\":\"https:\/\/prive-club.pl\/en\/#website\",\"url\":\"https:\/\/prive-club.pl\/en\/\",\"name\":\"Prive Beauty &amp; Hair\",\"description\":\"Fryzjer Gda\u0144sk , Depilacja Laserowa Gda\u0144sk, zamykanie naczynek Gda\u0144sk\",\"publisher\":{\"@id\":\"https:\/\/prive-club.pl\/en\/#organization\"},\"potentialAction\":[{\"@type\":\"SearchAction\",\"target\":{\"@type\":\"EntryPoint\",\"urlTemplate\":\"https:\/\/prive-club.pl\/en\/?s={search_term_string}\"},\"query-input\":{\"@type\":\"PropertyValueSpecification\",\"valueRequired\":true,\"valueName\":\"search_term_string\"}}],\"inLanguage\":\"en-US\"},{\"@type\":\"Organization\",\"@id\":\"https:\/\/prive-club.pl\/en\/#organization\",\"name\":\"Prive Beauty &amp; Hair\",\"url\":\"https:\/\/prive-club.pl\/en\/\",\"logo\":{\"@type\":\"ImageObject\",\"inLanguage\":\"en-US\",\"@id\":\"https:\/\/prive-club.pl\/en\/#\/schema\/logo\/image\/\",\"url\":\"https:\/\/prive-club.pl\/wp-content\/uploads\/2020\/04\/Prive-beauty-logo.png\",\"contentUrl\":\"https:\/\/prive-club.pl\/wp-content\/uploads\/2020\/04\/Prive-beauty-logo.png\",\"width\":1851,\"height\":879,\"caption\":\"Prive Beauty &amp; Hair\"},\"image\":{\"@id\":\"https:\/\/prive-club.pl\/en\/#\/schema\/logo\/image\/\"}}]}<\/script>\n<!-- \/ Yoast SEO plugin. -->","yoast_head_json":{"title":"RELAXATION AND OXYGENATION PACKAGE - Prive Beauty &amp; Hair","robots":{"index":"index","follow":"follow","max-snippet":"max-snippet:-1","max-image-preview":"max-image-preview:large","max-video-preview":"max-video-preview:-1"},"canonical":"https:\/\/prive-club.pl\/en\/relaxation-and-oxygenation-package\/","og_locale":"en_US","og_type":"article","og_title":"RELAXATION AND OXYGENATION PACKAGE - Prive Beauty &amp; Hair","og_description":"relaxation and oxygenation package AREA 1 PACKAGE 2499 PLN BUY PLN 1299 MAKE AN APPOINTMENT What&#8217;s included in the RELAXATION AND ENRICHMENT package? X3 ENDERMOLIFT LPG ALLIANCE X3 JULIE CARBOXYTHERAPY X2 CONSULTATION + ADVANCED 3D ANALYSIS OF SKIN CONDITION WITH DIAGNOSTIC DEVICE (BEFORE\/AFTER) X6 LED LIGHT THERAPY (FREE OF CHARGE) Relaxation and revitalization package Endermolift [&hellip;]","og_url":"https:\/\/prive-club.pl\/en\/relaxation-and-oxygenation-package\/","og_site_name":"Prive Beauty &amp; Hair","article_modified_time":"2026-03-23T17:55:27+00:00","twitter_card":"summary_large_image","twitter_misc":{"Est. reading time":"2 minutes"},"schema":{"@context":"https:\/\/schema.org","@graph":[{"@type":"WebPage","@id":"https:\/\/prive-club.pl\/en\/relaxation-and-oxygenation-package\/","url":"https:\/\/prive-club.pl\/en\/relaxation-and-oxygenation-package\/","name":"RELAXATION AND OXYGENATION PACKAGE - Prive Beauty &amp; Hair","isPartOf":{"@id":"https:\/\/prive-club.pl\/en\/#website"},"datePublished":"2026-03-23T17:53:54+00:00","dateModified":"2026-03-23T17:55:27+00:00","breadcrumb":{"@id":"https:\/\/prive-club.pl\/en\/relaxation-and-oxygenation-package\/#breadcrumb"},"inLanguage":"en-US","potentialAction":[{"@type":"ReadAction","target":["https:\/\/prive-club.pl\/en\/relaxation-and-oxygenation-package\/"]}]},{"@type":"BreadcrumbList","@id":"https:\/\/prive-club.pl\/en\/relaxation-and-oxygenation-package\/#breadcrumb","itemListElement":[{"@type":"ListItem","position":1,"name":"Strona g\u0142\u00f3wna","item":"https:\/\/prive-club.pl\/"},{"@type":"ListItem","position":2,"name":"RELAXATION AND OXYGENATION PACKAGE"}]},{"@type":"WebSite","@id":"https:\/\/prive-club.pl\/en\/#website","url":"https:\/\/prive-club.pl\/en\/","name":"Prive Beauty &amp; Hair","description":"Fryzjer Gda\u0144sk , Depilacja Laserowa Gda\u0144sk, zamykanie naczynek Gda\u0144sk","publisher":{"@id":"https:\/\/prive-club.pl\/en\/#organization"},"potentialAction":[{"@type":"SearchAction","target":{"@type":"EntryPoint","urlTemplate":"https:\/\/prive-club.pl\/en\/?s={search_term_string}"},"query-input":{"@type":"PropertyValueSpecification","valueRequired":true,"valueName":"search_term_string"}}],"inLanguage":"en-US"},{"@type":"Organization","@id":"https:\/\/prive-club.pl\/en\/#organization","name":"Prive Beauty &amp; Hair","url":"https:\/\/prive-club.pl\/en\/","logo":{"@type":"ImageObject","inLanguage":"en-US","@id":"https:\/\/prive-club.pl\/en\/#\/schema\/logo\/image\/","url":"https:\/\/prive-club.pl\/wp-content\/uploads\/2020\/04\/Prive-beauty-logo.png","contentUrl":"https:\/\/prive-club.pl\/wp-content\/uploads\/2020\/04\/Prive-beauty-logo.png","width":1851,"height":879,"caption":"Prive Beauty &amp; Hair"},"image":{"@id":"https:\/\/prive-club.pl\/en\/#\/schema\/logo\/image\/"}}]}},"_links":{"self":[{"href":"https:\/\/prive-club.pl\/en\/wp-json\/wp\/v2\/pages\/10428","targetHints":{"allow":["GET"]}}],"collection":[{"href":"https:\/\/prive-club.pl\/en\/wp-json\/wp\/v2\/pages"}],"about":[{"href":"https:\/\/prive-club.pl\/en\/wp-json\/wp\/v2\/types\/page"}],"author":[{"embeddable":true,"href":"https:\/\/prive-club.pl\/en\/wp-json\/wp\/v2\/users\/6"}],"replies":[{"embeddable":true,"href":"https:\/\/prive-club.pl\/en\/wp-json\/wp\/v2\/comments?post=10428"}],"version-history":[{"count":0,"href":"https:\/\/prive-club.pl\/en\/wp-json\/wp\/v2\/pages\/10428\/revisions"}],"wp:attachment":[{"href":"https:\/\/prive-club.pl\/en\/wp-json\/wp\/v2\/media?parent=10428"}],"curies":[{"name":"wp","href":"https:\/\/api.w.org\/{rel}","templated":true}]}}