{"id":10391,"date":"2026-03-23T16:20:06","date_gmt":"2026-03-23T15:20:06","guid":{"rendered":"https:\/\/prive-club.pl\/acne-therapy-package\/"},"modified":"2026-03-23T16:29:00","modified_gmt":"2026-03-23T15:29:00","slug":"acne-therapy-package","status":"publish","type":"page","link":"https:\/\/prive-club.pl\/en\/acne-therapy-package\/","title":{"rendered":"ACNE THERAPY PACKAGE"},"content":{"rendered":"\t\t<div data-elementor-type=\"wp-page\" data-elementor-id=\"10391\" class=\"elementor elementor-10391 elementor-10385\" data-elementor-post-type=\"page\">\n\t\t\t\t\t\t<section class=\"elementor-section elementor-top-section elementor-element elementor-element-495bc64 elementor-section-stretched elementor-section-boxed elementor-section-height-default elementor-section-height-default\" data-id=\"495bc64\" data-element_type=\"section\" data-settings=\"{&quot;background_background&quot;:&quot;classic&quot;,&quot;stretch_section&quot;:&quot;section-stretched&quot;}\">\n\t\t\t\t\t\t<div class=\"elementor-container elementor-column-gap-default\">\n\t\t\t\t\t<div class=\"elementor-column elementor-col-100 elementor-top-column elementor-element elementor-element-299d71a1\" data-id=\"299d71a1\" data-element_type=\"column\">\n\t\t\t<div class=\"elementor-widget-wrap elementor-element-populated\">\n\t\t\t\t\t\t<div class=\"elementor-element elementor-element-414b3b68 elementor-widget elementor-widget-heading\" data-id=\"414b3b68\" data-element_type=\"widget\" data-widget_type=\"heading.default\">\n\t\t\t\t<div class=\"elementor-widget-container\">\n\t\t\t\t\t<h1 class=\"elementor-heading-title elementor-size-default\">acne therapy package<\/h1>\t\t\t\t<\/div>\n\t\t\t\t<\/div>\n\t\t\t\t<div class=\"elementor-element elementor-element-7778e7b elementor-widget elementor-widget-html\" data-id=\"7778e7b\" data-element_type=\"widget\" data-widget_type=\"html.default\">\n\t\t\t\t<div class=\"elementor-widget-container\">\n\t\t\t\t\t<div style=\"text-align: center; font-family: 'Montserrat', Arial, sans-serif; font-size: 35px;\">\n  <span style=\"color: #666;\">AREA 1 PACKAGE<\/span>\n  <span style=\"text-decoration: line-through; color: #666; margin-left: 6px;\">\n 2099 PLN\n <\/span>\n  <span style=\"margin: 0 10px; color: #000;\">BUY<\/span>\n  <span style=\"color: red; font-weight: 700;\">999 PLN<\/span>\n<\/div>\t\t\t\t<\/div>\n\t\t\t\t<\/div>\n\t\t\t\t<div class=\"elementor-element elementor-element-68c1dc39 elementor-align-center elementor-widget elementor-widget-button\" data-id=\"68c1dc39\" data-element_type=\"widget\" data-widget_type=\"button.default\">\n\t\t\t\t<div class=\"elementor-widget-container\">\n\t\t\t\t\t\t\t\t\t<div class=\"elementor-button-wrapper\">\n\t\t\t\t\t<a class=\"elementor-button elementor-button-link elementor-size-sm\" href=\"https:\/\/d81b8eb1.booksy.com\" target=\"_blank\">\n\t\t\t\t\t\t<span class=\"elementor-button-content-wrapper\">\n\t\t\t\t\t\t\t\t\t<span class=\"elementor-button-text\">MAKE AN APPOINTMENT<\/span>\n\t\t\t\t\t<\/span>\n\t\t\t\t\t<\/a>\n\t\t\t\t<\/div>\n\t\t\t\t\t\t\t\t<\/div>\n\t\t\t\t<\/div>\n\t\t\t\t<div class=\"elementor-element elementor-element-642d8bd elementor-widget elementor-widget-html\" data-id=\"642d8bd\" data-element_type=\"widget\" data-widget_type=\"html.default\">\n\t\t\t\t<div class=\"elementor-widget-container\">\n\t\t\t\t\t<div style=\"font-family: 'Montserrat', Arial, sans-serif; color: #000; font-size: 20px;\">\n  <p style=\"margin-bottom: 10px;\">What is included in the acne therapy package?<\/p>\n\n  <ul style=\"list-style: none; padding: 0; margin: 0;\">\n    <li style=\"margin: 10px 0; display: flex; align-items: flex-start;\">\n      <span style=\"width: 10px; height: 10px; border: 2px solid #8e5ea2; border-radius: 50%; margin-right: 12px; margin-top: 6px;\"><\/span>\n      <span>X6 LASER ACNE TREATMENT<\/span>\n    <\/li>\n\n    <li style=\"margin: 10px 0; display: flex; align-items: flex-start;\">\n      <span style=\"width: 10px; height: 10px; border: 2px solid #8e5ea2; border-radius: 50%; margin-right: 12px; margin-top: 6px;\"><\/span>\n      <span>X2 CONSULTATION + ADVANCED 3D ANALYSIS OF SKIN CONDITION WITH DIAGNOSTIC DEVICE (BEFORE\/AFTER)<\/span>\n    <\/li>\n\n    <li style=\"margin: 10px 0; display: flex; align-items: flex-start;\">\n      <span style=\"width: 10px; height: 10px; border: 2px solid #8e5ea2; border-radius: 50%; margin-right: 12px; margin-top: 6px;\"><\/span>\n      <span>X6 LED LIGHT THERAPY (FREE OF CHARGE)<\/span>\n    <\/li>\n  <\/ul>\n<\/div>\t\t\t\t<\/div>\n\t\t\t\t<\/div>\n\t\t\t\t<div class=\"elementor-element elementor-element-a454a34 elementor-widget elementor-widget-heading\" data-id=\"a454a34\" data-element_type=\"widget\" data-widget_type=\"heading.default\">\n\t\t\t\t<div class=\"elementor-widget-container\">\n\t\t\t\t\t<h2 class=\"elementor-heading-title elementor-size-default\">Acne THERAPY package - comprehensive treatment of problematic skin<\/h2>\t\t\t\t<\/div>\n\t\t\t\t<\/div>\n\t\t\t\t<div class=\"elementor-element elementor-element-78612f7 elementor-widget elementor-widget-text-editor\" data-id=\"78612f7\" data-element_type=\"widget\" data-widget_type=\"text-editor.default\">\n\t\t\t\t<div class=\"elementor-widget-container\">\n\t\t\t\t\t\t\t\t\t<p data-start=\"1295\" data-end=\"1464\">The ACNE THERAPY package was created for people struggling with active acne lesions, inflammation, oily skin and uneven skin texture.<\/p><p data-start=\"1466\" data-end=\"1596\">It&#8217;s a holistic approach that combines state-of-the-art laser technology, LED light therapy and detailed 3D skin diagnostics.<\/p><p data-start=\"1598\" data-end=\"1615\">As part of the package:<\/p><p data-start=\"1617\" data-end=\"1752\">&#8211; IPL laser acne treatment<br data-start=\"1649\" data-end=\"1652\">&#8211; LED light therapy (free)<br data-start=\"1683\" data-end=\"1686\">&#8211; consultation + advanced 3D skin analysis before and after therapy<\/p><p data-start=\"1754\" data-end=\"1773\">The goal of the therapy is:<\/p><p data-start=\"1775\" data-end=\"1937\">&#8211; reduction of active acne lesions<br data-start=\"1814\" data-end=\"1817\">&#8211; calming of inflammation<br data-start=\"1846\" data-end=\"1849\">&#8211; reduction of seborrhea<br data-start=\"1872\" data-end=\"1875\">&#8211; improvement of skin texture and appearance<br data-start=\"1910\" data-end=\"1913\">&#8211; support of regeneration<\/p>\t\t\t\t\t\t\t\t<\/div>\n\t\t\t\t<\/div>\n\t\t\t\t<div class=\"elementor-element elementor-element-f65ae6a elementor-widget elementor-widget-heading\" data-id=\"f65ae6a\" data-element_type=\"widget\" data-widget_type=\"heading.default\">\n\t\t\t\t<div class=\"elementor-widget-container\">\n\t\t\t\t\t<h2 class=\"elementor-heading-title elementor-size-default\">CONSULTATION + 3D SKIN ANALYSIS - DIAGNOSIS AND ACTION PLAN<\/h2>\t\t\t\t<\/div>\n\t\t\t\t<\/div>\n\t\t\t\t<div class=\"elementor-element elementor-element-95e0703 elementor-widget elementor-widget-text-editor\" data-id=\"95e0703\" data-element_type=\"widget\" data-widget_type=\"text-editor.default\">\n\t\t\t\t<div class=\"elementor-widget-container\">\n\t\t\t\t\t\t\t\t\t<p data-start=\"2006\" data-end=\"2099\">The first step is a consultation with a cosmetologist combined with a 3D skin analysis.<\/p><p data-start=\"2101\" data-end=\"2113\">With this:<\/p><p data-start=\"2115\" data-end=\"2374\">&#8211; we evaluate the type and severity of acne<br data-start=\"2150\" data-end=\"2153\">&#8211; we analyze the level of sebum, hydration and sensitivity of the skin<br data-start=\"2211\" data-end=\"2214\">&#8211; we identify additional problems (erythema, hyperpigmentation, scars)<br data-start=\"2281\" data-end=\"2284\">&#8211; we select the parameters of IPL laser therapy<br data-start=\"2323\" data-end=\"2326\">&#8211; we establish a treatment plan and home care<\/p><p data-start=\"2376\" data-end=\"2462\">The analysis is also performed after the therapy is completed to objectively assess the effects.<\/p>\t\t\t\t\t\t\t\t<\/div>\n\t\t\t\t<\/div>\n\t\t\t\t<div class=\"elementor-element elementor-element-798e3f8 elementor-widget elementor-widget-heading\" data-id=\"798e3f8\" data-element_type=\"widget\" data-widget_type=\"heading.default\">\n\t\t\t\t<div class=\"elementor-widget-container\">\n\t\t\t\t\t<h2 class=\"elementor-heading-title elementor-size-default\">IPL LASER ACNE TREATMENT - WORKING AT THE SOURCE<\/h2>\t\t\t\t<\/div>\n\t\t\t\t<\/div>\n\t\t\t\t<div class=\"elementor-element elementor-element-c1861d9 elementor-widget elementor-widget-text-editor\" data-id=\"c1861d9\" data-element_type=\"widget\" data-widget_type=\"text-editor.default\">\n\t\t\t\t<div class=\"elementor-widget-container\">\n\t\t\t\t\t\t\t\t\t<p data-start=\"2524\" data-end=\"2594\">IPL is a modern, non-invasive method to help treat acne.<\/p><p data-start=\"2596\" data-end=\"2611\">It works by:<\/p><p data-start=\"2613\" data-end=\"2790\">&#8211; reduction of bacteria responsible for inflammation<br data-start=\"2670\" data-end=\"2673\">&#8211; reduction of sebaceous gland activity<br data-start=\"2717\" data-end=\"2720\">&#8211; reduction of erythema and redness<br data-start=\"2755\" data-end=\"2758\">&#8211; acceleration of skin healing<\/p><p data-start=\"2792\" data-end=\"2799\">Effects:<\/p><p data-start=\"2801\" data-end=\"2906\">&#8211; fewer inflammatory lesions<br data-start=\"2824\" data-end=\"2827\">&#8211; fewer new lesions<br data-start=\"2850\" data-end=\"2853\">&#8211; calmer skin<br data-start=\"2871\" data-end=\"2874\">&#8211; improved skin tone and texture<\/p>\t\t\t\t\t\t\t\t<\/div>\n\t\t\t\t<\/div>\n\t\t\t\t<div class=\"elementor-element elementor-element-93eac95 elementor-widget elementor-widget-heading\" data-id=\"93eac95\" data-element_type=\"widget\" data-widget_type=\"heading.default\">\n\t\t\t\t<div class=\"elementor-widget-container\">\n\t\t\t\t\t<h2 class=\"elementor-heading-title elementor-size-default\">LED THERAPY (FREE OF CHARGE) - REGENERATION AND TRANQUILITY<\/h2>\t\t\t\t<\/div>\n\t\t\t\t<\/div>\n\t\t\t\t<div class=\"elementor-element elementor-element-d601efb elementor-widget elementor-widget-text-editor\" data-id=\"d601efb\" data-element_type=\"widget\" data-widget_type=\"text-editor.default\">\n\t\t\t\t<div class=\"elementor-widget-container\">\n\t\t\t\t\t\t\t\t\t<p data-start=\"2964\" data-end=\"3027\">LED therapy supports acne treatment and improves skin comfort.<\/p><p data-start=\"3029\" data-end=\"3159\">&#8211; has anti-inflammatory and antibacterial effects<br data-start=\"3071\" data-end=\"3074\">&#8211; accelerates healing of lesions<br data-start=\"3101\" data-end=\"3104\">&#8211; soothes irritation<br data-start=\"3126\" data-end=\"3129\">&#8211; promotes regeneration after IPL<\/p><p data-start=\"3161\" data-end=\"3229\">This allows the skin to calm down faster and respond better to therapy.<\/p>\t\t\t\t\t\t\t\t<\/div>\n\t\t\t\t<\/div>\n\t\t\t\t<div class=\"elementor-element elementor-element-2db5483 elementor-widget elementor-widget-heading\" data-id=\"2db5483\" data-element_type=\"widget\" data-widget_type=\"heading.default\">\n\t\t\t\t<div class=\"elementor-widget-container\">\n\t\t\t\t\t<h2 class=\"elementor-heading-title elementor-size-default\">EFFECTS OF ACNE THERAPY<\/h2>\t\t\t\t<\/div>\n\t\t\t\t<\/div>\n\t\t\t\t<div class=\"elementor-element elementor-element-da3e37d elementor-widget elementor-widget-text-editor\" data-id=\"da3e37d\" data-element_type=\"widget\" data-widget_type=\"text-editor.default\">\n\t\t\t\t<div class=\"elementor-widget-container\">\n\t\t\t\t\t\t\t\t\t<p data-start=\"3263\" data-end=\"3297\">After a series of treatments, you may notice:<\/p><p data-start=\"3299\" data-end=\"3500\">&#8211; reduction in active acne lesions<br data-start=\"3338\" data-end=\"3341\">&#8211; fewer new lesions<br data-start=\"3364\" data-end=\"3367\">&#8211; calming of inflammation<br data-start=\"3396\" data-end=\"3399\">&#8211; improvement in skin texture<br data-start=\"3424\" data-end=\"3427\">&#8211; less post-inflammatory hyperpigmentation<br data-start=\"3458\" data-end=\"3461\">&#8211; calmer, less reactive complexion<\/p><p data-start=\"3502\" data-end=\"3584\">3D analysis will show real improvements not only visually, but also in skin parameters.<\/p>\t\t\t\t\t\t\t\t<\/div>\n\t\t\t\t<\/div>\n\t\t\t\t<div class=\"elementor-element elementor-element-d1c1852 elementor-widget elementor-widget-heading\" data-id=\"d1c1852\" data-element_type=\"widget\" data-widget_type=\"heading.default\">\n\t\t\t\t<div class=\"elementor-widget-container\">\n\t\t\t\t\t<h2 class=\"elementor-heading-title elementor-size-default\">WHO IS THIS PACKAGE FOR?<\/h2>\t\t\t\t<\/div>\n\t\t\t\t<\/div>\n\t\t\t\t<div class=\"elementor-element elementor-element-85e28f3 elementor-widget elementor-widget-text-editor\" data-id=\"85e28f3\" data-element_type=\"widget\" data-widget_type=\"text-editor.default\">\n\t\t\t\t<div class=\"elementor-widget-container\">\n\t\t\t\t\t\t\t\t\t<p data-start=\"3620\" data-end=\"3641\">The package is for people:<\/p><p data-start=\"3643\" data-end=\"3852\">&#8211; with active acne (juvenile and adult)<br data-start=\"3693\" data-end=\"3696\">&#8211; with recurrent inflammation<br data-start=\"3731\" data-end=\"3734\">&#8211; with oily skin<br data-start=\"3764\" data-end=\"3767\">&#8211; with erythema and post-inflammatory marks<br data-start=\"3802\" data-end=\"3805\">&#8211; who want to support dermatological treatment<\/p>\t\t\t\t\t\t\t\t<\/div>\n\t\t\t\t<\/div>\n\t\t\t\t<div class=\"elementor-element elementor-element-a75eaa1 elementor-widget elementor-widget-heading\" data-id=\"a75eaa1\" data-element_type=\"widget\" data-widget_type=\"heading.default\">\n\t\t\t\t<div class=\"elementor-widget-container\">\n\t\t\t\t\t<h2 class=\"elementor-heading-title elementor-size-default\">COMMENTS AND SAFETY<\/h2>\t\t\t\t<\/div>\n\t\t\t\t<\/div>\n\t\t\t\t<div class=\"elementor-element elementor-element-fe0e704 elementor-widget elementor-widget-text-editor\" data-id=\"fe0e704\" data-element_type=\"widget\" data-widget_type=\"text-editor.default\">\n\t\t\t\t<div class=\"elementor-widget-container\">\n\t\t\t\t\t\t\t\t\t<div class=\"flex flex-col text-sm pb-25\"><section class=\"text-token-text-primary w-full focus:outline-none [--shadow-height:45px] has-data-writing-block:pointer-events-none has-data-writing-block:-mt-(--shadow-height) has-data-writing-block:pt-(--shadow-height) [&amp;:has([data-writing-block])&gt;*]:pointer-events-auto scroll-mt-[calc(var(--header-height)+min(200px,max(70px,20svh)))]\" dir=\"auto\" data-turn-id=\"request-WEB:7ba80162-e987-4025-babe-ab11fd103d24-22\" data-testid=\"conversation-turn-46\" data-scroll-anchor=\"true\" data-turn=\"assistant\"><div class=\"text-base my-auto mx-auto pb-10 [--thread-content-margin:var(--thread-content-margin-xs,calc(var(--spacing)*4))] @w-sm\/main:[--thread-content-margin:var(--thread-content-margin-sm,calc(var(--spacing)*6))] @w-lg\/main:[--thread-content-margin:var(--thread-content-margin-lg,calc(var(--spacing)*16))] px-(--thread-content-margin)\"><div class=\"[--thread-content-max-width:40rem] @w-lg\/main:[--thread-content-max-width:48rem] mx-auto max-w-(--thread-content-max-width) flex-1 group\/turn-messages focus-visible:outline-hidden relative flex w-full min-w-0 flex-col agent-turn\"><div class=\"flex max-w-full flex-col gap-4 grow\"><div class=\"min-h-8 text-message relative flex w-full flex-col items-end gap-2 text-start break-words whitespace-normal outline-none keyboard-focused:focus-ring [.text-message+&amp;]:mt-1\" dir=\"auto\" tabindex=\"0\" data-message-author-role=\"assistant\" data-message-id=\"d06e5579-d037-4171-aace-94a69d4716e1\" data-message-model-slug=\"gpt-5-4-thinking\" data-turn-start-message=\"true\"><div class=\"flex w-full flex-col gap-1 empty:hidden\"><div class=\"markdown prose dark:prose-invert w-full wrap-break-word light markdown-new-styling\"><p data-start=\"3885\" data-end=\"3928\">Each therapy is preceded by a consultation.<\/p><p data-start=\"3930\" data-end=\"3949\">We take into account:<\/p><p data-start=\"3951\" data-end=\"4087\">&#8211; medications used (retinoids, antibiotics, photosensitizers)<br data-start=\"4019\" data-end=\"4022\">&#8211; health condition<br data-start=\"4036\" data-end=\"4039\">&#8211; skin phototype<br data-start=\"4054\" data-end=\"4057\">&#8211; severity of acne<\/p><p data-start=\"4089\" data-end=\"4142\">The final qualification is always made by a specialist.<\/p><\/div><\/div><\/div><\/div><\/div><\/div><\/section><\/div>\t\t\t\t\t\t\t\t<\/div>\n\t\t\t\t<\/div>\n\t\t\t\t<div class=\"elementor-element elementor-element-8eaaf3d elementor-align-center elementor-widget elementor-widget-button\" data-id=\"8eaaf3d\" data-element_type=\"widget\" data-widget_type=\"button.default\">\n\t\t\t\t<div class=\"elementor-widget-container\">\n\t\t\t\t\t\t\t\t\t<div class=\"elementor-button-wrapper\">\n\t\t\t\t\t<a class=\"elementor-button elementor-button-link elementor-size-sm\" href=\"https:\/\/d81b8eb1.booksy.com\" target=\"_blank\">\n\t\t\t\t\t\t<span class=\"elementor-button-content-wrapper\">\n\t\t\t\t\t\t\t\t\t<span class=\"elementor-button-text\">RESERVE  <\/span>\n\t\t\t\t\t<\/span>\n\t\t\t\t\t<\/a>\n\t\t\t\t<\/div>\n\t\t\t\t\t\t\t\t<\/div>\n\t\t\t\t<\/div>\n\t\t\t\t\t<\/div>\n\t\t<\/div>\n\t\t\t\t\t<\/div>\n\t\t<\/section>\n\t\t\t\t<\/div>\n\t\t","protected":false},"excerpt":{"rendered":"<p>acne therapy package AREA 1 PACKAGE 2099 PLN BUY 999 PLN MAKE AN APPOINTMENT What is included in the acne therapy package? X6 LASER ACNE TREATMENT X2 CONSULTATION + ADVANCED 3D ANALYSIS OF SKIN CONDITION WITH DIAGNOSTIC DEVICE (BEFORE\/AFTER) X6 LED LIGHT THERAPY (FREE OF CHARGE) Acne THERAPY package &#8211; comprehensive treatment of problematic skin [&hellip;]<\/p>\n","protected":false},"author":6,"featured_media":0,"parent":0,"menu_order":0,"comment_status":"closed","ping_status":"closed","template":"","meta":{"footnotes":""},"class_list":["post-10391","page","type-page","status-publish","hentry"],"yoast_head":"<!-- This site is optimized with the Yoast SEO plugin v25.9 - https:\/\/yoast.com\/wordpress\/plugins\/seo\/ -->\n<title>ACNE THERAPY PACKAGE - Prive Beauty &amp; Hair<\/title>\n<meta name=\"robots\" content=\"index, follow, max-snippet:-1, max-image-preview:large, max-video-preview:-1\" \/>\n<link rel=\"canonical\" href=\"https:\/\/prive-club.pl\/en\/acne-therapy-package\/\" \/>\n<meta property=\"og:locale\" content=\"en_US\" \/>\n<meta property=\"og:type\" content=\"article\" \/>\n<meta property=\"og:title\" content=\"ACNE THERAPY PACKAGE - Prive Beauty &amp; Hair\" \/>\n<meta property=\"og:description\" content=\"acne therapy package AREA 1 PACKAGE 2099 PLN BUY 999 PLN MAKE AN APPOINTMENT What is included in the acne therapy package? X6 LASER ACNE TREATMENT X2 CONSULTATION + ADVANCED 3D ANALYSIS OF SKIN CONDITION WITH DIAGNOSTIC DEVICE (BEFORE\/AFTER) X6 LED LIGHT THERAPY (FREE OF CHARGE) Acne THERAPY package &#8211; comprehensive treatment of problematic skin [&hellip;]\" \/>\n<meta property=\"og:url\" content=\"https:\/\/prive-club.pl\/en\/acne-therapy-package\/\" \/>\n<meta property=\"og:site_name\" content=\"Prive Beauty &amp; Hair\" \/>\n<meta property=\"article:modified_time\" content=\"2026-03-23T15:29:00+00:00\" \/>\n<meta name=\"twitter:card\" content=\"summary_large_image\" \/>\n<meta name=\"twitter:label1\" content=\"Est. reading time\" \/>\n\t<meta name=\"twitter:data1\" content=\"2 minutes\" \/>\n<script type=\"application\/ld+json\" class=\"yoast-schema-graph\">{\"@context\":\"https:\/\/schema.org\",\"@graph\":[{\"@type\":\"WebPage\",\"@id\":\"https:\/\/prive-club.pl\/en\/acne-therapy-package\/\",\"url\":\"https:\/\/prive-club.pl\/en\/acne-therapy-package\/\",\"name\":\"ACNE THERAPY PACKAGE - Prive Beauty &amp; Hair\",\"isPartOf\":{\"@id\":\"https:\/\/prive-club.pl\/en\/#website\"},\"datePublished\":\"2026-03-23T15:20:06+00:00\",\"dateModified\":\"2026-03-23T15:29:00+00:00\",\"breadcrumb\":{\"@id\":\"https:\/\/prive-club.pl\/en\/acne-therapy-package\/#breadcrumb\"},\"inLanguage\":\"en-US\",\"potentialAction\":[{\"@type\":\"ReadAction\",\"target\":[\"https:\/\/prive-club.pl\/en\/acne-therapy-package\/\"]}]},{\"@type\":\"BreadcrumbList\",\"@id\":\"https:\/\/prive-club.pl\/en\/acne-therapy-package\/#breadcrumb\",\"itemListElement\":[{\"@type\":\"ListItem\",\"position\":1,\"name\":\"Strona g\u0142\u00f3wna\",\"item\":\"https:\/\/prive-club.pl\/\"},{\"@type\":\"ListItem\",\"position\":2,\"name\":\"ACNE THERAPY PACKAGE\"}]},{\"@type\":\"WebSite\",\"@id\":\"https:\/\/prive-club.pl\/en\/#website\",\"url\":\"https:\/\/prive-club.pl\/en\/\",\"name\":\"Prive Beauty &amp; Hair\",\"description\":\"Fryzjer Gda\u0144sk , Depilacja Laserowa Gda\u0144sk, zamykanie naczynek Gda\u0144sk\",\"publisher\":{\"@id\":\"https:\/\/prive-club.pl\/en\/#organization\"},\"potentialAction\":[{\"@type\":\"SearchAction\",\"target\":{\"@type\":\"EntryPoint\",\"urlTemplate\":\"https:\/\/prive-club.pl\/en\/?s={search_term_string}\"},\"query-input\":{\"@type\":\"PropertyValueSpecification\",\"valueRequired\":true,\"valueName\":\"search_term_string\"}}],\"inLanguage\":\"en-US\"},{\"@type\":\"Organization\",\"@id\":\"https:\/\/prive-club.pl\/en\/#organization\",\"name\":\"Prive Beauty &amp; Hair\",\"url\":\"https:\/\/prive-club.pl\/en\/\",\"logo\":{\"@type\":\"ImageObject\",\"inLanguage\":\"en-US\",\"@id\":\"https:\/\/prive-club.pl\/en\/#\/schema\/logo\/image\/\",\"url\":\"https:\/\/prive-club.pl\/wp-content\/uploads\/2020\/04\/Prive-beauty-logo.png\",\"contentUrl\":\"https:\/\/prive-club.pl\/wp-content\/uploads\/2020\/04\/Prive-beauty-logo.png\",\"width\":1851,\"height\":879,\"caption\":\"Prive Beauty &amp; Hair\"},\"image\":{\"@id\":\"https:\/\/prive-club.pl\/en\/#\/schema\/logo\/image\/\"}}]}<\/script>\n<!-- \/ Yoast SEO plugin. -->","yoast_head_json":{"title":"ACNE THERAPY PACKAGE - Prive Beauty &amp; Hair","robots":{"index":"index","follow":"follow","max-snippet":"max-snippet:-1","max-image-preview":"max-image-preview:large","max-video-preview":"max-video-preview:-1"},"canonical":"https:\/\/prive-club.pl\/en\/acne-therapy-package\/","og_locale":"en_US","og_type":"article","og_title":"ACNE THERAPY PACKAGE - Prive Beauty &amp; Hair","og_description":"acne therapy package AREA 1 PACKAGE 2099 PLN BUY 999 PLN MAKE AN APPOINTMENT What is included in the acne therapy package? X6 LASER ACNE TREATMENT X2 CONSULTATION + ADVANCED 3D ANALYSIS OF SKIN CONDITION WITH DIAGNOSTIC DEVICE (BEFORE\/AFTER) X6 LED LIGHT THERAPY (FREE OF CHARGE) Acne THERAPY package &#8211; comprehensive treatment of problematic skin [&hellip;]","og_url":"https:\/\/prive-club.pl\/en\/acne-therapy-package\/","og_site_name":"Prive Beauty &amp; Hair","article_modified_time":"2026-03-23T15:29:00+00:00","twitter_card":"summary_large_image","twitter_misc":{"Est. reading time":"2 minutes"},"schema":{"@context":"https:\/\/schema.org","@graph":[{"@type":"WebPage","@id":"https:\/\/prive-club.pl\/en\/acne-therapy-package\/","url":"https:\/\/prive-club.pl\/en\/acne-therapy-package\/","name":"ACNE THERAPY PACKAGE - Prive Beauty &amp; Hair","isPartOf":{"@id":"https:\/\/prive-club.pl\/en\/#website"},"datePublished":"2026-03-23T15:20:06+00:00","dateModified":"2026-03-23T15:29:00+00:00","breadcrumb":{"@id":"https:\/\/prive-club.pl\/en\/acne-therapy-package\/#breadcrumb"},"inLanguage":"en-US","potentialAction":[{"@type":"ReadAction","target":["https:\/\/prive-club.pl\/en\/acne-therapy-package\/"]}]},{"@type":"BreadcrumbList","@id":"https:\/\/prive-club.pl\/en\/acne-therapy-package\/#breadcrumb","itemListElement":[{"@type":"ListItem","position":1,"name":"Strona g\u0142\u00f3wna","item":"https:\/\/prive-club.pl\/"},{"@type":"ListItem","position":2,"name":"ACNE THERAPY PACKAGE"}]},{"@type":"WebSite","@id":"https:\/\/prive-club.pl\/en\/#website","url":"https:\/\/prive-club.pl\/en\/","name":"Prive Beauty &amp; Hair","description":"Fryzjer Gda\u0144sk , Depilacja Laserowa Gda\u0144sk, zamykanie naczynek Gda\u0144sk","publisher":{"@id":"https:\/\/prive-club.pl\/en\/#organization"},"potentialAction":[{"@type":"SearchAction","target":{"@type":"EntryPoint","urlTemplate":"https:\/\/prive-club.pl\/en\/?s={search_term_string}"},"query-input":{"@type":"PropertyValueSpecification","valueRequired":true,"valueName":"search_term_string"}}],"inLanguage":"en-US"},{"@type":"Organization","@id":"https:\/\/prive-club.pl\/en\/#organization","name":"Prive Beauty &amp; Hair","url":"https:\/\/prive-club.pl\/en\/","logo":{"@type":"ImageObject","inLanguage":"en-US","@id":"https:\/\/prive-club.pl\/en\/#\/schema\/logo\/image\/","url":"https:\/\/prive-club.pl\/wp-content\/uploads\/2020\/04\/Prive-beauty-logo.png","contentUrl":"https:\/\/prive-club.pl\/wp-content\/uploads\/2020\/04\/Prive-beauty-logo.png","width":1851,"height":879,"caption":"Prive Beauty &amp; Hair"},"image":{"@id":"https:\/\/prive-club.pl\/en\/#\/schema\/logo\/image\/"}}]}},"_links":{"self":[{"href":"https:\/\/prive-club.pl\/en\/wp-json\/wp\/v2\/pages\/10391","targetHints":{"allow":["GET"]}}],"collection":[{"href":"https:\/\/prive-club.pl\/en\/wp-json\/wp\/v2\/pages"}],"about":[{"href":"https:\/\/prive-club.pl\/en\/wp-json\/wp\/v2\/types\/page"}],"author":[{"embeddable":true,"href":"https:\/\/prive-club.pl\/en\/wp-json\/wp\/v2\/users\/6"}],"replies":[{"embeddable":true,"href":"https:\/\/prive-club.pl\/en\/wp-json\/wp\/v2\/comments?post=10391"}],"version-history":[{"count":0,"href":"https:\/\/prive-club.pl\/en\/wp-json\/wp\/v2\/pages\/10391\/revisions"}],"wp:attachment":[{"href":"https:\/\/prive-club.pl\/en\/wp-json\/wp\/v2\/media?parent=10391"}],"curies":[{"name":"wp","href":"https:\/\/api.w.org\/{rel}","templated":true}]}}