{"id":10349,"date":"2026-03-23T15:44:37","date_gmt":"2026-03-23T14:44:37","guid":{"rendered":"https:\/\/prive-club.pl\/rosacea-therapy-package\/"},"modified":"2026-03-23T15:49:58","modified_gmt":"2026-03-23T14:49:58","slug":"rosacea-therapy-package","status":"publish","type":"page","link":"https:\/\/prive-club.pl\/en\/rosacea-therapy-package\/","title":{"rendered":"ROSACEA THERAPY PACKAGE"},"content":{"rendered":"\t\t<div data-elementor-type=\"wp-page\" data-elementor-id=\"10349\" class=\"elementor elementor-10349 elementor-10344\" data-elementor-post-type=\"page\">\n\t\t\t\t\t\t<section class=\"elementor-section elementor-top-section elementor-element elementor-element-495bc64 elementor-section-stretched elementor-section-boxed elementor-section-height-default elementor-section-height-default\" data-id=\"495bc64\" data-element_type=\"section\" data-settings=\"{&quot;background_background&quot;:&quot;classic&quot;,&quot;stretch_section&quot;:&quot;section-stretched&quot;}\">\n\t\t\t\t\t\t<div class=\"elementor-container elementor-column-gap-default\">\n\t\t\t\t\t<div class=\"elementor-column elementor-col-100 elementor-top-column elementor-element elementor-element-299d71a1\" data-id=\"299d71a1\" data-element_type=\"column\">\n\t\t\t<div class=\"elementor-widget-wrap elementor-element-populated\">\n\t\t\t\t\t\t<div class=\"elementor-element elementor-element-414b3b68 elementor-widget elementor-widget-heading\" data-id=\"414b3b68\" data-element_type=\"widget\" data-widget_type=\"heading.default\">\n\t\t\t\t<div class=\"elementor-widget-container\">\n\t\t\t\t\t<h1 class=\"elementor-heading-title elementor-size-default\">rosacea therapy package<\/h1>\t\t\t\t<\/div>\n\t\t\t\t<\/div>\n\t\t\t\t<div class=\"elementor-element elementor-element-7778e7b elementor-widget elementor-widget-html\" data-id=\"7778e7b\" data-element_type=\"widget\" data-widget_type=\"html.default\">\n\t\t\t\t<div class=\"elementor-widget-container\">\n\t\t\t\t\t<div style=\"text-align: center; font-family: 'Montserrat', Arial, sans-serif; font-size: 35px;\">\n  <span style=\"color: #666;\">AREA 1 PACKAGE<\/span>\n  <span style=\"text-decoration: line-through; color: #666; margin-left: 6px;\">\n 4550 PLN\n <\/span>\n  <span style=\"margin: 0 10px; color: #000;\">BUY<\/span>\n  <span style=\"color: red; font-weight: 700;\">EUR 2999<\/span>\n<\/div>\t\t\t\t<\/div>\n\t\t\t\t<\/div>\n\t\t\t\t<div class=\"elementor-element elementor-element-68c1dc39 elementor-align-center elementor-widget elementor-widget-button\" data-id=\"68c1dc39\" data-element_type=\"widget\" data-widget_type=\"button.default\">\n\t\t\t\t<div class=\"elementor-widget-container\">\n\t\t\t\t\t\t\t\t\t<div class=\"elementor-button-wrapper\">\n\t\t\t\t\t<a class=\"elementor-button elementor-button-link elementor-size-sm\" href=\"https:\/\/d81b8eb1.booksy.com\" target=\"_blank\">\n\t\t\t\t\t\t<span class=\"elementor-button-content-wrapper\">\n\t\t\t\t\t\t\t\t\t<span class=\"elementor-button-text\">MAKE AN APPOINTMENT<\/span>\n\t\t\t\t\t<\/span>\n\t\t\t\t\t<\/a>\n\t\t\t\t<\/div>\n\t\t\t\t\t\t\t\t<\/div>\n\t\t\t\t<\/div>\n\t\t\t\t<div class=\"elementor-element elementor-element-642d8bd elementor-widget elementor-widget-html\" data-id=\"642d8bd\" data-element_type=\"widget\" data-widget_type=\"html.default\">\n\t\t\t\t<div class=\"elementor-widget-container\">\n\t\t\t\t\t<div style=\"font-family: 'Montserrat', Arial, sans-serif; color: #000; font-size: 20px;\">\n  <p style=\"margin-bottom: 10px;\">What is included in the rosacea therapy package?<\/p>\n\n  <ul style=\"list-style: none; padding: 0; margin: 0;\">\n    <li style=\"margin: 10px 0; display: flex; align-items: flex-start;\">\n      <span style=\"width: 10px; height: 10px; border: 2px solid #8e5ea2; border-radius: 50%; margin-right: 12px; margin-top: 6px;\"><\/span>\n      <span>X3 DOTTORE ROSSATORE XPRESS TREATMENT<\/span>\n    <\/li>\n\n    <li style=\"margin: 10px 0; display: flex; align-items: flex-start;\">\n      <span style=\"width: 10px; height: 10px; border: 2px solid #8e5ea2; border-radius: 50%; margin-right: 12px; margin-top: 6px;\"><\/span>\n      <span>X5 LASER VASCULAR CLOSURE \/ LASER THERAPY<\/span>\n    <\/li>\n\n    <li style=\"margin: 10px 0; display: flex; align-items: flex-start;\">\n      <span style=\"width: 10px; height: 10px; border: 2px solid #8e5ea2; border-radius: 50%; margin-right: 12px; margin-top: 6px;\"><\/span>\n      <span>X2 CONSULTATION + ADVANCED 3D ANALYSIS OF SKIN CONDITION WITH DIAGNOSTIC DEVICE (BEFORE\/AFTER)<\/span>\n    <\/li>\n\n    <li style=\"margin: 10px 0; display: flex; align-items: flex-start;\">\n      <span style=\"width: 10px; height: 10px; border: 2px solid #8e5ea2; border-radius: 50%; margin-right: 12px; margin-top: 6px;\"><\/span>\n      <span>X8 LED LIGHT THERAPY (FREE OF CHARGE)<\/span>\n    <\/li>\n  <\/ul>\n<\/div>\t\t\t\t<\/div>\n\t\t\t\t<\/div>\n\t\t\t\t<div class=\"elementor-element elementor-element-a454a34 elementor-widget elementor-widget-heading\" data-id=\"a454a34\" data-element_type=\"widget\" data-widget_type=\"heading.default\">\n\t\t\t\t<div class=\"elementor-widget-container\">\n\t\t\t\t\t<h2 class=\"elementor-heading-title elementor-size-default\">Package: Eczema Rosacea Therapy - Gda\u0144sk<\/h2>\t\t\t\t<\/div>\n\t\t\t\t<\/div>\n\t\t\t\t<div class=\"elementor-element elementor-element-78612f7 elementor-widget elementor-widget-text-editor\" data-id=\"78612f7\" data-element_type=\"widget\" data-widget_type=\"text-editor.default\">\n\t\t\t\t<div class=\"elementor-widget-container\">\n\t\t\t\t\t\t\t\t\t<p data-start=\"149\" data-end=\"304\">The EYE THERAPY package is designed for people with sensitive, vascular skin, with erythema and lesions typical of rosacea.<\/p><p data-start=\"306\" data-end=\"358\">This is a comprehensive, thoughtful treatment for skins that:<\/p><p data-start=\"360\" data-end=\"552\">&#8211; they blush easily<br data-start=\"382\" data-end=\"385\">&#8211; they react with burning, stinging and hot sensation<br data-start=\"432\" data-end=\"435\">&#8211; they have visible capillaries and persistent erythema<br data-start=\"478\" data-end=\"481\">&#8211; they struggle with rosacea (erythematous or papular form)<\/p><p data-start=\"554\" data-end=\"705\">In the package, we use proven technologies used in vascular therapy, but arrange them into a protocol tailored specifically for rosacea.<\/p>\t\t\t\t\t\t\t\t<\/div>\n\t\t\t\t<\/div>\n\t\t\t\t<div class=\"elementor-element elementor-element-f65ae6a elementor-widget elementor-widget-heading\" data-id=\"f65ae6a\" data-element_type=\"widget\" data-widget_type=\"heading.default\">\n\t\t\t\t<div class=\"elementor-widget-container\">\n\t\t\t\t\t<h2 class=\"elementor-heading-title elementor-size-default\">Consultation and skin analyzer - a safe start to therapy<\/h2>\t\t\t\t<\/div>\n\t\t\t\t<\/div>\n\t\t\t\t<div class=\"elementor-element elementor-element-95e0703 elementor-widget elementor-widget-text-editor\" data-id=\"95e0703\" data-element_type=\"widget\" data-widget_type=\"text-editor.default\">\n\t\t\t\t<div class=\"elementor-widget-container\">\n\t\t\t\t\t\t\t\t\t<p data-start=\"773\" data-end=\"882\">Before we start treatments, we conduct a professional consultation combined with a skin analyzer test.<\/p><p data-start=\"884\" data-end=\"903\">This allows us to:<\/p><p data-start=\"905\" data-end=\"1245\">&#8211; accurately assess your skin type (vascular, sensitive, mixed, dry)<br data-start=\"972\" data-end=\"975\">&#8211; determine the severity of erythema and the distribution of blood vessels<br data-start=\"1033\" data-end=\"1036\">&#8211; assess the level of hydration and the state of the hydrolipid barrier<br data-start=\"1092\" data-end=\"1095\">&#8211; distinguish rosacea from other dermatoses<br data-start=\"1141\" data-end=\"1144\">&#8211; rule out contraindications to treatments<br data-start=\"1184\" data-end=\"1187\">&#8211; select therapy parameters individually for your skin<\/p><p data-start=\"1247\" data-end=\"1336\">This is a key step &#8211; in rosacea, random action often worsens the skin condition.<\/p>\t\t\t\t\t\t\t\t<\/div>\n\t\t\t\t<\/div>\n\t\t\t\t<div class=\"elementor-element elementor-element-798e3f8 elementor-widget elementor-widget-heading\" data-id=\"798e3f8\" data-element_type=\"widget\" data-widget_type=\"heading.default\">\n\t\t\t\t<div class=\"elementor-widget-container\">\n\t\t\t\t\t<h2 class=\"elementor-heading-title elementor-size-default\">What is the package of THERAPY for rosacea?<\/h2>\t\t\t\t<\/div>\n\t\t\t\t<\/div>\n\t\t\t\t<div class=\"elementor-element elementor-element-c1861d9 elementor-widget elementor-widget-text-editor\" data-id=\"c1861d9\" data-element_type=\"widget\" data-widget_type=\"text-editor.default\">\n\t\t\t\t<div class=\"elementor-widget-container\">\n\t\t\t\t\t\t\t\t\t<p data-start=\"1397\" data-end=\"1465\"><strong data-start=\"1397\" data-end=\"1465\">DOTTORE ROSSATORE XPRESS treatment &#8211; calming and strengthening the skin<\/strong><\/p><p data-start=\"1467\" data-end=\"1528\">The first step is the Dottore Rossatore Xpress treatment, which:<\/p><p data-start=\"1530\" data-end=\"1723\">&#8211; soothes erythema and irritation<br data-start=\"1561\" data-end=\"1564\">&#8211; reduces burning and hot sensation<br data-start=\"1602\" data-end=\"1605\">&#8211; strengthens blood vessels<br data-start=\"1635\" data-end=\"1638\">&#8211; reduces skin hyper-reactivity<br data-start=\"1670\" data-end=\"1673\">&#8211; prepares skin for next stages of therapy<\/p><p data-start=\"1725\" data-end=\"1809\">This is the foundation of all therapy &#8211; first we calm the skin, then we act more intensively.<\/p><p data-start=\"1816\" data-end=\"1878\"><strong data-start=\"1816\" data-end=\"1878\">LASER THERAPY &#8211; reduction of erythema and blood vessels<\/strong><\/p><p data-start=\"1880\" data-end=\"1989\">Rosacea is directly related to vessels and erythema, so the next step is laser therapy.<\/p><p data-start=\"1991\" data-end=\"2005\">Laser allows:<\/p><p data-start=\"2007\" data-end=\"2108\">&#8211; reduce background erythema<br data-start=\"2030\" data-end=\"2033\">&#8211; close dilated capillaries<br data-start=\"2063\" data-end=\"2066\">&#8211; work at different skin depths<\/p><p data-start=\"2110\" data-end=\"2194\">The result is a gradual calming of inflammation and a reduction in facial redness.<\/p><p data-start=\"2201\" data-end=\"2249\"><strong data-start=\"2201\" data-end=\"2249\">LED lamp &#8211; FREE, regeneration and silencing<\/strong><\/p><p data-start=\"2251\" data-end=\"2273\">LED treatment included:<\/p><p data-start=\"2275\" data-end=\"2393\">&#8211; promotes skin regeneration<br data-start=\"2302\" data-end=\"2305\">&#8211; calms inflammation<br data-start=\"2327\" data-end=\"2330\">&#8211; soothes irritation after laser<br data-start=\"2363\" data-end=\"2366\">&#8211; enhances the effects of therapy<\/p><p data-start=\"2395\" data-end=\"2465\">This is a key element that increases the comfort and safety of treatment.<\/p>\t\t\t\t\t\t\t\t<\/div>\n\t\t\t\t<\/div>\n\t\t\t\t<div class=\"elementor-element elementor-element-93eac95 elementor-widget elementor-widget-heading\" data-id=\"93eac95\" data-element_type=\"widget\" data-widget_type=\"heading.default\">\n\t\t\t\t<div class=\"elementor-widget-container\">\n\t\t\t\t\t<h2 class=\"elementor-heading-title elementor-size-default\">What is included in the package?<\/h2>\t\t\t\t<\/div>\n\t\t\t\t<\/div>\n\t\t\t\t<div class=\"elementor-element elementor-element-d601efb elementor-widget elementor-widget-text-editor\" data-id=\"d601efb\" data-element_type=\"widget\" data-widget_type=\"text-editor.default\">\n\t\t\t\t<div class=\"elementor-widget-container\">\n\t\t\t\t\t\t\t\t\t<p data-start=\"2503\" data-end=\"2532\">As part of the package, you receive:<\/p><p data-start=\"2534\" data-end=\"2729\">&#8211; consultation with skin analyzer<br data-start=\"2568\" data-end=\"2571\">&#8211; series of Dottore Rossatore Xpress treatments<br data-start=\"2612\" data-end=\"2615\">&#8211; series of laser treatments for erythema and capillaries<br data-start=\"2663\" data-end=\"2666\">&#8211; LED therapy FREE<br data-start=\"2686\" data-end=\"2689\">&#8211; personalized skin care recommendations<\/p>\t\t\t\t\t\t\t\t<\/div>\n\t\t\t\t<\/div>\n\t\t\t\t<div class=\"elementor-element elementor-element-2db5483 elementor-widget elementor-widget-heading\" data-id=\"2db5483\" data-element_type=\"widget\" data-widget_type=\"heading.default\">\n\t\t\t\t<div class=\"elementor-widget-container\">\n\t\t\t\t\t<h2 class=\"elementor-heading-title elementor-size-default\">Indications for therapy<\/h2>\t\t\t\t<\/div>\n\t\t\t\t<\/div>\n\t\t\t\t<div class=\"elementor-element elementor-element-da3e37d elementor-widget elementor-widget-text-editor\" data-id=\"da3e37d\" data-element_type=\"widget\" data-widget_type=\"text-editor.default\">\n\t\t\t\t<div class=\"elementor-widget-container\">\n\t\t\t\t\t\t\t\t\t<p data-start=\"2760\" data-end=\"2801\">The package is designed for people who:<\/p><p data-start=\"2803\" data-end=\"3104\">&#8211; have rosacea or its symptoms<br data-start=\"2842\" data-end=\"2845\">&#8211; struggle with facial erythema<br data-start=\"2880\" data-end=\"2883\">&#8211; have visible capillaries and paroxysmal redness<br data-start=\"2934\" data-end=\"2937\">&#8211; experience burning, stinging, hypersensitive skin<br data-start=\"2987\" data-end=\"2990\">&#8211; observe worsening after stress, alcohol, temperature or diet<br data-start=\"3059\" data-end=\"3062\">&#8211; have thin, reactive and sensitive skin<\/p>\t\t\t\t\t\t\t\t<\/div>\n\t\t\t\t<\/div>\n\t\t\t\t<div class=\"elementor-element elementor-element-d1c1852 elementor-widget elementor-widget-heading\" data-id=\"d1c1852\" data-element_type=\"widget\" data-widget_type=\"heading.default\">\n\t\t\t\t<div class=\"elementor-widget-container\">\n\t\t\t\t\t<h2 class=\"elementor-heading-title elementor-size-default\">Contraindications<\/h2>\t\t\t\t<\/div>\n\t\t\t\t<\/div>\n\t\t\t\t<div class=\"elementor-element elementor-element-85e28f3 elementor-widget elementor-widget-text-editor\" data-id=\"85e28f3\" data-element_type=\"widget\" data-widget_type=\"text-editor.default\">\n\t\t\t\t<div class=\"elementor-widget-container\">\n\t\t\t\t\t\t\t\t\t<p data-start=\"3131\" data-end=\"3165\">The main contraindications include:<\/p><p data-start=\"3167\" data-end=\"3417\">&#8211; Pregnancy and breastfeeding<br data-start=\"3194\" data-end=\"3197\">&#8211; skin infections<br data-start=\"3213\" data-end=\"3216\">&#8211; fresh tan<br data-start=\"3235\" data-end=\"3238\">&#8211; photosensitizing drugs and herbs<br data-start=\"3267\" data-end=\"3270\">&#8211; active inflammation requiring treatment<br data-start=\"3313\" data-end=\"3316\">&#8211; cancer<br data-start=\"3337\" data-end=\"3340\">&#8211; unregulated diabetes<br data-start=\"3365\" data-end=\"3368\">&#8211; oral retinoids<br data-start=\"3387\" data-end=\"3390\">&#8211; susceptibility to scarring<\/p><p data-start=\"3419\" data-end=\"3482\">The final decision is always made by a specialist after consultation.<\/p>\t\t\t\t\t\t\t\t<\/div>\n\t\t\t\t<\/div>\n\t\t\t\t<div class=\"elementor-element elementor-element-a75eaa1 elementor-widget elementor-widget-heading\" data-id=\"a75eaa1\" data-element_type=\"widget\" data-widget_type=\"heading.default\">\n\t\t\t\t<div class=\"elementor-widget-container\">\n\t\t\t\t\t<h2 class=\"elementor-heading-title elementor-size-default\">What results are we achieving?<\/h2>\t\t\t\t<\/div>\n\t\t\t\t<\/div>\n\t\t\t\t<div class=\"elementor-element elementor-element-fe0e704 elementor-widget elementor-widget-text-editor\" data-id=\"fe0e704\" data-element_type=\"widget\" data-widget_type=\"text-editor.default\">\n\t\t\t\t<div class=\"elementor-widget-container\">\n\t\t\t\t\t\t\t\t\t<p data-start=\"3507\" data-end=\"3541\">Regular therapy makes it possible to obtain:<\/p><p data-start=\"3543\" data-end=\"3761\">&#8211; Reduction of erythema<br data-start=\"3566\" data-end=\"3569\">&#8211; reduction of capillaries<br data-start=\"3588\" data-end=\"3591\">&#8211; calming of inflammation<br data-start=\"3619\" data-end=\"3622\">&#8211; reduction of redness attacks<br data-start=\"3660\" data-end=\"3663\">&#8211; improvement of skin comfort<br data-start=\"3687\" data-end=\"3690\">&#8211; more uniform skin tone<br data-start=\"3718\" data-end=\"3721\">&#8211; healthier and calmer looking complexion<\/p>\t\t\t\t\t\t\t\t<\/div>\n\t\t\t\t<\/div>\n\t\t\t\t<div class=\"elementor-element elementor-element-58f57fb elementor-widget elementor-widget-heading\" data-id=\"58f57fb\" data-element_type=\"widget\" data-widget_type=\"heading.default\">\n\t\t\t\t<div class=\"elementor-widget-container\">\n\t\t\t\t\t<h2 class=\"elementor-heading-title elementor-size-default\">Why is this therapy effective?<\/h2>\t\t\t\t<\/div>\n\t\t\t\t<\/div>\n\t\t\t\t<div class=\"elementor-element elementor-element-35b24c6 elementor-widget elementor-widget-text-editor\" data-id=\"35b24c6\" data-element_type=\"widget\" data-widget_type=\"text-editor.default\">\n\t\t\t\t<div class=\"elementor-widget-container\">\n\t\t\t\t\t\t\t\t\t<p data-start=\"3807\" data-end=\"4020\">&#8211; we combine laser, LED and specialized care<br data-start=\"3857\" data-end=\"3860\">&#8211; we work on diagnostics, not patterns<br data-start=\"3904\" data-end=\"3907\">&#8211; each plan is individual<br data-start=\"3937\" data-end=\"3940\">&#8211; we focus on real results<br data-start=\"3975\" data-end=\"3978\">&#8211; we care about the safety of sensitive skin<\/p><p data-start=\"4022\" data-end=\"4112\"><strong>This is one of the most effective methods of combating rosacea, erythema and capillaries.<\/strong><\/p>\t\t\t\t\t\t\t\t<\/div>\n\t\t\t\t<\/div>\n\t\t\t\t<div class=\"elementor-element elementor-element-8eaaf3d elementor-align-center elementor-widget elementor-widget-button\" data-id=\"8eaaf3d\" data-element_type=\"widget\" data-widget_type=\"button.default\">\n\t\t\t\t<div class=\"elementor-widget-container\">\n\t\t\t\t\t\t\t\t\t<div class=\"elementor-button-wrapper\">\n\t\t\t\t\t<a class=\"elementor-button elementor-button-link elementor-size-sm\" href=\"https:\/\/d81b8eb1.booksy.com\" target=\"_blank\">\n\t\t\t\t\t\t<span class=\"elementor-button-content-wrapper\">\n\t\t\t\t\t\t\t\t\t<span class=\"elementor-button-text\">RESERVE  <\/span>\n\t\t\t\t\t<\/span>\n\t\t\t\t\t<\/a>\n\t\t\t\t<\/div>\n\t\t\t\t\t\t\t\t<\/div>\n\t\t\t\t<\/div>\n\t\t\t\t\t<\/div>\n\t\t<\/div>\n\t\t\t\t\t<\/div>\n\t\t<\/section>\n\t\t\t\t<\/div>\n\t\t","protected":false},"excerpt":{"rendered":"<p>rosacea therapy package AREA 1 PACKAGE 4550 PLN BUY EUR 2999 MAKE AN APPOINTMENT What is included in the rosacea therapy package? X3 DOTTORE ROSSATORE XPRESS TREATMENT X5 LASER VASCULAR CLOSURE \/ LASER THERAPY X2 CONSULTATION + ADVANCED 3D ANALYSIS OF SKIN CONDITION WITH DIAGNOSTIC DEVICE (BEFORE\/AFTER) X8 LED LIGHT THERAPY (FREE OF CHARGE) Package: [&hellip;]<\/p>\n","protected":false},"author":6,"featured_media":0,"parent":0,"menu_order":0,"comment_status":"closed","ping_status":"closed","template":"","meta":{"footnotes":""},"class_list":["post-10349","page","type-page","status-publish","hentry"],"yoast_head":"<!-- This site is optimized with the Yoast SEO plugin v25.9 - https:\/\/yoast.com\/wordpress\/plugins\/seo\/ -->\n<title>ROSACEA THERAPY PACKAGE - Prive Beauty &amp; Hair<\/title>\n<meta name=\"robots\" content=\"index, follow, max-snippet:-1, max-image-preview:large, max-video-preview:-1\" \/>\n<link rel=\"canonical\" href=\"https:\/\/prive-club.pl\/pakiet-terapia-tradziku-rozowatego\/\" \/>\n<meta property=\"og:locale\" content=\"en_US\" \/>\n<meta property=\"og:type\" content=\"article\" \/>\n<meta property=\"og:title\" content=\"ROSACEA THERAPY PACKAGE - Prive Beauty &amp; Hair\" \/>\n<meta property=\"og:description\" content=\"rosacea therapy package AREA 1 PACKAGE 4550 PLN BUY EUR 2999 MAKE AN APPOINTMENT What is included in the rosacea therapy package? X3 DOTTORE ROSSATORE XPRESS TREATMENT X5 LASER VASCULAR CLOSURE \/ LASER THERAPY X2 CONSULTATION + ADVANCED 3D ANALYSIS OF SKIN CONDITION WITH DIAGNOSTIC DEVICE (BEFORE\/AFTER) X8 LED LIGHT THERAPY (FREE OF CHARGE) Package: [&hellip;]\" \/>\n<meta property=\"og:url\" content=\"https:\/\/prive-club.pl\/pakiet-terapia-tradziku-rozowatego\/\" \/>\n<meta property=\"og:site_name\" content=\"Prive Beauty &amp; Hair\" \/>\n<meta property=\"article:modified_time\" content=\"2026-03-23T14:49:58+00:00\" \/>\n<meta name=\"twitter:card\" content=\"summary_large_image\" \/>\n<meta name=\"twitter:label1\" content=\"Est. reading time\" \/>\n\t<meta name=\"twitter:data1\" content=\"3 minutes\" \/>\n<script type=\"application\/ld+json\" class=\"yoast-schema-graph\">{\"@context\":\"https:\/\/schema.org\",\"@graph\":[{\"@type\":\"WebPage\",\"@id\":\"https:\/\/prive-club.pl\/pakiet-terapia-tradziku-rozowatego\/\",\"url\":\"https:\/\/prive-club.pl\/pakiet-terapia-tradziku-rozowatego\/\",\"name\":\"ROSACEA THERAPY PACKAGE - Prive Beauty &amp; Hair\",\"isPartOf\":{\"@id\":\"https:\/\/prive-club.pl\/en\/#website\"},\"datePublished\":\"2026-03-23T14:44:37+00:00\",\"dateModified\":\"2026-03-23T14:49:58+00:00\",\"breadcrumb\":{\"@id\":\"https:\/\/prive-club.pl\/pakiet-terapia-tradziku-rozowatego\/#breadcrumb\"},\"inLanguage\":\"en-US\",\"potentialAction\":[{\"@type\":\"ReadAction\",\"target\":[\"https:\/\/prive-club.pl\/pakiet-terapia-tradziku-rozowatego\/\"]}]},{\"@type\":\"BreadcrumbList\",\"@id\":\"https:\/\/prive-club.pl\/pakiet-terapia-tradziku-rozowatego\/#breadcrumb\",\"itemListElement\":[{\"@type\":\"ListItem\",\"position\":1,\"name\":\"Strona g\u0142\u00f3wna\",\"item\":\"https:\/\/prive-club.pl\/\"},{\"@type\":\"ListItem\",\"position\":2,\"name\":\"ROSACEA THERAPY PACKAGE\"}]},{\"@type\":\"WebSite\",\"@id\":\"https:\/\/prive-club.pl\/en\/#website\",\"url\":\"https:\/\/prive-club.pl\/en\/\",\"name\":\"Prive Beauty &amp; Hair\",\"description\":\"Fryzjer Gda\u0144sk , Depilacja Laserowa Gda\u0144sk, zamykanie naczynek Gda\u0144sk\",\"publisher\":{\"@id\":\"https:\/\/prive-club.pl\/en\/#organization\"},\"potentialAction\":[{\"@type\":\"SearchAction\",\"target\":{\"@type\":\"EntryPoint\",\"urlTemplate\":\"https:\/\/prive-club.pl\/en\/?s={search_term_string}\"},\"query-input\":{\"@type\":\"PropertyValueSpecification\",\"valueRequired\":true,\"valueName\":\"search_term_string\"}}],\"inLanguage\":\"en-US\"},{\"@type\":\"Organization\",\"@id\":\"https:\/\/prive-club.pl\/en\/#organization\",\"name\":\"Prive Beauty &amp; Hair\",\"url\":\"https:\/\/prive-club.pl\/en\/\",\"logo\":{\"@type\":\"ImageObject\",\"inLanguage\":\"en-US\",\"@id\":\"https:\/\/prive-club.pl\/en\/#\/schema\/logo\/image\/\",\"url\":\"https:\/\/prive-club.pl\/wp-content\/uploads\/2020\/04\/Prive-beauty-logo.png\",\"contentUrl\":\"https:\/\/prive-club.pl\/wp-content\/uploads\/2020\/04\/Prive-beauty-logo.png\",\"width\":1851,\"height\":879,\"caption\":\"Prive Beauty &amp; Hair\"},\"image\":{\"@id\":\"https:\/\/prive-club.pl\/en\/#\/schema\/logo\/image\/\"}}]}<\/script>\n<!-- \/ Yoast SEO plugin. -->","yoast_head_json":{"title":"ROSACEA THERAPY PACKAGE - Prive Beauty &amp; Hair","robots":{"index":"index","follow":"follow","max-snippet":"max-snippet:-1","max-image-preview":"max-image-preview:large","max-video-preview":"max-video-preview:-1"},"canonical":"https:\/\/prive-club.pl\/pakiet-terapia-tradziku-rozowatego\/","og_locale":"en_US","og_type":"article","og_title":"ROSACEA THERAPY PACKAGE - Prive Beauty &amp; Hair","og_description":"rosacea therapy package AREA 1 PACKAGE 4550 PLN BUY EUR 2999 MAKE AN APPOINTMENT What is included in the rosacea therapy package? X3 DOTTORE ROSSATORE XPRESS TREATMENT X5 LASER VASCULAR CLOSURE \/ LASER THERAPY X2 CONSULTATION + ADVANCED 3D ANALYSIS OF SKIN CONDITION WITH DIAGNOSTIC DEVICE (BEFORE\/AFTER) X8 LED LIGHT THERAPY (FREE OF CHARGE) Package: [&hellip;]","og_url":"https:\/\/prive-club.pl\/pakiet-terapia-tradziku-rozowatego\/","og_site_name":"Prive Beauty &amp; Hair","article_modified_time":"2026-03-23T14:49:58+00:00","twitter_card":"summary_large_image","twitter_misc":{"Est. reading time":"3 minutes"},"schema":{"@context":"https:\/\/schema.org","@graph":[{"@type":"WebPage","@id":"https:\/\/prive-club.pl\/pakiet-terapia-tradziku-rozowatego\/","url":"https:\/\/prive-club.pl\/pakiet-terapia-tradziku-rozowatego\/","name":"ROSACEA THERAPY PACKAGE - Prive Beauty &amp; Hair","isPartOf":{"@id":"https:\/\/prive-club.pl\/en\/#website"},"datePublished":"2026-03-23T14:44:37+00:00","dateModified":"2026-03-23T14:49:58+00:00","breadcrumb":{"@id":"https:\/\/prive-club.pl\/pakiet-terapia-tradziku-rozowatego\/#breadcrumb"},"inLanguage":"en-US","potentialAction":[{"@type":"ReadAction","target":["https:\/\/prive-club.pl\/pakiet-terapia-tradziku-rozowatego\/"]}]},{"@type":"BreadcrumbList","@id":"https:\/\/prive-club.pl\/pakiet-terapia-tradziku-rozowatego\/#breadcrumb","itemListElement":[{"@type":"ListItem","position":1,"name":"Strona g\u0142\u00f3wna","item":"https:\/\/prive-club.pl\/"},{"@type":"ListItem","position":2,"name":"ROSACEA THERAPY PACKAGE"}]},{"@type":"WebSite","@id":"https:\/\/prive-club.pl\/en\/#website","url":"https:\/\/prive-club.pl\/en\/","name":"Prive Beauty &amp; Hair","description":"Fryzjer Gda\u0144sk , Depilacja Laserowa Gda\u0144sk, zamykanie naczynek Gda\u0144sk","publisher":{"@id":"https:\/\/prive-club.pl\/en\/#organization"},"potentialAction":[{"@type":"SearchAction","target":{"@type":"EntryPoint","urlTemplate":"https:\/\/prive-club.pl\/en\/?s={search_term_string}"},"query-input":{"@type":"PropertyValueSpecification","valueRequired":true,"valueName":"search_term_string"}}],"inLanguage":"en-US"},{"@type":"Organization","@id":"https:\/\/prive-club.pl\/en\/#organization","name":"Prive Beauty &amp; Hair","url":"https:\/\/prive-club.pl\/en\/","logo":{"@type":"ImageObject","inLanguage":"en-US","@id":"https:\/\/prive-club.pl\/en\/#\/schema\/logo\/image\/","url":"https:\/\/prive-club.pl\/wp-content\/uploads\/2020\/04\/Prive-beauty-logo.png","contentUrl":"https:\/\/prive-club.pl\/wp-content\/uploads\/2020\/04\/Prive-beauty-logo.png","width":1851,"height":879,"caption":"Prive Beauty &amp; Hair"},"image":{"@id":"https:\/\/prive-club.pl\/en\/#\/schema\/logo\/image\/"}}]}},"_links":{"self":[{"href":"https:\/\/prive-club.pl\/en\/wp-json\/wp\/v2\/pages\/10349","targetHints":{"allow":["GET"]}}],"collection":[{"href":"https:\/\/prive-club.pl\/en\/wp-json\/wp\/v2\/pages"}],"about":[{"href":"https:\/\/prive-club.pl\/en\/wp-json\/wp\/v2\/types\/page"}],"author":[{"embeddable":true,"href":"https:\/\/prive-club.pl\/en\/wp-json\/wp\/v2\/users\/6"}],"replies":[{"embeddable":true,"href":"https:\/\/prive-club.pl\/en\/wp-json\/wp\/v2\/comments?post=10349"}],"version-history":[{"count":0,"href":"https:\/\/prive-club.pl\/en\/wp-json\/wp\/v2\/pages\/10349\/revisions"}],"wp:attachment":[{"href":"https:\/\/prive-club.pl\/en\/wp-json\/wp\/v2\/media?parent=10349"}],"curies":[{"name":"wp","href":"https:\/\/api.w.org\/{rel}","templated":true}]}}