{"id":10330,"date":"2026-03-23T11:24:44","date_gmt":"2026-03-23T10:24:44","guid":{"rendered":"https:\/\/prive-club.pl\/facial-sun-discoloration-package-2\/"},"modified":"2026-03-23T11:38:48","modified_gmt":"2026-03-23T10:38:48","slug":"facial-sun-discoloration-package-2","status":"publish","type":"page","link":"https:\/\/prive-club.pl\/en\/facial-sun-discoloration-package-2\/","title":{"rendered":"FACIAL SUN DISCOLORATION PACKAGE 2"},"content":{"rendered":"\t\t<div data-elementor-type=\"wp-page\" data-elementor-id=\"10330\" class=\"elementor elementor-10330 elementor-10325\" data-elementor-post-type=\"page\">\n\t\t\t\t\t\t<section class=\"elementor-section elementor-top-section elementor-element elementor-element-495bc64 elementor-section-stretched elementor-section-boxed elementor-section-height-default elementor-section-height-default\" data-id=\"495bc64\" data-element_type=\"section\" data-settings=\"{&quot;background_background&quot;:&quot;classic&quot;,&quot;stretch_section&quot;:&quot;section-stretched&quot;}\">\n\t\t\t\t\t\t<div class=\"elementor-container elementor-column-gap-default\">\n\t\t\t\t\t<div class=\"elementor-column elementor-col-100 elementor-top-column elementor-element elementor-element-299d71a1\" data-id=\"299d71a1\" data-element_type=\"column\">\n\t\t\t<div class=\"elementor-widget-wrap elementor-element-populated\">\n\t\t\t\t\t\t<div class=\"elementor-element elementor-element-414b3b68 elementor-widget elementor-widget-heading\" data-id=\"414b3b68\" data-element_type=\"widget\" data-widget_type=\"heading.default\">\n\t\t\t\t<div class=\"elementor-widget-container\">\n\t\t\t\t\t<h1 class=\"elementor-heading-title elementor-size-default\">Facial Pigmentation Package  \n<\/h1>\t\t\t\t<\/div>\n\t\t\t\t<\/div>\n\t\t\t\t<div class=\"elementor-element elementor-element-7778e7b elementor-widget elementor-widget-html\" data-id=\"7778e7b\" data-element_type=\"widget\" data-widget_type=\"html.default\">\n\t\t\t\t<div class=\"elementor-widget-container\">\n\t\t\t\t\t<div style=\"text-align: center; font-family: 'Montserrat', Arial, sans-serif; font-size: 35px;\">\n  <span style=\"color: #666;\">AREA 1 PACKAGE<\/span>\n  <span style=\"text-decoration: line-through; color: #666; margin-left: 6px;\">\n 3200 PLN\n <\/span>\n  <span style=\"margin: 0 10px; color: #000;\">BUY<\/span>\n  <span style=\"color: red; font-weight: 700;\">2199 EUR<\/span>\n<\/div>\t\t\t\t<\/div>\n\t\t\t\t<\/div>\n\t\t\t\t<div class=\"elementor-element elementor-element-68c1dc39 elementor-align-center elementor-widget elementor-widget-button\" data-id=\"68c1dc39\" data-element_type=\"widget\" data-widget_type=\"button.default\">\n\t\t\t\t<div class=\"elementor-widget-container\">\n\t\t\t\t\t\t\t\t\t<div class=\"elementor-button-wrapper\">\n\t\t\t\t\t<a class=\"elementor-button elementor-button-link elementor-size-sm\" href=\"https:\/\/d81b8eb1.booksy.com\" target=\"_blank\">\n\t\t\t\t\t\t<span class=\"elementor-button-content-wrapper\">\n\t\t\t\t\t\t\t\t\t<span class=\"elementor-button-text\">MAKE AN APPOINTMENT<\/span>\n\t\t\t\t\t<\/span>\n\t\t\t\t\t<\/a>\n\t\t\t\t<\/div>\n\t\t\t\t\t\t\t\t<\/div>\n\t\t\t\t<\/div>\n\t\t\t\t<div class=\"elementor-element elementor-element-642d8bd elementor-widget elementor-widget-html\" data-id=\"642d8bd\" data-element_type=\"widget\" data-widget_type=\"html.default\">\n\t\t\t\t<div class=\"elementor-widget-container\">\n\t\t\t\t\t<div style=\"font-family: 'Montserrat', Arial, sans-serif; color: #000; font-size: 20px;\">\n  <p style=\"margin-bottom: 10px;\">What's included in the FACE TRANSFORMATION package?<\/p>\n\n  <ul style=\"list-style: none; padding: 0; margin: 0;\">\n    <li style=\"margin: 10px 0; display: flex; align-items: flex-start;\">\n      <span style=\"width: 10px; height: 10px; border: 2px solid #8e5ea2; border-radius: 50%; margin-right: 12px; margin-top: 6px;\"><\/span>\n      <span>X3 LASER REMOVAL OF HYPERPIGMENTATION<\/span>\n    <\/li>\n\n    <li style=\"margin: 10px 0; display: flex; align-items: flex-start;\">\n      <span style=\"width: 10px; height: 10px; border: 2px solid #8e5ea2; border-radius: 50%; margin-right: 12px; margin-top: 6px;\"><\/span>\n      <span>X1 RETINOL STEM CELL FRAX DERMAQUEST<\/span>\n    <\/li>\n\n    <li style=\"margin: 10px 0; display: flex; align-items: flex-start;\">\n      <span style=\"width: 10px; height: 10px; border: 2px solid #8e5ea2; border-radius: 50%; margin-right: 12px; margin-top: 6px;\"><\/span>\n      <span>X1 CHEMICAL PEELS<\/span>\n    <\/li>\n\n    <li style=\"margin: 10px 0; display: flex; align-items: flex-start;\">\n      <span style=\"width: 10px; height: 10px; border: 2px solid #8e5ea2; border-radius: 50%; margin-right: 12px; margin-top: 6px;\"><\/span>\n      <span>X2 CONSULTATION + ADVANCED 3D ANALYSIS OF SKIN CONDITION WITH DIAGNOSTIC DEVICE (BEFORE\/AFTER)<\/span>\n    <\/li>\n\n    <li style=\"margin: 10px 0; display: flex; align-items: flex-start;\">\n      <span style=\"width: 10px; height: 10px; border: 2px solid #8e5ea2; border-radius: 50%; margin-right: 12px; margin-top: 6px;\"><\/span>\n      <span>X5 LED LIGHT THERAPY (FREE)<\/span>\n    <\/li>\n  <\/ul>\n<\/div>\t\t\t\t<\/div>\n\t\t\t\t<\/div>\n\t\t\t\t<div class=\"elementor-element elementor-element-a454a34 elementor-widget elementor-widget-heading\" data-id=\"a454a34\" data-element_type=\"widget\" data-widget_type=\"heading.default\">\n\t\t\t\t<div class=\"elementor-widget-container\">\n\t\t\t\t\t<h2 class=\"elementor-heading-title elementor-size-default\">Package: POSITIVE BRANCHES - PRIVE BEAUTY &amp; HAIR Gda\u0144sk<\/h2>\t\t\t\t<\/div>\n\t\t\t\t<\/div>\n\t\t\t\t<div class=\"elementor-element elementor-element-78612f7 elementor-widget elementor-widget-text-editor\" data-id=\"78612f7\" data-element_type=\"widget\" data-widget_type=\"text-editor.default\">\n\t\t\t\t<div class=\"elementor-widget-container\">\n\t\t\t\t\t\t\t\t\t<p><span style=\"font-weight: 400;\">Sun discoloration is a common problem for people who have exposed their skin to UV rays for years without proper protection. Spots, uneven skin tone and grayish skin tones appear on the face, d\u00e9collet\u00e9 or hands. <\/span><span style=\"font-weight: 400;\"><br><\/span><span style=\"font-weight: 400;\">At PRIVE BEAUTY &amp; HAIR Gdansk, we have created a special treatment package that comprehensively reduces post-sun discoloration and restores skin to a fresh, radiant appearance.<\/span><\/p>\t\t\t\t\t\t\t\t<\/div>\n\t\t\t\t<\/div>\n\t\t\t\t<div class=\"elementor-element elementor-element-f65ae6a elementor-widget elementor-widget-heading\" data-id=\"f65ae6a\" data-element_type=\"widget\" data-widget_type=\"heading.default\">\n\t\t\t\t<div class=\"elementor-widget-container\">\n\t\t\t\t\t<h2 class=\"elementor-heading-title elementor-size-default\">Skin analyzer consultation - a safe start to any therapy\n<\/h2>\t\t\t\t<\/div>\n\t\t\t\t<\/div>\n\t\t\t\t<div class=\"elementor-element elementor-element-95e0703 elementor-widget elementor-widget-text-editor\" data-id=\"95e0703\" data-element_type=\"widget\" data-widget_type=\"text-editor.default\">\n\t\t\t\t<div class=\"elementor-widget-container\">\n\t\t\t\t\t\t\t\t\t<p data-start=\"177\" data-end=\"338\">Before we begin a series of treatments, we invite you to a consultation combined with a professional skin analysis. We use an advanced analyzer, thanks to which: <\/p><p data-start=\"340\" data-end=\"533\">&#8211; carefully evaluate the depth and type of hyperpigmentation<br data-start=\"391\" data-end=\"394\">&#8211; check the level of hydration, sensitivity and possible inflammation<br data-start=\"469\" data-end=\"472\">&#8211; analyze the overall condition of the skin and the degree of photoaging<\/p><p data-start=\"535\" data-end=\"705\">Based on the results, we select a personalized treatment plan so that the therapy is effective and safe &#8211; tailored to your skin, not a &#8220;blueprint for everyone.&#8221;<\/p>\t\t\t\t\t\t\t\t<\/div>\n\t\t\t\t<\/div>\n\t\t\t\t<div class=\"elementor-element elementor-element-798e3f8 elementor-widget elementor-widget-heading\" data-id=\"798e3f8\" data-element_type=\"widget\" data-widget_type=\"heading.default\">\n\t\t\t\t<div class=\"elementor-widget-container\">\n\t\t\t\t\t<h2 class=\"elementor-heading-title elementor-size-default\">What is the package <\/br>\"POSSESSIONAL TRANSFORMATION\" about?<\/h2>\t\t\t\t<\/div>\n\t\t\t\t<\/div>\n\t\t\t\t<div class=\"elementor-element elementor-element-c1861d9 elementor-widget elementor-widget-text-editor\" data-id=\"c1861d9\" data-element_type=\"widget\" data-widget_type=\"text-editor.default\">\n\t\t\t\t<div class=\"elementor-widget-container\">\n\t\t\t\t\t\t\t\t\t<p data-start=\"768\" data-end=\"921\">The package combines advanced technologies and professional cosmetics to act not only on superficial symptoms, but also on the deeper layers of the skin:<\/p><p data-start=\"923\" data-end=\"1186\">&#8211; Laser discoloration removal &#8211; precisely breaks down melanin accumulation<br data-start=\"998\" data-end=\"1001\">&#8211; RETINOL STEM CELL FRAX DERMAQUEST &#8211; remodels the epidermis and accelerates cell renewal<br data-start=\"1091\" data-end=\"1094\">&#8211; MANGOLIFT COLLAGEN THERAPY DERMAQUEST &#8211; stimulates collagen production and improves firmness<\/p><p data-start=\"1188\" data-end=\"1252\">The combination of these procedures makes us work simultaneously on:<\/p><p data-start=\"1254\" data-end=\"1398\">&#8211; reduction of visible spots<br data-start=\"1280\" data-end=\"1283\">&#8211; even skin tone<br data-start=\"1311\" data-end=\"1314\">&#8211; improvement of skin quality and density<br data-start=\"1348\" data-end=\"1351\">&#8211; shallowing of wrinkles and signs of photo-aging<\/p>\t\t\t\t\t\t\t\t<\/div>\n\t\t\t\t<\/div>\n\t\t\t\t<div class=\"elementor-element elementor-element-93eac95 elementor-widget elementor-widget-heading\" data-id=\"93eac95\" data-element_type=\"widget\" data-widget_type=\"heading.default\">\n\t\t\t\t<div class=\"elementor-widget-container\">\n\t\t\t\t\t<h2 class=\"elementor-heading-title elementor-size-default\">For whom is the package for post-sun discoloration?<\/h2>\t\t\t\t<\/div>\n\t\t\t\t<\/div>\n\t\t\t\t<div class=\"elementor-element elementor-element-d601efb elementor-widget elementor-widget-text-editor\" data-id=\"d601efb\" data-element_type=\"widget\" data-widget_type=\"text-editor.default\">\n\t\t\t\t<div class=\"elementor-widget-container\">\n\t\t\t\t\t\t\t\t\t<p data-start=\"1461\" data-end=\"1491\">The package is recommended for people who:<\/p><p data-start=\"1493\" data-end=\"1747\">&#8211; want to even out skin tone after sun exposure<br data-start=\"1546\" data-end=\"1549\">&#8211; are struggling with hyperpigmentation on face, neck, d\u00e9collet\u00e9 or hands<br data-start=\"1619\" data-end=\"1622\">&#8211; have noticed signs of photoaging (earthy tone, lack of radiance, wrinkles)<br data-start=\"1697\" data-end=\"1700\">&#8211; want to improve skin firmness and elasticity<\/p>\t\t\t\t\t\t\t\t<\/div>\n\t\t\t\t<\/div>\n\t\t\t\t<div class=\"elementor-element elementor-element-2db5483 elementor-widget elementor-widget-heading\" data-id=\"2db5483\" data-element_type=\"widget\" data-widget_type=\"heading.default\">\n\t\t\t\t<div class=\"elementor-widget-container\">\n\t\t\t\t\t<h2 class=\"elementor-heading-title elementor-size-default\">Effects of therapy for sun discoloration<\/h2>\t\t\t\t<\/div>\n\t\t\t\t<\/div>\n\t\t\t\t<div class=\"elementor-element elementor-element-da3e37d elementor-widget elementor-widget-text-editor\" data-id=\"da3e37d\" data-element_type=\"widget\" data-widget_type=\"text-editor.default\">\n\t\t\t\t<div class=\"elementor-widget-container\">\n\t\t\t\t\t\t\t\t\t<p data-start=\"1801\" data-end=\"1852\">When performed regularly, a series of treatments makes it possible to obtain:<\/p><p data-start=\"1854\" data-end=\"2036\">&#8211; visible reduction of hyperpigmentation<br data-start=\"1885\" data-end=\"1888\">&#8211; brightening and refreshing of skin<br data-start=\"1923\" data-end=\"1926\">&#8211; unification of skin tone and texture<br data-start=\"1967\" data-end=\"1970\">&#8211; improvement of skin firmness and density<br data-start=\"2010\" data-end=\"2013\">&#8211; rejuvenation of appearance<\/p><p data-start=\"2038\" data-end=\"2131\">Your face will regain its radiance and your skin will look healthier, younger and more radiant.<\/p>\t\t\t\t\t\t\t\t<\/div>\n\t\t\t\t<\/div>\n\t\t\t\t<div class=\"elementor-element elementor-element-d1c1852 elementor-widget elementor-widget-heading\" data-id=\"d1c1852\" data-element_type=\"widget\" data-widget_type=\"heading.default\">\n\t\t\t\t<div class=\"elementor-widget-container\">\n\t\t\t\t\t<h2 class=\"elementor-heading-title elementor-size-default\">Why perform the procedure at PRIVE Gdansk?<\/h2>\t\t\t\t<\/div>\n\t\t\t\t<\/div>\n\t\t\t\t<div class=\"elementor-element elementor-element-85e28f3 elementor-widget elementor-widget-text-editor\" data-id=\"85e28f3\" data-element_type=\"widget\" data-widget_type=\"text-editor.default\">\n\t\t\t\t<div class=\"elementor-widget-container\">\n\t\t\t\t\t\t\t\t\t<p data-start=\"2189\" data-end=\"2326\">At PRIVE BEAUTY &amp; HAIR Gdansk, we combine state-of-the-art diagnostic equipment, advanced treatment technologies and experienced specialists.<\/p><p data-start=\"2328\" data-end=\"2435\">We select each treatment plan individually &#8211; according to skin type, severity of hyperpigmentation and expected results.<\/p><p data-start=\"2437\" data-end=\"2585\"><strong>The &#8220;POSITIVE BRIGHTNESS&#8221; package is a solution for people who want real and lasting results, not just a temporary improvement in the appearance of the skin.<\/strong><\/p>\t\t\t\t\t\t\t\t<\/div>\n\t\t\t\t<\/div>\n\t\t\t\t<div class=\"elementor-element elementor-element-8eaaf3d elementor-align-center elementor-widget elementor-widget-button\" data-id=\"8eaaf3d\" data-element_type=\"widget\" data-widget_type=\"button.default\">\n\t\t\t\t<div class=\"elementor-widget-container\">\n\t\t\t\t\t\t\t\t\t<div class=\"elementor-button-wrapper\">\n\t\t\t\t\t<a class=\"elementor-button elementor-button-link elementor-size-sm\" href=\"https:\/\/d81b8eb1.booksy.com\" target=\"_blank\">\n\t\t\t\t\t\t<span class=\"elementor-button-content-wrapper\">\n\t\t\t\t\t\t\t\t\t<span class=\"elementor-button-text\">RESERVE  <\/span>\n\t\t\t\t\t<\/span>\n\t\t\t\t\t<\/a>\n\t\t\t\t<\/div>\n\t\t\t\t\t\t\t\t<\/div>\n\t\t\t\t<\/div>\n\t\t\t\t\t<\/div>\n\t\t<\/div>\n\t\t\t\t\t<\/div>\n\t\t<\/section>\n\t\t\t\t<\/div>\n\t\t","protected":false},"excerpt":{"rendered":"<p>Facial Pigmentation Package AREA 1 PACKAGE 3200 PLN BUY 2199 EUR MAKE AN APPOINTMENT What&#8217;s included in the FACE TRANSFORMATION package? X3 LASER REMOVAL OF HYPERPIGMENTATION X1 RETINOL STEM CELL FRAX DERMAQUEST X1 CHEMICAL PEELS X2 CONSULTATION + ADVANCED 3D ANALYSIS OF SKIN CONDITION WITH DIAGNOSTIC DEVICE (BEFORE\/AFTER) X5 LED LIGHT THERAPY (FREE) Package: POSITIVE [&hellip;]<\/p>\n","protected":false},"author":6,"featured_media":0,"parent":0,"menu_order":0,"comment_status":"closed","ping_status":"closed","template":"","meta":{"footnotes":""},"class_list":["post-10330","page","type-page","status-publish","hentry"],"yoast_head":"<!-- This site is optimized with the Yoast SEO plugin v25.9 - https:\/\/yoast.com\/wordpress\/plugins\/seo\/ -->\n<title>FACIAL SUN DISCOLORATION PACKAGE 2 - Prive Beauty &amp; Hair<\/title>\n<meta name=\"robots\" content=\"index, follow, max-snippet:-1, max-image-preview:large, max-video-preview:-1\" \/>\n<link rel=\"canonical\" href=\"https:\/\/prive-club.pl\/en\/facial-sun-discoloration-package-2\/\" \/>\n<meta property=\"og:locale\" content=\"en_US\" \/>\n<meta property=\"og:type\" content=\"article\" \/>\n<meta property=\"og:title\" content=\"FACIAL SUN DISCOLORATION PACKAGE 2 - Prive Beauty &amp; Hair\" \/>\n<meta property=\"og:description\" content=\"Facial Pigmentation Package AREA 1 PACKAGE 3200 PLN BUY 2199 EUR MAKE AN APPOINTMENT What&#8217;s included in the FACE TRANSFORMATION package? X3 LASER REMOVAL OF HYPERPIGMENTATION X1 RETINOL STEM CELL FRAX DERMAQUEST X1 CHEMICAL PEELS X2 CONSULTATION + ADVANCED 3D ANALYSIS OF SKIN CONDITION WITH DIAGNOSTIC DEVICE (BEFORE\/AFTER) X5 LED LIGHT THERAPY (FREE) Package: POSITIVE [&hellip;]\" \/>\n<meta property=\"og:url\" content=\"https:\/\/prive-club.pl\/en\/facial-sun-discoloration-package-2\/\" \/>\n<meta property=\"og:site_name\" content=\"Prive Beauty &amp; Hair\" \/>\n<meta property=\"article:modified_time\" content=\"2026-03-23T10:38:48+00:00\" \/>\n<meta name=\"twitter:card\" content=\"summary_large_image\" \/>\n<meta name=\"twitter:label1\" content=\"Est. reading time\" \/>\n\t<meta name=\"twitter:data1\" content=\"2 minutes\" \/>\n<script type=\"application\/ld+json\" class=\"yoast-schema-graph\">{\"@context\":\"https:\/\/schema.org\",\"@graph\":[{\"@type\":\"WebPage\",\"@id\":\"https:\/\/prive-club.pl\/en\/facial-sun-discoloration-package-2\/\",\"url\":\"https:\/\/prive-club.pl\/en\/facial-sun-discoloration-package-2\/\",\"name\":\"FACIAL SUN DISCOLORATION PACKAGE 2 - Prive Beauty &amp; Hair\",\"isPartOf\":{\"@id\":\"https:\/\/prive-club.pl\/en\/#website\"},\"datePublished\":\"2026-03-23T10:24:44+00:00\",\"dateModified\":\"2026-03-23T10:38:48+00:00\",\"breadcrumb\":{\"@id\":\"https:\/\/prive-club.pl\/en\/facial-sun-discoloration-package-2\/#breadcrumb\"},\"inLanguage\":\"en-US\",\"potentialAction\":[{\"@type\":\"ReadAction\",\"target\":[\"https:\/\/prive-club.pl\/en\/facial-sun-discoloration-package-2\/\"]}]},{\"@type\":\"BreadcrumbList\",\"@id\":\"https:\/\/prive-club.pl\/en\/facial-sun-discoloration-package-2\/#breadcrumb\",\"itemListElement\":[{\"@type\":\"ListItem\",\"position\":1,\"name\":\"Strona g\u0142\u00f3wna\",\"item\":\"https:\/\/prive-club.pl\/\"},{\"@type\":\"ListItem\",\"position\":2,\"name\":\"FACIAL SUN DISCOLORATION PACKAGE 2\"}]},{\"@type\":\"WebSite\",\"@id\":\"https:\/\/prive-club.pl\/en\/#website\",\"url\":\"https:\/\/prive-club.pl\/en\/\",\"name\":\"Prive Beauty &amp; Hair\",\"description\":\"Fryzjer Gda\u0144sk , Depilacja Laserowa Gda\u0144sk, zamykanie naczynek Gda\u0144sk\",\"publisher\":{\"@id\":\"https:\/\/prive-club.pl\/en\/#organization\"},\"potentialAction\":[{\"@type\":\"SearchAction\",\"target\":{\"@type\":\"EntryPoint\",\"urlTemplate\":\"https:\/\/prive-club.pl\/en\/?s={search_term_string}\"},\"query-input\":{\"@type\":\"PropertyValueSpecification\",\"valueRequired\":true,\"valueName\":\"search_term_string\"}}],\"inLanguage\":\"en-US\"},{\"@type\":\"Organization\",\"@id\":\"https:\/\/prive-club.pl\/en\/#organization\",\"name\":\"Prive Beauty &amp; Hair\",\"url\":\"https:\/\/prive-club.pl\/en\/\",\"logo\":{\"@type\":\"ImageObject\",\"inLanguage\":\"en-US\",\"@id\":\"https:\/\/prive-club.pl\/en\/#\/schema\/logo\/image\/\",\"url\":\"https:\/\/prive-club.pl\/wp-content\/uploads\/2020\/04\/Prive-beauty-logo.png\",\"contentUrl\":\"https:\/\/prive-club.pl\/wp-content\/uploads\/2020\/04\/Prive-beauty-logo.png\",\"width\":1851,\"height\":879,\"caption\":\"Prive Beauty &amp; Hair\"},\"image\":{\"@id\":\"https:\/\/prive-club.pl\/en\/#\/schema\/logo\/image\/\"}}]}<\/script>\n<!-- \/ Yoast SEO plugin. -->","yoast_head_json":{"title":"FACIAL SUN DISCOLORATION PACKAGE 2 - Prive Beauty &amp; Hair","robots":{"index":"index","follow":"follow","max-snippet":"max-snippet:-1","max-image-preview":"max-image-preview:large","max-video-preview":"max-video-preview:-1"},"canonical":"https:\/\/prive-club.pl\/en\/facial-sun-discoloration-package-2\/","og_locale":"en_US","og_type":"article","og_title":"FACIAL SUN DISCOLORATION PACKAGE 2 - Prive Beauty &amp; Hair","og_description":"Facial Pigmentation Package AREA 1 PACKAGE 3200 PLN BUY 2199 EUR MAKE AN APPOINTMENT What&#8217;s included in the FACE TRANSFORMATION package? X3 LASER REMOVAL OF HYPERPIGMENTATION X1 RETINOL STEM CELL FRAX DERMAQUEST X1 CHEMICAL PEELS X2 CONSULTATION + ADVANCED 3D ANALYSIS OF SKIN CONDITION WITH DIAGNOSTIC DEVICE (BEFORE\/AFTER) X5 LED LIGHT THERAPY (FREE) Package: POSITIVE [&hellip;]","og_url":"https:\/\/prive-club.pl\/en\/facial-sun-discoloration-package-2\/","og_site_name":"Prive Beauty &amp; Hair","article_modified_time":"2026-03-23T10:38:48+00:00","twitter_card":"summary_large_image","twitter_misc":{"Est. reading time":"2 minutes"},"schema":{"@context":"https:\/\/schema.org","@graph":[{"@type":"WebPage","@id":"https:\/\/prive-club.pl\/en\/facial-sun-discoloration-package-2\/","url":"https:\/\/prive-club.pl\/en\/facial-sun-discoloration-package-2\/","name":"FACIAL SUN DISCOLORATION PACKAGE 2 - Prive Beauty &amp; Hair","isPartOf":{"@id":"https:\/\/prive-club.pl\/en\/#website"},"datePublished":"2026-03-23T10:24:44+00:00","dateModified":"2026-03-23T10:38:48+00:00","breadcrumb":{"@id":"https:\/\/prive-club.pl\/en\/facial-sun-discoloration-package-2\/#breadcrumb"},"inLanguage":"en-US","potentialAction":[{"@type":"ReadAction","target":["https:\/\/prive-club.pl\/en\/facial-sun-discoloration-package-2\/"]}]},{"@type":"BreadcrumbList","@id":"https:\/\/prive-club.pl\/en\/facial-sun-discoloration-package-2\/#breadcrumb","itemListElement":[{"@type":"ListItem","position":1,"name":"Strona g\u0142\u00f3wna","item":"https:\/\/prive-club.pl\/"},{"@type":"ListItem","position":2,"name":"FACIAL SUN DISCOLORATION PACKAGE 2"}]},{"@type":"WebSite","@id":"https:\/\/prive-club.pl\/en\/#website","url":"https:\/\/prive-club.pl\/en\/","name":"Prive Beauty &amp; Hair","description":"Fryzjer Gda\u0144sk , Depilacja Laserowa Gda\u0144sk, zamykanie naczynek Gda\u0144sk","publisher":{"@id":"https:\/\/prive-club.pl\/en\/#organization"},"potentialAction":[{"@type":"SearchAction","target":{"@type":"EntryPoint","urlTemplate":"https:\/\/prive-club.pl\/en\/?s={search_term_string}"},"query-input":{"@type":"PropertyValueSpecification","valueRequired":true,"valueName":"search_term_string"}}],"inLanguage":"en-US"},{"@type":"Organization","@id":"https:\/\/prive-club.pl\/en\/#organization","name":"Prive Beauty &amp; Hair","url":"https:\/\/prive-club.pl\/en\/","logo":{"@type":"ImageObject","inLanguage":"en-US","@id":"https:\/\/prive-club.pl\/en\/#\/schema\/logo\/image\/","url":"https:\/\/prive-club.pl\/wp-content\/uploads\/2020\/04\/Prive-beauty-logo.png","contentUrl":"https:\/\/prive-club.pl\/wp-content\/uploads\/2020\/04\/Prive-beauty-logo.png","width":1851,"height":879,"caption":"Prive Beauty &amp; Hair"},"image":{"@id":"https:\/\/prive-club.pl\/en\/#\/schema\/logo\/image\/"}}]}},"_links":{"self":[{"href":"https:\/\/prive-club.pl\/en\/wp-json\/wp\/v2\/pages\/10330","targetHints":{"allow":["GET"]}}],"collection":[{"href":"https:\/\/prive-club.pl\/en\/wp-json\/wp\/v2\/pages"}],"about":[{"href":"https:\/\/prive-club.pl\/en\/wp-json\/wp\/v2\/types\/page"}],"author":[{"embeddable":true,"href":"https:\/\/prive-club.pl\/en\/wp-json\/wp\/v2\/users\/6"}],"replies":[{"embeddable":true,"href":"https:\/\/prive-club.pl\/en\/wp-json\/wp\/v2\/comments?post=10330"}],"version-history":[{"count":0,"href":"https:\/\/prive-club.pl\/en\/wp-json\/wp\/v2\/pages\/10330\/revisions"}],"wp:attachment":[{"href":"https:\/\/prive-club.pl\/en\/wp-json\/wp\/v2\/media?parent=10330"}],"curies":[{"name":"wp","href":"https:\/\/api.w.org\/{rel}","templated":true}]}}